{"id":35,"date":"2015-03-13T08:21:43","date_gmt":"2015-03-13T08:21:43","guid":{"rendered":"http:\/\/blogsaverroes.juntadeandalucia.es\/pre\/ceip\/?page_id=35"},"modified":"2022-06-12T11:58:23","modified_gmt":"2022-06-12T09:58:23","slug":"el-centro-2","status":"publish","type":"page","link":"https:\/\/blogsaverroes.juntadeandalucia.es\/ceippablopicasso\/el-centro-2\/","title":{"rendered":"Datos del centro"},"content":{"rendered":"<p style=\"text-align: center\"><iframe src=\"https:\/\/www.google.com\/maps\/embed?pb=!1m18!1m12!1m3!1d3391.1772269538124!2d-6.078690184713328!3d36.68560247997227!2m3!1f0!2f0!3f0!3m2!1i1024!2i768!4f13.1!3m3!1m2!1s0xd0dc765cf8ba3ef%3A0xfecea255c40e4e38!2sC%20E%20I%20P%20Pablo%20Picasso!5e1!3m2!1ses!2ses!4v1584738197962!5m2!1ses!2ses\" width=\"600\" height=\"450\" frameborder=\"0\">&amp;amp;amp;amp;amp;amp;amp;amp;amp;amp;lt;span data-mce-type=\u00bbbookmark\u00bb style=\u00bbdisplay: inline-block; width: 0px; overflow: hidden; line-height: 0;\u00bb class=\u00bbmce_SELRES_start\u00bb&amp;amp;amp;amp;amp;amp;amp;amp;amp;amp;gt;\ufeff&amp;amp;amp;amp;amp;amp;amp;amp;amp;amp;lt;\/span&amp;amp;amp;amp;amp;amp;amp;amp;amp;amp;gt;<\/iframe><br \/>\nConsejer\u00eda de Educaci\u00f3n. Servicio de Innovaci\u00f3n Educativa<\/p>\n<p><strong>Direcci\u00f3n:<\/strong> &nbsp;Calle Maestra Pilar Chamorro s\/n. , Estella del Marqu\u00e9s 11593 (Jerez de la Frontera)<\/p>\n<p><strong>Tel\u00e9fono \/ FAX: <\/strong>856 811 960<\/p>\n<p><strong>Email:<\/strong>&nbsp;11002471.edu@juntadeandalucia.es<\/p>\n<h4><strong>Horarios<\/strong><\/h4>\n<p><strong>Aula matinal:<\/strong><\/p>\n<p>De 7:00 a 9:00 de lunes a viernes.<\/p>\n<p><strong>Horario lectivo:<\/strong><\/p>\n<p>De 8:30 a 15:00 para ESO y de 9:00 a 14:00 para Educaci\u00f3n Infantil Educaci\u00f3n Primaria.<\/p>\n<p><strong>Plan de Acompa\u00f1amiento:<\/strong><\/p>\n<p>De 16:00 a 18:00 martes y jueves.<\/p>\n<p><strong>Actividades extraescolares<\/strong> organizadas por JAUJA.<\/p>\n<p>De 16:00 a 18:00 de lunes a jueves.<\/p>\n<p><strong>Escuelas deportivas:<\/strong><\/p>\n<h4><strong>Oferta educativa<\/strong><\/h4>\n<p>El centro ofrece Segundo Ciclo de Educaci\u00f3n Infantil, Educaci\u00f3n Primaria &nbsp;y 1\u00ba y 2\u00ba de ESO<\/p>\n","protected":false},"excerpt":{"rendered":"<p>&amp;amp;amp;amp;amp;amp;amp;amp;amp;amp;lt;span data-mce-type=\u00bbbookmark\u00bb style=\u00bbdisplay: inline-block; width: 0px; overflow: hidden; line-height: 0;\u00bb class=\u00bbmce_SELRES_start\u00bb&amp;amp;amp;amp;amp;amp;amp;amp;amp;amp;gt;\ufeff&amp;amp;amp;amp;amp;amp;amp;amp;amp;amp;lt;\/span&amp;amp;amp;amp;amp;amp;amp;amp;amp;amp;gt; Consejer\u00eda de Educaci\u00f3n. Servicio de Innovaci\u00f3n Educativa Direcci\u00f3n: &nbsp;Calle Maestra Pilar Chamorro s\/n. , Estella del Marqu\u00e9s 11593 (Jerez de la Frontera) Tel\u00e9fono&#46;&#46;&#46;<\/p>\n","protected":false},"author":1,"featured_media":0,"parent":0,"menu_order":1,"comment_status":"closed","ping_status":"open","template":"","meta":{"ngg_post_thumbnail":0,"footnotes":"","_mc_calendar":[]},"aioseo_notices":[],"_links":{"self":[{"href":"https:\/\/blogsaverroes.juntadeandalucia.es\/ceippablopicasso\/wp-json\/wp\/v2\/pages\/35"}],"collection":[{"href":"https:\/\/blogsaverroes.juntadeandalucia.es\/ceippablopicasso\/wp-json\/wp\/v2\/pages"}],"about":[{"href":"https:\/\/blogsaverroes.juntadeandalucia.es\/ceippablopicasso\/wp-json\/wp\/v2\/types\/page"}],"author":[{"embeddable":true,"href":"https:\/\/blogsaverroes.juntadeandalucia.es\/ceippablopicasso\/wp-json\/wp\/v2\/users\/1"}],"replies":[{"embeddable":true,"href":"https:\/\/blogsaverroes.juntadeandalucia.es\/ceippablopicasso\/wp-json\/wp\/v2\/comments?post=35"}],"version-history":[{"count":19,"href":"https:\/\/blogsaverroes.juntadeandalucia.es\/ceippablopicasso\/wp-json\/wp\/v2\/pages\/35\/revisions"}],"predecessor-version":[{"id":4060,"href":"https:\/\/blogsaverroes.juntadeandalucia.es\/ceippablopicasso\/wp-json\/wp\/v2\/pages\/35\/revisions\/4060"}],"wp:attachment":[{"href":"https:\/\/blogsaverroes.juntadeandalucia.es\/ceippablopicasso\/wp-json\/wp\/v2\/media?parent=35"}],"curies":[{"name":"wp","href":"https:\/\/api.w.org\/{rel}","templated":true}]}}