{"id":3660,"date":"2024-06-25T22:00:46","date_gmt":"2024-06-25T20:00:46","guid":{"rendered":"http:\/\/blogsaverroes.juntadeandalucia.es\/ceippablopicasso\/?page_id=3660"},"modified":"2024-06-22T15:44:29","modified_gmt":"2024-06-22T13:44:29","slug":"programaciones-2024-2025","status":"publish","type":"page","link":"https:\/\/blogsaverroes.juntadeandalucia.es\/ceippablopicasso\/programaciones-2024-2025\/","title":{"rendered":"PROGRAMACIONES 2025\/2026"},"content":{"rendered":"<p>&nbsp;<\/p>\n<p>&nbsp;<\/p>\n<table style=\"border-collapse: collapse;width: 100%;height: 210px\">\n<tbody>\n<tr style=\"height: 26px\">\n<td style=\"width: 100%;height: 26px\" colspan=\"6\"><strong style=\"font-family: 'Open Sans', sans-serif;font-size: 20px;font-style: normal;text-align: start\">INFANTIL<\/strong><\/td>\n<\/tr>\n<tr style=\"height: 24px\">\n<td style=\"width: 33.3334%;height: 24px\" colspan=\"2\"><a style=\"color: #000000;font-family: 'Open Sans', sans-serif;font-size: 15px;font-style: normal;font-weight: 400;text-align: start\" href=\"https:\/\/blogsaverroes.juntadeandalucia.es\/ceippablopicasso\/files\/2025\/12\/PROGRAMACION-25.26-3-anos.pdf\">3 A\u00d1OS<\/a><span style=\"font-family: 'Open Sans', sans-serif;font-size: 15px;font-style: normal;font-weight: 400;text-align: start\">&nbsp;<\/span><\/p>\n<p><a href=\"https:\/\/blogsaverroes.juntadeandalucia.es\/ceippablopicasso\/files\/2025\/12\/RLG-Programacion-3-Anos.pdf\">3 A\u00d1OS RELIG<\/a><\/td>\n<td style=\"width: 33.3334%;height: 24px\" colspan=\"2\"><a style=\"color: #000000;font-family: 'Open Sans', sans-serif;font-size: 15px;font-style: normal;font-weight: 400;text-align: start\" href=\"https:\/\/blogsaverroes.juntadeandalucia.es\/ceippablopicasso\/files\/2025\/12\/PROGRAMACION-25.26-4-ANOS.pdf\">4 A\u00d1OS<\/a><span style=\"font-family: 'Open Sans', sans-serif;font-size: 15px;font-style: normal;font-weight: 400;text-align: start\">&nbsp;<\/span><\/p>\n<p><a href=\"https:\/\/blogsaverroes.juntadeandalucia.es\/ceippablopicasso\/files\/2025\/12\/RLG-Programacion-4-Anos.pdf\">4 A\u00d1OS RELIG<\/a><\/td>\n<td style=\"width: 33.3334%;height: 24px\" colspan=\"2\"><span style=\"font-family: 'Open Sans', sans-serif;font-size: 15px;font-style: normal;font-weight: 400;text-align: start\">&nbsp;<\/span><span style=\"font-family: 'Open Sans', sans-serif;font-size: 15px;font-style: normal;font-weight: 400;text-align: start\">&nbsp;<\/span><a style=\"color: #000000;font-family: 'Open Sans', sans-serif;font-size: 15px;font-style: normal;font-weight: 400;text-align: start\" href=\"https:\/\/blogsaverroes.juntadeandalucia.es\/ceippablopicasso\/files\/2025\/12\/PROGRAMACION-5-ANOS.pdf\">5 A\u00d1OS<\/a><\/p>\n<p><a href=\"https:\/\/blogsaverroes.juntadeandalucia.es\/ceippablopicasso\/files\/2025\/12\/RLG-Programacion-5-Anos.pdf\">5 A\u00d1OS RELIG<\/a><\/p>\n<p><a href=\"https:\/\/blogsaverroes.juntadeandalucia.es\/ceippablopicasso\/files\/2025\/12\/INFANTIL-ATENCION-EDUCATIVA.pdf\">CICLO INFANTIL ATEDU<\/a><\/td>\n<\/tr>\n<tr style=\"height: 26px\">\n<td style=\"width: 100%;height: 26px\" colspan=\"6\"><strong style=\"font-family: 'Open Sans', sans-serif;font-size: 20px;font-style: normal;text-align: start\">PRIMARIA<\/strong><\/td>\n<\/tr>\n<tr style=\"height: 84px\">\n<td style=\"width: 16.3637%;height: 84px\"><a href=\"https:\/\/blogsaverroes.juntadeandalucia.es\/ceippablopicasso\/files\/2025\/12\/Programacion-Lengua-1o-EPO.pdf\">1\u00baLCyL<\/a><\/p>\n<p><span style=\"color: #000000\"><a style=\"color: #000000\" href=\"https:\/\/blogsaverroes.juntadeandalucia.es\/ceippablopicasso\/files\/2025\/12\/PROGRAMACION-EF-PRIMERO-EPO.pdf\">1\u00baE.F.<\/a><\/span><\/p>\n<p><a href=\"https:\/\/blogsaverroes.juntadeandalucia.es\/ceippablopicasso\/files\/2025\/12\/Programacion-Mates-1o-EPO.pdf\"><span style=\"color: #000000\">1\u00ba MAT<\/span><\/a><\/p>\n<p><a href=\"https:\/\/blogsaverroes.juntadeandalucia.es\/ceippablopicasso\/files\/2025\/12\/Programacion-Cono-1o-EPO.pdf\"><span style=\"color: #000000\">1\u00baCMSyC<\/span><\/a><\/p>\n<p><a href=\"https:\/\/blogsaverroes.juntadeandalucia.es\/ceippablopicasso\/files\/2025\/12\/ING-1-oEPO-25-26.pdf\"><span style=\"color: #000000\">1\u00baINGL<\/span><\/a><\/p>\n<p><a href=\"https:\/\/blogsaverroes.juntadeandalucia.es\/ceippablopicasso\/files\/2025\/12\/Plastica-1o-EPO.pdf\"><span style=\"color: #000000\">1\u00baE.ART<\/span><\/a><\/p>\n<p><a href=\"https:\/\/blogsaverroes.juntadeandalucia.es\/ceippablopicasso\/files\/2025\/12\/programacion-musica-1o-EPO-25-26.pdf\"><span style=\"color: #000000\">1\u00baMUS<\/span><\/a><\/p>\n<p><span style=\"color: #000000\"><a style=\"color: #000000\" href=\"https:\/\/blogsaverroes.juntadeandalucia.es\/ceippablopicasso\/files\/2025\/12\/RLG-Programacion-1oEP-25-26.pdf\">1\u00ba RELIG<\/a><\/span><\/p>\n<p>1\u00ba <a href=\"https:\/\/blogsaverroes.juntadeandalucia.es\/ceippablopicasso\/files\/2025\/12\/PROGRAMACION-ATEDU-DEFINITIVA-1oEPO-1-5.pdf\">ATEDU<\/a><\/td>\n<td style=\"width: 16.9697%;height: 84px\"><a style=\"color: #000000;font-family: 'Open Sans', sans-serif;font-size: 15px;font-style: normal;font-weight: 400;text-align: start\" href=\"https:\/\/blogsaverroes.juntadeandalucia.es\/ceippablopicasso\/files\/2025\/12\/PROGRAMACION-LENGUA-CL.pdf\">2\u00ba LCyL<\/a><\/p>\n<p><a href=\"https:\/\/blogsaverroes.juntadeandalucia.es\/ceippablopicasso\/files\/2025\/12\/PROGRAMACION-MATEMATICAS-CM.pdf\"><span style=\"color: #000000\">2\u00baMAT<\/span><\/a><\/p>\n<p><span style=\"color: #000000\"><a style=\"color: #000000\" href=\"https:\/\/blogsaverroes.juntadeandalucia.es\/ceippablopicasso\/files\/2025\/12\/PROGRAMACION-CONOCIMIENTO-COMPLETA-2o-EPO-1-113.pdf\">2\u00baCMSyC<\/a><\/span><\/p>\n<p><span style=\"color: #000000\"><a style=\"color: #000000\" href=\"https:\/\/blogsaverroes.juntadeandalucia.es\/ceippablopicasso\/files\/2025\/12\/PROGRAMACION-EF-SEGUNDO-EPO.pdf\">2\u00baE.F.<\/a><\/span><\/p>\n<p><span style=\"color: #000000\"><a style=\"color: #000000\" href=\"https:\/\/blogsaverroes.juntadeandalucia.es\/ceippablopicasso\/files\/2025\/12\/ING-2o-EPO-25-26.pdf\">2\u00ba INGL<\/a><\/span><\/p>\n<p><a href=\"https:\/\/blogsaverroes.juntadeandalucia.es\/ceippablopicasso\/files\/2025\/12\/PLASTICA-2o-EPO.docx.pdf\"><span style=\"color: #000000\">2\u00baE.ART<\/span><\/a><\/p>\n<p><span style=\"color: #000000\"><a style=\"color: #000000\" href=\"https:\/\/blogsaverroes.juntadeandalucia.es\/ceippablopicasso\/files\/2025\/12\/Programacion-musica-2o-EPO-25-26.pdf\">2\u00baMUS<\/a><\/span><\/p>\n<p><span style=\"color: #000000\"><a style=\"color: #000000\" href=\"https:\/\/blogsaverroes.juntadeandalucia.es\/ceippablopicasso\/files\/2025\/12\/PROGRAMACION-ATEDU-DEFINITVA-2o-EPO-1.pdf\">2\u00baATEDU<\/a><\/span><\/p>\n<p><span style=\"color: #000000\"><a style=\"color: #000000\" href=\"https:\/\/blogsaverroes.juntadeandalucia.es\/ceippablopicasso\/files\/2025\/12\/RLG-Programacion-2oEP.pdf\">2\u00baRELIG<\/a><\/span><\/td>\n<td style=\"width: 16.6667%;height: 84px\"><a href=\"https:\/\/blogsaverroes.juntadeandalucia.es\/ceippablopicasso\/files\/2025\/12\/3o-EPO-LEngua.pdf\"><span style=\"font-family: 'Open Sans', sans-serif;font-size: 15px;font-style: normal;font-weight: 400;text-align: start\">3\u00baLCyL<\/span><\/a><\/p>\n<p><a href=\"https:\/\/blogsaverroes.juntadeandalucia.es\/ceippablopicasso\/files\/2025\/12\/3o-EPO-MAT.pdf\"><span style=\"color: #000000\">3\u00baMAT<\/span><\/a><\/p>\n<p><a href=\"https:\/\/blogsaverroes.juntadeandalucia.es\/ceippablopicasso\/files\/2025\/12\/3o-EPO-CONO.pdf\"><span style=\"color: #000000\">3\u00baCMSyC<\/span><\/a><\/p>\n<p><a href=\"https:\/\/blogsaverroes.juntadeandalucia.es\/ceippablopicasso\/files\/2025\/12\/PROGRAMACION-EF-TERCERO-EPO.pdf\"><span style=\"color: #000000\">3\u00baE.F.<\/span><\/a><\/p>\n<p><a href=\"https:\/\/blogsaverroes.juntadeandalucia.es\/ceippablopicasso\/files\/2025\/12\/ING-3o-EPO-25-26.pdf\"><span style=\"color: #000000\">3\u00baINGL<\/span><\/a><\/p>\n<p><a href=\"https:\/\/blogsaverroes.juntadeandalucia.es\/ceippablopicasso\/files\/2025\/12\/programacion-plastica-3o-epo.pdf\"><span style=\"color: #000000\">3\u00baE.ART<\/span><\/a><\/p>\n<p><a href=\"https:\/\/blogsaverroes.juntadeandalucia.es\/ceippablopicasso\/files\/2025\/12\/Programacion-musica-3o-EPO-25-26-.pdf\"><span style=\"color: #000000\">3\u00baMUS<\/span><\/a><\/p>\n<p><a href=\"https:\/\/blogsaverroes.juntadeandalucia.es\/ceippablopicasso\/files\/2025\/12\/3o-4_merged.pdf\"><span style=\"color: #000000\">3\u00baATEDU<\/span><\/a><\/p>\n<p><a href=\"https:\/\/blogsaverroes.juntadeandalucia.es\/ceippablopicasso\/files\/2025\/12\/RLG-Programacion-3oEP.pdf\"><span style=\"color: #000000\">3\u00baRELIG<\/span><\/a><\/td>\n<td style=\"width: 16.6667%;height: 84px\"><span style=\"font-family: 'Open Sans', sans-serif;font-size: 15px;font-style: normal;font-weight: 400;text-align: start\"><a href=\"https:\/\/blogsaverroes.juntadeandalucia.es\/ceippablopicasso\/files\/2025\/12\/Programacion-4o-EPO-Lengua.pdf\"><span style=\"color: #000000\">4\u00baLCyL<\/span><\/a><\/span><\/p>\n<p><span style=\"font-family: 'Open Sans', sans-serif;font-size: 15px;font-style: normal;font-weight: 400;text-align: start\"><span style=\"color: #000000\"><a href=\"https:\/\/blogsaverroes.juntadeandalucia.es\/ceippablopicasso\/files\/2025\/12\/Programacion-4o-EPO-Mates.pdf\">4\u00baMAT<\/a>&nbsp;&nbsp;<\/span><\/span><\/p>\n<p><a href=\"https:\/\/blogsaverroes.juntadeandalucia.es\/ceippablopicasso\/files\/2025\/12\/Programacion-4o-EPO-Cono.pdf\"><span style=\"color: #000000\">4\u00baCMSyC<\/span><\/a><\/p>\n<p><a href=\"https:\/\/blogsaverroes.juntadeandalucia.es\/ceippablopicasso\/files\/2025\/12\/PROG.-DIDACTICA-4o-6.pdf\"><span style=\"color: #000000\">4\u00baE.F.<\/span><\/a><\/p>\n<p><a href=\"https:\/\/blogsaverroes.juntadeandalucia.es\/ceippablopicasso\/files\/2025\/12\/ING-4oEPO-25-26.pdf\"><span style=\"color: #000000\">4\u00baINGL<\/span><\/a><\/p>\n<p><a href=\"https:\/\/blogsaverroes.juntadeandalucia.es\/ceippablopicasso\/files\/2025\/12\/Programacion-PLASTICA-4o-EPO-25-26.pdf\"><span style=\"color: #000000\">4\u00baE.ART<\/span><\/a><\/p>\n<p><a href=\"https:\/\/blogsaverroes.juntadeandalucia.es\/ceippablopicasso\/files\/2025\/12\/Programacion-musica-4o-EPO-25-26.pdf\"><span style=\"color: #000000\">4\u00baMUS<\/span><\/a><\/p>\n<p><a href=\"https:\/\/blogsaverroes.juntadeandalucia.es\/ceippablopicasso\/files\/2025\/12\/RLG-Programacion-4oEP.pdf\"><span style=\"color: #000000\">4\u00baRELIG<\/span><\/a><\/p>\n<p><a href=\"https:\/\/blogsaverroes.juntadeandalucia.es\/ceippablopicasso\/files\/2025\/12\/4o-4_merged.pdf\">4\u00baATEDU<\/a><\/td>\n<td style=\"width: 16.6667%;height: 84px\"><a href=\"https:\/\/blogsaverroes.juntadeandalucia.es\/ceippablopicasso\/files\/2025\/12\/5o-PROG-LENGUA.pdf\"><span style=\"font-family: 'Open Sans', sans-serif;font-size: 15px;font-style: normal;font-weight: 400;text-align: start\">5\u00baLCyL<\/span><\/a><\/p>\n<p><a href=\"https:\/\/blogsaverroes.juntadeandalucia.es\/ceippablopicasso\/files\/2025\/12\/5o-PROG-MATES.pdf\"><span style=\"color: #000000\">5\u00baMAT<\/span><\/a><\/p>\n<p><a href=\"https:\/\/blogsaverroes.juntadeandalucia.es\/ceippablopicasso\/files\/2025\/12\/5o-PROG-CONO.pdf\"><span style=\"color: #000000\">5\u00baCMSyC<\/span><\/a><\/p>\n<p><a href=\"https:\/\/blogsaverroes.juntadeandalucia.es\/ceippablopicasso\/files\/2025\/12\/PROG.-DIDACTICA-E.F.-5o-7.pdf\"><span style=\"color: #000000\">5\u00baE.F.<\/span><\/a><\/p>\n<p><a href=\"https:\/\/blogsaverroes.juntadeandalucia.es\/ceippablopicasso\/files\/2025\/12\/5o-PROG-INGLES.pdf\"><span style=\"color: #000000\">5\u00baINGL<\/span><\/a><\/p>\n<p><a href=\"https:\/\/blogsaverroes.juntadeandalucia.es\/ceippablopicasso\/files\/2025\/12\/PLS-5o-EPO-25-26.pdf\"><span style=\"color: #000000\">5\u00baE.ART<\/span><\/a><\/p>\n<p><a href=\"https:\/\/blogsaverroes.juntadeandalucia.es\/ceippablopicasso\/files\/2025\/12\/Programacion-musica-5o-EPO-25-26.pdf\"><span style=\"color: #000000\">5\u00baMUS<\/span><\/a><\/p>\n<p><a href=\"https:\/\/blogsaverroes.juntadeandalucia.es\/ceippablopicasso\/files\/2025\/12\/Programacion-frances-5o-unida.pdf\"><span style=\"color: #000000\">5\u00baFRN<\/span><\/a><\/p>\n<p><a href=\"https:\/\/blogsaverroes.juntadeandalucia.es\/ceippablopicasso\/files\/2025\/12\/RLG-Programacion-5oEP.pdf\"><span style=\"color: #000000\">5\u00baRELIG<\/span><\/a><\/td>\n<td style=\"width: 16.6667%;height: 84px\"><a href=\"https:\/\/blogsaverroes.juntadeandalucia.es\/ceippablopicasso\/files\/2025\/12\/PROGR.-DIDACTICA-LEN-6o-9.pdf\"><span style=\"font-family: 'Open Sans', sans-serif;font-size: 15px;font-style: normal;font-weight: 400;text-align: start\">6\u00baLCyL<\/span><\/a><\/p>\n<p><a href=\"https:\/\/blogsaverroes.juntadeandalucia.es\/ceippablopicasso\/files\/2025\/12\/PROG.DIDACTICA-MAT-6o10.pdf\"><span style=\"color: #000000\">6\u00baMAT<\/span><\/a><\/p>\n<p><a href=\"https:\/\/blogsaverroes.juntadeandalucia.es\/ceippablopicasso\/files\/2025\/12\/PROG.-DIDACTICA-CONO-6o-.pdf\"><span style=\"color: #000000\">6\u00baCMSyC<\/span><\/a><\/p>\n<p><a href=\"https:\/\/blogsaverroes.juntadeandalucia.es\/ceippablopicasso\/files\/2025\/12\/PROG.-DIDACTICA-E.F.-6o-8.pdf\"><span style=\"color: #000000\">6\u00baE.F.<\/span><\/a><\/p>\n<p><a href=\"https:\/\/blogsaverroes.juntadeandalucia.es\/ceippablopicasso\/files\/2025\/12\/6o-PROG-INGLES.pdf\"><span style=\"color: #000000\">6\u00baINGL<\/span><\/a><\/p>\n<p><a href=\"https:\/\/blogsaverroes.juntadeandalucia.es\/ceippablopicasso\/files\/2025\/12\/PLS-6oEPO-25-26.pdf\"><span style=\"color: #000000\">6\u00baE.ART<\/span><\/a><\/p>\n<p><a href=\"https:\/\/blogsaverroes.juntadeandalucia.es\/ceippablopicasso\/files\/2025\/12\/Programacion-musica-6o-EPO-25-26.pdf\"><span style=\"color: #000000\">6\u00baMUS<\/span><\/a><\/p>\n<p><a href=\"https:\/\/blogsaverroes.juntadeandalucia.es\/ceippablopicasso\/files\/2025\/12\/Programacion-unida-1.pdf\"><span style=\"color: #000000\">6\u00baFRN<\/span><\/a><\/p>\n<p><a href=\"https:\/\/blogsaverroes.juntadeandalucia.es\/ceippablopicasso\/files\/2025\/12\/EVC-6oEPO-25-26.pdf\"><span style=\"color: #000000\">6\u00baEVCE<\/span><\/a><\/p>\n<p><a href=\"https:\/\/blogsaverroes.juntadeandalucia.es\/ceippablopicasso\/files\/2025\/12\/RLG-Programacion-6oEP.pdf\"><span style=\"color: #000000\">6\u00baRELIG<\/span><\/a><\/td>\n<\/tr>\n<tr style=\"height: 26px\">\n<td style=\"width: 100%;height: 26px\" colspan=\"6\"><strong style=\"font-family: 'Open Sans', sans-serif;font-size: 20px;font-style: normal;text-align: start\">SECUNDARIA<\/strong><\/td>\n<\/tr>\n<tr style=\"height: 24px\">\n<td style=\"width: 50.0001%;height: 24px\" colspan=\"3\"><a href=\"https:\/\/blogsaverroes.juntadeandalucia.es\/ceippablopicasso\/files\/2025\/12\/Programacion-GEH-1oESO.pdf\">1\u00ba GEO<\/a><\/p>\n<p><a href=\"https:\/\/blogsaverroes.juntadeandalucia.es\/ceippablopicasso\/files\/2025\/12\/PROGRAMACION-UNIDA-OYD-1o-ESO.pdf\">1\u00ba ORAyDEB<\/a><\/p>\n<p><a href=\"https:\/\/blogsaverroes.juntadeandalucia.es\/ceippablopicasso\/files\/2025\/12\/BIOLOGIA-PROGRAMACION.pdf\">1\u00ba BIOL<\/a><\/p>\n<p><a href=\"https:\/\/blogsaverroes.juntadeandalucia.es\/ceippablopicasso\/files\/2025\/12\/1o-ESO-Ingles.pdf\">1\u00ba FRN<\/a><\/p>\n<p><a href=\"https:\/\/blogsaverroes.juntadeandalucia.es\/ceippablopicasso\/files\/2025\/12\/1o-ESO-Ingles.pdf\">1\u00ba ING<\/a><\/p>\n<p><a href=\"https:\/\/blogsaverroes.juntadeandalucia.es\/ceippablopicasso\/files\/2025\/12\/1o-ESO-MATEMATICAS-.pdf\">1\u00ba MAT<\/a><\/p>\n<p><a href=\"https:\/\/blogsaverroes.juntadeandalucia.es\/ceippablopicasso\/files\/2025\/12\/Programacion-musica-1oESO-25-26.pdf\">1\u00ba MUS<\/a><\/p>\n<p><a href=\"https:\/\/blogsaverroes.juntadeandalucia.es\/ceippablopicasso\/files\/2025\/12\/PROGRAMACION-EF-PRIMERO-ESO.pdf\">1\u00ba E.F.<\/a><\/p>\n<p><a href=\"https:\/\/blogsaverroes.juntadeandalucia.es\/ceippablopicasso\/files\/2025\/12\/PROGRAMACION-EPV-UNIDA.pdf\">1\u00ba EPV<\/a><\/p>\n<p>1\u00ba<a href=\"https:\/\/blogsaverroes.juntadeandalucia.es\/ceippablopicasso\/files\/2025\/12\/1o-ESO-LCYL.pdf\">LCL<\/a><\/p>\n<p><a href=\"https:\/\/blogsaverroes.juntadeandalucia.es\/ceippablopicasso\/files\/2025\/12\/PROGRAMACION-ATEDU-1o-ESO.pdf\">1\u00baATEDU<\/a><\/td>\n<td style=\"width: 50.0001%;height: 24px\" colspan=\"3\"><a href=\"https:\/\/blogsaverroes.juntadeandalucia.es\/ceippablopicasso\/files\/2025\/12\/Programacion-GeH-2oESO.pdf\"><span style=\"font-family: 'Open Sans', sans-serif;font-size: 15px;font-style: normal;font-weight: 400;text-align: start\">2\u00ba GEO<\/span><\/a><\/p>\n<p><a href=\"https:\/\/blogsaverroes.juntadeandalucia.es\/ceippablopicasso\/files\/2025\/12\/PROGRAMACION-UNIDA-LCL2o-ESO.pdf\">2\u00ba LCyL<\/a><\/p>\n<p><a href=\"https:\/\/blogsaverroes.juntadeandalucia.es\/ceippablopicasso\/files\/2025\/12\/MATEMATICAS-2oESO-PROGRAMACION.pdf\">2\u00ba MAT<\/a><\/p>\n<p><a href=\"https:\/\/blogsaverroes.juntadeandalucia.es\/ceippablopicasso\/files\/2025\/12\/Programacion-VSC-2o-ESO.pdf\">2\u00ba EVCE<\/a><\/p>\n<p><a href=\"https:\/\/blogsaverroes.juntadeandalucia.es\/ceippablopicasso\/files\/2025\/12\/PROGRAMACION-EF-SEGUNDO-ESO.pdf\">2\u00ba E.F.<\/a><\/p>\n<p><a href=\"https:\/\/blogsaverroes.juntadeandalucia.es\/ceippablopicasso\/files\/2025\/12\/FISICAQUIMICA-2o-ESO-PROGRAMACION.pdf\">2\u00ba FyQ<\/a><\/p>\n<p><a href=\"https:\/\/blogsaverroes.juntadeandalucia.es\/ceippablopicasso\/files\/2025\/12\/Programacion-completa-para-entregar.pdf\">2\u00ba FRN<\/a><\/p>\n<p><a href=\"https:\/\/blogsaverroes.juntadeandalucia.es\/ceippablopicasso\/files\/2025\/12\/2o-ESO-Ingles.pdf\">2\u00ba ING<\/a><\/p>\n<p><a href=\"https:\/\/blogsaverroes.juntadeandalucia.es\/ceippablopicasso\/files\/2025\/12\/Programacion-musica_2o-ESO-25-26.pdf\">2\u00ba MUS<\/a><\/p>\n<p><a href=\"https:\/\/blogsaverroes.juntadeandalucia.es\/ceippablopicasso\/files\/2025\/12\/TECNOLOGIA-2o-ESO-PROGRAMACION.pdf\">2\u00ba TCNyDIG<\/a><\/p>\n<p>&nbsp;<\/td>\n<\/tr>\n<\/tbody>\n<\/table>\n<p>&nbsp;<\/p>\n","protected":false},"excerpt":{"rendered":"<p>&nbsp; &nbsp; INFANTIL 3 A\u00d1OS&nbsp; 3 A\u00d1OS RELIG 4 A\u00d1OS&nbsp; 4 A\u00d1OS RELIG &nbsp;&nbsp;5 A\u00d1OS 5 A\u00d1OS RELIG CICLO INFANTIL ATEDU PRIMARIA 1\u00baLCyL 1\u00baE.F. 1\u00ba MAT 1\u00baCMSyC 1\u00baINGL 1\u00baE.ART 1\u00baMUS 1\u00ba RELIG 1\u00ba ATEDU&#46;&#46;&#46;<\/p>\n","protected":false},"author":3441,"featured_media":0,"parent":0,"menu_order":0,"comment_status":"closed","ping_status":"closed","template":"","meta":{"ngg_post_thumbnail":0,"footnotes":"","_mc_calendar":[]},"aioseo_notices":[],"_links":{"self":[{"href":"https:\/\/blogsaverroes.juntadeandalucia.es\/ceippablopicasso\/wp-json\/wp\/v2\/pages\/3660"}],"collection":[{"href":"https:\/\/blogsaverroes.juntadeandalucia.es\/ceippablopicasso\/wp-json\/wp\/v2\/pages"}],"about":[{"href":"https:\/\/blogsaverroes.juntadeandalucia.es\/ceippablopicasso\/wp-json\/wp\/v2\/types\/page"}],"author":[{"embeddable":true,"href":"https:\/\/blogsaverroes.juntadeandalucia.es\/ceippablopicasso\/wp-json\/wp\/v2\/users\/3441"}],"replies":[{"embeddable":true,"href":"https:\/\/blogsaverroes.juntadeandalucia.es\/ceippablopicasso\/wp-json\/wp\/v2\/comments?post=3660"}],"version-history":[{"count":45,"href":"https:\/\/blogsaverroes.juntadeandalucia.es\/ceippablopicasso\/wp-json\/wp\/v2\/pages\/3660\/revisions"}],"predecessor-version":[{"id":7010,"href":"https:\/\/blogsaverroes.juntadeandalucia.es\/ceippablopicasso\/wp-json\/wp\/v2\/pages\/3660\/revisions\/7010"}],"wp:attachment":[{"href":"https:\/\/blogsaverroes.juntadeandalucia.es\/ceippablopicasso\/wp-json\/wp\/v2\/media?parent=3660"}],"curies":[{"name":"wp","href":"https:\/\/api.w.org\/{rel}","templated":true}]}}