{"id":44,"date":"2015-03-13T08:42:15","date_gmt":"2015-03-13T08:42:15","guid":{"rendered":"http:\/\/blogsaverroes.juntadeandalucia.es\/pre\/ceip\/?page_id=44"},"modified":"2025-03-06T12:23:24","modified_gmt":"2025-03-06T10:23:24","slug":"planes-y-proyectos","status":"publish","type":"page","link":"https:\/\/blogsaverroes.juntadeandalucia.es\/ceippablopicasso\/planes-y-proyectos\/","title":{"rendered":"Planes y Programas"},"content":{"rendered":"<h1><strong><span style=\"color: #3366ff\">PLAN DE BIBLIOTECA<\/span><\/strong><\/h1>\n<h4><strong> <span style=\"color: #0000ff\">Coordinadora: Cristina Dom\u00ednguez Lebrero (Especialista en M\u00fasica)<\/span><\/strong><\/h4>\n<p>Plan para im<a href=\"https:\/\/drive.google.com\/file\/d\/1fOFCedLhh3ZuKWlLIkYZ9rtsi2wUyGJJ\/view?usp=sharing\"><img decoding=\"async\" class=\"alignright wp-image-3179 size-thumbnail\" style=\"font-family: 'Open Sans', sans-serif;font-size: 15px;font-style: normal;font-weight: 400\" src=\"https:\/\/blogsaverroes.juntadeandalucia.es\/ceippablopicasso\/files\/2020\/12\/bibliotecas-150x150.jpg\" alt=\"\" width=\"150\" height=\"150\" srcset=\"https:\/\/blogsaverroes.juntadeandalucia.es\/ceippablopicasso\/files\/2020\/12\/bibliotecas-150x150.jpg 150w, https:\/\/blogsaverroes.juntadeandalucia.es\/ceippablopicasso\/files\/2020\/12\/bibliotecas-100x100.jpg 100w, https:\/\/blogsaverroes.juntadeandalucia.es\/ceippablopicasso\/files\/2020\/12\/bibliotecas-268x268.jpg 268w, https:\/\/blogsaverroes.juntadeandalucia.es\/ceippablopicasso\/files\/2020\/12\/bibliotecas-24x24.jpg 24w, https:\/\/blogsaverroes.juntadeandalucia.es\/ceippablopicasso\/files\/2020\/12\/bibliotecas-36x36.jpg 36w, https:\/\/blogsaverroes.juntadeandalucia.es\/ceippablopicasso\/files\/2020\/12\/bibliotecas-48x48.jpg 48w\" sizes=\"(max-width: 150px) 100vw, 150px\" \/><\/a>pulsar una serie de medidas que faciliten a nuestro&nbsp;&nbsp;alumnado el desarrollo de pr\u00e1cticas lectoras y habilidades intelectuales e incorporen el uso regular de la biblioteca escolar como recurso de apoyo para el aprendizaje permanente.. <em><span style=\"color: #3366ff\">Pincha en la imagen para acceder al Plan.<\/span><\/em><\/p>\n<h1><strong><span style=\"color: #0000ff\">PLAN DE IGUALDAD DE HOMBRES Y MUJERES<\/span><\/strong><\/h1>\n<h4><strong>Coordinadora: Sonia Su\u00e1rez Torres (Tutora 4\u00ba EPO)<\/strong><\/h4>\n<p><a href=\"https:\/\/drive.google.com\/file\/d\/1Me5XPDh2gSxfUKQsKqyoN6XMiEiLZT52\/view?usp=sharing\" target=\"_blank\" rel=\"noopener noreferrer\"><img fetchpriority=\"high\" decoding=\"async\" class=\"aligncenter wp-image-4548 size-full\" src=\"https:\/\/blogsaverroes.juntadeandalucia.es\/ceippablopicasso\/files\/2022\/12\/III-Plan-Igualdad.png\" alt=\"\" width=\"300\" height=\"168\"\/><\/a>Facilitar un mayor conocimiento de las diferencias entre ni\u00f1os y ni\u00f1as, hombres y mujeres, que permita evitar y corregir las discriminaciones que de aquellas se derivan, as\u00ed como favorecer las relaciones basadas en el reconocimiento y la libertad de elecci\u00f3n. <em>Pincha en la imagen para acceder al plan.<\/em><\/p>\n<h1><span style=\"color: #0000ff\"><strong>ESCUELA, ESPACIO DE PAZ<\/strong><\/span><\/h1>\n<h4><strong>Coordinadora: Mar\u00eda Jos\u00e9 Pina Lorente (Tutora 5\u00ba EPO)<a href=\"https:\/\/drive.google.com\/file\/d\/1SmmQu83Kr0Oz5bScLQ0I5pBwZCcB5_2D\/view?usp=sharing\"><img decoding=\"async\" class=\"alignright wp-image-3281 size-thumbnail\" src=\"https:\/\/blogsaverroes.juntadeandalucia.es\/ceippablopicasso\/files\/2020\/12\/Logo-RAEEP-sin-borde-150x150.jpg\" alt=\"\" width=\"150\" height=\"150\" srcset=\"https:\/\/blogsaverroes.juntadeandalucia.es\/ceippablopicasso\/files\/2020\/12\/Logo-RAEEP-sin-borde-150x150.jpg 150w, https:\/\/blogsaverroes.juntadeandalucia.es\/ceippablopicasso\/files\/2020\/12\/Logo-RAEEP-sin-borde-100x100.jpg 100w\" sizes=\"(max-width: 150px) 100vw, 150px\" \/><\/a><\/strong><\/h4>\n<p>Plan Andaluz de Educaci\u00f3n para la Cultura de Paz y No violencia. Sus principios orientadores son<span class=\"Apple-converted-space\">&nbsp; <\/span>promover la paz como acci\u00f3n colectiva e individual, saber convivir con los conflictos y proponer soluciones creativas y pac\u00edficas a los mismos, y detener, disminuir y prevenir las manifestaciones de la violencia.<span style=\"color: #3366ff\"><em> Pincha en la imagen para acceder al Plan.<\/em><\/span><\/p>\n<h1><span style=\"color: #3366ff\"><strong>H\u00c1BITOS DE VIDA SALUDABLES: CRECIENDO EN SALUD<\/strong><\/span><\/h1>\n<h4><strong>Coordinador: Alejandro Malvido Garc\u00eda (Especialista E. F\u00edsica Primaria) <a href=\"https:\/\/drive.google.com\/file\/d\/1nnra6eQaqnAf2MB7f7jFwYr-pRXO1RQY\/view?usp=sharing\"><img loading=\"lazy\" decoding=\"async\" class=\"alignright wp-image-3289 size-thumbnail\" src=\"https:\/\/blogsaverroes.juntadeandalucia.es\/ceippablopicasso\/files\/2020\/12\/creciendo-en-salud-150x150.jpg\" alt=\"\" width=\"150\" height=\"150\" srcset=\"https:\/\/blogsaverroes.juntadeandalucia.es\/ceippablopicasso\/files\/2020\/12\/creciendo-en-salud-150x150.jpg 150w, https:\/\/blogsaverroes.juntadeandalucia.es\/ceippablopicasso\/files\/2020\/12\/creciendo-en-salud-100x100.jpg 100w, https:\/\/blogsaverroes.juntadeandalucia.es\/ceippablopicasso\/files\/2020\/12\/creciendo-en-salud-24x24.jpg 24w, https:\/\/blogsaverroes.juntadeandalucia.es\/ceippablopicasso\/files\/2020\/12\/creciendo-en-salud-36x36.jpg 36w, https:\/\/blogsaverroes.juntadeandalucia.es\/ceippablopicasso\/files\/2020\/12\/creciendo-en-salud-48x48.jpg 48w\" sizes=\"(max-width: 150px) 100vw, 150px\" \/><\/a><\/strong><\/h4>\n<p><strong>Promoci\u00f3n de la salud, facilitando el tratamiento de los contenidos curriculares relacionados con la educaci\u00f3n emocional, la alimentaci\u00f3n y la actividad f\u00edsica, los h\u00e1bitos de higiene y autocuidado, la educaci\u00f3n vial, el uso responsable de las tecnolog\u00edas, o la prevenci\u00f3n de adicciones<\/strong><\/p>\n<div class=\"page\" title=\"Page 10\">\n<div class=\"layoutArea\">\n<h5>&nbsp;<\/h5>\n<h1 class=\"column\"><strong>TRANSFORMACI\u00d3N DIGITAL EDUCATIVA <\/strong><\/h1>\n<h4 class=\"column\"><strong>Coordinador: Alejandro Malvido Garc\u00eda (Especialista E. F\u00edsica Secundaria)<\/strong><\/h4>\n<\/div>\n<div><a href=\"https:\/\/drive.google.com\/file\/d\/1lWGfCofj7i9vYqJm9zafL_9BpkFENa5i\/view?usp=sharing\"><img loading=\"lazy\" decoding=\"async\" class=\"wp-image-3290 size-thumbnail alignleft\" style=\"font-family: 'Open Sans', sans-serif;font-size: 15px;font-style: normal;font-weight: 400\" src=\"https:\/\/blogsaverroes.juntadeandalucia.es\/ceippablopicasso\/files\/2020\/12\/logo_TDE-150x150.png\" alt=\"\" width=\"150\" height=\"150\" srcset=\"https:\/\/blogsaverroes.juntadeandalucia.es\/ceippablopicasso\/files\/2020\/12\/logo_TDE-150x150.png 150w, https:\/\/blogsaverroes.juntadeandalucia.es\/ceippablopicasso\/files\/2020\/12\/logo_TDE-100x100.png 100w, https:\/\/blogsaverroes.juntadeandalucia.es\/ceippablopicasso\/files\/2020\/12\/logo_TDE-432x432.png 432w, https:\/\/blogsaverroes.juntadeandalucia.es\/ceippablopicasso\/files\/2020\/12\/logo_TDE-268x268.png 268w, https:\/\/blogsaverroes.juntadeandalucia.es\/ceippablopicasso\/files\/2020\/12\/logo_TDE-24x24.png 24w, https:\/\/blogsaverroes.juntadeandalucia.es\/ceippablopicasso\/files\/2020\/12\/logo_TDE-36x36.png 36w, https:\/\/blogsaverroes.juntadeandalucia.es\/ceippablopicasso\/files\/2020\/12\/logo_TDE-48x48.png 48w\" sizes=\"(max-width: 150px) 100vw, 150px\" \/><\/a>Pone las bases para el paso a una educaci\u00f3n m\u00e1s inclusiva y digital, acorde con las necesidades actuales y futuras, en la que son imprescindibles las voces de todas las personas que forman parte de la comunidad educativa y, de forma se\u00f1alada la del alumnado, protagonista de su propio aprendizaje. Paralelo al desarrollo del programa se implementa la plataforma de Aula Virtual Moodle y la utilizaci\u00f3n de las aplicaciones S\u00e9neca e Ipasen.<\/div>\n<\/div>\n<h5>&nbsp;<\/h5>\n<h1><strong>PLAN DE AUTOPROTECCI\u00d3N<\/strong><\/h1>\n<h4><strong>Coordinador: Cristina Dom\u00ednguez Lebrero (Jefa de estudios)<\/strong><\/h4>\n<p>Planificaci\u00f3n y coordinaci\u00f3n de todas las actuaciones en materia de seguridad de los centros y salud laboral del profesorado.<\/p>\n","protected":false},"excerpt":{"rendered":"<p>PLAN DE BIBLIOTECA Coordinadora: Cristina Dom\u00ednguez Lebrero (Especialista en M\u00fasica) Plan para impulsar una serie de medidas que faciliten a nuestro&nbsp;&nbsp;alumnado el desarrollo de pr\u00e1cticas lectoras y habilidades intelectuales e incorporen el uso regular&#46;&#46;&#46;<\/p>\n","protected":false},"author":1,"featured_media":0,"parent":0,"menu_order":0,"comment_status":"closed","ping_status":"closed","template":"","meta":{"ngg_post_thumbnail":0,"footnotes":"","_mc_calendar":[]},"aioseo_notices":[],"_links":{"self":[{"href":"https:\/\/blogsaverroes.juntadeandalucia.es\/ceippablopicasso\/wp-json\/wp\/v2\/pages\/44"}],"collection":[{"href":"https:\/\/blogsaverroes.juntadeandalucia.es\/ceippablopicasso\/wp-json\/wp\/v2\/pages"}],"about":[{"href":"https:\/\/blogsaverroes.juntadeandalucia.es\/ceippablopicasso\/wp-json\/wp\/v2\/types\/page"}],"author":[{"embeddable":true,"href":"https:\/\/blogsaverroes.juntadeandalucia.es\/ceippablopicasso\/wp-json\/wp\/v2\/users\/1"}],"replies":[{"embeddable":true,"href":"https:\/\/blogsaverroes.juntadeandalucia.es\/ceippablopicasso\/wp-json\/wp\/v2\/comments?post=44"}],"version-history":[{"count":68,"href":"https:\/\/blogsaverroes.juntadeandalucia.es\/ceippablopicasso\/wp-json\/wp\/v2\/pages\/44\/revisions"}],"predecessor-version":[{"id":6851,"href":"https:\/\/blogsaverroes.juntadeandalucia.es\/ceippablopicasso\/wp-json\/wp\/v2\/pages\/44\/revisions\/6851"}],"wp:attachment":[{"href":"https:\/\/blogsaverroes.juntadeandalucia.es\/ceippablopicasso\/wp-json\/wp\/v2\/media?parent=44"}],"curies":[{"name":"wp","href":"https:\/\/api.w.org\/{rel}","templated":true}]}}