{"id":77,"date":"2015-03-16T06:54:56","date_gmt":"2015-03-16T06:54:56","guid":{"rendered":"http:\/\/blogsaverroes.juntadeandalucia.es\/pre\/ceip\/?page_id=77"},"modified":"2022-11-19T17:37:19","modified_gmt":"2022-11-19T15:37:19","slug":"secretaria","status":"publish","type":"page","link":"https:\/\/blogsaverroes.juntadeandalucia.es\/ceippablopicasso\/secretaria\/","title":{"rendered":"ADMINISTRACI\u00d3N"},"content":{"rendered":"<p>En la administraci\u00f3n puede ser atendido para todas aquellas cuestiones administrativas que necesite: certificados, matriculas, comedor, extraescolares, etc&#8230;<\/p>\n<p>Nuestro horario de atenci\u00f3n al p\u00fablico es de lunes, mi\u00e9rcoles y viernes de 9:00 a 12:45 horas<\/p>\n<p>Nuestra administrativa &nbsp;M\u00aa Carmen Barrera Gonz\u00e1lez<\/p>\n<p>Adem\u00e1s,&nbsp; en el servicio web de la Secretar\u00eda Virtual de la Consejer\u00eda de Educaci\u00f3n de la Junta de Andaluc\u00eda est\u00e1 activa la funcionalidad que permite a los tutores legales del alumnado que vayan a cursar estudios de Segundo Ciclo de Educaci\u00f3n Infantil o Primaria presentar y tramitar de forma electr\u00f3nica el sobre de matr\u00edcula y con ella la solicitud de servicios PAC .<\/p>\n<p>Clik en el logo para acceder a la p\u00e1gina de la Secretaria Virtual<\/p>\n<p><a href=\"http:\/\/www.juntadeandalucia.es\/educacion\/portals\/web\/escolarizacion\" target=\"_blank\" rel=\"noopener noreferrer\"><img decoding=\"async\" class=\"alignnone wp-image-2351 size-medium\" src=\"https:\/\/blogsaverroes.juntadeandalucia.es\/ceippablopicasso\/files\/2020\/03\/secretaria-virtual-300x68.png\" alt=\"\" width=\"300\" height=\"68\" srcset=\"https:\/\/blogsaverroes.juntadeandalucia.es\/ceippablopicasso\/files\/2020\/03\/secretaria-virtual-300x68.png 300w, https:\/\/blogsaverroes.juntadeandalucia.es\/ceippablopicasso\/files\/2020\/03\/secretaria-virtual-332x75.png 332w, https:\/\/blogsaverroes.juntadeandalucia.es\/ceippablopicasso\/files\/2020\/03\/secretaria-virtual-24x5.png 24w, https:\/\/blogsaverroes.juntadeandalucia.es\/ceippablopicasso\/files\/2020\/03\/secretaria-virtual-36x8.png 36w, https:\/\/blogsaverroes.juntadeandalucia.es\/ceippablopicasso\/files\/2020\/03\/secretaria-virtual-48x11.png 48w, https:\/\/blogsaverroes.juntadeandalucia.es\/ceippablopicasso\/files\/2020\/03\/secretaria-virtual.png 472w\" sizes=\"(max-width: 300px) 100vw, 300px\" \/><\/a><\/p>\n","protected":false},"excerpt":{"rendered":"<p>En la administraci\u00f3n puede ser atendido para todas aquellas cuestiones administrativas que necesite: certificados, matriculas, comedor, extraescolares, etc&#8230; Nuestro horario de atenci\u00f3n al p\u00fablico es de lunes, mi\u00e9rcoles y viernes de 9:00 a 12:45&#46;&#46;&#46;<\/p>\n","protected":false},"author":1,"featured_media":0,"parent":0,"menu_order":0,"comment_status":"closed","ping_status":"open","template":"","meta":{"ngg_post_thumbnail":0,"footnotes":"","_mc_calendar":[]},"aioseo_notices":[],"_links":{"self":[{"href":"https:\/\/blogsaverroes.juntadeandalucia.es\/ceippablopicasso\/wp-json\/wp\/v2\/pages\/77"}],"collection":[{"href":"https:\/\/blogsaverroes.juntadeandalucia.es\/ceippablopicasso\/wp-json\/wp\/v2\/pages"}],"about":[{"href":"https:\/\/blogsaverroes.juntadeandalucia.es\/ceippablopicasso\/wp-json\/wp\/v2\/types\/page"}],"author":[{"embeddable":true,"href":"https:\/\/blogsaverroes.juntadeandalucia.es\/ceippablopicasso\/wp-json\/wp\/v2\/users\/1"}],"replies":[{"embeddable":true,"href":"https:\/\/blogsaverroes.juntadeandalucia.es\/ceippablopicasso\/wp-json\/wp\/v2\/comments?post=77"}],"version-history":[{"count":9,"href":"https:\/\/blogsaverroes.juntadeandalucia.es\/ceippablopicasso\/wp-json\/wp\/v2\/pages\/77\/revisions"}],"predecessor-version":[{"id":4507,"href":"https:\/\/blogsaverroes.juntadeandalucia.es\/ceippablopicasso\/wp-json\/wp\/v2\/pages\/77\/revisions\/4507"}],"wp:attachment":[{"href":"https:\/\/blogsaverroes.juntadeandalucia.es\/ceippablopicasso\/wp-json\/wp\/v2\/media?parent=77"}],"curies":[{"name":"wp","href":"https:\/\/api.w.org\/{rel}","templated":true}]}}