{"id":82,"date":"2015-03-16T06:59:55","date_gmt":"2015-03-16T06:59:55","guid":{"rendered":"http:\/\/blogsaverroes.juntadeandalucia.es\/pre\/ceip\/?page_id=82"},"modified":"2022-11-19T10:25:39","modified_gmt":"2022-11-19T08:25:39","slug":"horarios","status":"publish","type":"page","link":"https:\/\/blogsaverroes.juntadeandalucia.es\/ceippablopicasso\/horarios\/","title":{"rendered":"Horarios"},"content":{"rendered":"<h3><strong>Educaci\u00f3n Infantil\/Educaci\u00f3n Primaria<\/strong><\/h3>\n<p>El modelo de jornada escolar lectiva del centro, es exclusivo en sesiones de ma\u00f1ana.<\/p>\n<p>El periodo post COVID nos adentra a la b\u00fasqueda de la situaci\u00f3n que est\u00e1bamos viviendo antes de la pandemia, y de esa b\u00fasqueda podemos destacar las siguientes novedades:<\/p>\n<p>El alumnado de primaria y secundaria acceder\u00e1 y saldr\u00e1 del centro por la puerta anexa al almac\u00e9n, y el alumnado de infantil por la puerta que accede a sus edificios.<\/p>\n<p>Se instaurar un recreo \u00fanico en nuestro centro, a las 11.30 horas.<\/p>\n<p>Por tanto el horario es el siguiente:<\/p>\n<h6><strong>EDUCACI\u00d3N&nbsp; INFANTIL Y PRIMARIA<\/strong><\/h6>\n<p>La distribuci\u00f3n de las sesiones en Educaci\u00f3n Infantil y Primaria es la siguiente:<\/p>\n<p><b>9.00 a<span class=\"Apple-converted-space\"> 9.30<\/span>&nbsp;horas. Sesi\u00f3n 1<\/b><\/p>\n<p><b>9.30 a 10.30 horas: Sesi\u00f3n 2<\/b><\/p>\n<p><b>10.30<span class=\"Apple-converted-space\">&nbsp;<\/span>a 11:30 horas: Sesi\u00f3n 3<\/b><\/p>\n<p><span style=\"color: #ff0000\"><b>11:30 a 12:00 horas: Recreo<\/b><\/span><\/p>\n<p><b>12:00 a 13:00 horas Sesi\u00f3n 4<\/b><\/p>\n<p><b><span class=\"Apple-converted-space\">&nbsp;<\/span>13 a 14.00 horas Sesi\u00f3n 5<\/b><\/p>\n<h6><strong>EDUCACI\u00d3N SECUNDARIA<\/strong><\/h6>\n<p>El modelo de jornada escolar lectiva del centro en Secundaria, es exclusivo en sesiones de ma\u00f1ana de 8:30 a 15:00 horas y la distribuci\u00f3n de las sesiones es la siguiente:<\/p>\n<p><span class=\"Apple-converted-space\">&nbsp;<\/span><b>8:30 a<span class=\"Apple-converted-space\">&nbsp; <\/span>9:30 horas. Sesi\u00f3n 1<\/b><\/p>\n<p><b><span class=\"Apple-converted-space\">&nbsp;<\/span>9:30 a 10:30 horas: Sesi\u00f3n 2<\/b><\/p>\n<p><b>10:30<span class=\"Apple-converted-space\">&nbsp; <\/span>a 11:30 horas Sesi\u00f3n 3<\/b><\/p>\n<p><span style=\"color: #ff0000\"><b>11:30 a 12.00 horas: Recreo<\/b><\/span><\/p>\n<p><b>12:00 a 13:00 horas Sesi\u00f3n 4<\/b><\/p>\n<p><b>13:00 a 14.00 horas Sesi\u00f3n 5<\/b><\/p>\n<p><b>14:00 a15:00 horas<span class=\"Apple-converted-space\">&nbsp;&nbsp;<\/span>Sesi\u00f3n 6<\/b><\/p>\n<h3><strong>Horarios de atenci\u00f3n al p\u00fablico<\/strong><\/h3>\n<p><strong>Tutor\u00edas con tutores\/as legales<\/strong><b> : <\/b><strong>Lunes de 18.00 a 19.00 horas. Atenci\u00f3n presencial.<\/strong><\/p>\n<p><strong>Administraci\u00f3n : De lunes, mi\u00e9rcoles y viernes de 9.00 a 12.45 horas.<\/strong><\/p>\n<p><strong>Direcci\u00f3n: Lunes 12 a 14 horas. Jueves y Viernes de 10.30 a 13 horas.<\/strong><\/p>\n<p><b>Jefatura de Estudios: Martes y viernes de 12 a 14 horas.<\/b><\/p>\n<p><b>Secretar\u00eda: Lunes y martes 14 a 15 horas. Mi\u00e9rcoles 13 a 15 horas.<\/b><\/p>\n<h3><strong>El horario de apertura extraescolar<\/strong><\/h3>\n<p><b>Aula matinal: <\/b><strong>de 7.30 a 9.00 horas. De Lunes a Viernes<\/strong><\/p>\n<p><b>Escuelas Deportivas, Actividades extraescolares, PROA y PALE: Lunes a Jueves de 16 a 18 horas<\/b><b><\/b><\/p>\n","protected":false},"excerpt":{"rendered":"<p>Educaci\u00f3n Infantil\/Educaci\u00f3n Primaria El modelo de jornada escolar lectiva del centro, es exclusivo en sesiones de ma\u00f1ana. El periodo post COVID nos adentra a la b\u00fasqueda de la situaci\u00f3n que est\u00e1bamos viviendo antes de&#46;&#46;&#46;<\/p>\n","protected":false},"author":1,"featured_media":0,"parent":0,"menu_order":0,"comment_status":"closed","ping_status":"open","template":"","meta":{"ngg_post_thumbnail":0,"footnotes":"","_mc_calendar":[]},"aioseo_notices":[],"_links":{"self":[{"href":"https:\/\/blogsaverroes.juntadeandalucia.es\/ceippablopicasso\/wp-json\/wp\/v2\/pages\/82"}],"collection":[{"href":"https:\/\/blogsaverroes.juntadeandalucia.es\/ceippablopicasso\/wp-json\/wp\/v2\/pages"}],"about":[{"href":"https:\/\/blogsaverroes.juntadeandalucia.es\/ceippablopicasso\/wp-json\/wp\/v2\/types\/page"}],"author":[{"embeddable":true,"href":"https:\/\/blogsaverroes.juntadeandalucia.es\/ceippablopicasso\/wp-json\/wp\/v2\/users\/1"}],"replies":[{"embeddable":true,"href":"https:\/\/blogsaverroes.juntadeandalucia.es\/ceippablopicasso\/wp-json\/wp\/v2\/comments?post=82"}],"version-history":[{"count":13,"href":"https:\/\/blogsaverroes.juntadeandalucia.es\/ceippablopicasso\/wp-json\/wp\/v2\/pages\/82\/revisions"}],"predecessor-version":[{"id":4449,"href":"https:\/\/blogsaverroes.juntadeandalucia.es\/ceippablopicasso\/wp-json\/wp\/v2\/pages\/82\/revisions\/4449"}],"wp:attachment":[{"href":"https:\/\/blogsaverroes.juntadeandalucia.es\/ceippablopicasso\/wp-json\/wp\/v2\/media?parent=82"}],"curies":[{"name":"wp","href":"https:\/\/api.w.org\/{rel}","templated":true}]}}