{"id":871,"date":"2015-03-16T07:25:46","date_gmt":"2015-03-16T07:25:46","guid":{"rendered":"http:\/\/blogsaverroes.juntadeandalucia.es\/pre\/ceip\/?page_id=106"},"modified":"2022-11-19T10:33:44","modified_gmt":"2022-11-19T08:33:44","slug":"actividades-extraescolares","status":"publish","type":"page","link":"https:\/\/blogsaverroes.juntadeandalucia.es\/ceippablopicasso\/actividades-extraescolares\/","title":{"rendered":"Actividades extraescolares"},"content":{"rendered":"<p style=\"text-align: left\">Las actividades extraescolares tienen lugar en horario de tarde, hasta las 18.00&nbsp;todos los d\u00edas lectivos con excepci\u00f3n de los viernes.&nbsp;<\/p>\n<p>A continuaci\u00f3n os mostramos el horario donde pod\u00e9is visualizar las diferentes actividades de nuestro centro.<\/p>\n<p><a href=\"https:\/\/blogsaverroes.juntadeandalucia.es\/ceippablopicasso\/files\/2022\/11\/photo_2022-11-19-09.32.20.jpeg\"><img fetchpriority=\"high\" decoding=\"async\" class=\"aligncenter size-medium wp-image-4451\" src=\"https:\/\/blogsaverroes.juntadeandalucia.es\/ceippablopicasso\/files\/2022\/11\/photo_2022-11-19-09.32.20-240x300.jpeg\" alt=\"\" width=\"240\" height=\"300\" srcset=\"https:\/\/blogsaverroes.juntadeandalucia.es\/ceippablopicasso\/files\/2022\/11\/photo_2022-11-19-09.32.20-240x300.jpeg 240w, https:\/\/blogsaverroes.juntadeandalucia.es\/ceippablopicasso\/files\/2022\/11\/photo_2022-11-19-09.32.20-818x1024.jpeg 818w, https:\/\/blogsaverroes.juntadeandalucia.es\/ceippablopicasso\/files\/2022\/11\/photo_2022-11-19-09.32.20-768x961.jpeg 768w, https:\/\/blogsaverroes.juntadeandalucia.es\/ceippablopicasso\/files\/2022\/11\/photo_2022-11-19-09.32.20-700x876.jpeg 700w, https:\/\/blogsaverroes.juntadeandalucia.es\/ceippablopicasso\/files\/2022\/11\/photo_2022-11-19-09.32.20.jpeg 1023w\" sizes=\"(max-width: 240px) 100vw, 240px\" \/><\/a><\/p>\n<p>&nbsp;<\/p>\n","protected":false},"excerpt":{"rendered":"<p>Las actividades extraescolares tienen lugar en horario de tarde, hasta las 18.00&nbsp;todos los d\u00edas lectivos con excepci\u00f3n de los viernes.&nbsp; A continuaci\u00f3n os mostramos el horario donde pod\u00e9is visualizar las diferentes actividades de nuestro&#46;&#46;&#46;<\/p>\n","protected":false},"author":1,"featured_media":0,"parent":0,"menu_order":0,"comment_status":"closed","ping_status":"open","template":"","meta":{"ngg_post_thumbnail":0,"footnotes":"","_mc_calendar":[]},"aioseo_notices":[],"_links":{"self":[{"href":"https:\/\/blogsaverroes.juntadeandalucia.es\/ceippablopicasso\/wp-json\/wp\/v2\/pages\/871"}],"collection":[{"href":"https:\/\/blogsaverroes.juntadeandalucia.es\/ceippablopicasso\/wp-json\/wp\/v2\/pages"}],"about":[{"href":"https:\/\/blogsaverroes.juntadeandalucia.es\/ceippablopicasso\/wp-json\/wp\/v2\/types\/page"}],"author":[{"embeddable":true,"href":"https:\/\/blogsaverroes.juntadeandalucia.es\/ceippablopicasso\/wp-json\/wp\/v2\/users\/1"}],"replies":[{"embeddable":true,"href":"https:\/\/blogsaverroes.juntadeandalucia.es\/ceippablopicasso\/wp-json\/wp\/v2\/comments?post=871"}],"version-history":[{"count":7,"href":"https:\/\/blogsaverroes.juntadeandalucia.es\/ceippablopicasso\/wp-json\/wp\/v2\/pages\/871\/revisions"}],"predecessor-version":[{"id":4452,"href":"https:\/\/blogsaverroes.juntadeandalucia.es\/ceippablopicasso\/wp-json\/wp\/v2\/pages\/871\/revisions\/4452"}],"wp:attachment":[{"href":"https:\/\/blogsaverroes.juntadeandalucia.es\/ceippablopicasso\/wp-json\/wp\/v2\/media?parent=871"}],"curies":[{"name":"wp","href":"https:\/\/api.w.org\/{rel}","templated":true}]}}