{"id":4500,"date":"2023-02-14T23:29:51","date_gmt":"2023-02-14T22:29:51","guid":{"rendered":"https:\/\/blogsaverroes.juntadeandalucia.es\/ceippablovi\/?page_id=4500"},"modified":"2023-05-25T09:49:08","modified_gmt":"2023-05-25T07:49:08","slug":"noviembre-y-diciembre","status":"publish","type":"page","link":"https:\/\/blogsaverroes.juntadeandalucia.es\/ceippablovi\/noviembre-y-diciembre\/","title":{"rendered":"Noviembre y Diciembre"},"content":{"rendered":"<p>\u00a1Buenas a todos! Os presentamos las im\u00e1genes de las actividades realizadas durante los meses de noviembre y diciembre tanto en Educaci\u00f3n Infantil como en Educaci\u00f3n Primaria.<\/p>\n<p><a title=\"Carpeta de noviembre\" href=\"https:\/\/drive.google.com\/drive\/folders\/11cUMlKiiW5JsdJw9uQ2D4hv7YLaCDFSg?usp=share_link\" target=\"_blank\" rel=\"noopener noreferrer\">Carpeta de noviembre<\/a><\/p>\n<p><a title=\"Carpeta de diciembre\" href=\"https:\/\/drive.google.com\/drive\/folders\/1Q7u9gKDhNKZS4GN9ZXM5Bce4-5Kggk9m?usp=share_link\" target=\"_blank\" rel=\"noopener noreferrer\">Carpeta de diciembre<\/a><\/p>\n","protected":false},"excerpt":{"rendered":"<p>\u00a1Buenas a todos! Os presentamos las im\u00e1genes de las actividades realizadas durante los meses de noviembre y diciembre tanto en Educaci\u00f3n Infantil como en Educaci\u00f3n&hellip;<\/p>\n","protected":false},"author":1487,"featured_media":0,"parent":0,"menu_order":0,"comment_status":"closed","ping_status":"closed","template":"","meta":{"ngg_post_thumbnail":0,"footnotes":"","_mc_calendar":[]},"aioseo_notices":[],"_links":{"self":[{"href":"https:\/\/blogsaverroes.juntadeandalucia.es\/ceippablovi\/wp-json\/wp\/v2\/pages\/4500"}],"collection":[{"href":"https:\/\/blogsaverroes.juntadeandalucia.es\/ceippablovi\/wp-json\/wp\/v2\/pages"}],"about":[{"href":"https:\/\/blogsaverroes.juntadeandalucia.es\/ceippablovi\/wp-json\/wp\/v2\/types\/page"}],"author":[{"embeddable":true,"href":"https:\/\/blogsaverroes.juntadeandalucia.es\/ceippablovi\/wp-json\/wp\/v2\/users\/1487"}],"replies":[{"embeddable":true,"href":"https:\/\/blogsaverroes.juntadeandalucia.es\/ceippablovi\/wp-json\/wp\/v2\/comments?post=4500"}],"version-history":[{"count":4,"href":"https:\/\/blogsaverroes.juntadeandalucia.es\/ceippablovi\/wp-json\/wp\/v2\/pages\/4500\/revisions"}],"predecessor-version":[{"id":4691,"href":"https:\/\/blogsaverroes.juntadeandalucia.es\/ceippablovi\/wp-json\/wp\/v2\/pages\/4500\/revisions\/4691"}],"wp:attachment":[{"href":"https:\/\/blogsaverroes.juntadeandalucia.es\/ceippablovi\/wp-json\/wp\/v2\/media?parent=4500"}],"curies":[{"name":"wp","href":"https:\/\/api.w.org\/{rel}","templated":true}]}}