{"id":4505,"date":"2023-02-15T00:34:09","date_gmt":"2023-02-14T23:34:09","guid":{"rendered":"https:\/\/blogsaverroes.juntadeandalucia.es\/ceippablovi\/?page_id=4505"},"modified":"2025-02-28T20:27:34","modified_gmt":"2025-02-28T19:27:34","slug":"escolarizacion-23-24","status":"publish","type":"page","link":"https:\/\/blogsaverroes.juntadeandalucia.es\/ceippablovi\/escolarizacion-23-24\/","title":{"rendered":"Escolarizaci\u00f3n 25\/26"},"content":{"rendered":"<p>&nbsp;<\/p>\n<p>Os dejamos aqu\u00ed todos los documentos de inter\u00e9s que es necesario en el procedimiento de escolarizaci\u00f3n\/admisi\u00f3n:<\/p>\n<p><a title=\"enlace\" href=\"https:\/\/drive.google.com\/drive\/folders\/1dTm7Y9nI_cyyKh44XsrUnsxGEVm2TcVh?usp=sharing\" target=\"_blank\" rel=\"noopener noreferrer\">enlace documentos<\/a><\/p>\n<p>Tambi\u00e9n os dejamos un enlace que os permitir\u00e1 un autobaremo.<\/p>\n<p><a href=\"https:\/\/www.juntadeandalucia.es\/educacion\/portales\/web\/escolarizacion\/infantil-a-bachillerato\/autobaremo\" target=\"_blank\" rel=\"noopener noreferrer\">autobaremo<\/a><\/p>\n<p>&nbsp;<\/p>\n<p>&nbsp;<\/p>\n","protected":false},"excerpt":{"rendered":"<p>&nbsp; Os dejamos aqu\u00ed todos los documentos de inter\u00e9s que es necesario en el procedimiento de escolarizaci\u00f3n\/admisi\u00f3n: enlace documentos Tambi\u00e9n os dejamos un enlace que&hellip;<\/p>\n","protected":false},"author":1487,"featured_media":0,"parent":0,"menu_order":0,"comment_status":"closed","ping_status":"closed","template":"","meta":{"ngg_post_thumbnail":0,"footnotes":"","_mc_calendar":[]},"aioseo_notices":[],"_links":{"self":[{"href":"https:\/\/blogsaverroes.juntadeandalucia.es\/ceippablovi\/wp-json\/wp\/v2\/pages\/4505"}],"collection":[{"href":"https:\/\/blogsaverroes.juntadeandalucia.es\/ceippablovi\/wp-json\/wp\/v2\/pages"}],"about":[{"href":"https:\/\/blogsaverroes.juntadeandalucia.es\/ceippablovi\/wp-json\/wp\/v2\/types\/page"}],"author":[{"embeddable":true,"href":"https:\/\/blogsaverroes.juntadeandalucia.es\/ceippablovi\/wp-json\/wp\/v2\/users\/1487"}],"replies":[{"embeddable":true,"href":"https:\/\/blogsaverroes.juntadeandalucia.es\/ceippablovi\/wp-json\/wp\/v2\/comments?post=4505"}],"version-history":[{"count":11,"href":"https:\/\/blogsaverroes.juntadeandalucia.es\/ceippablovi\/wp-json\/wp\/v2\/pages\/4505\/revisions"}],"predecessor-version":[{"id":5247,"href":"https:\/\/blogsaverroes.juntadeandalucia.es\/ceippablovi\/wp-json\/wp\/v2\/pages\/4505\/revisions\/5247"}],"wp:attachment":[{"href":"https:\/\/blogsaverroes.juntadeandalucia.es\/ceippablovi\/wp-json\/wp\/v2\/media?parent=4505"}],"curies":[{"name":"wp","href":"https:\/\/api.w.org\/{rel}","templated":true}]}}