{"id":4517,"date":"2023-02-15T00:46:50","date_gmt":"2023-02-14T23:46:50","guid":{"rendered":"https:\/\/blogsaverroes.juntadeandalucia.es\/ceippablovi\/?page_id=4517"},"modified":"2026-03-01T12:34:39","modified_gmt":"2026-03-01T11:34:39","slug":"procedimiento-de-admision","status":"publish","type":"page","link":"https:\/\/blogsaverroes.juntadeandalucia.es\/ceippablovi\/procedimiento-de-admision\/","title":{"rendered":"Procedimiento de admisi\u00f3n"},"content":{"rendered":"<p>Estimadas familias,<\/p>\n<p>Aqu\u00ed ten\u00e9is nuestra oferta educativa<\/p>\n<p><a title=\"Oferta educativa CEIP Pablo VI\" href=\"https:\/\/drive.google.com\/file\/d\/1P6kKbxyNY35CqZj-2RRp8Zdip4o4gl5P\/view?usp=sharing\" target=\"_blank\" rel=\"noopener\">Oferta educativa CEIP Pablo VI<\/a><\/p>\n<p>Datos de inter\u00e9s:<\/p>\n<p>En este enlace pod\u00e9is realizar la solicitud de admisi\u00f3n <a title=\"enlace\" href=\"https:\/\/secretariavirtual.juntadeandalucia.es\/secretariavirtual\/accesoTramite\/543\/\" target=\"_blank\" rel=\"noopener\">enlace<\/a><\/p>\n<p><strong>Del 1 al 31 de marzo<\/strong>, ambos inclusive, permanecer\u00e1 abierto en Andaluc\u00eda el plazo para la presentaci\u00f3n de solicitudes de admisi\u00f3n correspondientes al curso escolar 2025\/26.&nbsp; Se inicia de este modo el proceso de escolarizaci\u00f3n en el que participan todos los ni\u00f1os y ni\u00f1as que se incorporan por primera vez al sistema educativo, tanto en centros p\u00fablicos como privados concertados, as\u00ed como el alumnado que cambie de centro escolar.<\/p>\n<p>Contin\u00faa publicada, con nuevas mejoras, la aplicaci\u00f3n para smartphones que permite realizar consultas de centros as\u00ed como de los puntos del baremo por domicilio.<\/p>\n<p>Por su parte, los centros educativos publican la relaci\u00f3n de puestos escolares vacantes as\u00ed como la informaci\u00f3n sobre las direcciones catastrales comprendidas en sus \u00e1reas de influencia y \u00e1reas lim\u00edtrofes. Cuando la oferta de plazas coincida o sea superior a la demanda, los solicitantes ser\u00e1n admitidos. Solo en aquellos casos donde no se pueda atender toda la demanda, se proceder\u00e1 a la baremaci\u00f3n de las solicitudes.<\/p>\n<p>Los centros har\u00e1n p\u00fablica en su tabl\u00f3n de anuncios,&nbsp;<strong>antes del 23 de abril<\/strong>, la relaci\u00f3n de solicitantes con la puntuaci\u00f3n asignada y, a partir de esa fecha, se abrir\u00e1 un plazo de&nbsp;<strong>10 d\u00edas lectivos para la presentaci\u00f3n de alegaciones<\/strong>. Si tras la aplicaci\u00f3n de los criterios de baremaci\u00f3n se producen empates, se aplicar\u00e1 el resultado del&nbsp;<strong>sorteo p\u00fablico<\/strong>&nbsp;que se celebrar\u00e1 el d\u00eda&nbsp;<strong>14 de mayo<\/strong>&nbsp;de 2025.&nbsp;<strong>La relaci\u00f3n definitiva de admitidos y no admitidos saldr\u00e1 el 15 de mayo<\/strong>.<\/p>\n<p>&nbsp;Recordad que puede realizarse presencialmente o de manera virtual. Horario de atenci\u00f3n al p\u00fablico en secretar\u00eda: 9.15 a 11 horas.<\/p>\n<p><a title=\"Principales fechas\" href=\"https:\/\/drive.google.com\/file\/d\/1Gpf2rhud7d9eBZfIo-nuAbQpdiyUg0Ik\/view?usp=sharing\" target=\"_blank\" rel=\"noopener\">Principales fechas<\/a><\/p>\n<p>&nbsp;<\/p>\n<p>Si quieres conoces los puntos que te pertenecen por tu domicilio, pincha aqu\u00ed. <a title=\"\u00c1rea Mapa de influencia\" href=\"https:\/\/www.juntadeandalucia.es\/educacion\/educasig\/escolarizacion\/\" target=\"_blank\" rel=\"noopener\">\u00c1rea Mapa de influencia<\/a><\/p>\n","protected":false},"excerpt":{"rendered":"<p>Estimadas familias, Aqu\u00ed ten\u00e9is nuestra oferta educativa Oferta educativa CEIP Pablo VI Datos de inter\u00e9s: En este enlace pod\u00e9is realizar la solicitud de admisi\u00f3n enlace&hellip;<\/p>\n","protected":false},"author":1487,"featured_media":0,"parent":0,"menu_order":0,"comment_status":"closed","ping_status":"closed","template":"","meta":{"ngg_post_thumbnail":0,"footnotes":"","_mc_calendar":[]},"aioseo_notices":[],"_links":{"self":[{"href":"https:\/\/blogsaverroes.juntadeandalucia.es\/ceippablovi\/wp-json\/wp\/v2\/pages\/4517"}],"collection":[{"href":"https:\/\/blogsaverroes.juntadeandalucia.es\/ceippablovi\/wp-json\/wp\/v2\/pages"}],"about":[{"href":"https:\/\/blogsaverroes.juntadeandalucia.es\/ceippablovi\/wp-json\/wp\/v2\/types\/page"}],"author":[{"embeddable":true,"href":"https:\/\/blogsaverroes.juntadeandalucia.es\/ceippablovi\/wp-json\/wp\/v2\/users\/1487"}],"replies":[{"embeddable":true,"href":"https:\/\/blogsaverroes.juntadeandalucia.es\/ceippablovi\/wp-json\/wp\/v2\/comments?post=4517"}],"version-history":[{"count":11,"href":"https:\/\/blogsaverroes.juntadeandalucia.es\/ceippablovi\/wp-json\/wp\/v2\/pages\/4517\/revisions"}],"predecessor-version":[{"id":5336,"href":"https:\/\/blogsaverroes.juntadeandalucia.es\/ceippablovi\/wp-json\/wp\/v2\/pages\/4517\/revisions\/5336"}],"wp:attachment":[{"href":"https:\/\/blogsaverroes.juntadeandalucia.es\/ceippablovi\/wp-json\/wp\/v2\/media?parent=4517"}],"curies":[{"name":"wp","href":"https:\/\/api.w.org\/{rel}","templated":true}]}}