{"id":4824,"date":"2024-01-23T21:26:29","date_gmt":"2024-01-23T20:26:29","guid":{"rendered":"https:\/\/blogsaverroes.juntadeandalucia.es\/ceippablovi\/?page_id=4824"},"modified":"2024-01-24T09:24:41","modified_gmt":"2024-01-24T08:24:41","slug":"ampa","status":"publish","type":"page","link":"https:\/\/blogsaverroes.juntadeandalucia.es\/ceippablovi\/ampa\/","title":{"rendered":"AMPA \u00abEN MARCHA\u00bb"},"content":{"rendered":"<h3><span style=\"text-decoration: underline\"><strong>HAZTE SOCIO Y COLABORA CON \u00abAMPA EN MARCHA\u00bb<\/strong><\/span><\/h3>\n<p>Si quiere obtener m\u00e1s informaci\u00f3n pulsar en el siguiente enlace:<\/p>\n<p><a href=\"https:\/\/drive.google.com\/file\/d\/19ZlLuKpcKWw4Bfdya-4oaTg7JC7tUG1R\/view?usp=drive_link\" target=\"_blank\" rel=\"noopener noreferrer\">&nbsp;Informaci\u00f3n AMPA EN MARCHA<\/a><\/p>\n<p>Para descargar la inscripci\u00f3n pulsar en:&nbsp;<\/p>\n<p><a title=\"Inscripci\u00f3n AMPA EN MARCHA\" href=\"https:\/\/drive.google.com\/file\/d\/1FOftON96XChZOMW7-noyp7H5xKN7Lqqo\/view?usp=drive_link\" target=\"_blank\" rel=\"noopener noreferrer\">Ficha de inscripci\u00f3n AMPA EN MARCHA<\/a><\/p>\n<p><a href=\"https:\/\/blogsaverroes.juntadeandalucia.es\/ceippablovi\/files\/2024\/01\/1706084411185.jpg\"><img loading=\"lazy\" decoding=\"async\" class=\"size-medium wp-image-4838 alignleft\" src=\"https:\/\/blogsaverroes.juntadeandalucia.es\/ceippablovi\/files\/2024\/01\/1706084411185-300x201.jpg\" alt=\"\" width=\"300\" height=\"201\" srcset=\"https:\/\/blogsaverroes.juntadeandalucia.es\/ceippablovi\/files\/2024\/01\/1706084411185-300x201.jpg 300w, https:\/\/blogsaverroes.juntadeandalucia.es\/ceippablovi\/files\/2024\/01\/1706084411185.jpg 463w\" sizes=\"(max-width: 300px) 100vw, 300px\" \/><\/a><\/p>\n<p>&nbsp;<\/p>\n","protected":false},"excerpt":{"rendered":"<p>HAZTE SOCIO Y COLABORA CON \u00abAMPA EN MARCHA\u00bb Si quiere obtener m\u00e1s informaci\u00f3n pulsar en el siguiente enlace: &nbsp;Informaci\u00f3n AMPA EN MARCHA Para descargar la&hellip;<\/p>\n","protected":false},"author":1487,"featured_media":0,"parent":0,"menu_order":0,"comment_status":"closed","ping_status":"closed","template":"","meta":{"ngg_post_thumbnail":0,"footnotes":"","_mc_calendar":[]},"aioseo_notices":[],"_links":{"self":[{"href":"https:\/\/blogsaverroes.juntadeandalucia.es\/ceippablovi\/wp-json\/wp\/v2\/pages\/4824"}],"collection":[{"href":"https:\/\/blogsaverroes.juntadeandalucia.es\/ceippablovi\/wp-json\/wp\/v2\/pages"}],"about":[{"href":"https:\/\/blogsaverroes.juntadeandalucia.es\/ceippablovi\/wp-json\/wp\/v2\/types\/page"}],"author":[{"embeddable":true,"href":"https:\/\/blogsaverroes.juntadeandalucia.es\/ceippablovi\/wp-json\/wp\/v2\/users\/1487"}],"replies":[{"embeddable":true,"href":"https:\/\/blogsaverroes.juntadeandalucia.es\/ceippablovi\/wp-json\/wp\/v2\/comments?post=4824"}],"version-history":[{"count":10,"href":"https:\/\/blogsaverroes.juntadeandalucia.es\/ceippablovi\/wp-json\/wp\/v2\/pages\/4824\/revisions"}],"predecessor-version":[{"id":4842,"href":"https:\/\/blogsaverroes.juntadeandalucia.es\/ceippablovi\/wp-json\/wp\/v2\/pages\/4824\/revisions\/4842"}],"wp:attachment":[{"href":"https:\/\/blogsaverroes.juntadeandalucia.es\/ceippablovi\/wp-json\/wp\/v2\/media?parent=4824"}],"curies":[{"name":"wp","href":"https:\/\/api.w.org\/{rel}","templated":true}]}}