{"id":4897,"date":"2024-02-07T10:21:21","date_gmt":"2024-02-07T09:21:21","guid":{"rendered":"https:\/\/blogsaverroes.juntadeandalucia.es\/ceippablovi\/?page_id=4897"},"modified":"2024-02-07T10:31:45","modified_gmt":"2024-02-07T09:31:45","slug":"plan-de-trabajo-biblioteca","status":"publish","type":"page","link":"https:\/\/blogsaverroes.juntadeandalucia.es\/ceippablovi\/plan-de-trabajo-biblioteca\/","title":{"rendered":"PLAN DE TRABAJO BIBLIOTECA"},"content":{"rendered":"<p>En el siguiente enlace se puede consultar nuestro Plan de Trabajo para la Biblioteca de nuestro centro.<\/p>\n<p><a href=\"https:\/\/drive.google.com\/file\/d\/1t6stsbdqkQCWxdPaDWIH_lIjbuUd0qcj\/view?usp=sharing\">https:\/\/drive.google.com\/file\/d\/1t6stsbdqkQCWxdPaDWIH_lIjbuUd0qcj\/view?usp=sharing<\/a><\/p>\n<p>En los siguientes enlaces aparecen las distintas actividades y talleres realizados para fomentar el h\u00e1bito lector.<\/p>\n<p><a href=\"https:\/\/drive.google.com\/file\/d\/1t6stsbdqkQCWxdPaDWIH_lIjbuUd0qcj\/view?usp=sharing\">https:\/\/drive.google.com\/file\/d\/1t6stsbdqkQCWxdPaDWIH_lIjbuUd0qcj\/view?usp=sharing<\/a><\/p>\n<p>&nbsp;<\/p>\n<p>Alumnado de tercer ciclo realiza promociones de libros de nuestra biblioteca para animar a los dem\u00e1s compa\u00f1eros a la lectura de esta forma tan divertida.<\/p>\n<p>Promoci\u00f3n de la colecci\u00f3n de libros &#8216;Los Futbol\u00edsimos&#8217;.<\/p>\n<p><a href=\"https:\/\/drive.google.com\/file\/d\/1VGEiNCYmpxRYeZ0sqHmj1lRU4rqfW0Fb\/view?usp=sharing\">https:\/\/drive.google.com\/file\/d\/1VGEiNCYmpxRYeZ0sqHmj1lRU4rqfW0Fb\/view?usp=sharing<\/a><\/p>\n<p>Promoci\u00f3n de la colecci\u00f3n de &#8216;Harry Potter&#8217;.<\/p>\n<p><a href=\"https:\/\/drive.google.com\/file\/d\/1_FxNu-TCjR8sYP0fvQyMN__PU80mXzSV\/view?usp=sharing\">https:\/\/drive.google.com\/file\/d\/1_FxNu-TCjR8sYP0fvQyMN__PU80mXzSV\/view?usp=sharing<\/a><\/p>\n<p>Promoci\u00f3n del libro &#8216;El Lazarillo contado a ni\u00f1os&#8217;.<\/p>\n<p><a href=\"https:\/\/drive.google.com\/file\/d\/1atefu2Bd4w8hWObrbcIx7QBZxDq-ObZM\/view?usp=sharing\">https:\/\/drive.google.com\/file\/d\/1atefu2Bd4w8hWObrbcIx7QBZxDq-ObZM\/view?usp=sharing<\/a><\/p>\n<p>Promoci\u00f3n del libro &#8216;La Vuelta al Mundo de Magallanes&#8217;<\/p>\n<p><a href=\"https:\/\/drive.google.com\/file\/d\/1anlvfRwmHLPPaG49epbA1Aapdqjn7slG\/view?usp=sharing\">https:\/\/drive.google.com\/file\/d\/1anlvfRwmHLPPaG49epbA1Aapdqjn7slG\/view?usp=sharing<\/a><\/p>\n","protected":false},"excerpt":{"rendered":"<p>En el siguiente enlace se puede consultar nuestro Plan de Trabajo para la Biblioteca de nuestro centro. https:\/\/drive.google.com\/file\/d\/1t6stsbdqkQCWxdPaDWIH_lIjbuUd0qcj\/view?usp=sharing En los siguientes enlaces aparecen las distintas&hellip;<\/p>\n","protected":false},"author":1487,"featured_media":0,"parent":0,"menu_order":0,"comment_status":"closed","ping_status":"closed","template":"","meta":{"ngg_post_thumbnail":0,"footnotes":"","_mc_calendar":[]},"aioseo_notices":[],"_links":{"self":[{"href":"https:\/\/blogsaverroes.juntadeandalucia.es\/ceippablovi\/wp-json\/wp\/v2\/pages\/4897"}],"collection":[{"href":"https:\/\/blogsaverroes.juntadeandalucia.es\/ceippablovi\/wp-json\/wp\/v2\/pages"}],"about":[{"href":"https:\/\/blogsaverroes.juntadeandalucia.es\/ceippablovi\/wp-json\/wp\/v2\/types\/page"}],"author":[{"embeddable":true,"href":"https:\/\/blogsaverroes.juntadeandalucia.es\/ceippablovi\/wp-json\/wp\/v2\/users\/1487"}],"replies":[{"embeddable":true,"href":"https:\/\/blogsaverroes.juntadeandalucia.es\/ceippablovi\/wp-json\/wp\/v2\/comments?post=4897"}],"version-history":[{"count":4,"href":"https:\/\/blogsaverroes.juntadeandalucia.es\/ceippablovi\/wp-json\/wp\/v2\/pages\/4897\/revisions"}],"predecessor-version":[{"id":4903,"href":"https:\/\/blogsaverroes.juntadeandalucia.es\/ceippablovi\/wp-json\/wp\/v2\/pages\/4897\/revisions\/4903"}],"wp:attachment":[{"href":"https:\/\/blogsaverroes.juntadeandalucia.es\/ceippablovi\/wp-json\/wp\/v2\/media?parent=4897"}],"curies":[{"name":"wp","href":"https:\/\/api.w.org\/{rel}","templated":true}]}}