{"id":4937,"date":"2024-03-08T11:13:07","date_gmt":"2024-03-08T10:13:07","guid":{"rendered":"https:\/\/blogsaverroes.juntadeandalucia.es\/ceippablovi\/?page_id=4937"},"modified":"2024-03-08T12:31:14","modified_gmt":"2024-03-08T11:31:14","slug":"efemerides","status":"publish","type":"page","link":"https:\/\/blogsaverroes.juntadeandalucia.es\/ceippablovi\/efemerides\/","title":{"rendered":"Efem\u00e9rides"},"content":{"rendered":"<p>&nbsp;<\/p>\n<p><iframe loading=\"lazy\" title=\"Desayuno andaluz\" width=\"843\" height=\"474\" src=\"https:\/\/www.youtube.com\/embed\/jDka-SGz4OE?feature=oembed\" frameborder=\"0\" allow=\"accelerometer; autoplay; clipboard-write; encrypted-media; gyroscope; picture-in-picture; web-share\" referrerpolicy=\"strict-origin-when-cross-origin\" allowfullscreen><\/iframe><\/p>\n<p><iframe loading=\"lazy\" title=\"Carnaval. Pasodoble &#039;Por anchos que sean los mares&#039; dedicado a las madres\" width=\"843\" height=\"474\" src=\"https:\/\/www.youtube.com\/embed\/zhlnSL0YURI?feature=oembed\" frameborder=\"0\" allow=\"accelerometer; autoplay; clipboard-write; encrypted-media; gyroscope; picture-in-picture; web-share\" referrerpolicy=\"strict-origin-when-cross-origin\" allowfullscreen><\/iframe><\/p>\n<p><iframe loading=\"lazy\" title=\"D\u00eda Internacional de la Mujer y la Ni\u00f1a en la Ciencia\" width=\"843\" height=\"474\" src=\"https:\/\/www.youtube.com\/embed\/p8y5xCOGZZs?feature=oembed\" frameborder=\"0\" allow=\"accelerometer; autoplay; clipboard-write; encrypted-media; gyroscope; picture-in-picture; web-share\" referrerpolicy=\"strict-origin-when-cross-origin\" allowfullscreen><\/iframe><\/p>\n<p><iframe loading=\"lazy\" title=\"Halloween 23\/24\" width=\"843\" height=\"474\" src=\"https:\/\/www.youtube.com\/embed\/y6zNvEh8qWU?start=71&#038;feature=oembed\" frameborder=\"0\" allow=\"accelerometer; autoplay; clipboard-write; encrypted-media; gyroscope; picture-in-picture; web-share\" referrerpolicy=\"strict-origin-when-cross-origin\" allowfullscreen><\/iframe><\/p>\n<p><iframe loading=\"lazy\" title=\"16 N D\u00cdA DEL FLAMENCO\" width=\"843\" height=\"474\" src=\"https:\/\/www.youtube.com\/embed\/Z4q6nBS9RG8?feature=oembed\" frameborder=\"0\" allow=\"accelerometer; autoplay; clipboard-write; encrypted-media; gyroscope; picture-in-picture; web-share\" referrerpolicy=\"strict-origin-when-cross-origin\" allowfullscreen><\/iframe><\/p>\n<p><iframe loading=\"lazy\" title=\"25 N. Contra la violencia hacia la mujer\" width=\"843\" height=\"474\" src=\"https:\/\/www.youtube.com\/embed\/DzUxkTQB4q0?feature=oembed\" frameborder=\"0\" allow=\"accelerometer; autoplay; clipboard-write; encrypted-media; gyroscope; picture-in-picture; web-share\" referrerpolicy=\"strict-origin-when-cross-origin\" allowfullscreen><\/iframe><\/p>\n<p><iframe loading=\"lazy\" title=\"45 aniversario de la Constituci\u00f3n en Plaza de la Constituci\u00f3n\" width=\"843\" height=\"474\" src=\"https:\/\/www.youtube.com\/embed\/tzIozEzjEjE?feature=oembed\" frameborder=\"0\" allow=\"accelerometer; autoplay; clipboard-write; encrypted-media; gyroscope; picture-in-picture; web-share\" referrerpolicy=\"strict-origin-when-cross-origin\" allowfullscreen><\/iframe><\/p>\n<p><iframe loading=\"lazy\" title=\"Feliz D\u00eda de la Familia\" width=\"843\" height=\"632\" src=\"https:\/\/www.youtube.com\/embed\/KU2EDMoo73s?feature=oembed\" frameborder=\"0\" allow=\"accelerometer; autoplay; clipboard-write; encrypted-media; gyroscope; picture-in-picture; web-share\" referrerpolicy=\"strict-origin-when-cross-origin\" allowfullscreen><\/iframe><\/p>\n<p><iframe loading=\"lazy\" title=\"D\u00eda de San Patricio en CEIP Pablo VI\" width=\"843\" height=\"474\" src=\"https:\/\/www.youtube.com\/embed\/cYePmHtprGg?feature=oembed\" frameborder=\"0\" allow=\"accelerometer; autoplay; clipboard-write; encrypted-media; gyroscope; picture-in-picture; web-share\" referrerpolicy=\"strict-origin-when-cross-origin\" allowfullscreen><\/iframe><\/p>\n<p><iframe loading=\"lazy\" title=\"NAVIDAD EN PABLO VI\" width=\"843\" height=\"474\" src=\"https:\/\/www.youtube.com\/embed\/Jnvuy0IrcD0?feature=oembed\" frameborder=\"0\" allow=\"accelerometer; autoplay; clipboard-write; encrypted-media; gyroscope; picture-in-picture; web-share\" referrerpolicy=\"strict-origin-when-cross-origin\" allowfullscreen><\/iframe><\/p>\n<p><iframe loading=\"lazy\" title=\"SPOT Halloween 5\u00b0B\" width=\"843\" height=\"632\" src=\"https:\/\/www.youtube.com\/embed\/3sH9Oe_BviM?feature=oembed\" frameborder=\"0\" allow=\"accelerometer; autoplay; clipboard-write; encrypted-media; gyroscope; picture-in-picture; web-share\" referrerpolicy=\"strict-origin-when-cross-origin\" allowfullscreen><\/iframe><\/p>\n<p><iframe loading=\"lazy\" title=\"HALLOWEEN en CEIP Pablo VI\" width=\"843\" height=\"474\" src=\"https:\/\/www.youtube.com\/embed\/h7A7W1Fh0DA?feature=oembed\" frameborder=\"0\" allow=\"accelerometer; autoplay; clipboard-write; encrypted-media; gyroscope; picture-in-picture; web-share\" referrerpolicy=\"strict-origin-when-cross-origin\" allowfullscreen><\/iframe><\/p>\n<p><iframe loading=\"lazy\" title=\"D\u00eda del Flamenco y 50 aniversario CEIP PABLO VI\" width=\"843\" height=\"474\" src=\"https:\/\/www.youtube.com\/embed\/H-CeQlzOEVo?feature=oembed\" frameborder=\"0\" allow=\"accelerometer; autoplay; clipboard-write; encrypted-media; gyroscope; picture-in-picture; web-share\" referrerpolicy=\"strict-origin-when-cross-origin\" allowfullscreen><\/iframe><\/p>\n<p><iframe loading=\"lazy\" title=\"25N. Contra la violencia\" width=\"843\" height=\"474\" src=\"https:\/\/www.youtube.com\/embed\/ldXEpz8vggA?feature=oembed\" frameborder=\"0\" allow=\"accelerometer; autoplay; clipboard-write; encrypted-media; gyroscope; picture-in-picture; web-share\" referrerpolicy=\"strict-origin-when-cross-origin\" allowfullscreen><\/iframe><\/p>\n<p><iframe loading=\"lazy\" title=\"D\u00cdA DE LA LECTURA. COLECCIONES HARRY POTTER\" width=\"843\" height=\"474\" src=\"https:\/\/www.youtube.com\/embed\/M7wbPQsv7SQ?feature=oembed\" frameborder=\"0\" allow=\"accelerometer; autoplay; clipboard-write; encrypted-media; gyroscope; picture-in-picture; web-share\" referrerpolicy=\"strict-origin-when-cross-origin\" allowfullscreen><\/iframe><\/p>\n<p><iframe loading=\"lazy\" title=\"8 DE MARZO\" width=\"843\" height=\"474\" src=\"https:\/\/www.youtube.com\/embed\/BRjHVZgkYoc?start=1&#038;feature=oembed\" frameborder=\"0\" allow=\"accelerometer; autoplay; clipboard-write; encrypted-media; gyroscope; picture-in-picture; web-share\" referrerpolicy=\"strict-origin-when-cross-origin\" allowfullscreen><\/iframe><\/p>\n<p>&nbsp;<\/p>\n<p>&nbsp;<\/p>\n<p><iframe loading=\"lazy\" title=\"D\u00eda de San Patricio\" width=\"843\" height=\"474\" src=\"https:\/\/www.youtube.com\/embed\/zmTyPYh3t34?feature=oembed\" frameborder=\"0\" allow=\"accelerometer; autoplay; clipboard-write; encrypted-media; gyroscope; picture-in-picture; web-share\" referrerpolicy=\"strict-origin-when-cross-origin\" allowfullscreen><\/iframe><\/p>\n<p><iframe loading=\"lazy\" title=\"16D  D\u00eda de la Lectura en Andaluc\u00eda\" width=\"843\" height=\"474\" src=\"https:\/\/www.youtube.com\/embed\/fobGBtOGXI4?feature=oembed\" frameborder=\"0\" allow=\"accelerometer; autoplay; clipboard-write; encrypted-media; gyroscope; picture-in-picture; web-share\" referrerpolicy=\"strict-origin-when-cross-origin\" allowfullscreen><\/iframe><\/p>\n<p><iframe loading=\"lazy\" title=\"D\u00eda de la Constituci\u00f3n y preparaci\u00f3n navide\u00f1a\" width=\"843\" height=\"474\" src=\"https:\/\/www.youtube.com\/embed\/N513ZEVoEQ8?feature=oembed\" frameborder=\"0\" allow=\"accelerometer; autoplay; clipboard-write; encrypted-media; gyroscope; picture-in-picture; web-share\" referrerpolicy=\"strict-origin-when-cross-origin\" allowfullscreen><\/iframe><\/p>\n<p>&nbsp;<\/p>\n","protected":false},"excerpt":{"rendered":"<p>&nbsp; &nbsp; &nbsp; &nbsp;<\/p>\n","protected":false},"author":1487,"featured_media":0,"parent":0,"menu_order":0,"comment_status":"closed","ping_status":"closed","template":"","meta":{"ngg_post_thumbnail":0,"footnotes":"","_mc_calendar":[]},"aioseo_notices":[],"_links":{"self":[{"href":"https:\/\/blogsaverroes.juntadeandalucia.es\/ceippablovi\/wp-json\/wp\/v2\/pages\/4937"}],"collection":[{"href":"https:\/\/blogsaverroes.juntadeandalucia.es\/ceippablovi\/wp-json\/wp\/v2\/pages"}],"about":[{"href":"https:\/\/blogsaverroes.juntadeandalucia.es\/ceippablovi\/wp-json\/wp\/v2\/types\/page"}],"author":[{"embeddable":true,"href":"https:\/\/blogsaverroes.juntadeandalucia.es\/ceippablovi\/wp-json\/wp\/v2\/users\/1487"}],"replies":[{"embeddable":true,"href":"https:\/\/blogsaverroes.juntadeandalucia.es\/ceippablovi\/wp-json\/wp\/v2\/comments?post=4937"}],"version-history":[{"count":4,"href":"https:\/\/blogsaverroes.juntadeandalucia.es\/ceippablovi\/wp-json\/wp\/v2\/pages\/4937\/revisions"}],"predecessor-version":[{"id":4967,"href":"https:\/\/blogsaverroes.juntadeandalucia.es\/ceippablovi\/wp-json\/wp\/v2\/pages\/4937\/revisions\/4967"}],"wp:attachment":[{"href":"https:\/\/blogsaverroes.juntadeandalucia.es\/ceippablovi\/wp-json\/wp\/v2\/media?parent=4937"}],"curies":[{"name":"wp","href":"https:\/\/api.w.org\/{rel}","templated":true}]}}