{"id":5073,"date":"2024-05-17T12:04:35","date_gmt":"2024-05-17T10:04:35","guid":{"rendered":"https:\/\/blogsaverroes.juntadeandalucia.es\/ceippablovi\/?page_id=5073"},"modified":"2026-03-01T12:37:34","modified_gmt":"2026-03-01T11:37:34","slug":"matriculacion","status":"publish","type":"page","link":"https:\/\/blogsaverroes.juntadeandalucia.es\/ceippablovi\/matriculacion\/","title":{"rendered":"MATRICULACI\u00d3N CURSO (INHABILITADA)"},"content":{"rendered":"<p>Estimadas familias,<\/p>\n<p><strong>El periodo de matriculaci\u00f3n y solicitud de servicios complementarios es del 1 al 9 de junio.<\/strong><\/p>\n<p>Os dejamos documentos aclaratorios y toda la informaci\u00f3n relativa a este tr\u00e1mite<\/p>\n<p><a href=\"https:\/\/drive.google.com\/drive\/folders\/1FenCdhyxNvXUFDFl3vPtwgV1r8rriI9_?usp=sharing\" target=\"_blank\" rel=\"noopener\">Matriculaci\u00f3n 25\/26<\/a><\/p>\n<p>Tras pasaros toda la informaci\u00f3n relativa a la matriculaci\u00f3n (tr\u00e1mite obligatorio) y solicitud de servicios complementarios (para aquellos que lo deseen) os trasladamos el enlace detallado de c\u00f3mo realizar la matr\u00edcula online teniendo como referencia el curso pasado <a href=\"https:\/\/drive.google.com\/file\/d\/1XzPJowHgS7i9RLih26t0lqVn3nEJii65\/view?usp=sharing\" target=\"_blank\" rel=\"noopener\">(ver v\u00eddeo)<\/a><\/p>\n<p>Recordamos que:<\/p>\n<p>&#8211; El plazo para realizarlo es del 1 al 9 de junio (recomendamos no dejarlo para el \u00faltimo d\u00eda para poder ser revisado por los profesionales).<\/p>\n<p>&#8211; El lunes os pasaremos el enlace habilitado por la junta de Andaluc\u00eda (actualmente no se puede acceder).<\/p>\n<p>&#8211; Las familias interesadas en aula de mediod\u00eda deben inscribirse y dejarlo en secretar\u00eda durante el mes de junio (10 solicitantes como m\u00ednimo).<\/p>\n<p>&#8211; La solicitud de bonificaciones de servicios complementarios ser\u00e1 del 1 al 8 de septiembre (lo podr\u00e9is hacer online cuando llegue la fecha).<\/p>\n<p>&#8211; Desde secretar\u00eda (presencialmente o telef\u00f3nicamente) pueden resolver sus dudas en el horario de 9.15 a 11.30 horas.<\/p>\n<p>&#8211; La matr\u00edcula se realiza poniendo el curso que al menor le corresponde en el pr\u00f3ximo curso acad\u00e9mico (ojo con el alumnado que NO promociona).<\/p>\n<p>&#8211; La posibilidad de cambio de Religi\u00f3n\/Alternativa solo es posible en los cursos impares (1\u00ba, 3\u00ba y 5\u00ba).<\/p>\n<p><strong>Os dejamos el enlace para el sobre de matr\u00edcula.<\/strong><\/p>\n<p><a title=\"Matricula online enlace\" href=\"https:\/\/www.juntadeandalucia.es\/educacion\/secretariavirtual\/accesoTramite\/365\/\" target=\"_blank\" rel=\"noopener\">Matricula online enlace<\/a><\/p>\n<p>&nbsp; Un saludo.<\/p>\n","protected":false},"excerpt":{"rendered":"<p>Estimadas familias, El periodo de matriculaci\u00f3n y solicitud de servicios complementarios es del 1 al 9 de junio. Os dejamos documentos aclaratorios y toda la&hellip;<\/p>\n","protected":false},"author":1487,"featured_media":0,"parent":0,"menu_order":0,"comment_status":"closed","ping_status":"closed","template":"","meta":{"ngg_post_thumbnail":0,"footnotes":"","_mc_calendar":[]},"aioseo_notices":[],"_links":{"self":[{"href":"https:\/\/blogsaverroes.juntadeandalucia.es\/ceippablovi\/wp-json\/wp\/v2\/pages\/5073"}],"collection":[{"href":"https:\/\/blogsaverroes.juntadeandalucia.es\/ceippablovi\/wp-json\/wp\/v2\/pages"}],"about":[{"href":"https:\/\/blogsaverroes.juntadeandalucia.es\/ceippablovi\/wp-json\/wp\/v2\/types\/page"}],"author":[{"embeddable":true,"href":"https:\/\/blogsaverroes.juntadeandalucia.es\/ceippablovi\/wp-json\/wp\/v2\/users\/1487"}],"replies":[{"embeddable":true,"href":"https:\/\/blogsaverroes.juntadeandalucia.es\/ceippablovi\/wp-json\/wp\/v2\/comments?post=5073"}],"version-history":[{"count":12,"href":"https:\/\/blogsaverroes.juntadeandalucia.es\/ceippablovi\/wp-json\/wp\/v2\/pages\/5073\/revisions"}],"predecessor-version":[{"id":5339,"href":"https:\/\/blogsaverroes.juntadeandalucia.es\/ceippablovi\/wp-json\/wp\/v2\/pages\/5073\/revisions\/5339"}],"wp:attachment":[{"href":"https:\/\/blogsaverroes.juntadeandalucia.es\/ceippablovi\/wp-json\/wp\/v2\/media?parent=5073"}],"curies":[{"name":"wp","href":"https:\/\/api.w.org\/{rel}","templated":true}]}}