{"id":845,"date":"2020-12-18T08:40:01","date_gmt":"2020-12-18T07:40:01","guid":{"rendered":"https:\/\/blogsaverroes.juntadeandalucia.es\/pre\/plantilla-pencil\/?page_id=845"},"modified":"2023-03-20T19:19:55","modified_gmt":"2023-03-20T18:19:55","slug":"aula-matinal","status":"publish","type":"page","link":"https:\/\/blogsaverroes.juntadeandalucia.es\/ceippadregonzalezros\/aula-matinal\/","title":{"rendered":"Aula matinal"},"content":{"rendered":"<p>[et_pb_section fb_built=&#8221;1&#8243; _builder_version=&#8221;3.22&#8243; global_colors_info=&#8221;{}&#8221;][et_pb_row _builder_version=&#8221;3.25&#8243; background_size=&#8221;initial&#8221; background_position=&#8221;top_left&#8221; background_repeat=&#8221;repeat&#8221; global_colors_info=&#8221;{}&#8221;][et_pb_column type=&#8221;4_4&#8243; _builder_version=&#8221;3.25&#8243; custom_padding=&#8221;|||&#8221; global_colors_info=&#8221;{}&#8221; custom_padding__hover=&#8221;|||&#8221;][et_pb_image src=&#8221;https:\/\/blogsaverroes.juntadeandalucia.es\/ceippadregonzalezros\/files\/2023\/03\/Plan-apertura.png&#8221; title_text=&#8221;Plan apertura&#8221; _builder_version=&#8221;4.14.5&#8243; _module_preset=&#8221;default&#8221; global_colors_info=&#8221;{}&#8221;][\/et_pb_image][et_pb_text _builder_version=&#8221;4.14.5&#8243; background_size=&#8221;initial&#8221; background_position=&#8221;top_left&#8221; background_repeat=&#8221;repeat&#8221; hover_enabled=&#8221;0&#8243; global_colors_info=&#8221;{}&#8221; sticky_enabled=&#8221;0&#8243;]<\/p>\n<h2>Aula matinal<\/h2>\n<p style=\"text-align: justify\">Es una actividad promovida por la Junta de Andaluc\u00eda para dar respuesta a la creciente demanda originada por las exigencias laborales de los padres y madres andaluzas, quienes se ven en la necesidad de delegar el cuidado de sus hijos e hijas durante el <strong>horario de 7:30h a 9:00h<\/strong>, momento en el que da comienzo la actividad escolar. Durante este per\u00edodo de tiempo, los ni\u00f1os y ni\u00f1as realizan diversas actividades de car\u00e1cter l\u00fadico y educativo adecuadas a su edad y desarrollo madurativo. Entre otras muchas, se realizan actividades pl\u00e1sticas, dibujo, lectura, psicomotricidad, juegos populares, etc.<\/p>\n<p style=\"text-align: justify\">La atenci\u00f3n al alumnado de aula matinal se realiza por personal cualificado, entre cuyas funciones est\u00e1n las medidas de vigilancia y atenci\u00f3n educativa que precisen los menores en funci\u00f3n de su edad y necesidades.<\/p>\n<p style=\"text-align: justify\">Este servicio cuenta actualmente con 60 plazas que se adjudican seg\u00fan el siguiente<strong> orden de prioridad<\/strong>:<\/p>\n<ol style=\"text-align: justify\">\n<li>Alumnado usuario de transporte escolar<\/li>\n<li>Cuando el alumno o la alumna se encuentre en situaci\u00f3n de dificultad social extrema o riesgo de exclusi\u00f3n o bajo la tutela o guarda de la Administraci\u00f3n de la Junta de Andaluc\u00eda, o cuando sea hijo o hija de mujeres atendidas en centros de acogida para mujeres v\u00edctimas de la violencia de g\u00e9nero<\/li>\n<li>Alumnado cuyos representantes legales, o en el caso de familia monoparental el representante legal, realicen una actividad laboral remunerada y no puedan atender a sus hijos o hijas en el horario del aula matinal.<\/li>\n<li>Alumnado en el que uno de sus representantes legales realice una actividad laboral remunerada y no pueda atender a sus hijos o hijas en el horario del aula matinal.<\/li>\n<li>Resto de alumnado que lo solicite<\/li>\n<\/ol>\n<p>Los grupos del apartado 1, 2 y 3 tendr\u00e1n el servicio garantizado independientemente de que existan o no plazas disponibles.<\/p>\n<p style=\"text-align: justify\">En cada uno de los grupos anteriores tendr\u00e1 preferencia el alumnado solicitante que haya sido usuario del servicio de aula matinal en el curso anterior. La concurrencia de varios alumnos o alumnas con la misma puntuaci\u00f3n para obtener una plaza se dirimir\u00e1 a favor del alumnado de menor edad, y si fuese necesario, se realizar\u00e1 un sorteo p\u00fablico ante el Consejo Escolar del centro. En cualquier caso, cuando sea admitida una persona solicitante, ser\u00e1n admitidos tambi\u00e9n los hermanos o hermanas que hayan solicitado el servicio de aula matinal.<\/p>\n<p><strong>SOLICITUD DEL SERVICIO, PLAZOS Y PREGUNTAS FRECUENTES<\/strong><\/p>\n<p><strong><em>\u00bfCu\u00e1ndo&nbsp; y c\u00f3mo se solicita?<\/em><\/strong><\/p>\n<ul>\n<li>El aula matinal se solicita <strong>durante los primeros d\u00edas de junio<\/strong> junto con la matr\u00edcula para el curso siguiente&nbsp; preferentemente a trav\u00e9s de la&nbsp;<a href=\"https:\/\/www.juntadeandalucia.es\/educacion\/secretariavirtual\/\" target=\"_blank\" rel=\"noopener noreferrer\">secretar\u00eda virtual de los centros docentes andaluces<\/a>&nbsp; o presentando el&nbsp;<a href=\"https:\/\/www.juntadeandalucia.es\/educacion\/portals\/delegate\/content\/6c4342f7-1581-4c26-bc7e-2e49b4b64cee\/Anexo%20II.-%20Servicio%20de%20Aula%20Matinal,%20Comedor%20Escolar%20y%20actividades%20Extraescolares\" target=\"_blank\" rel=\"noopener noreferrer\">impreso<\/a>&nbsp;y la documentaci\u00f3n correspondiente en la secretar\u00eda del centro.<\/li>\n<li>En cualquier momento del curso presentando el&nbsp;<a href=\"https:\/\/www.juntadeandalucia.es\/educacion\/portals\/delegate\/content\/6c4342f7-1581-4c26-bc7e-2e49b4b64cee\/Anexo%20II.-%20Servicio%20de%20Aula%20Matinal,%20Comedor%20Escolar%20y%20actividades%20Extraescolares\" target=\"_blank\" rel=\"noopener noreferrer\">impreso<\/a>&nbsp;y la documentaci\u00f3n correspondiente en la secretar\u00eda del centro.<\/li>\n<\/ul>\n<p><strong><em>\u00bfQu\u00e9 documentaci\u00f3n debo aportar?<\/em><\/strong><\/p>\n<p>La documentaci\u00f3n a aportar viene detallada en la \u00faltima p\u00e1gina del <a href=\"https:\/\/www.juntadeandalucia.es\/educacion\/portals\/delegate\/content\/6c4342f7-1581-4c26-bc7e-2e49b4b64cee\/Anexo%20II.-%20Servicio%20de%20Aula%20Matinal,%20Comedor%20Escolar%20y%20actividades%20Extraescolares\" target=\"_blank\" rel=\"noopener noreferrer\">impreso de solicitud<\/a>.<\/p>\n<p>En la solicitud es imprescindible cumplimentar el IBAN del n\u00famero de cuenta, independientemente de que pueda optar a la gratuidad del servicio.<\/p>\n<p><strong><em>Coste del servicio y bonificaciones (plazos)<\/em><\/strong><\/p>\n<p>&nbsp; Actualmente el coste es:<\/p>\n<ul>\n<li>Mes completo: 16,10\u20ac<\/li>\n<li>Precio por d\u00eda: 1,23\u20ac<\/li>\n<\/ul>\n<p>Este servicio podr\u00e1 estar bonificado total o parcialmente en funci\u00f3n de los ingresos de la unidad familiar \u00b9<\/p>\n<p>Si de sea optar a la bonificaci\u00f3n del servicio, una vez que su hijo\/a haya sido admitido, deber\u00e1 presentar la <a href=\"https:\/\/portals.ced.junta-andalucia.es\/educacion\/portals\/delegate\/content\/fcc8b9c5-53ad-46ca-9098-80d7b3c81097\/Anexo%20V.-%20Gratuidad\/bonificaci%C3%B3n%20del%20precio%20p%C3%BAblico%20por%20los%20servicios%20complementarios%20de%20Aula%20Matinal,%20Comedor%20Escolar%20y%20Actividades%20Extraescolares\" target=\"_blank\" rel=\"noopener noreferrer\">solicitud de gratuidad\/bonificaci\u00f3n<\/a> en los siguientes periodos:<\/p>\n<ul>\n<li>Si ha solicitado el servicio en junio junto con la matr\u00edcula, deber\u00e1 solicitar la bonificaci\u00f3n en los<strong> primeros d\u00eda de septiembre<\/strong> (generalmente del 1 al 7 de septiembre) a trav\u00e9s de la <a href=\"https:\/\/www.juntadeandalucia.es\/educacion\/secretariavirtual\/\" target=\"_blank\" rel=\"noopener noreferrer\">secretar\u00eda virtual de los centros docentes andaluces<\/a> o presencialmente en la secretar\u00eda del centro.<\/li>\n<li>Si realiza la solicitud a la largo del curso, una vez que haya sido admitido\/a, dispone de <strong>3 d\u00edas<\/strong> h\u00e1biles para presentar la solicitud en la secretar\u00eda del centro.<\/li>\n<\/ul>\n<p>* En cualquiera de los dos casos no olvide cumplimentar la autorizaci\u00f3n a la Consejer\u00eda competente en materia de educaci\u00f3n para obtenci\u00f3n de datos de la Agencia Estatal de Administraci\u00f3n Tributaria, conforme a lo previsto en el art\u00edculo 25.1 de la Orden de 17 de abril de 2017, caso contrario no se tendr\u00e1 derecho a la bonificaci\u00f3n.<\/p>\n<p style=\"text-align: justify\">\u00b9<em> El servicio es gratuito para el alumnado usuario de transporte escolar siempre que presente la correspondiente solicitud de bonificaci\u00f3n.<\/em><\/p>\n<p style=\"text-align: justify\"><em><strong>Solo necesito el servicio algunos d\u00edas al mes \u00bfc\u00f3mo lo solicito?<\/strong><\/em><\/p>\n<p style=\"text-align: justify\">El uso de este servicio podr\u00e1 solicitarse por parte de las familias para d\u00edas concretos de la semana o con car\u00e1cter continuado (todos los d\u00edas lectivos del mes), marcando la opci\u00f3n que se desee al presentar la solicitud del mismo.<\/p>\n<p style=\"text-align: justify\"><em><strong>Quiero modificar los d\u00edas que solicit\u00e9<\/strong><\/em><\/p>\n<p style=\"text-align: justify\">La solicitud de modificaci\u00f3n de la opci\u00f3n inicialmente elegida en el servicio de aula matinal se comunicar\u00e1 a la persona que ejerce la direcci\u00f3n del centro docente antes del \u00faltimo d\u00eda lectivo de la semana anterior a aquella en la que se pretenda hacer efectiva la modificaci\u00f3n.<\/p>\n<p><em><strong>Causas y solicitud de baja del servicio<\/strong><\/em><\/p>\n<p>La solicitud de baja se comunicar\u00e1 a la persona que ejerce la direcci\u00f3n del centro docente antes del \u00faltimo d\u00eda lectivo de la semana anterior a aquella en la que se pretenda hacer efectiva la baja cumplimentando en la secretar\u00eda del centro el modelo de baja<\/p>\n<p>&nbsp;<\/p>\n<p>&nbsp;<\/p>\n<p>&nbsp;<\/p>\n<p>[\/et_pb_text][\/et_pb_column][\/et_pb_row][\/et_pb_section]<\/p>\n","protected":false},"excerpt":{"rendered":"<p>Aula matinal Es una actividad promovida por la Junta de Andaluc\u00eda para dar respuesta a la creciente demanda originada por las exigencias laborales de los padres y madres andaluzas, quienes se ven en la necesidad de delegar el cuidado de sus hijos e hijas durante el horario de 7:30h a 9:00h, momento en el que [&hellip;]<\/p>\n","protected":false},"author":7051,"featured_media":0,"parent":0,"menu_order":0,"comment_status":"closed","ping_status":"closed","template":"","meta":{"_et_pb_use_builder":"on","_et_pb_old_content":"<p style=\"text-align: justify;\">Es una actividad promovida por la Junta de Andaluc\u00eda para dar respuesta a la creciente demanda originada por las exigencias laborales de los padres y madres andaluzas, quienes se ven en la necesidad de delegar el cuidado de sus hijos e hijas durante el <strong>horario de 7:30h a 9:00h<\/strong>, momento en el que da comienzo la actividad escolar. Durante este per\u00edodo de tiempo, los ni\u00f1os y ni\u00f1as realizan diversas actividades de car\u00e1cter l\u00fadico y educativo adecuadas a su edad y desarrollo madurativo. Entre otras muchas, se realizan actividades pl\u00e1sticas, dibujo, lectura, psicomotricidad, juegos populares, etc.<\/p><p style=\"text-align: justify;\">La atenci\u00f3n al alumnado de aula matinal se realiza por personal cualificado, entre cuyas funciones est\u00e1n las medidas de vigilancia y atenci\u00f3n educativa que precisen los menores en funci\u00f3n de su edad y necesidades.<\/p><p style=\"text-align: justify;\">Este servicio cuenta actualmente con 60 plazas que se adjudican seg\u00fan el siguiente<strong> orden de prioridad<\/strong>:<\/p><ol style=\"text-align: justify;\"><li>Alumnado usuario de transporte escolar<\/li><li>Cuando el alumno o la alumna se encuentre en situaci\u00f3n de dificultad social extrema o riesgo de exclusi\u00f3n o bajo la tutela o guarda de la Administraci\u00f3n de la Junta de Andaluc\u00eda, o cuando sea hijo o hija de mujeres atendidas en centros de acogida para mujeres v\u00edctimas de la violencia de g\u00e9nero<\/li><li>Alumnado cuyos representantes legales, o en el caso de familia monoparental el representante legal, realicen una actividad laboral remunerada y no puedan atender a sus hijos o hijas en el horario del aula matinal.<\/li><li>Alumnado en el que uno de sus representantes legales realice una actividad laboral remunerada y no pueda atender a sus hijos o hijas en el horario del aula matinal.<\/li><li>Resto de alumnado que lo solicite<\/li><\/ol><p>Los grupos del apartado 1, 2 y 3 tendr\u00e1n el servicio garantizado independientemente de que existan o no plazas disponibles.<\/p><p style=\"text-align: justify;\">En cada uno de los grupos anteriores tendr\u00e1 preferencia el alumnado solicitante que haya sido usuario del servicio de aula matinal en el curso anterior. La concurrencia de varios alumnos o alumnas con la misma puntuaci\u00f3n para obtener una plaza se dirimir\u00e1 a favor del alumnado de menor edad, y si fuese necesario, se realizar\u00e1 un sorteo p\u00fablico ante el Consejo Escolar del centro. En cualquier caso, cuando sea admitida una persona solicitante, ser\u00e1n admitidos tambi\u00e9n los hermanos o hermanas que hayan solicitado el servicio de aula matinal.<\/p><p><strong>SOLICITUD DEL SERVICIO, PLAZOS Y PREGUNTAS FRECUENTES<\/strong><\/p><p><strong><em>\u00bfCu\u00e1ndo\u00a0 y c\u00f3mo se solicita?<\/em><\/strong><\/p><ul><li>El aula matinal se solicita <strong>durante los primeros d\u00edas de junio<\/strong> junto con la matr\u00edcula para el curso siguiente\u00a0 preferentemente a trav\u00e9s de la\u00a0<a href=\"https:\/\/www.juntadeandalucia.es\/educacion\/secretariavirtual\/\" target=\"_blank\" rel=\"noopener noreferrer\">secretar\u00eda virtual de los centros docentes andaluces<\/a>\u00a0 o presentando el\u00a0<a href=\"https:\/\/www.juntadeandalucia.es\/educacion\/portals\/delegate\/content\/6c4342f7-1581-4c26-bc7e-2e49b4b64cee\/Anexo%20II.-%20Servicio%20de%20Aula%20Matinal,%20Comedor%20Escolar%20y%20actividades%20Extraescolares\" target=\"_blank\" rel=\"noopener noreferrer\">impreso<\/a>\u00a0y la documentaci\u00f3n correspondiente en la secretar\u00eda del centro.<\/li><li>En cualquier momento del curso presentando el\u00a0<a href=\"https:\/\/www.juntadeandalucia.es\/educacion\/portals\/delegate\/content\/6c4342f7-1581-4c26-bc7e-2e49b4b64cee\/Anexo%20II.-%20Servicio%20de%20Aula%20Matinal,%20Comedor%20Escolar%20y%20actividades%20Extraescolares\" target=\"_blank\" rel=\"noopener noreferrer\">impreso<\/a>\u00a0y la documentaci\u00f3n correspondiente en la secretar\u00eda del centro.<\/li><\/ul><p><strong><em>\u00bfQu\u00e9 documentaci\u00f3n debo aportar?<\/em><\/strong><\/p><p>La documentaci\u00f3n a aportar viene detallada en la \u00faltima p\u00e1gina del <a href=\"https:\/\/www.juntadeandalucia.es\/educacion\/portals\/delegate\/content\/6c4342f7-1581-4c26-bc7e-2e49b4b64cee\/Anexo%20II.-%20Servicio%20de%20Aula%20Matinal,%20Comedor%20Escolar%20y%20actividades%20Extraescolares\" target=\"_blank\" rel=\"noopener noreferrer\">impreso de solicitud<\/a>.<\/p><p>En la solicitud es imprescindible cumplimentar el IBAN del n\u00famero de cuenta, independientemente de que pueda optar a la gratuidad del servicio.<\/p><p><strong><em>Coste del servicio y bonificaciones (plazos)<\/em><\/strong><\/p><p>\u00a0 Actualmente el coste es:<\/p><ul><li>Mes completo: 16,10\u20ac<\/li><li>Precio por d\u00eda: 1,23\u20ac<\/li><\/ul><p>Este servicio podr\u00e1 estar bonificado total o parcialmente en funci\u00f3n de los ingresos de la unidad familiar \u00b9<\/p><p>Si de sea optar a la bonificaci\u00f3n del servicio, una vez que su hijo\/a haya sido admitido, deber\u00e1 presentar la <a href=\"https:\/\/portals.ced.junta-andalucia.es\/educacion\/portals\/delegate\/content\/fcc8b9c5-53ad-46ca-9098-80d7b3c81097\/Anexo%20V.-%20Gratuidad\/bonificaci%C3%B3n%20del%20precio%20p%C3%BAblico%20por%20los%20servicios%20complementarios%20de%20Aula%20Matinal,%20Comedor%20Escolar%20y%20Actividades%20Extraescolares\" target=\"_blank\" rel=\"noopener noreferrer\">solicitud de gratuidad\/bonificaci\u00f3n<\/a> en los siguientes periodos:<\/p><ul><li>Si ha solicitado el servicio en junio junto con la matr\u00edcula, deber\u00e1 solicitar la bonificaci\u00f3n en los<strong> primeros d\u00eda de septiembre<\/strong> (generalmente del 1 al 7 de septiembre) a trav\u00e9s de la <a href=\"https:\/\/www.juntadeandalucia.es\/educacion\/secretariavirtual\/\" target=\"_blank\" rel=\"noopener noreferrer\">secretar\u00eda virtual de los centros docentes andaluces<\/a> o presencialmente en la secretar\u00eda del centro.<\/li><li>Si realiza la solicitud a la largo del curso, una vez que haya sido admitido\/a, dispone de <strong>3 d\u00edas<\/strong> h\u00e1biles para presentar la solicitud en la secretar\u00eda del centro.<\/li><\/ul><p>* En cualquiera de los dos casos no olvide cumplimentar la autorizaci\u00f3n a la Consejer\u00eda competente en materia de educaci\u00f3n para obtenci\u00f3n de datos de la Agencia Estatal de Administraci\u00f3n Tributaria, conforme a lo previsto en el art\u00edculo 25.1 de la Orden de 17 de abril de 2017, caso contrario no se tendr\u00e1 derecho a la bonificaci\u00f3n.<\/p><p style=\"text-align: justify;\">\u00b9<em> El servicio es gratuito para el alumnado usuario de transporte escolar siempre que presente la correspondiente solicitud de bonificaci\u00f3n.<\/em><\/p><p style=\"text-align: justify;\"><em><strong>Solo necesito el servicio algunos d\u00edas al mes \u00bfc\u00f3mo lo solicito?<\/strong><\/em><\/p><p style=\"text-align: justify;\">El uso de este servicio podr\u00e1 solicitarse por parte de las familias para d\u00edas concretos de la semana o con car\u00e1cter continuado (todos los d\u00edas lectivos del mes), marcando la opci\u00f3n que se desee al presentar la solicitud del mismo.<\/p><p style=\"text-align: justify;\"><em><strong>Quiero modificar los d\u00edas que solicit\u00e9<\/strong><\/em><\/p><p style=\"text-align: justify;\">La solicitud de modificaci\u00f3n de la opci\u00f3n inicialmente elegida en el servicio de aula matinal se comunicar\u00e1 a la persona que ejerce la direcci\u00f3n del centro docente antes del \u00faltimo d\u00eda lectivo de la semana anterior a aquella en la que se pretenda hacer efectiva la modificaci\u00f3n.<\/p><p><em><strong>Causas y solicitud de baja del servicio<\/strong><\/em><\/p><p>La solicitud de baja se comunicar\u00e1 a la persona que ejerce la direcci\u00f3n del centro docente antes del \u00faltimo d\u00eda lectivo de la semana anterior a aquella en la que se pretenda hacer efectiva la baja cumplimentando en la secretar\u00eda del centro el modelo de baja<\/p><p>\u00a0<\/p><p>\u00a0<\/p><p>\u00a0<\/p>","_et_gb_content_width":"","ngg_post_thumbnail":0,"footnotes":""},"aioseo_notices":[],"_links":{"self":[{"href":"https:\/\/blogsaverroes.juntadeandalucia.es\/ceippadregonzalezros\/wp-json\/wp\/v2\/pages\/845"}],"collection":[{"href":"https:\/\/blogsaverroes.juntadeandalucia.es\/ceippadregonzalezros\/wp-json\/wp\/v2\/pages"}],"about":[{"href":"https:\/\/blogsaverroes.juntadeandalucia.es\/ceippadregonzalezros\/wp-json\/wp\/v2\/types\/page"}],"author":[{"embeddable":true,"href":"https:\/\/blogsaverroes.juntadeandalucia.es\/ceippadregonzalezros\/wp-json\/wp\/v2\/users\/7051"}],"replies":[{"embeddable":true,"href":"https:\/\/blogsaverroes.juntadeandalucia.es\/ceippadregonzalezros\/wp-json\/wp\/v2\/comments?post=845"}],"version-history":[{"count":22,"href":"https:\/\/blogsaverroes.juntadeandalucia.es\/ceippadregonzalezros\/wp-json\/wp\/v2\/pages\/845\/revisions"}],"predecessor-version":[{"id":1645,"href":"https:\/\/blogsaverroes.juntadeandalucia.es\/ceippadregonzalezros\/wp-json\/wp\/v2\/pages\/845\/revisions\/1645"}],"wp:attachment":[{"href":"https:\/\/blogsaverroes.juntadeandalucia.es\/ceippadregonzalezros\/wp-json\/wp\/v2\/media?parent=845"}],"curies":[{"name":"wp","href":"https:\/\/api.w.org\/{rel}","templated":true}]}}