{"id":850,"date":"2020-12-18T08:41:27","date_gmt":"2020-12-18T07:41:27","guid":{"rendered":"https:\/\/blogsaverroes.juntadeandalucia.es\/pre\/plantilla-pencil\/?page_id=850"},"modified":"2022-11-27T14:11:42","modified_gmt":"2022-11-27T13:11:42","slug":"plan-de-centro","status":"publish","type":"page","link":"https:\/\/blogsaverroes.juntadeandalucia.es\/ceippadregonzalezros\/plan-de-centro\/","title":{"rendered":"Plan de Centro 2022-2023"},"content":{"rendered":"<p>[et_pb_section fb_built=&#8221;1&#8243; _builder_version=&#8221;3.22&#8243; global_colors_info=&#8221;{}&#8221;][et_pb_row _builder_version=&#8221;3.25&#8243; background_size=&#8221;initial&#8221; background_position=&#8221;top_left&#8221; background_repeat=&#8221;repeat&#8221; global_colors_info=&#8221;{}&#8221;][et_pb_column type=&#8221;4_4&#8243; _builder_version=&#8221;3.25&#8243; custom_padding=&#8221;|||&#8221; global_colors_info=&#8221;{}&#8221; custom_padding__hover=&#8221;|||&#8221;][et_pb_image src=&#8221;https:\/\/blogsaverroes.juntadeandalucia.es\/ceippadregonzalezros\/files\/2020\/02\/elcentro.png&#8221; title_text=&#8221;elcentro&#8221; admin_label=&#8221;Imagen de la portada&#8221; _builder_version=&#8221;4.5.0&#8243; z_index_tablet=&#8221;500&#8243; box_shadow_horizontal_tablet=&#8221;0px&#8221; box_shadow_vertical_tablet=&#8221;0px&#8221; box_shadow_blur_tablet=&#8221;40px&#8221; box_shadow_spread_tablet=&#8221;0px&#8221; global_colors_info=&#8221;{}&#8221;][\/et_pb_image][et_pb_text admin_label=&#8221;Texto descriptivo&#8221; _builder_version=&#8221;4.14.5&#8243; hover_enabled=&#8221;0&#8243; z_index_tablet=&#8221;500&#8243; text_text_shadow_horizontal_length_tablet=&#8221;0px&#8221; text_text_shadow_vertical_length_tablet=&#8221;0px&#8221; text_text_shadow_blur_strength_tablet=&#8221;1px&#8221; link_text_shadow_horizontal_length_tablet=&#8221;0px&#8221; link_text_shadow_vertical_length_tablet=&#8221;0px&#8221; link_text_shadow_blur_strength_tablet=&#8221;1px&#8221; ul_text_shadow_horizontal_length_tablet=&#8221;0px&#8221; ul_text_shadow_vertical_length_tablet=&#8221;0px&#8221; ul_text_shadow_blur_strength_tablet=&#8221;1px&#8221; ol_text_shadow_horizontal_length_tablet=&#8221;0px&#8221; ol_text_shadow_vertical_length_tablet=&#8221;0px&#8221; ol_text_shadow_blur_strength_tablet=&#8221;1px&#8221; quote_text_shadow_horizontal_length_tablet=&#8221;0px&#8221; quote_text_shadow_vertical_length_tablet=&#8221;0px&#8221; quote_text_shadow_blur_strength_tablet=&#8221;1px&#8221; header_text_shadow_horizontal_length_tablet=&#8221;0px&#8221; header_text_shadow_vertical_length_tablet=&#8221;0px&#8221; header_text_shadow_blur_strength_tablet=&#8221;1px&#8221; header_2_text_shadow_horizontal_length_tablet=&#8221;0px&#8221; header_2_text_shadow_vertical_length_tablet=&#8221;0px&#8221; header_2_text_shadow_blur_strength_tablet=&#8221;1px&#8221; header_3_text_shadow_horizontal_length_tablet=&#8221;0px&#8221; header_3_text_shadow_vertical_length_tablet=&#8221;0px&#8221; header_3_text_shadow_blur_strength_tablet=&#8221;1px&#8221; header_4_text_shadow_horizontal_length_tablet=&#8221;0px&#8221; header_4_text_shadow_vertical_length_tablet=&#8221;0px&#8221; header_4_text_shadow_blur_strength_tablet=&#8221;1px&#8221; header_5_text_shadow_horizontal_length_tablet=&#8221;0px&#8221; header_5_text_shadow_vertical_length_tablet=&#8221;0px&#8221; header_5_text_shadow_blur_strength_tablet=&#8221;1px&#8221; header_6_text_shadow_horizontal_length_tablet=&#8221;0px&#8221; header_6_text_shadow_vertical_length_tablet=&#8221;0px&#8221; header_6_text_shadow_blur_strength_tablet=&#8221;1px&#8221; box_shadow_horizontal_tablet=&#8221;0px&#8221; box_shadow_vertical_tablet=&#8221;0px&#8221; box_shadow_blur_tablet=&#8221;40px&#8221; box_shadow_spread_tablet=&#8221;0px&#8221; global_colors_info=&#8221;{}&#8221; sticky_enabled=&#8221;0&#8243;]<\/p>\n<h2>Plan de Centro<\/h2>\n<p style=\"text-align: justify\">El Plan de Centro constituye el eje fundamental de trabajo de nuestro centro, en el que se recogen las l\u00edneas de identidad del mismo, por lo que tiene un car\u00e1cter plurianual y se actualiza anualmente, en funci\u00f3n de los resultados de la autoevaluaci\u00f3n del centro.<\/p>\n<p style=\"text-align: justify\">El Plan de Centro se elabora de conformidad con lo establecido en el Decreto 328\/2010, de 13 de julio, por el que se aprueba el Reglamento Org\u00e1nico de los colegios de Educaci\u00f3n Infantil y Primaria.<\/p>\n<p>El Plan de Centro est\u00e1 formado por los siguientes documentos:<\/p>\n<ul>\n<li>Proyecto Educativo<\/li>\n<li>Reglamento de Organizaci\u00f3n y Funcionamiento<\/li>\n<li>Aspectos relacionados con la crisis sanitaria COVID 19<\/li>\n<li>Protocolo COVID 19<\/li>\n<li>Proyecto de Gesti\u00f3n<\/li>\n<\/ul>\n<p>&nbsp;<\/p>\n<p style=\"text-align: justify\">Nuestro Plan de Centro ha sido elaborado por el equipo directivo y aprobado por el Consejo Escolar. En su elaboraci\u00f3n el equipo directivo ha requerido la colaboraci\u00f3n e implicaci\u00f3n del equipo t\u00e9cnico de coordinaci\u00f3n docente. Tambi\u00e9n el Claustro de Profesorado ha fijado criterios referentes a diferentes aspectos para su desarrollo. El Plan de Centro se podr\u00e1 modificar a partir de los procesos de autoevaluaci\u00f3n o bien a propuestas del director de acuerdo con su Proyecto Educativo. Este Plan de Centro ser\u00e1 p\u00fablico y se facilitar\u00e1 su conocimiento a la comunidad educativa.<\/p>\n<p>[\/et_pb_text][et_pb_code _builder_version=&#8221;4.14.5&#8243; _module_preset=&#8221;default&#8221; global_colors_info=&#8221;{}&#8221;]<iframe loading=\"lazy\" src=\"https:\/\/blogsaverroes.juntadeandalucia.es\/ceippadregonzalezros\/files\/2022\/11\/Plan-de-Centro-CEIP-PGR.pdf\" width=\"100%\" height=\"700px\"><\/iframe>[\/et_pb_code][\/et_pb_column][\/et_pb_row][\/et_pb_section]<\/p>\n","protected":false},"excerpt":{"rendered":"<p>Plan de Centro El Plan de Centro constituye el eje fundamental de trabajo de nuestro centro, en el que se recogen las l\u00edneas de identidad del mismo, por lo que tiene un car\u00e1cter plurianual y se actualiza anualmente, en funci\u00f3n de los resultados de la autoevaluaci\u00f3n del centro. El Plan de Centro se elabora de [&hellip;]<\/p>\n","protected":false},"author":7051,"featured_media":0,"parent":0,"menu_order":0,"comment_status":"closed","ping_status":"closed","template":"","meta":{"_et_pb_use_builder":"on","_et_pb_old_content":"","_et_gb_content_width":"","ngg_post_thumbnail":0,"footnotes":""},"aioseo_notices":[],"_links":{"self":[{"href":"https:\/\/blogsaverroes.juntadeandalucia.es\/ceippadregonzalezros\/wp-json\/wp\/v2\/pages\/850"}],"collection":[{"href":"https:\/\/blogsaverroes.juntadeandalucia.es\/ceippadregonzalezros\/wp-json\/wp\/v2\/pages"}],"about":[{"href":"https:\/\/blogsaverroes.juntadeandalucia.es\/ceippadregonzalezros\/wp-json\/wp\/v2\/types\/page"}],"author":[{"embeddable":true,"href":"https:\/\/blogsaverroes.juntadeandalucia.es\/ceippadregonzalezros\/wp-json\/wp\/v2\/users\/7051"}],"replies":[{"embeddable":true,"href":"https:\/\/blogsaverroes.juntadeandalucia.es\/ceippadregonzalezros\/wp-json\/wp\/v2\/comments?post=850"}],"version-history":[{"count":8,"href":"https:\/\/blogsaverroes.juntadeandalucia.es\/ceippadregonzalezros\/wp-json\/wp\/v2\/pages\/850\/revisions"}],"predecessor-version":[{"id":1049,"href":"https:\/\/blogsaverroes.juntadeandalucia.es\/ceippadregonzalezros\/wp-json\/wp\/v2\/pages\/850\/revisions\/1049"}],"wp:attachment":[{"href":"https:\/\/blogsaverroes.juntadeandalucia.es\/ceippadregonzalezros\/wp-json\/wp\/v2\/media?parent=850"}],"curies":[{"name":"wp","href":"https:\/\/api.w.org\/{rel}","templated":true}]}}