{"id":2316,"date":"2019-11-29T11:36:47","date_gmt":"2019-11-29T11:36:47","guid":{"rendered":"https:\/\/blogsaverroes.juntadeandalucia.es\/ceippadremiguelsanchez\/?page_id=2316"},"modified":"2022-09-13T09:02:01","modified_gmt":"2022-09-13T09:02:01","slug":"profesorado-2","status":"publish","type":"page","link":"https:\/\/blogsaverroes.juntadeandalucia.es\/ceippadremiguelsanchez\/profesorado-2\/","title":{"rendered":"Profesorado"},"content":{"rendered":"<h3><span style=\"color: #00ccff\"><strong>INFANTIL<\/strong><\/span><\/h3>\n<p><strong>Infantil 3 a\u00f1os A:<\/strong> Laura Jim\u00e9nez Santiago (Sustituta de Nuria Ruiz Ramos)<\/p>\n<p><strong>Infantil 3 a\u00f1os B:<\/strong> M\u00aa Mar Cuevas Mart\u00edn<\/p>\n<p><strong>Infantil 4 a\u00f1os:<\/strong> Ester Mora G\u00e1lvez<\/p>\n<p><strong>Infantil 5 a\u00f1os:<\/strong> Pilar Vanesa Montiel Olea<\/p>\n<h3><span style=\"color: #ff00ff\"><strong>MONITORAS<\/strong><\/span><\/h3>\n<p><strong>Infantil:<\/strong> Francisca Paz Viruet<\/p>\n<p><strong>Especial:<\/strong> Victoria Casado Ruiz<\/p>\n<p>&nbsp;<\/p>\n<h3><span style=\"color: #99cc00\"><strong>PRIMARIA<\/strong><\/span><\/h3>\n<p><strong>1\u00ba primaria:<\/strong> Margarita Amador Guerrero<\/p>\n<p><strong>2\u00ba primaria:&nbsp;<\/strong>&nbsp;Laura Cano Escudier<\/p>\n<p><strong>3\u00ba primaria:<\/strong> Elena Cuevas Trujillano<\/p>\n<p><strong>4\u00ba primaria:<\/strong> Clara L\u00f3pez Atencia<\/p>\n<p><strong>5\u00ba primaria:<\/strong> Rosa Lorena P\u00e9rez Fern\u00e1ndez<\/p>\n<p><strong>6\u00ba primaria:&nbsp;<\/strong>Eva Caro Reina<\/p>\n<p>&nbsp;<\/p>\n<h3><span style=\"color: #ff0000\"><strong>ESPECIALIDADES<\/strong><\/span><\/h3>\n<p><strong>Pedagog\u00eda Terap\u00e9utica:<\/strong> Rafael Guti\u00e9rrez Zorrilla<\/p>\n<p><strong>Audici\u00f3n y Lenguaje:<\/strong> Mar\u00eda Isabel Castillo P\u00e1ez-Camino<\/p>\n<p><strong>Educaci\u00f3n F\u00edsica:<\/strong> Abel Ben\u00edtez Jim\u00e9nez<\/p>\n<p><strong>Lengua extranjera (ingl\u00e9s):<\/strong> Paqui Inmaculada Moreno Fdez. (Sustituta de M\u00aa Gracia Carnero Olmedo)<\/p>\n<p><strong>Lengua extranjera (franc\u00e9s):<\/strong> Clara L\u00f3pez Atencia<\/p>\n<p><strong>Refuerzo: <\/strong>Rosa Lorena P\u00e9rez Fern\u00e1ndez y Eva Caro Reina<\/p>\n<p><strong>Religi\u00f3n:<\/strong> Antonia Mar\u00eda Ruiz Ligero<\/p>\n<p><strong>M\u00fasica:<\/strong> Ismael Delgado Heredia<\/p>\n","protected":false},"excerpt":{"rendered":"<p>INFANTIL Infantil 3 a\u00f1os A: Laura Jim\u00e9nez Santiago (Sustituta de Nuria Ruiz Ramos) Infantil 3 a\u00f1os B: M\u00aa Mar Cuevas Mart\u00edn Infantil 4 a\u00f1os: Ester Mora G\u00e1lvez Infantil 5 a\u00f1os: Pilar Vanesa Montiel Olea&#46;&#46;&#46;<\/p>\n","protected":false},"author":7951,"featured_media":0,"parent":0,"menu_order":0,"comment_status":"closed","ping_status":"closed","template":"","meta":{"ngg_post_thumbnail":0,"footnotes":"","_mc_calendar":[]},"aioseo_notices":[],"_links":{"self":[{"href":"https:\/\/blogsaverroes.juntadeandalucia.es\/ceippadremiguelsanchez\/wp-json\/wp\/v2\/pages\/2316"}],"collection":[{"href":"https:\/\/blogsaverroes.juntadeandalucia.es\/ceippadremiguelsanchez\/wp-json\/wp\/v2\/pages"}],"about":[{"href":"https:\/\/blogsaverroes.juntadeandalucia.es\/ceippadremiguelsanchez\/wp-json\/wp\/v2\/types\/page"}],"author":[{"embeddable":true,"href":"https:\/\/blogsaverroes.juntadeandalucia.es\/ceippadremiguelsanchez\/wp-json\/wp\/v2\/users\/7951"}],"replies":[{"embeddable":true,"href":"https:\/\/blogsaverroes.juntadeandalucia.es\/ceippadremiguelsanchez\/wp-json\/wp\/v2\/comments?post=2316"}],"version-history":[{"count":10,"href":"https:\/\/blogsaverroes.juntadeandalucia.es\/ceippadremiguelsanchez\/wp-json\/wp\/v2\/pages\/2316\/revisions"}],"predecessor-version":[{"id":3638,"href":"https:\/\/blogsaverroes.juntadeandalucia.es\/ceippadremiguelsanchez\/wp-json\/wp\/v2\/pages\/2316\/revisions\/3638"}],"wp:attachment":[{"href":"https:\/\/blogsaverroes.juntadeandalucia.es\/ceippadremiguelsanchez\/wp-json\/wp\/v2\/media?parent=2316"}],"curies":[{"name":"wp","href":"https:\/\/api.w.org\/{rel}","templated":true}]}}