{"id":35,"date":"2015-03-13T08:21:43","date_gmt":"2015-03-13T08:21:43","guid":{"rendered":"http:\/\/blogsaverroes.juntadeandalucia.es\/pre\/ceip\/?page_id=35"},"modified":"2021-11-15T11:21:45","modified_gmt":"2021-11-15T11:21:45","slug":"el-centro-2","status":"publish","type":"page","link":"https:\/\/blogsaverroes.juntadeandalucia.es\/ceippadremiguelsanchez\/el-centro-2\/","title":{"rendered":"Datos del centro"},"content":{"rendered":"<p><a href=\"https:\/\/blogsaverroes.juntadeandalucia.es\/ceippadremiguelsanchez\/files\/2019\/11\/LOGO-COLE.png\"><img loading=\"lazy\" decoding=\"async\" class=\"size-medium wp-image-2133 aligncenter\" src=\"https:\/\/blogsaverroes.juntadeandalucia.es\/ceippadremiguelsanchez\/files\/2019\/11\/LOGO-COLE-300x300.png\" alt=\"\" width=\"300\" height=\"300\" srcset=\"https:\/\/blogsaverroes.juntadeandalucia.es\/ceippadremiguelsanchez\/files\/2019\/11\/LOGO-COLE-300x300.png 300w, https:\/\/blogsaverroes.juntadeandalucia.es\/ceippadremiguelsanchez\/files\/2019\/11\/LOGO-COLE-150x150.png 150w, https:\/\/blogsaverroes.juntadeandalucia.es\/ceippadremiguelsanchez\/files\/2019\/11\/LOGO-COLE-100x100.png 100w, https:\/\/blogsaverroes.juntadeandalucia.es\/ceippadremiguelsanchez\/files\/2019\/11\/LOGO-COLE-24x24.png 24w, https:\/\/blogsaverroes.juntadeandalucia.es\/ceippadremiguelsanchez\/files\/2019\/11\/LOGO-COLE-36x36.png 36w, https:\/\/blogsaverroes.juntadeandalucia.es\/ceippadremiguelsanchez\/files\/2019\/11\/LOGO-COLE-48x48.png 48w, https:\/\/blogsaverroes.juntadeandalucia.es\/ceippadremiguelsanchez\/files\/2019\/11\/LOGO-COLE.png 403w\" sizes=\"(max-width: 300px) 100vw, 300px\" \/><\/a><\/p>\n<h4>&nbsp;<\/h4>\n<p><span style=\"text-decoration: underline\"><strong>CEIP Padre Miguel S\u00e1nchez<\/strong><\/span><\/p>\n<p><strong>Direcci\u00f3n:<\/strong> &nbsp;Calle Rehoyada s\/n. Almog\u00eda (M\u00e1laga) 29150.<\/p>\n<p><strong>Tel\u00e9fono: 951298694<\/strong><br \/>\n<strong>Email:<\/strong>&nbsp;colegiodealmogia@gmail.com<\/p>\n<h4><strong>Horarios<\/strong><\/h4>\n<p>8:45.- Recepci\u00f3n alumnado de transporte.<\/p>\n<p>9:00 &#8211; 14:00.- Horario de clase. (Recreo de 11:30 a 12:00 h)<\/p>\n<p>14:00 &#8211; 16:00.- Comedor escolar.<\/p>\n<p>16:00 &#8211; 18:00.- Actividades extraescolares (de lunes a jueves)<\/p>\n<p>&nbsp;<\/p>\n<h4><strong>Oferta educativa<\/strong><\/h4>\n<p>Infantil y Primaria<\/p>\n<p>Transporte Escolar<\/p>\n<p>Comedor Escolar<\/p>\n<p>Actividades Extraescolares<\/p>\n<p>&nbsp;<\/p>\n<h4><strong>Localizaci\u00f3n<\/strong><\/h4>\n<p><a href=\"https:\/\/www.google.es\/maps\/place\/Calle+Rehoyada,+29150+Almog%C3%ADa,+M\u00e1laga\/@36.8243734,-4.5401453,17z\/data=!3m1!4b1!4m5!3m4!1s0xd72f2f57e3bd28d:0xaa176571223cf34a!8m2!3d36.8243734!4d-4.5379566.\">https:\/\/www.google.es\/maps\/place\/Calle+Rehoyada,+29150+Almog%C3%ADa,+M\u00e1laga\/@36.8243734,-4.5401453,17z\/data=!3m1!4b1!4m5!3m4!1s0xd72f2f57e3bd28d:0xaa176571223cf34a!8m2!3d36.8243734!4d-4.5379566. &nbsp;<\/a><\/p>\n<p><a href=\"https:\/\/blogsaverroes.juntadeandalucia.es\/ceippadremiguelsanchez\/files\/2019\/12\/Captura-de-pantalla-2019-12-02-a-las-11.44.03.png\"><img loading=\"lazy\" decoding=\"async\" class=\"size-medium wp-image-2331 aligncenter\" src=\"https:\/\/blogsaverroes.juntadeandalucia.es\/ceippadremiguelsanchez\/files\/2019\/12\/Captura-de-pantalla-2019-12-02-a-las-11.44.03-300x291.png\" alt=\"\" width=\"300\" height=\"291\" srcset=\"https:\/\/blogsaverroes.juntadeandalucia.es\/ceippadremiguelsanchez\/files\/2019\/12\/Captura-de-pantalla-2019-12-02-a-las-11.44.03-300x291.png 300w, https:\/\/blogsaverroes.juntadeandalucia.es\/ceippadremiguelsanchez\/files\/2019\/12\/Captura-de-pantalla-2019-12-02-a-las-11.44.03-24x24.png 24w, https:\/\/blogsaverroes.juntadeandalucia.es\/ceippadremiguelsanchez\/files\/2019\/12\/Captura-de-pantalla-2019-12-02-a-las-11.44.03-36x36.png 36w, https:\/\/blogsaverroes.juntadeandalucia.es\/ceippadremiguelsanchez\/files\/2019\/12\/Captura-de-pantalla-2019-12-02-a-las-11.44.03-48x46.png 48w, https:\/\/blogsaverroes.juntadeandalucia.es\/ceippadremiguelsanchez\/files\/2019\/12\/Captura-de-pantalla-2019-12-02-a-las-11.44.03.png 636w\" sizes=\"(max-width: 300px) 100vw, 300px\" \/><\/a><\/p>\n","protected":false},"excerpt":{"rendered":"<p>&nbsp; CEIP Padre Miguel S\u00e1nchez Direcci\u00f3n: &nbsp;Calle Rehoyada s\/n. Almog\u00eda (M\u00e1laga) 29150. Tel\u00e9fono: 951298694 Email:&nbsp;colegiodealmogia@gmail.com Horarios 8:45.- Recepci\u00f3n alumnado de transporte. 9:00 &#8211; 14:00.- Horario de clase. (Recreo de 11:30 a 12:00 h) 14:00&#46;&#46;&#46;<\/p>\n","protected":false},"author":1,"featured_media":0,"parent":0,"menu_order":0,"comment_status":"closed","ping_status":"open","template":"page-cs.php","meta":{"ngg_post_thumbnail":0,"footnotes":"","_mc_calendar":[]},"aioseo_notices":[],"_links":{"self":[{"href":"https:\/\/blogsaverroes.juntadeandalucia.es\/ceippadremiguelsanchez\/wp-json\/wp\/v2\/pages\/35"}],"collection":[{"href":"https:\/\/blogsaverroes.juntadeandalucia.es\/ceippadremiguelsanchez\/wp-json\/wp\/v2\/pages"}],"about":[{"href":"https:\/\/blogsaverroes.juntadeandalucia.es\/ceippadremiguelsanchez\/wp-json\/wp\/v2\/types\/page"}],"author":[{"embeddable":true,"href":"https:\/\/blogsaverroes.juntadeandalucia.es\/ceippadremiguelsanchez\/wp-json\/wp\/v2\/users\/1"}],"replies":[{"embeddable":true,"href":"https:\/\/blogsaverroes.juntadeandalucia.es\/ceippadremiguelsanchez\/wp-json\/wp\/v2\/comments?post=35"}],"version-history":[{"count":33,"href":"https:\/\/blogsaverroes.juntadeandalucia.es\/ceippadremiguelsanchez\/wp-json\/wp\/v2\/pages\/35\/revisions"}],"predecessor-version":[{"id":3465,"href":"https:\/\/blogsaverroes.juntadeandalucia.es\/ceippadremiguelsanchez\/wp-json\/wp\/v2\/pages\/35\/revisions\/3465"}],"wp:attachment":[{"href":"https:\/\/blogsaverroes.juntadeandalucia.es\/ceippadremiguelsanchez\/wp-json\/wp\/v2\/media?parent=35"}],"curies":[{"name":"wp","href":"https:\/\/api.w.org\/{rel}","templated":true}]}}