{"id":42,"date":"2015-03-13T08:40:47","date_gmt":"2015-03-13T08:40:47","guid":{"rendered":"http:\/\/blogsaverroes.juntadeandalucia.es\/pre\/ceip\/?page_id=42"},"modified":"2022-09-13T09:03:41","modified_gmt":"2022-09-13T09:03:41","slug":"equipo-directivo","status":"publish","type":"page","link":"https:\/\/blogsaverroes.juntadeandalucia.es\/ceippadremiguelsanchez\/equipo-directivo\/","title":{"rendered":"Equipo directivo"},"content":{"rendered":"<p><strong>Direcci\u00f3n: <\/strong>Ismael Delgado Heredia<\/p>\n<p><strong>Jefatura de Estudios: <\/strong>Marcela Rodr\u00edguez Moreno<\/p>\n<p><strong>Secretar\u00eda: <\/strong>Lorena P\u00e9rez Fern\u00e1ndez<\/p>\n<p>&nbsp;<\/p>\n<p><span style=\"text-decoration: underline\"><strong>HORARIO DE ATENCI\u00d3N AL P\u00daBLICO:<\/strong><\/span><\/p>\n<p><strong>Director:<\/strong> de lunes a viernes de 9:00 a 10:00 h.<\/p>\n<p><strong>Jefa de Estudios:<\/strong> de lunes a viernes de 12:30 a 14:00 h.<\/p>\n<p><strong>Secretaria:<\/strong>&nbsp; de lunes a viernes de 9:00 a 10:00 h.<\/p>\n<p>Tel\u00e9fono: 951298694<\/p>\n<p>Email: colegiodealmogia@gmail.com<\/p>\n<p>&nbsp;<\/p>\n","protected":false},"excerpt":{"rendered":"<p>Direcci\u00f3n: Ismael Delgado Heredia Jefatura de Estudios: Marcela Rodr\u00edguez Moreno Secretar\u00eda: Lorena P\u00e9rez Fern\u00e1ndez &nbsp; HORARIO DE ATENCI\u00d3N AL P\u00daBLICO: Director: de lunes a viernes de 9:00 a 10:00 h. Jefa de Estudios: de&#46;&#46;&#46;<\/p>\n","protected":false},"author":1,"featured_media":0,"parent":0,"menu_order":0,"comment_status":"closed","ping_status":"open","template":"","meta":{"ngg_post_thumbnail":0,"footnotes":"","_mc_calendar":[]},"aioseo_notices":[],"_links":{"self":[{"href":"https:\/\/blogsaverroes.juntadeandalucia.es\/ceippadremiguelsanchez\/wp-json\/wp\/v2\/pages\/42"}],"collection":[{"href":"https:\/\/blogsaverroes.juntadeandalucia.es\/ceippadremiguelsanchez\/wp-json\/wp\/v2\/pages"}],"about":[{"href":"https:\/\/blogsaverroes.juntadeandalucia.es\/ceippadremiguelsanchez\/wp-json\/wp\/v2\/types\/page"}],"author":[{"embeddable":true,"href":"https:\/\/blogsaverroes.juntadeandalucia.es\/ceippadremiguelsanchez\/wp-json\/wp\/v2\/users\/1"}],"replies":[{"embeddable":true,"href":"https:\/\/blogsaverroes.juntadeandalucia.es\/ceippadremiguelsanchez\/wp-json\/wp\/v2\/comments?post=42"}],"version-history":[{"count":14,"href":"https:\/\/blogsaverroes.juntadeandalucia.es\/ceippadremiguelsanchez\/wp-json\/wp\/v2\/pages\/42\/revisions"}],"predecessor-version":[{"id":3639,"href":"https:\/\/blogsaverroes.juntadeandalucia.es\/ceippadremiguelsanchez\/wp-json\/wp\/v2\/pages\/42\/revisions\/3639"}],"wp:attachment":[{"href":"https:\/\/blogsaverroes.juntadeandalucia.es\/ceippadremiguelsanchez\/wp-json\/wp\/v2\/media?parent=42"}],"curies":[{"name":"wp","href":"https:\/\/api.w.org\/{rel}","templated":true}]}}