{"id":428,"date":"2015-03-20T07:06:21","date_gmt":"2015-03-20T07:06:21","guid":{"rendered":"http:\/\/blogsaverroes.juntadeandalucia.es\/pre\/ceip\/?page_id=428"},"modified":"2019-11-29T10:49:08","modified_gmt":"2019-11-29T10:49:08","slug":"ed-primaria-1o-ciclo","status":"publish","type":"page","link":"https:\/\/blogsaverroes.juntadeandalucia.es\/ceippadremiguelsanchez\/ed-primaria-1o-ciclo\/","title":{"rendered":"Ed. Primaria. 1\u00ba ciclo"},"content":{"rendered":"<div class=\"breadcrumbs\"><span style=\"font-family: 'Roboto Condensed', sans-serif;font-size: 24px;font-weight: inherit\">Orden de 17 de marzo de 2015, por la que se desarrolla el curr\u00edculo correspondiente a la Educaci\u00f3n Primaria en Andaluc\u00eda.<\/span><\/div>\n<div>&nbsp;<\/div>\n<p><strong>LENGUA CASTELLANA Y LITERATURA<\/strong><\/p>\n<p><a href=\"http:\/\/descargas.ced.junta-andalucia.es\/recursos\/curriculo-primaria\/pdf\/PDF\/Lengua%20Castellana\/03-0%20LENGUA%20CASTELLANA%20Y%20LITERATURA.pdf\">http:\/\/descargas.ced.junta-andalucia.es\/recursos\/curriculo-primaria\/pdf\/PDF\/Lengua%20Castellana\/03-0%20LENGUA%20CASTELLANA%20Y%20LITERATURA.pdf<\/a><\/p>\n<p>&nbsp;<\/p>\n<p><strong>MATEM\u00c1TICAS<\/strong><\/p>\n<p><a href=\"http:\/\/descargas.ced.junta-andalucia.es\/recursos\/curriculo-primaria\/pdf\/PDF\/Matem%C3%A1ticas\/04%20-0-%20matematicas.pdf\">http:\/\/descargas.ced.junta-andalucia.es\/recursos\/curriculo-primaria\/pdf\/PDF\/Matem%C3%A1ticas\/04%20-0-%20matematicas.pdf<\/a><\/p>\n<p>&nbsp;<\/p>\n<p><strong>CIENCIAS NATURALES<\/strong><\/p>\n<p><a href=\"http:\/\/descargas.ced.junta-andalucia.es\/recursos\/curriculo-primaria\/pdf\/PDF\/Ciencias%20de%20la%20Naturaleza\/01-0ciencias%20de%20la%20naturaleza.pdf\">http:\/\/descargas.ced.junta-andalucia.es\/recursos\/curriculo-primaria\/pdf\/PDF\/Ciencias%20de%20la%20Naturaleza\/01-0ciencias%20de%20la%20naturaleza.pdf<\/a><\/p>\n<p>&nbsp;<\/p>\n<p><strong>CIENCIAS SOCIALES<\/strong><\/p>\n<p><a href=\"http:\/\/descargas.ced.junta-andalucia.es\/recursos\/curriculo-primaria\/pdf\/PDF\/ciencia%20sociales\/02%20-%200ciencias%20sociales.pdf\">http:\/\/descargas.ced.junta-andalucia.es\/recursos\/curriculo-primaria\/pdf\/PDF\/ciencia%20sociales\/02%20-%200ciencias%20sociales.pdf<\/a><\/p>\n<p>&nbsp;<\/p>\n<p><strong>1\u00aa LENGUA EXTRANJERA (INGL\u00c9S)<\/strong><\/p>\n<p><a href=\"http:\/\/descargas.ced.junta-andalucia.es\/recursos\/curriculo-primaria\/pdf\/PDF\/Lengua%20Extranjera\/05%20-0%20-%20Lengua%20Extranjera.pdf\">http:\/\/descargas.ced.junta-andalucia.es\/recursos\/curriculo-primaria\/pdf\/PDF\/Lengua%20Extranjera\/05%20-0%20-%20Lengua%20Extranjera.pdf<\/a><\/p>\n<p>&nbsp;<\/p>\n<p><strong>2\u00aa LENGUA EXTRANJERA (FRANC\u00c9S)<\/strong><\/p>\n<p><a href=\"http:\/\/descargas.ced.junta-andalucia.es\/recursos\/curriculo-primaria\/pdf\/PDF\/2%20lengua%20extranjera\/07%20-0-Segunda%20Lengua%20Extranjera.pdf\">http:\/\/descargas.ced.junta-andalucia.es\/recursos\/curriculo-primaria\/pdf\/PDF\/2%20lengua%20extranjera\/07%20-0-Segunda%20Lengua%20Extranjera.pdf<\/a><\/p>\n<p>&nbsp;<\/p>\n<p><strong>EDUCACI\u00d3N F\u00cdSICA<\/strong><\/p>\n<p><a href=\"http:\/\/descargas.ced.junta-andalucia.es\/recursos\/curriculo-primaria\/pdf\/PDF\/Educacion%20Fisica\/010-0-educacion%20fisica.pdf\">http:\/\/descargas.ced.junta-andalucia.es\/recursos\/curriculo-primaria\/pdf\/PDF\/Educacion%20Fisica\/010-0-educacion%20fisica.pdf<\/a><\/p>\n<p>&nbsp;<\/p>\n<p><strong>EDUCACI\u00d3N ART\u00cdSTICA<\/strong><\/p>\n<p><a href=\"http:\/\/descargas.ced.junta-andalucia.es\/recursos\/curriculo-primaria\/pdf\/PDF\/Artistica\/06-0-%20educacion%20artistica.pdf\">http:\/\/descargas.ced.junta-andalucia.es\/recursos\/curriculo-primaria\/pdf\/PDF\/Artistica\/06-0-%20educacion%20artistica.pdf<\/a><\/p>\n<p>&nbsp;<\/p>\n<p><strong>CIUDADAN\u00cdA Y DERECHOS HUMANOS<\/strong><\/p>\n<p><a href=\"http:\/\/descargas.ced.junta-andalucia.es\/recursos\/curriculo-primaria\/pdf\/PDF\/Ciudadania\/08-0-%20ciudadania.pdf\">http:\/\/descargas.ced.junta-andalucia.es\/recursos\/curriculo-primaria\/pdf\/PDF\/Ciudadania\/08-0-%20ciudadania.pdf<\/a><\/p>\n<p>&nbsp;<\/p>\n<p><strong>VALORES SOCIALES Y C\u00cdVICOS<\/strong><\/p>\n<p><a href=\"http:\/\/descargas.ced.junta-andalucia.es\/recursos\/curriculo-primaria\/pdf\/PDF\/Valores%20Sociales\/011%20-0-Valores.pdf\">http:\/\/descargas.ced.junta-andalucia.es\/recursos\/curriculo-primaria\/pdf\/PDF\/Valores%20Sociales\/011%20-0-Valores.pdf<\/a><\/p>\n<p>&nbsp;<\/p>\n<p><strong>CULTURA Y PR\u00c1CTICA DIGITAL<\/strong><\/p>\n<p><a href=\"http:\/\/descargas.ced.junta-andalucia.es\/recursos\/curriculo-primaria\/pdf\/PDF\/Cultura%20y%20practica%20digital\/09%20-0-%20cultura%20y%20practica%20digital.pdf\">http:\/\/descargas.ced.junta-andalucia.es\/recursos\/curriculo-primaria\/pdf\/PDF\/Cultura%20y%20practica%20digital\/09%20-0-%20cultura%20y%20practica%20digital.pdf<\/a><\/p>\n<p>&nbsp;<\/p>\n<p><strong>RELIGI\u00d3N CAT\u00d3LICA<\/strong><\/p>\n<p><a href=\"http:\/\/conferenciaepiscopal.es\/wp-content\/uploads\/2014\/10\/comisiones_ensenanza_Curriculo_LOMCE_Primaria.pdf\">http:\/\/conferenciaepiscopal.es\/wp-content\/uploads\/2014\/10\/comisiones_ensenanza_Curriculo_LOMCE_Primaria.pdf<\/a><\/p>\n","protected":false},"excerpt":{"rendered":"<p>Orden de 17 de marzo de 2015, por la que se desarrolla el curr\u00edculo correspondiente a la Educaci\u00f3n Primaria en Andaluc\u00eda. &nbsp; LENGUA CASTELLANA Y LITERATURA http:\/\/descargas.ced.junta-andalucia.es\/recursos\/curriculo-primaria\/pdf\/PDF\/Lengua%20Castellana\/03-0%20LENGUA%20CASTELLANA%20Y%20LITERATURA.pdf &nbsp; MATEM\u00c1TICAS http:\/\/descargas.ced.junta-andalucia.es\/recursos\/curriculo-primaria\/pdf\/PDF\/Matem%C3%A1ticas\/04%20-0-%20matematicas.pdf &nbsp; CIENCIAS NATURALES http:\/\/descargas.ced.junta-andalucia.es\/recursos\/curriculo-primaria\/pdf\/PDF\/Ciencias%20de%20la%20Naturaleza\/01-0ciencias%20de%20la%20naturaleza.pdf&#46;&#46;&#46;<\/p>\n","protected":false},"author":1,"featured_media":0,"parent":0,"menu_order":0,"comment_status":"closed","ping_status":"open","template":"page-sc.php","meta":{"ngg_post_thumbnail":0,"footnotes":"","_mc_calendar":[]},"aioseo_notices":[],"_links":{"self":[{"href":"https:\/\/blogsaverroes.juntadeandalucia.es\/ceippadremiguelsanchez\/wp-json\/wp\/v2\/pages\/428"}],"collection":[{"href":"https:\/\/blogsaverroes.juntadeandalucia.es\/ceippadremiguelsanchez\/wp-json\/wp\/v2\/pages"}],"about":[{"href":"https:\/\/blogsaverroes.juntadeandalucia.es\/ceippadremiguelsanchez\/wp-json\/wp\/v2\/types\/page"}],"author":[{"embeddable":true,"href":"https:\/\/blogsaverroes.juntadeandalucia.es\/ceippadremiguelsanchez\/wp-json\/wp\/v2\/users\/1"}],"replies":[{"embeddable":true,"href":"https:\/\/blogsaverroes.juntadeandalucia.es\/ceippadremiguelsanchez\/wp-json\/wp\/v2\/comments?post=428"}],"version-history":[{"count":10,"href":"https:\/\/blogsaverroes.juntadeandalucia.es\/ceippadremiguelsanchez\/wp-json\/wp\/v2\/pages\/428\/revisions"}],"predecessor-version":[{"id":2311,"href":"https:\/\/blogsaverroes.juntadeandalucia.es\/ceippadremiguelsanchez\/wp-json\/wp\/v2\/pages\/428\/revisions\/2311"}],"wp:attachment":[{"href":"https:\/\/blogsaverroes.juntadeandalucia.es\/ceippadremiguelsanchez\/wp-json\/wp\/v2\/media?parent=428"}],"curies":[{"name":"wp","href":"https:\/\/api.w.org\/{rel}","templated":true}]}}