{"id":44,"date":"2015-03-13T08:42:15","date_gmt":"2015-03-13T08:42:15","guid":{"rendered":"http:\/\/blogsaverroes.juntadeandalucia.es\/pre\/ceip\/?page_id=44"},"modified":"2022-12-09T08:49:29","modified_gmt":"2022-12-09T08:49:29","slug":"planes-y-proyectos","status":"publish","type":"page","link":"https:\/\/blogsaverroes.juntadeandalucia.es\/ceippadremiguelsanchez\/planes-y-proyectos\/","title":{"rendered":"Planes y Programas"},"content":{"rendered":"<p><img loading=\"lazy\" decoding=\"async\" class=\"alignnone size-medium wp-image-1667\" src=\"http:\/\/blogsaverroes.juntadeandalucia.es\/ceippadremiguelsanchez\/files\/2015\/03\/planes-300x150.png\" alt=\"planes\" width=\"300\" height=\"150\" srcset=\"https:\/\/blogsaverroes.juntadeandalucia.es\/ceippadremiguelsanchez\/files\/2015\/03\/planes-300x150.png 300w, https:\/\/blogsaverroes.juntadeandalucia.es\/ceippadremiguelsanchez\/files\/2015\/03\/planes.png 640w\" sizes=\"(max-width: 300px) 100vw, 300px\" \/><\/p>\n<p>&nbsp;<\/p>\n<ul>\n<li><strong>Plan de Igualdad: <\/strong>coordinado por Mar\u00eda Isabel Castillo P\u00e1ez-Camino.<\/li>\n<li><strong>Programa \u00abCreciendo en salud\u00bb:<\/strong> coordinado por Abel Ben\u00edtez Jim\u00e9nez.<\/li>\n<li><strong>Programa Aldea:<\/strong> coordinado por Pilar Vanesa Montiel Olea.<\/li>\n<li><strong><strong>Transformaci\u00f3n Digital Educativa (TDE): <\/strong><span style=\"font-weight: 400\">coordinado por Ismael Delgado Heredia.<\/span><\/strong><\/li>\n<li><strong>Responsable #CompDigEdu:<\/strong> Clara L\u00f3pez Atencia.<\/li>\n<li><strong>Plan Autoprotecci\u00f3n:<\/strong> coordinado por Rosa Lorena P\u00e9rez Fern\u00e1ndez.<\/li>\n<li><strong>PROA:<\/strong> coordinado por Rosa Lorena P\u00e9rez Fern\u00e1ndez.<\/li>\n<li><strong>Pr\u00e1cticum Grado Maestro: <\/strong>coordinado por Ismael Delgado Heredia.<\/li>\n<li><strong>Plan de Apertura (Comedor y Actividades Extraescolares):<\/strong> coordinado por Ismael Delgado Heredia.<\/li>\n<li><strong>Coordinador COVID:<\/strong> Ismael Delgado Heredia.<\/li>\n<\/ul>\n","protected":false},"excerpt":{"rendered":"<p>&nbsp; Plan de Igualdad: coordinado por Mar\u00eda Isabel Castillo P\u00e1ez-Camino. Programa \u00abCreciendo en salud\u00bb: coordinado por Abel Ben\u00edtez Jim\u00e9nez. Programa Aldea: coordinado por Pilar Vanesa Montiel Olea. Transformaci\u00f3n Digital Educativa (TDE): coordinado por Ismael&#46;&#46;&#46;<\/p>\n","protected":false},"author":1,"featured_media":0,"parent":0,"menu_order":0,"comment_status":"closed","ping_status":"closed","template":"page-cs.php","meta":{"ngg_post_thumbnail":0,"footnotes":"","_mc_calendar":[]},"aioseo_notices":[],"_links":{"self":[{"href":"https:\/\/blogsaverroes.juntadeandalucia.es\/ceippadremiguelsanchez\/wp-json\/wp\/v2\/pages\/44"}],"collection":[{"href":"https:\/\/blogsaverroes.juntadeandalucia.es\/ceippadremiguelsanchez\/wp-json\/wp\/v2\/pages"}],"about":[{"href":"https:\/\/blogsaverroes.juntadeandalucia.es\/ceippadremiguelsanchez\/wp-json\/wp\/v2\/types\/page"}],"author":[{"embeddable":true,"href":"https:\/\/blogsaverroes.juntadeandalucia.es\/ceippadremiguelsanchez\/wp-json\/wp\/v2\/users\/1"}],"replies":[{"embeddable":true,"href":"https:\/\/blogsaverroes.juntadeandalucia.es\/ceippadremiguelsanchez\/wp-json\/wp\/v2\/comments?post=44"}],"version-history":[{"count":12,"href":"https:\/\/blogsaverroes.juntadeandalucia.es\/ceippadremiguelsanchez\/wp-json\/wp\/v2\/pages\/44\/revisions"}],"predecessor-version":[{"id":3647,"href":"https:\/\/blogsaverroes.juntadeandalucia.es\/ceippadremiguelsanchez\/wp-json\/wp\/v2\/pages\/44\/revisions\/3647"}],"wp:attachment":[{"href":"https:\/\/blogsaverroes.juntadeandalucia.es\/ceippadremiguelsanchez\/wp-json\/wp\/v2\/media?parent=44"}],"curies":[{"name":"wp","href":"https:\/\/api.w.org\/{rel}","templated":true}]}}