{"id":77,"date":"2015-03-16T06:54:56","date_gmt":"2015-03-16T06:54:56","guid":{"rendered":"http:\/\/blogsaverroes.juntadeandalucia.es\/pre\/ceip\/?page_id=77"},"modified":"2021-11-15T11:20:47","modified_gmt":"2021-11-15T11:20:47","slug":"secretaria","status":"publish","type":"page","link":"https:\/\/blogsaverroes.juntadeandalucia.es\/ceippadremiguelsanchez\/secretaria\/","title":{"rendered":"Secretar\u00eda"},"content":{"rendered":"<p><a href=\"https:\/\/blogsaverroes.juntadeandalucia.es\/ceippadremiguelsanchez\/files\/2019\/11\/62e21cdf-0a9f-4dcb-b4a2-4531575ae0e0-1.jpg\"><img loading=\"lazy\" decoding=\"async\" class=\" wp-image-2191 alignleft\" src=\"https:\/\/blogsaverroes.juntadeandalucia.es\/ceippadremiguelsanchez\/files\/2019\/11\/62e21cdf-0a9f-4dcb-b4a2-4531575ae0e0-1-300x225.jpg\" alt=\"\" width=\"371\" height=\"278\" srcset=\"https:\/\/blogsaverroes.juntadeandalucia.es\/ceippadremiguelsanchez\/files\/2019\/11\/62e21cdf-0a9f-4dcb-b4a2-4531575ae0e0-1-300x225.jpg 300w, https:\/\/blogsaverroes.juntadeandalucia.es\/ceippadremiguelsanchez\/files\/2019\/11\/62e21cdf-0a9f-4dcb-b4a2-4531575ae0e0-1-768x576.jpg 768w, https:\/\/blogsaverroes.juntadeandalucia.es\/ceippadremiguelsanchez\/files\/2019\/11\/62e21cdf-0a9f-4dcb-b4a2-4531575ae0e0-1-1024x768.jpg 1024w, https:\/\/blogsaverroes.juntadeandalucia.es\/ceippadremiguelsanchez\/files\/2019\/11\/62e21cdf-0a9f-4dcb-b4a2-4531575ae0e0-1-24x18.jpg 24w, https:\/\/blogsaverroes.juntadeandalucia.es\/ceippadremiguelsanchez\/files\/2019\/11\/62e21cdf-0a9f-4dcb-b4a2-4531575ae0e0-1-36x27.jpg 36w, https:\/\/blogsaverroes.juntadeandalucia.es\/ceippadremiguelsanchez\/files\/2019\/11\/62e21cdf-0a9f-4dcb-b4a2-4531575ae0e0-1-48x36.jpg 48w, https:\/\/blogsaverroes.juntadeandalucia.es\/ceippadremiguelsanchez\/files\/2019\/11\/62e21cdf-0a9f-4dcb-b4a2-4531575ae0e0-1.jpg 1600w\" sizes=\"(max-width: 371px) 100vw, 371px\" \/><\/a><\/p>\n<p>En&nbsp;<strong>Secretar\u00eda<\/strong> podr\u00e1s ser atendido para todas aquellas cuestiones administrativas que necesite: certificados, matr\u00edculas, comedor, extraescolares, etc&#8230;<\/p>\n<p>Nuestro <strong>HORARIO<\/strong> de atenci\u00f3n al p\u00fablico es&nbsp; en horario de ma\u00f1ana, de <strong>9:00 a 14:00h<\/strong>.<\/p>\n<p>&nbsp;<\/p>\n<p>Tel\u00e9fono: 951298694<\/p>\n<p>&nbsp;<\/p>\n<p>&nbsp;<\/p>\n","protected":false},"excerpt":{"rendered":"<p>En&nbsp;Secretar\u00eda podr\u00e1s ser atendido para todas aquellas cuestiones administrativas que necesite: certificados, matr\u00edculas, comedor, extraescolares, etc&#8230; Nuestro HORARIO de atenci\u00f3n al p\u00fablico es&nbsp; en horario de ma\u00f1ana, de 9:00 a 14:00h. &nbsp; Tel\u00e9fono: 951298694&#46;&#46;&#46;<\/p>\n","protected":false},"author":1,"featured_media":0,"parent":0,"menu_order":0,"comment_status":"closed","ping_status":"open","template":"page-cs.php","meta":{"ngg_post_thumbnail":0,"footnotes":"","_mc_calendar":[]},"aioseo_notices":[],"_links":{"self":[{"href":"https:\/\/blogsaverroes.juntadeandalucia.es\/ceippadremiguelsanchez\/wp-json\/wp\/v2\/pages\/77"}],"collection":[{"href":"https:\/\/blogsaverroes.juntadeandalucia.es\/ceippadremiguelsanchez\/wp-json\/wp\/v2\/pages"}],"about":[{"href":"https:\/\/blogsaverroes.juntadeandalucia.es\/ceippadremiguelsanchez\/wp-json\/wp\/v2\/types\/page"}],"author":[{"embeddable":true,"href":"https:\/\/blogsaverroes.juntadeandalucia.es\/ceippadremiguelsanchez\/wp-json\/wp\/v2\/users\/1"}],"replies":[{"embeddable":true,"href":"https:\/\/blogsaverroes.juntadeandalucia.es\/ceippadremiguelsanchez\/wp-json\/wp\/v2\/comments?post=77"}],"version-history":[{"count":13,"href":"https:\/\/blogsaverroes.juntadeandalucia.es\/ceippadremiguelsanchez\/wp-json\/wp\/v2\/pages\/77\/revisions"}],"predecessor-version":[{"id":3463,"href":"https:\/\/blogsaverroes.juntadeandalucia.es\/ceippadremiguelsanchez\/wp-json\/wp\/v2\/pages\/77\/revisions\/3463"}],"wp:attachment":[{"href":"https:\/\/blogsaverroes.juntadeandalucia.es\/ceippadremiguelsanchez\/wp-json\/wp\/v2\/media?parent=77"}],"curies":[{"name":"wp","href":"https:\/\/api.w.org\/{rel}","templated":true}]}}