{"id":10900,"date":"2024-03-20T11:59:07","date_gmt":"2024-03-20T11:59:07","guid":{"rendered":"https:\/\/blogsaverroes.juntadeandalucia.es\/ceippalaciosrubio\/?page_id=10900"},"modified":"2024-03-20T12:01:43","modified_gmt":"2024-03-20T12:01:43","slug":"excursion","status":"publish","type":"page","link":"https:\/\/blogsaverroes.juntadeandalucia.es\/ceippalaciosrubio\/excursion\/","title":{"rendered":"Excursi\u00f3n"},"content":{"rendered":"<p>Para complementar el tema de Al- \u00c1ndalus de Conocimiento del Medio, el alumnado de quinto realiz\u00f3 una visita guiada a la Alhambra.<\/p>\n<p><a href=\"https:\/\/blogsaverroes.juntadeandalucia.es\/ceippalaciosrubio\/files\/2024\/03\/photo_2024-03-20_12-42-24.jpg\"><img loading=\"lazy\" decoding=\"async\" class=\"alignnone size-large wp-image-10901\" src=\"https:\/\/blogsaverroes.juntadeandalucia.es\/ceippalaciosrubio\/files\/2024\/03\/photo_2024-03-20_12-42-24-768x1024.jpg\" alt=\"\" width=\"768\" height=\"1024\" srcset=\"https:\/\/blogsaverroes.juntadeandalucia.es\/ceippalaciosrubio\/files\/2024\/03\/photo_2024-03-20_12-42-24-768x1024.jpg 768w, https:\/\/blogsaverroes.juntadeandalucia.es\/ceippalaciosrubio\/files\/2024\/03\/photo_2024-03-20_12-42-24-225x300.jpg 225w, https:\/\/blogsaverroes.juntadeandalucia.es\/ceippalaciosrubio\/files\/2024\/03\/photo_2024-03-20_12-42-24.jpg 960w\" sizes=\"(max-width: 768px) 100vw, 768px\" \/><\/a> <a href=\"https:\/\/blogsaverroes.juntadeandalucia.es\/ceippalaciosrubio\/files\/2024\/03\/photo_2024-03-20_12-42-22.jpg\"><img loading=\"lazy\" decoding=\"async\" class=\"alignnone size-large wp-image-10902\" src=\"https:\/\/blogsaverroes.juntadeandalucia.es\/ceippalaciosrubio\/files\/2024\/03\/photo_2024-03-20_12-42-22-1024x768.jpg\" alt=\"\" width=\"782\" height=\"587\" srcset=\"https:\/\/blogsaverroes.juntadeandalucia.es\/ceippalaciosrubio\/files\/2024\/03\/photo_2024-03-20_12-42-22-1024x768.jpg 1024w, https:\/\/blogsaverroes.juntadeandalucia.es\/ceippalaciosrubio\/files\/2024\/03\/photo_2024-03-20_12-42-22-300x225.jpg 300w, https:\/\/blogsaverroes.juntadeandalucia.es\/ceippalaciosrubio\/files\/2024\/03\/photo_2024-03-20_12-42-22-768x576.jpg 768w, https:\/\/blogsaverroes.juntadeandalucia.es\/ceippalaciosrubio\/files\/2024\/03\/photo_2024-03-20_12-42-22.jpg 1280w\" sizes=\"(max-width: 782px) 100vw, 782px\" \/><\/a> <a href=\"https:\/\/blogsaverroes.juntadeandalucia.es\/ceippalaciosrubio\/files\/2024\/03\/photo_2024-03-20_12-42-16.jpg\"><img loading=\"lazy\" decoding=\"async\" class=\"alignnone size-large wp-image-10903\" src=\"https:\/\/blogsaverroes.juntadeandalucia.es\/ceippalaciosrubio\/files\/2024\/03\/photo_2024-03-20_12-42-16-768x1024.jpg\" alt=\"\" width=\"768\" height=\"1024\" srcset=\"https:\/\/blogsaverroes.juntadeandalucia.es\/ceippalaciosrubio\/files\/2024\/03\/photo_2024-03-20_12-42-16-768x1024.jpg 768w, https:\/\/blogsaverroes.juntadeandalucia.es\/ceippalaciosrubio\/files\/2024\/03\/photo_2024-03-20_12-42-16-225x300.jpg 225w, https:\/\/blogsaverroes.juntadeandalucia.es\/ceippalaciosrubio\/files\/2024\/03\/photo_2024-03-20_12-42-16.jpg 960w\" sizes=\"(max-width: 768px) 100vw, 768px\" \/><\/a> <a href=\"https:\/\/blogsaverroes.juntadeandalucia.es\/ceippalaciosrubio\/files\/2024\/03\/photo_2024-03-20_12-42-13.jpg\"><img loading=\"lazy\" decoding=\"async\" class=\"alignnone size-large wp-image-10904\" src=\"https:\/\/blogsaverroes.juntadeandalucia.es\/ceippalaciosrubio\/files\/2024\/03\/photo_2024-03-20_12-42-13-1024x458.jpg\" alt=\"\" width=\"782\" height=\"350\" srcset=\"https:\/\/blogsaverroes.juntadeandalucia.es\/ceippalaciosrubio\/files\/2024\/03\/photo_2024-03-20_12-42-13-1024x458.jpg 1024w, https:\/\/blogsaverroes.juntadeandalucia.es\/ceippalaciosrubio\/files\/2024\/03\/photo_2024-03-20_12-42-13-300x134.jpg 300w, https:\/\/blogsaverroes.juntadeandalucia.es\/ceippalaciosrubio\/files\/2024\/03\/photo_2024-03-20_12-42-13-768x343.jpg 768w, https:\/\/blogsaverroes.juntadeandalucia.es\/ceippalaciosrubio\/files\/2024\/03\/photo_2024-03-20_12-42-13.jpg 1280w\" sizes=\"(max-width: 782px) 100vw, 782px\" \/><\/a> <a href=\"https:\/\/blogsaverroes.juntadeandalucia.es\/ceippalaciosrubio\/files\/2024\/03\/photo_2024-03-20_12-42-11.jpg\"><img loading=\"lazy\" decoding=\"async\" class=\"alignnone size-large wp-image-10905\" src=\"https:\/\/blogsaverroes.juntadeandalucia.es\/ceippalaciosrubio\/files\/2024\/03\/photo_2024-03-20_12-42-11-458x1024.jpg\" alt=\"\" width=\"458\" height=\"1024\" srcset=\"https:\/\/blogsaverroes.juntadeandalucia.es\/ceippalaciosrubio\/files\/2024\/03\/photo_2024-03-20_12-42-11-458x1024.jpg 458w, https:\/\/blogsaverroes.juntadeandalucia.es\/ceippalaciosrubio\/files\/2024\/03\/photo_2024-03-20_12-42-11-134x300.jpg 134w, https:\/\/blogsaverroes.juntadeandalucia.es\/ceippalaciosrubio\/files\/2024\/03\/photo_2024-03-20_12-42-11.jpg 572w\" sizes=\"(max-width: 458px) 100vw, 458px\" \/><\/a> <a href=\"https:\/\/blogsaverroes.juntadeandalucia.es\/ceippalaciosrubio\/files\/2024\/03\/photo_2024-03-20_12-42-06.jpg\"><img loading=\"lazy\" decoding=\"async\" class=\"alignnone size-large wp-image-10906\" src=\"https:\/\/blogsaverroes.juntadeandalucia.es\/ceippalaciosrubio\/files\/2024\/03\/photo_2024-03-20_12-42-06-458x1024.jpg\" alt=\"\" width=\"458\" height=\"1024\" srcset=\"https:\/\/blogsaverroes.juntadeandalucia.es\/ceippalaciosrubio\/files\/2024\/03\/photo_2024-03-20_12-42-06-458x1024.jpg 458w, https:\/\/blogsaverroes.juntadeandalucia.es\/ceippalaciosrubio\/files\/2024\/03\/photo_2024-03-20_12-42-06-134x300.jpg 134w, https:\/\/blogsaverroes.juntadeandalucia.es\/ceippalaciosrubio\/files\/2024\/03\/photo_2024-03-20_12-42-06.jpg 572w\" sizes=\"(max-width: 458px) 100vw, 458px\" \/><\/a><\/p>\n","protected":false},"excerpt":{"rendered":"<p>Para complementar el tema de Al- \u00c1ndalus de Conocimiento del Medio, el alumnado de quinto realiz\u00f3 una visita guiada a la Alhambra.<\/p>\n","protected":false},"author":11766,"featured_media":0,"parent":0,"menu_order":0,"comment_status":"closed","ping_status":"closed","template":"","meta":{"ngg_post_thumbnail":0,"footnotes":"","_mc_calendar":[]},"aioseo_notices":[],"_links":{"self":[{"href":"https:\/\/blogsaverroes.juntadeandalucia.es\/ceippalaciosrubio\/wp-json\/wp\/v2\/pages\/10900"}],"collection":[{"href":"https:\/\/blogsaverroes.juntadeandalucia.es\/ceippalaciosrubio\/wp-json\/wp\/v2\/pages"}],"about":[{"href":"https:\/\/blogsaverroes.juntadeandalucia.es\/ceippalaciosrubio\/wp-json\/wp\/v2\/types\/page"}],"author":[{"embeddable":true,"href":"https:\/\/blogsaverroes.juntadeandalucia.es\/ceippalaciosrubio\/wp-json\/wp\/v2\/users\/11766"}],"replies":[{"embeddable":true,"href":"https:\/\/blogsaverroes.juntadeandalucia.es\/ceippalaciosrubio\/wp-json\/wp\/v2\/comments?post=10900"}],"version-history":[{"count":1,"href":"https:\/\/blogsaverroes.juntadeandalucia.es\/ceippalaciosrubio\/wp-json\/wp\/v2\/pages\/10900\/revisions"}],"predecessor-version":[{"id":10908,"href":"https:\/\/blogsaverroes.juntadeandalucia.es\/ceippalaciosrubio\/wp-json\/wp\/v2\/pages\/10900\/revisions\/10908"}],"wp:attachment":[{"href":"https:\/\/blogsaverroes.juntadeandalucia.es\/ceippalaciosrubio\/wp-json\/wp\/v2\/media?parent=10900"}],"curies":[{"name":"wp","href":"https:\/\/api.w.org\/{rel}","templated":true}]}}