{"id":10925,"date":"2024-03-21T12:49:13","date_gmt":"2024-03-21T12:49:13","guid":{"rendered":"https:\/\/blogsaverroes.juntadeandalucia.es\/ceippalaciosrubio\/?page_id=10925"},"modified":"2024-03-21T12:51:42","modified_gmt":"2024-03-21T12:51:42","slug":"10925-2","status":"publish","type":"page","link":"https:\/\/blogsaverroes.juntadeandalucia.es\/ceippalaciosrubio\/10925-2\/","title":{"rendered":"Visita&#8230;"},"content":{"rendered":"<p>Visita del alumnado de tercero de primaria a los lugares emblem\u00e1ticos de nuestro pueblo, a la antigua c\u00e1rcel y al museo de la mano de Pedro Ramos que nos ha inundado con su sabidur\u00eda y amabilidad. Muchas gracias a Pedro y al Excmo. Ayuntamiento de La Carolina por hacerlo posible.<\/p>\n<p><a href=\"https:\/\/blogsaverroes.juntadeandalucia.es\/ceippalaciosrubio\/files\/2024\/03\/photo_2024-03-21_13-41-27.jpg\"><img loading=\"lazy\" decoding=\"async\" class=\"alignnone size-large wp-image-10926\" src=\"https:\/\/blogsaverroes.juntadeandalucia.es\/ceippalaciosrubio\/files\/2024\/03\/photo_2024-03-21_13-41-27-1024x768.jpg\" alt=\"\" width=\"782\" height=\"587\" srcset=\"https:\/\/blogsaverroes.juntadeandalucia.es\/ceippalaciosrubio\/files\/2024\/03\/photo_2024-03-21_13-41-27-1024x768.jpg 1024w, https:\/\/blogsaverroes.juntadeandalucia.es\/ceippalaciosrubio\/files\/2024\/03\/photo_2024-03-21_13-41-27-300x225.jpg 300w, https:\/\/blogsaverroes.juntadeandalucia.es\/ceippalaciosrubio\/files\/2024\/03\/photo_2024-03-21_13-41-27-768x576.jpg 768w, https:\/\/blogsaverroes.juntadeandalucia.es\/ceippalaciosrubio\/files\/2024\/03\/photo_2024-03-21_13-41-27.jpg 1280w\" sizes=\"(max-width: 782px) 100vw, 782px\" \/><\/a> <a href=\"https:\/\/blogsaverroes.juntadeandalucia.es\/ceippalaciosrubio\/files\/2024\/03\/photo_2024-03-21_13-41-25.jpg\"><img loading=\"lazy\" decoding=\"async\" class=\"alignnone size-large wp-image-10927\" src=\"https:\/\/blogsaverroes.juntadeandalucia.es\/ceippalaciosrubio\/files\/2024\/03\/photo_2024-03-21_13-41-25-768x1024.jpg\" alt=\"\" width=\"768\" height=\"1024\" srcset=\"https:\/\/blogsaverroes.juntadeandalucia.es\/ceippalaciosrubio\/files\/2024\/03\/photo_2024-03-21_13-41-25-768x1024.jpg 768w, https:\/\/blogsaverroes.juntadeandalucia.es\/ceippalaciosrubio\/files\/2024\/03\/photo_2024-03-21_13-41-25-225x300.jpg 225w, https:\/\/blogsaverroes.juntadeandalucia.es\/ceippalaciosrubio\/files\/2024\/03\/photo_2024-03-21_13-41-25.jpg 960w\" sizes=\"(max-width: 768px) 100vw, 768px\" \/><\/a> <a href=\"https:\/\/blogsaverroes.juntadeandalucia.es\/ceippalaciosrubio\/files\/2024\/03\/photo_2024-03-21_13-41-23.jpg\"><img loading=\"lazy\" decoding=\"async\" class=\"alignnone size-large wp-image-10928\" src=\"https:\/\/blogsaverroes.juntadeandalucia.es\/ceippalaciosrubio\/files\/2024\/03\/photo_2024-03-21_13-41-23-1024x768.jpg\" alt=\"\" width=\"782\" height=\"587\" srcset=\"https:\/\/blogsaverroes.juntadeandalucia.es\/ceippalaciosrubio\/files\/2024\/03\/photo_2024-03-21_13-41-23-1024x768.jpg 1024w, https:\/\/blogsaverroes.juntadeandalucia.es\/ceippalaciosrubio\/files\/2024\/03\/photo_2024-03-21_13-41-23-300x225.jpg 300w, https:\/\/blogsaverroes.juntadeandalucia.es\/ceippalaciosrubio\/files\/2024\/03\/photo_2024-03-21_13-41-23-768x576.jpg 768w, https:\/\/blogsaverroes.juntadeandalucia.es\/ceippalaciosrubio\/files\/2024\/03\/photo_2024-03-21_13-41-23.jpg 1280w\" sizes=\"(max-width: 782px) 100vw, 782px\" \/><\/a> <a href=\"https:\/\/blogsaverroes.juntadeandalucia.es\/ceippalaciosrubio\/files\/2024\/03\/photo_2024-03-21_13-41-20.jpg\"><img loading=\"lazy\" decoding=\"async\" class=\"alignnone size-large wp-image-10929\" src=\"https:\/\/blogsaverroes.juntadeandalucia.es\/ceippalaciosrubio\/files\/2024\/03\/photo_2024-03-21_13-41-20-1024x768.jpg\" alt=\"\" width=\"782\" height=\"587\" srcset=\"https:\/\/blogsaverroes.juntadeandalucia.es\/ceippalaciosrubio\/files\/2024\/03\/photo_2024-03-21_13-41-20-1024x768.jpg 1024w, https:\/\/blogsaverroes.juntadeandalucia.es\/ceippalaciosrubio\/files\/2024\/03\/photo_2024-03-21_13-41-20-300x225.jpg 300w, https:\/\/blogsaverroes.juntadeandalucia.es\/ceippalaciosrubio\/files\/2024\/03\/photo_2024-03-21_13-41-20-768x576.jpg 768w, https:\/\/blogsaverroes.juntadeandalucia.es\/ceippalaciosrubio\/files\/2024\/03\/photo_2024-03-21_13-41-20.jpg 1280w\" sizes=\"(max-width: 782px) 100vw, 782px\" \/><\/a> <a href=\"https:\/\/blogsaverroes.juntadeandalucia.es\/ceippalaciosrubio\/files\/2024\/03\/photo_2024-03-21_13-39-02.jpg\"><img loading=\"lazy\" decoding=\"async\" class=\"alignnone size-large wp-image-10930\" src=\"https:\/\/blogsaverroes.juntadeandalucia.es\/ceippalaciosrubio\/files\/2024\/03\/photo_2024-03-21_13-39-02-1024x768.jpg\" alt=\"\" width=\"782\" height=\"587\" srcset=\"https:\/\/blogsaverroes.juntadeandalucia.es\/ceippalaciosrubio\/files\/2024\/03\/photo_2024-03-21_13-39-02-1024x768.jpg 1024w, https:\/\/blogsaverroes.juntadeandalucia.es\/ceippalaciosrubio\/files\/2024\/03\/photo_2024-03-21_13-39-02-300x225.jpg 300w, https:\/\/blogsaverroes.juntadeandalucia.es\/ceippalaciosrubio\/files\/2024\/03\/photo_2024-03-21_13-39-02-768x576.jpg 768w, https:\/\/blogsaverroes.juntadeandalucia.es\/ceippalaciosrubio\/files\/2024\/03\/photo_2024-03-21_13-39-02.jpg 1280w\" sizes=\"(max-width: 782px) 100vw, 782px\" \/><\/a> <a href=\"https:\/\/blogsaverroes.juntadeandalucia.es\/ceippalaciosrubio\/files\/2024\/03\/photo_2024-03-21_13-38-59.jpg\"><img loading=\"lazy\" decoding=\"async\" class=\"alignnone size-large wp-image-10931\" src=\"https:\/\/blogsaverroes.juntadeandalucia.es\/ceippalaciosrubio\/files\/2024\/03\/photo_2024-03-21_13-38-59-768x1024.jpg\" alt=\"\" width=\"768\" height=\"1024\" srcset=\"https:\/\/blogsaverroes.juntadeandalucia.es\/ceippalaciosrubio\/files\/2024\/03\/photo_2024-03-21_13-38-59-768x1024.jpg 768w, https:\/\/blogsaverroes.juntadeandalucia.es\/ceippalaciosrubio\/files\/2024\/03\/photo_2024-03-21_13-38-59-225x300.jpg 225w, https:\/\/blogsaverroes.juntadeandalucia.es\/ceippalaciosrubio\/files\/2024\/03\/photo_2024-03-21_13-38-59.jpg 960w\" sizes=\"(max-width: 768px) 100vw, 768px\" \/><\/a> <a href=\"https:\/\/blogsaverroes.juntadeandalucia.es\/ceippalaciosrubio\/files\/2024\/03\/photo_2024-03-21_13-38-56.jpg\"><img loading=\"lazy\" decoding=\"async\" class=\"alignnone size-large wp-image-10932\" src=\"https:\/\/blogsaverroes.juntadeandalucia.es\/ceippalaciosrubio\/files\/2024\/03\/photo_2024-03-21_13-38-56-1024x768.jpg\" alt=\"\" width=\"782\" height=\"587\" srcset=\"https:\/\/blogsaverroes.juntadeandalucia.es\/ceippalaciosrubio\/files\/2024\/03\/photo_2024-03-21_13-38-56-1024x768.jpg 1024w, https:\/\/blogsaverroes.juntadeandalucia.es\/ceippalaciosrubio\/files\/2024\/03\/photo_2024-03-21_13-38-56-300x225.jpg 300w, https:\/\/blogsaverroes.juntadeandalucia.es\/ceippalaciosrubio\/files\/2024\/03\/photo_2024-03-21_13-38-56-768x576.jpg 768w, https:\/\/blogsaverroes.juntadeandalucia.es\/ceippalaciosrubio\/files\/2024\/03\/photo_2024-03-21_13-38-56.jpg 1280w\" sizes=\"(max-width: 782px) 100vw, 782px\" \/><\/a> <a href=\"https:\/\/blogsaverroes.juntadeandalucia.es\/ceippalaciosrubio\/files\/2024\/03\/photo_2024-03-21_13-38-53.jpg\"><img loading=\"lazy\" decoding=\"async\" class=\"alignnone size-large wp-image-10933\" src=\"https:\/\/blogsaverroes.juntadeandalucia.es\/ceippalaciosrubio\/files\/2024\/03\/photo_2024-03-21_13-38-53-1024x768.jpg\" alt=\"\" width=\"782\" height=\"587\" srcset=\"https:\/\/blogsaverroes.juntadeandalucia.es\/ceippalaciosrubio\/files\/2024\/03\/photo_2024-03-21_13-38-53-1024x768.jpg 1024w, https:\/\/blogsaverroes.juntadeandalucia.es\/ceippalaciosrubio\/files\/2024\/03\/photo_2024-03-21_13-38-53-300x225.jpg 300w, https:\/\/blogsaverroes.juntadeandalucia.es\/ceippalaciosrubio\/files\/2024\/03\/photo_2024-03-21_13-38-53-768x576.jpg 768w, https:\/\/blogsaverroes.juntadeandalucia.es\/ceippalaciosrubio\/files\/2024\/03\/photo_2024-03-21_13-38-53.jpg 1280w\" sizes=\"(max-width: 782px) 100vw, 782px\" \/><\/a> <a href=\"https:\/\/blogsaverroes.juntadeandalucia.es\/ceippalaciosrubio\/files\/2024\/03\/photo_2024-03-21_13-38-51.jpg\"><img loading=\"lazy\" decoding=\"async\" class=\"alignnone size-large wp-image-10934\" src=\"https:\/\/blogsaverroes.juntadeandalucia.es\/ceippalaciosrubio\/files\/2024\/03\/photo_2024-03-21_13-38-51-768x1024.jpg\" alt=\"\" width=\"768\" height=\"1024\" srcset=\"https:\/\/blogsaverroes.juntadeandalucia.es\/ceippalaciosrubio\/files\/2024\/03\/photo_2024-03-21_13-38-51-768x1024.jpg 768w, https:\/\/blogsaverroes.juntadeandalucia.es\/ceippalaciosrubio\/files\/2024\/03\/photo_2024-03-21_13-38-51-225x300.jpg 225w, https:\/\/blogsaverroes.juntadeandalucia.es\/ceippalaciosrubio\/files\/2024\/03\/photo_2024-03-21_13-38-51.jpg 960w\" sizes=\"(max-width: 768px) 100vw, 768px\" \/><\/a> <a href=\"https:\/\/blogsaverroes.juntadeandalucia.es\/ceippalaciosrubio\/files\/2024\/03\/photo_2024-03-21_13-38-48.jpg\"><img loading=\"lazy\" decoding=\"async\" class=\"alignnone size-large wp-image-10935\" src=\"https:\/\/blogsaverroes.juntadeandalucia.es\/ceippalaciosrubio\/files\/2024\/03\/photo_2024-03-21_13-38-48-768x1024.jpg\" alt=\"\" width=\"768\" height=\"1024\" srcset=\"https:\/\/blogsaverroes.juntadeandalucia.es\/ceippalaciosrubio\/files\/2024\/03\/photo_2024-03-21_13-38-48-768x1024.jpg 768w, https:\/\/blogsaverroes.juntadeandalucia.es\/ceippalaciosrubio\/files\/2024\/03\/photo_2024-03-21_13-38-48-225x300.jpg 225w, https:\/\/blogsaverroes.juntadeandalucia.es\/ceippalaciosrubio\/files\/2024\/03\/photo_2024-03-21_13-38-48.jpg 960w\" sizes=\"(max-width: 768px) 100vw, 768px\" \/><\/a> <a href=\"https:\/\/blogsaverroes.juntadeandalucia.es\/ceippalaciosrubio\/files\/2024\/03\/photo_2024-03-21_13-38-46.jpg\"><img loading=\"lazy\" decoding=\"async\" class=\"alignnone size-large wp-image-10936\" src=\"https:\/\/blogsaverroes.juntadeandalucia.es\/ceippalaciosrubio\/files\/2024\/03\/photo_2024-03-21_13-38-46-1024x768.jpg\" alt=\"\" width=\"782\" height=\"587\" srcset=\"https:\/\/blogsaverroes.juntadeandalucia.es\/ceippalaciosrubio\/files\/2024\/03\/photo_2024-03-21_13-38-46-1024x768.jpg 1024w, https:\/\/blogsaverroes.juntadeandalucia.es\/ceippalaciosrubio\/files\/2024\/03\/photo_2024-03-21_13-38-46-300x225.jpg 300w, https:\/\/blogsaverroes.juntadeandalucia.es\/ceippalaciosrubio\/files\/2024\/03\/photo_2024-03-21_13-38-46-768x576.jpg 768w, https:\/\/blogsaverroes.juntadeandalucia.es\/ceippalaciosrubio\/files\/2024\/03\/photo_2024-03-21_13-38-46.jpg 1280w\" sizes=\"(max-width: 782px) 100vw, 782px\" \/><\/a> <a href=\"https:\/\/blogsaverroes.juntadeandalucia.es\/ceippalaciosrubio\/files\/2024\/03\/photo_2024-03-21_13-38-43.jpg\"><img loading=\"lazy\" decoding=\"async\" class=\"alignnone size-large wp-image-10937\" src=\"https:\/\/blogsaverroes.juntadeandalucia.es\/ceippalaciosrubio\/files\/2024\/03\/photo_2024-03-21_13-38-43-1024x768.jpg\" alt=\"\" width=\"782\" height=\"587\" srcset=\"https:\/\/blogsaverroes.juntadeandalucia.es\/ceippalaciosrubio\/files\/2024\/03\/photo_2024-03-21_13-38-43-1024x768.jpg 1024w, https:\/\/blogsaverroes.juntadeandalucia.es\/ceippalaciosrubio\/files\/2024\/03\/photo_2024-03-21_13-38-43-300x225.jpg 300w, https:\/\/blogsaverroes.juntadeandalucia.es\/ceippalaciosrubio\/files\/2024\/03\/photo_2024-03-21_13-38-43-768x576.jpg 768w, https:\/\/blogsaverroes.juntadeandalucia.es\/ceippalaciosrubio\/files\/2024\/03\/photo_2024-03-21_13-38-43.jpg 1280w\" sizes=\"(max-width: 782px) 100vw, 782px\" \/><\/a> <a href=\"https:\/\/blogsaverroes.juntadeandalucia.es\/ceippalaciosrubio\/files\/2024\/03\/photo_2024-03-21_13-38-41.jpg\"><img loading=\"lazy\" decoding=\"async\" class=\"alignnone size-large wp-image-10938\" src=\"https:\/\/blogsaverroes.juntadeandalucia.es\/ceippalaciosrubio\/files\/2024\/03\/photo_2024-03-21_13-38-41-1024x768.jpg\" alt=\"\" width=\"782\" height=\"587\" srcset=\"https:\/\/blogsaverroes.juntadeandalucia.es\/ceippalaciosrubio\/files\/2024\/03\/photo_2024-03-21_13-38-41-1024x768.jpg 1024w, https:\/\/blogsaverroes.juntadeandalucia.es\/ceippalaciosrubio\/files\/2024\/03\/photo_2024-03-21_13-38-41-300x225.jpg 300w, https:\/\/blogsaverroes.juntadeandalucia.es\/ceippalaciosrubio\/files\/2024\/03\/photo_2024-03-21_13-38-41-768x576.jpg 768w, https:\/\/blogsaverroes.juntadeandalucia.es\/ceippalaciosrubio\/files\/2024\/03\/photo_2024-03-21_13-38-41.jpg 1280w\" sizes=\"(max-width: 782px) 100vw, 782px\" \/><\/a> <a href=\"https:\/\/blogsaverroes.juntadeandalucia.es\/ceippalaciosrubio\/files\/2024\/03\/photo_2024-03-21_13-38-39.jpg\"><img loading=\"lazy\" decoding=\"async\" class=\"alignnone size-large wp-image-10939\" src=\"https:\/\/blogsaverroes.juntadeandalucia.es\/ceippalaciosrubio\/files\/2024\/03\/photo_2024-03-21_13-38-39-1024x768.jpg\" alt=\"\" width=\"782\" height=\"587\" srcset=\"https:\/\/blogsaverroes.juntadeandalucia.es\/ceippalaciosrubio\/files\/2024\/03\/photo_2024-03-21_13-38-39-1024x768.jpg 1024w, https:\/\/blogsaverroes.juntadeandalucia.es\/ceippalaciosrubio\/files\/2024\/03\/photo_2024-03-21_13-38-39-300x225.jpg 300w, https:\/\/blogsaverroes.juntadeandalucia.es\/ceippalaciosrubio\/files\/2024\/03\/photo_2024-03-21_13-38-39-768x576.jpg 768w, https:\/\/blogsaverroes.juntadeandalucia.es\/ceippalaciosrubio\/files\/2024\/03\/photo_2024-03-21_13-38-39.jpg 1280w\" sizes=\"(max-width: 782px) 100vw, 782px\" \/><\/a><\/p>\n","protected":false},"excerpt":{"rendered":"<p>Visita del alumnado de tercero de primaria a los lugares emblem\u00e1ticos de nuestro pueblo, a la antigua c\u00e1rcel y al museo de la mano de Pedro Ramos que nos ha inundado con su sabidur\u00eda&#46;&#46;&#46;<\/p>\n","protected":false},"author":11766,"featured_media":0,"parent":0,"menu_order":0,"comment_status":"closed","ping_status":"closed","template":"","meta":{"ngg_post_thumbnail":0,"footnotes":"","_mc_calendar":[]},"aioseo_notices":[],"_links":{"self":[{"href":"https:\/\/blogsaverroes.juntadeandalucia.es\/ceippalaciosrubio\/wp-json\/wp\/v2\/pages\/10925"}],"collection":[{"href":"https:\/\/blogsaverroes.juntadeandalucia.es\/ceippalaciosrubio\/wp-json\/wp\/v2\/pages"}],"about":[{"href":"https:\/\/blogsaverroes.juntadeandalucia.es\/ceippalaciosrubio\/wp-json\/wp\/v2\/types\/page"}],"author":[{"embeddable":true,"href":"https:\/\/blogsaverroes.juntadeandalucia.es\/ceippalaciosrubio\/wp-json\/wp\/v2\/users\/11766"}],"replies":[{"embeddable":true,"href":"https:\/\/blogsaverroes.juntadeandalucia.es\/ceippalaciosrubio\/wp-json\/wp\/v2\/comments?post=10925"}],"version-history":[{"count":2,"href":"https:\/\/blogsaverroes.juntadeandalucia.es\/ceippalaciosrubio\/wp-json\/wp\/v2\/pages\/10925\/revisions"}],"predecessor-version":[{"id":10942,"href":"https:\/\/blogsaverroes.juntadeandalucia.es\/ceippalaciosrubio\/wp-json\/wp\/v2\/pages\/10925\/revisions\/10942"}],"wp:attachment":[{"href":"https:\/\/blogsaverroes.juntadeandalucia.es\/ceippalaciosrubio\/wp-json\/wp\/v2\/media?parent=10925"}],"curies":[{"name":"wp","href":"https:\/\/api.w.org\/{rel}","templated":true}]}}