{"id":10943,"date":"2024-03-21T12:52:45","date_gmt":"2024-03-21T12:52:45","guid":{"rendered":"https:\/\/blogsaverroes.juntadeandalucia.es\/ceippalaciosrubio\/?page_id=10943"},"modified":"2024-03-21T12:53:09","modified_gmt":"2024-03-21T12:53:09","slug":"ajedrez","status":"publish","type":"page","link":"https:\/\/blogsaverroes.juntadeandalucia.es\/ceippalaciosrubio\/ajedrez\/","title":{"rendered":"Ajedrez"},"content":{"rendered":"<p>Los viernes tenemos una cita con el Ajedrez dentro del Programa que tiene el centro Investiga y descubre. Nos lo pasamos fenomenal y ejercitamos el m\u00fasculo m\u00e1s importante de nuestro cuerpo el cerebro entre risas y movimientos estrat\u00e9gicos.<\/p>\n<p><a href=\"https:\/\/blogsaverroes.juntadeandalucia.es\/ceippalaciosrubio\/files\/2024\/03\/photo_2024-03-21_13-41-34.jpg\"><img loading=\"lazy\" decoding=\"async\" class=\"alignnone size-large wp-image-10944\" src=\"https:\/\/blogsaverroes.juntadeandalucia.es\/ceippalaciosrubio\/files\/2024\/03\/photo_2024-03-21_13-41-34-1024x768.jpg\" alt=\"\" width=\"782\" height=\"587\" srcset=\"https:\/\/blogsaverroes.juntadeandalucia.es\/ceippalaciosrubio\/files\/2024\/03\/photo_2024-03-21_13-41-34-1024x768.jpg 1024w, https:\/\/blogsaverroes.juntadeandalucia.es\/ceippalaciosrubio\/files\/2024\/03\/photo_2024-03-21_13-41-34-300x225.jpg 300w, https:\/\/blogsaverroes.juntadeandalucia.es\/ceippalaciosrubio\/files\/2024\/03\/photo_2024-03-21_13-41-34-768x576.jpg 768w, https:\/\/blogsaverroes.juntadeandalucia.es\/ceippalaciosrubio\/files\/2024\/03\/photo_2024-03-21_13-41-34.jpg 1280w\" sizes=\"(max-width: 782px) 100vw, 782px\" \/><\/a> <a href=\"https:\/\/blogsaverroes.juntadeandalucia.es\/ceippalaciosrubio\/files\/2024\/03\/photo_2024-03-21_13-41-32.jpg\"><img loading=\"lazy\" decoding=\"async\" class=\"alignnone size-large wp-image-10945\" src=\"https:\/\/blogsaverroes.juntadeandalucia.es\/ceippalaciosrubio\/files\/2024\/03\/photo_2024-03-21_13-41-32-1024x768.jpg\" alt=\"\" width=\"782\" height=\"587\" srcset=\"https:\/\/blogsaverroes.juntadeandalucia.es\/ceippalaciosrubio\/files\/2024\/03\/photo_2024-03-21_13-41-32-1024x768.jpg 1024w, https:\/\/blogsaverroes.juntadeandalucia.es\/ceippalaciosrubio\/files\/2024\/03\/photo_2024-03-21_13-41-32-300x225.jpg 300w, https:\/\/blogsaverroes.juntadeandalucia.es\/ceippalaciosrubio\/files\/2024\/03\/photo_2024-03-21_13-41-32-768x576.jpg 768w, https:\/\/blogsaverroes.juntadeandalucia.es\/ceippalaciosrubio\/files\/2024\/03\/photo_2024-03-21_13-41-32.jpg 1280w\" sizes=\"(max-width: 782px) 100vw, 782px\" \/><\/a> <a href=\"https:\/\/blogsaverroes.juntadeandalucia.es\/ceippalaciosrubio\/files\/2024\/03\/photo_2024-03-21_13-41-30.jpg\"><img loading=\"lazy\" decoding=\"async\" class=\"alignnone size-large wp-image-10946\" src=\"https:\/\/blogsaverroes.juntadeandalucia.es\/ceippalaciosrubio\/files\/2024\/03\/photo_2024-03-21_13-41-30-1024x768.jpg\" alt=\"\" width=\"782\" height=\"587\" srcset=\"https:\/\/blogsaverroes.juntadeandalucia.es\/ceippalaciosrubio\/files\/2024\/03\/photo_2024-03-21_13-41-30-1024x768.jpg 1024w, https:\/\/blogsaverroes.juntadeandalucia.es\/ceippalaciosrubio\/files\/2024\/03\/photo_2024-03-21_13-41-30-300x225.jpg 300w, https:\/\/blogsaverroes.juntadeandalucia.es\/ceippalaciosrubio\/files\/2024\/03\/photo_2024-03-21_13-41-30-768x576.jpg 768w, https:\/\/blogsaverroes.juntadeandalucia.es\/ceippalaciosrubio\/files\/2024\/03\/photo_2024-03-21_13-41-30.jpg 1280w\" sizes=\"(max-width: 782px) 100vw, 782px\" \/><\/a><\/p>\n","protected":false},"excerpt":{"rendered":"<p>Los viernes tenemos una cita con el Ajedrez dentro del Programa que tiene el centro Investiga y descubre. Nos lo pasamos fenomenal y ejercitamos el m\u00fasculo m\u00e1s importante de nuestro cuerpo el cerebro entre&#46;&#46;&#46;<\/p>\n","protected":false},"author":11766,"featured_media":0,"parent":0,"menu_order":0,"comment_status":"closed","ping_status":"closed","template":"","meta":{"ngg_post_thumbnail":0,"footnotes":"","_mc_calendar":[]},"aioseo_notices":[],"_links":{"self":[{"href":"https:\/\/blogsaverroes.juntadeandalucia.es\/ceippalaciosrubio\/wp-json\/wp\/v2\/pages\/10943"}],"collection":[{"href":"https:\/\/blogsaverroes.juntadeandalucia.es\/ceippalaciosrubio\/wp-json\/wp\/v2\/pages"}],"about":[{"href":"https:\/\/blogsaverroes.juntadeandalucia.es\/ceippalaciosrubio\/wp-json\/wp\/v2\/types\/page"}],"author":[{"embeddable":true,"href":"https:\/\/blogsaverroes.juntadeandalucia.es\/ceippalaciosrubio\/wp-json\/wp\/v2\/users\/11766"}],"replies":[{"embeddable":true,"href":"https:\/\/blogsaverroes.juntadeandalucia.es\/ceippalaciosrubio\/wp-json\/wp\/v2\/comments?post=10943"}],"version-history":[{"count":1,"href":"https:\/\/blogsaverroes.juntadeandalucia.es\/ceippalaciosrubio\/wp-json\/wp\/v2\/pages\/10943\/revisions"}],"predecessor-version":[{"id":10948,"href":"https:\/\/blogsaverroes.juntadeandalucia.es\/ceippalaciosrubio\/wp-json\/wp\/v2\/pages\/10943\/revisions\/10948"}],"wp:attachment":[{"href":"https:\/\/blogsaverroes.juntadeandalucia.es\/ceippalaciosrubio\/wp-json\/wp\/v2\/media?parent=10943"}],"curies":[{"name":"wp","href":"https:\/\/api.w.org\/{rel}","templated":true}]}}