{"id":77,"date":"2015-03-16T06:54:56","date_gmt":"2015-03-16T06:54:56","guid":{"rendered":"http:\/\/blogsaverroes.juntadeandalucia.es\/pre\/ceip\/?page_id=77"},"modified":"2021-05-20T12:50:54","modified_gmt":"2021-05-20T12:50:54","slug":"secretaria","status":"publish","type":"page","link":"https:\/\/blogsaverroes.juntadeandalucia.es\/ceippalaciosrubio\/secretaria\/","title":{"rendered":"Secretar\u00eda"},"content":{"rendered":"<p><a href=\"https:\/\/blogsaverroes.juntadeandalucia.es\/ceippalaciosrubio\/files\/2021\/05\/ESCUDO-COLEGIO-NUEVO-JPG.jpg\"><img loading=\"lazy\" decoding=\"async\" class=\"wp-image-5583 aligncenter\" src=\"https:\/\/blogsaverroes.juntadeandalucia.es\/ceippalaciosrubio\/files\/2021\/05\/ESCUDO-COLEGIO-NUEVO-JPG-300x286.jpg\" alt=\"\" width=\"137\" height=\"165\"><\/a><\/p>\n<p><em>La <strong>Secretar\u00eda<\/strong> desarrolla muchas funciones importantes en la vida de un centro, especialmente en la relaci\u00f3n que mantiene con las familias en los diferentes tr\u00e1mites administrativos a lo largo de la escolarizaci\u00f3n: admisi\u00f3n, matr\u00edcula, comedor escolar, becas, etc.<\/em><\/p>\n<h5 style=\"text-align: center\"><a href=\"https:\/\/www.juntadeandalucia.es\/educacion\/secretariavirtual\/\" target=\"_blank\" rel=\"noopener noreferrer\"><img loading=\"lazy\" decoding=\"async\" class=\"aligncenter wp-image-5582 size-medium\" src=\"https:\/\/blogsaverroes.juntadeandalucia.es\/ceippalaciosrubio\/files\/2021\/05\/SECRETARIA-VIRTUAL-300x76.jpg\" alt=\"\" width=\"300\" height=\"76\" srcset=\"https:\/\/blogsaverroes.juntadeandalucia.es\/ceippalaciosrubio\/files\/2021\/05\/SECRETARIA-VIRTUAL-300x76.jpg 300w, https:\/\/blogsaverroes.juntadeandalucia.es\/ceippalaciosrubio\/files\/2021\/05\/SECRETARIA-VIRTUAL-768x195.jpg 768w, https:\/\/blogsaverroes.juntadeandalucia.es\/ceippalaciosrubio\/files\/2021\/05\/SECRETARIA-VIRTUAL.jpg 784w\" sizes=\"(max-width: 300px) 100vw, 300px\" \/><\/a><a href=\"https:\/\/www.juntadeandalucia.es\/educacion\/secretariavirtual\/\" target=\"_blank\" rel=\"noopener noreferrer\">SECRETAR\u00cdA VIRTUAL DE LA CONSEJER\u00cdA DE EDUCACI\u00d3N<\/a><\/h5>\n<h5 class=\"panel-title\" style=\"text-align: center\"><a href=\"https:\/\/www.juntadeandalucia.es\/educacion\/secretariavirtual\/accesoTramite\/462\/\" target=\"_blank\" rel=\"noopener noreferrer\">Acceso a Presentaci\u00f3n Electr\u00f3nica General en Centros Educativos.<\/a><\/h5>\n<hr>\n<h3 style=\"text-align: center\"><strong><a href=\"https:\/\/portals.ced.junta-andalucia.es\/educacion\/portals\/web\/escolarizacion\/inicio\" target=\"_blank\" rel=\"noopener noreferrer\">Portal de Escolarizaci\u00f3n&nbsp; 2021-2022<\/a><\/strong><\/h3>\n<div id=\"column-1\" class=\"span9 portlet-column portlet-column-first\">\n<div id=\"column-insert-content-responsive-main\">\n<div id=\"column-content-responsive\" class=\"portlet-column portlet-column-only\">\n<div id=\"layout-column_column-1\" class=\"portlet-dropzone portlet-column-content portlet-column-content-only\">\n<div id=\"p_p_id_ABACO_AGENDA_WAR_abacoportlet_\" class=\"portlet-boundary portlet-boundary_ABACO_AGENDA_WAR_abacoportlet_ portlet-static portlet-static-end \">\n<section id=\"portlet_ABACO_AGENDA_WAR_abacoportlet\" class=\"portlet\">\n<header class=\"portlet-topper\">\n<h3 class=\"portlet-title\" style=\"text-align: center\"><span style=\"text-decoration: underline\"><span class=\"portlet-title-text\" style=\"color: #000080;text-decoration: underline\">CALENDARIO<\/span><\/span><\/h3>\n<menu id=\"portlet-topper-toolbar_ABACO_AGENDA_WAR_abacoportlet\" class=\"portlet-topper-toolbar\" type=\"toolbar\"><\/menu>\n<\/header>\n<div class=\"portlet-content\">\n<div class=\" portlet-content-container\">\n<div class=\"portlet-body\">\n<div class=\"contenido_portlet \">\n<div class=\"portlet_agenda\">\n<div class=\"listado_view_normal\">\n<div class=\"agenda-anual-normal\">\n<h5 class=\"titulo-year\" style=\"text-align: left\"><span style=\"color: #000080\"><em><span class=\"literal-year\">A\u00f1o<\/span> 2021<\/em><\/span><\/h5>\n<h3 class=\"titulo\"><span style=\"text-decoration: underline\"><span style=\"color: #000080\"><em><span class=\"fecha-mes\">marzo<\/span><\/em><\/span><\/span><\/h3>\n<ul class=\"listado mensual-eventos\">\n<li class=\"item item_listado clearfix \">\n<div class=\"inner-item evento evento-normal\">\n<div class=\"calendar-evento\">\n<div class=\"calendar-evento-dia\"><span style=\"color: #000080\"><em><span class=\"fecha-dia\">01 <\/span><\/em><\/span><span style=\"color: #000080\"><em><span class=\"fecha-mes\">lunes<\/span><\/em><\/span><\/div>\n<\/div>\n<div class=\"content-evento contenido_titulo\">\n<div class=\"titulo\"><span style=\"color: #000080\"><em>Presentaci\u00f3n de solicitudes<\/em><\/span><\/div>\n<div class=\"wrapper_fecha\">\n<p class=\"fecha\"><span style=\"color: #000080\"><em><span class=\"texto\">Del<\/span> <strong><span class=\"fecha-dia\">01<\/span><\/strong> <span class=\"texto\">al<\/span> <strong><span class=\"fecha-dia\">31<\/span> <span class=\"texto\">de<\/span> <span class=\"fecha-mes\">marzo<\/span> <span class=\"texto\">de<\/span> <span class=\"fecha-anyo\">2021<\/span><\/strong><\/em><\/span><\/p>\n<\/div>\n<\/div>\n<\/div>\n<\/li>\n<\/ul>\n<h3 class=\"titulo\"><span style=\"text-decoration: underline\"><span style=\"color: #000080\"><em><span class=\"fecha-mes\">abril<\/span><\/em><\/span><\/span><\/h3>\n<ul class=\"listado mensual-eventos\">\n<li class=\"item item_listado clearfix \">\n<div class=\"inner-item evento evento-normal\">\n<div class=\"calendar-evento\">\n<div class=\"calendar-evento-dia\"><span style=\"color: #000080\"><em><span class=\"fecha-dia\">07 <\/span><\/em><\/span><span style=\"color: #000080\"><em><span class=\"fecha-mes\">mi\u00e9rcoles<\/span><\/em><\/span><\/div>\n<\/div>\n<div class=\"content-evento contenido_titulo\">\n<div class=\"titulo\"><span style=\"color: #000080\"><em>Relaci\u00f3n baremada del alumnado solicitante<\/em><\/span><\/div>\n<div class=\"wrapper_fecha\">\n<p class=\"fecha\"><span style=\"color: #000080\"><em><span class=\"texto\">Del<\/span> <strong><span class=\"fecha-dia\">07<\/span><\/strong> <span class=\"texto\">al<\/span> <strong><span class=\"fecha-dia\">14<\/span> <span class=\"texto\">de<\/span> <span class=\"fecha-mes\">abril<\/span> <span class=\"texto\">de<\/span> <span class=\"fecha-anyo\">2021<\/span><\/strong><\/em><\/span><\/p>\n<\/div>\n<\/div>\n<\/div>\n<\/li>\n<li class=\"item item_listado clearfix \">\n<div class=\"inner-item evento evento-normal\">\n<div class=\"calendar-evento\">\n<div class=\"calendar-evento-dia\"><span style=\"color: #000080\"><em><span class=\"fecha-dia\">15 <\/span><\/em><\/span><span style=\"color: #000080\"><em><span class=\"fecha-mes\">jueves<\/span><\/em><\/span><\/div>\n<\/div>\n<div class=\"content-evento contenido_titulo\">\n<div class=\"titulo\"><span style=\"color: #000080\"><em><a style=\"color: #000080\" title=\"Ir al detalle del evento: Admisi\u00f3n 2021 Infantil-bachillerato. Tr\u00e1mite de audiencia (10 d\u00edas lectivos)\" href=\"https:\/\/www.juntadeandalucia.es\/educacion\/portals\/web\/escolarizacion\/infantil-a-bachillerato\/calendario\/-\/agenda\/detalle\/admision-2021-infantil-bachillerato-tramite-de-audiencia-10-dias-lectivos\">Tr\u00e1mite de audiencia (10 d\u00edas lectivos) <\/a><\/em><\/span><\/div>\n<p class=\"resumen\"><span style=\"color: #000080\"><em>10 d\u00edas lectivos<\/em><\/span><\/p>\n<div class=\"wrapper_fecha\">\n<p class=\"fecha\"><span style=\"color: #000080\"><em><span class=\"texto\">Del<\/span> <strong><span class=\"fecha-dia\">15<\/span> <span class=\"texto\">de<\/span> <span class=\"fecha-mes\">abril<\/span> <span class=\"texto\">de<\/span> <span class=\"fecha-anyo\">2021<\/span><\/strong> <span class=\"texto\">al<\/span> <strong> <span class=\"texto\">de<\/span> <span class=\"texto\">de<\/span> <\/strong><\/em><\/span><\/p>\n<\/div>\n<\/div>\n<\/div>\n<\/li>\n<\/ul>\n<h3 class=\"titulo\"><span style=\"text-decoration: underline\"><span style=\"color: #000080\"><em><span class=\"fecha-mes\">mayo<\/span><\/em><\/span><\/span><\/h3>\n<ul class=\"listado mensual-eventos\">\n<li class=\"item item_listado clearfix \">\n<div class=\"inner-item evento evento-normal\">\n<div class=\"calendar-evento\">\n<div class=\"calendar-evento-dia\"><span style=\"color: #000080\"><em><span class=\"fecha-dia\">10 <\/span><\/em><\/span><span style=\"color: #000080\"><em><span class=\"fecha-mes\">lunes<\/span><\/em><\/span><\/div>\n<\/div>\n<div class=\"content-evento contenido_titulo\">\n<div class=\"titulo\"><span style=\"color: #000080\"><em>Sorteo p\u00fablico para dirimir empates<\/em><\/span><\/div>\n<div class=\"wrapper_fecha\">\n<p class=\"fecha\"><span style=\"color: #000080\"><em><strong><span class=\"fecha-dia\">10<\/span> <span class=\"texto\">de<\/span> <span class=\"fecha-mes\">mayo<\/span> <span class=\"texto\">de<\/span> <span class=\"fecha-anyo\">2021<\/span><\/strong><\/em><\/span><\/p>\n<\/div>\n<\/div>\n<\/div>\n<\/li>\n<li class=\"item item_listado clearfix \">\n<div class=\"inner-item evento evento-normal\">\n<div class=\"calendar-evento\">\n<div class=\"calendar-evento-dia\"><span style=\"color: #000080\"><em><span class=\"fecha-dia\">11 <\/span><\/em><\/span><span style=\"color: #000080\"><em><span class=\"fecha-mes\">martes<\/span><\/em><\/span><\/div>\n<\/div>\n<div class=\"content-evento contenido_titulo\">\n<div class=\"titulo\"><span style=\"color: #000080\"><em>Publicaci\u00f3n de la Resoluci\u00f3n del procedimiento de admisi\u00f3n<\/em><\/span><\/div>\n<div class=\"wrapper_fecha\">\n<p class=\"fecha\"><span style=\"color: #000080\"><em><strong><span class=\"fecha-dia\">11<\/span> <span class=\"texto\">de<\/span> <span class=\"fecha-mes\">mayo<\/span> <span class=\"texto\">de<\/span> <span class=\"fecha-anyo\">2021<\/span><\/strong><\/em><\/span><\/p>\n<\/div>\n<\/div>\n<\/div>\n<\/li>\n<li class=\"item item_listado clearfix \">\n<div class=\"inner-item evento evento-normal\">\n<div class=\"calendar-evento\">\n<div class=\"calendar-evento-dia\"><span style=\"color: #000080\"><em><span class=\"fecha-dia\">21 viernes<\/span><\/em><\/span><\/div>\n<\/div>\n<div class=\"content-evento contenido_titulo\">\n<div class=\"titulo\"><span style=\"color: #000080\"><em>Publicaci\u00f3n de la Resoluci\u00f3n de adjudicaci\u00f3n de plaza del alumnado no admitido en el centro docente elegido como prioritario (reubicaci\u00f3n)<\/em><\/span><\/div>\n<div class=\"wrapper_fecha\">\n<p class=\"fecha\"><span style=\"color: #000080\"><em><strong><span class=\"fecha-dia\">21<\/span> <span class=\"texto\">de<\/span> <span class=\"fecha-mes\">mayo<\/span> <span class=\"texto\">de<\/span> <span class=\"fecha-anyo\">2021<\/span><\/strong><\/em><\/span><\/p>\n<\/div>\n<\/div>\n<\/div>\n<\/li>\n<li class=\"item item_listado clearfix \">\n<div class=\"inner-item evento evento-normal\">\n<div class=\"calendar-evento\">\n<div class=\"calendar-evento-dia\"><span style=\"color: #000080\"><em><span class=\"fecha-dia\">24 <\/span><\/em><\/span><span style=\"color: #000080\"><em><span class=\"fecha-mes\">lunes<\/span><\/em><\/span><\/div>\n<\/div>\n<div class=\"content-evento contenido_titulo\">\n<div class=\"titulo\"><span style=\"color: #000080\"><em>Reclamaciones\/recursos de alzada<\/em><\/span><\/div>\n<div class=\"wrapper_fecha\">\n<p class=\"fecha\"><span style=\"color: #000080\"><em><span class=\"texto\">Del<\/span> <strong><span class=\"fecha-dia\">24<\/span> <span class=\"texto\">de<\/span> <span class=\"fecha-mes\">mayo<\/span><\/strong> <span class=\"texto\">al<\/span> <strong><span class=\"fecha-dia\">23<\/span> <span class=\"texto\">de<\/span> <span class=\"fecha-mes\">junio<\/span> <span class=\"texto\">de<\/span> <span class=\"fecha-anyo\">2021<\/span><\/strong><\/em><\/span><\/p>\n<\/div>\n<\/div>\n<\/div>\n<\/li>\n<\/ul>\n<h3 class=\"titulo\"><span style=\"text-decoration: underline\"><span style=\"color: #000080\"><em><span class=\"fecha-mes\">junio<\/span><\/em><\/span><\/span><\/h3>\n<ul class=\"listado mensual-eventos\">\n<li class=\"item item_listado clearfix \">\n<div class=\"inner-item evento evento-normal\">\n<div class=\"calendar-evento\">\n<div class=\"calendar-evento-dia\"><span style=\"color: #000080\"><em><span class=\"fecha-dia\">01 <\/span><\/em><\/span><span style=\"color: #000080\"><em><span class=\"fecha-mes\">martes<\/span><\/em><\/span><\/div>\n<\/div>\n<div class=\"content-evento contenido_titulo\">\n<div class=\"titulo\"><span style=\"color: #000080\"><em>Plazo de matriculaci\u00f3n (segundo ciclo de educaci\u00f3n infantil, educaci\u00f3n primaria y educaci\u00f3n especial).<\/em><\/span><\/div>\n<div class=\"wrapper_fecha\">\n<p class=\"fecha\"><span style=\"color: #000080\"><em><span class=\"texto\">Del<\/span> <strong><span class=\"fecha-dia\">01<\/span><\/strong> <span class=\"texto\">al<\/span> <strong><span class=\"fecha-dia\">08<\/span> <span class=\"texto\">de<\/span> <span class=\"fecha-mes\">junio<\/span> <span class=\"texto\">de<\/span> <span class=\"fecha-anyo\">2021<\/span><\/strong><\/em><\/span><\/p>\n<\/div>\n<\/div>\n<\/div>\n<\/li>\n<\/ul>\n<section class=\"seccion-mes\">\n<h5 class=\"titulo\"><span style=\"text-decoration: underline\"><span style=\"color: #000080\"><em><span class=\"fecha-mes\">julio<\/span><\/em><\/span><\/span><\/h5>\n<div class=\"wrapper-listado\">\n<ul class=\"listado mensual-eventos\">\n<li class=\"item item_listado clearfix \">\n<div class=\"inner-item evento evento-normal\">\n<h5 class=\"calendar-evento-dia\"><span style=\"color: #000080\"><em><span class=\"fecha-dia\">01 <\/span><\/em><\/span><span style=\"color: #000080\"><em><span class=\"fecha-mes\">jueves<\/span><\/em><\/span><\/h5>\n<div class=\"content-evento contenido_titulo\">\n<h5><span style=\"color: #000080\"><em>Plazo de matriculaci\u00f3n (educaci\u00f3n secundaria obligatoria y bachillerato)<\/em><\/span><\/h5>\n<h5 class=\"wrapper_fecha\"><span style=\"color: #000080\"><em><span class=\"texto\">Del<\/span> <strong><span class=\"fecha-dia\">01<\/span><\/strong> <span class=\"texto\">al<\/span> <strong><span class=\"fecha-dia\">10<\/span> <span class=\"texto\">de<\/span> <span class=\"fecha-mes\">julio<\/span> <span class=\"texto\">de<\/span> <span class=\"fecha-anyo\">2021<\/span><\/strong><\/em><\/span><\/h5>\n<p>&nbsp;<\/p>\n<\/div>\n<\/div>\n<\/li>\n<\/ul>\n<\/div>\n<\/section>\n<\/div>\n<\/div>\n<\/div>\n<\/div>\n<\/div>\n<\/div>\n<\/div>\n<\/section>\n<\/div>\n<\/div>\n<\/div>\n<\/div>\n<\/div>\n<div id=\"column-2\" class=\"span3 portlet-column portlet-column-last small-column\">\n<div id=\"column-insert-content-responsive\" class=\"\">\n<div id=\"column-top-responsive\" class=\"column-top-responsive portlet-column portlet-column-only\">\n<div id=\"layout-column_column-2\" class=\"portlet-dropzone portlet-column-content portlet-column-content-only\">\n<div id=\"p_p_id_ABACO_MENU23_WAR_abacoportlet_\" class=\"portlet-boundary portlet-boundary_ABACO_MENU23_WAR_abacoportlet_ portlet-static portlet-static-end \">\n<section id=\"portlet_ABACO_MENU23_WAR_abacoportlet\" class=\"portlet\">\n<div class=\"portlet-content\">\n<div class=\" portlet-content-container\">\n<div class=\"portlet-body\">\n<div class=\"contenido_miniportlet\">\n<div class=\"miniportlet_menu23\">\n<div class=\"navbar\">\n<div class=\"navbar-inner\">\n<div class=\"container\">\n<div id=\"_ABACO_MENU23_WAR_abacoportlet_listado\" class=\"wrapper-listado nav-collapse collapse nav-collapse-responsive\">\n<ul class=\"listado nav \" role=\"navigation\">\n<li class=\"item \" style=\"text-align: left\">\n<h3 class=\"title\"><em><a class=\" noHasChild\" href=\"https:\/\/www.juntadeandalucia.es\/educacion\/portals\/web\/escolarizacion\/infantil-a-bachillerato\/impresos\"> Impresos<\/a><\/em><\/h3>\n<\/li>\n<li class=\"item \" style=\"text-align: left\">\n<h3 class=\"title\"><em><a class=\" noHasChild\" href=\"https:\/\/www.juntadeandalucia.es\/educacion\/portals\/web\/escolarizacion\/infantil-a-bachillerato\/normativa\"> Normativa<\/a><\/em><\/h3>\n<\/li>\n<li class=\"item selected open selected-current\" style=\"text-align: left\">\n<h3 class=\"title\"><em><a class=\" noHasChild\" href=\"https:\/\/www.juntadeandalucia.es\/educacion\/portals\/web\/escolarizacion\/infantil-a-bachillerato\/calendario\"> Calendario<\/a><\/em><\/h3>\n<\/li>\n<li class=\"item \" style=\"text-align: left\">\n<h3 class=\"title\"><em><a class=\" noHasChild\" href=\"https:\/\/www.juntadeandalucia.es\/educacion\/portals\/web\/escolarizacion\/infantil-a-bachillerato\/preguntas-frecuentes\"> Preguntas frecuentes<\/a><\/em><\/h3>\n<\/li>\n<li class=\"item \" style=\"text-align: left\">\n<h3 class=\"title\"><em><a class=\"enlaceExterior noHasChild\" href=\"https:\/\/www.juntadeandalucia.es\/educacion\/educasig\/escolarizacion\/\" target=\"_blank\" rel=\"noopener noreferrer\"> \u00c1reas de influencia<\/a><\/em><\/h3>\n<\/li>\n<li class=\"item \">\n<h3 class=\"title\" style=\"text-align: left\"><em><a class=\" noHasChild\" href=\"https:\/\/www.juntadeandalucia.es\/educacion\/portals\/web\/escolarizacion\/infantil-a-bachillerato\/autobaremo\"> Autobaremo<\/a><\/em><\/h3>\n<\/li>\n<\/ul>\n<\/div>\n<\/div>\n<\/div>\n<\/div>\n<\/div>\n<\/div>\n<\/div>\n<\/div>\n<\/div>\n<\/section>\n<\/div>\n<\/div>\n<\/div>\n<div id=\"column-bottom-responsive\" class=\"column-bottom-responsive portlet-column portlet-column-only\">\n<div id=\"layout-column_column-3\" class=\"portlet-dropzone portlet-column-content portlet-column-content-only\">\n<div id=\"p_p_id_ABACO_WEB_WAR_abacoportlet_INSTANCE_fDj65P1PJSYm_\" class=\"portlet-boundary portlet-boundary_ABACO_WEB_WAR_abacoportlet_ portlet-static portlet-static-end portlet-borderless \">\n<div class=\"portlet-borderless-container\">\n<div class=\"portlet-body\">\n<div class=\"contenido_portlet \">\n<div class=\"portlet_web\">\n<div class=\"detalle web\">\n<div class=\"contenido_detalle\">\n<section class=\"cuerpo detalle_html\">\n<div class=\"inner_cuerpo\">\n<p style=\"text-align: center\">&nbsp;Consulte centros y \u00e1reas de influencia<\/p>\n<p><a href=\"https:\/\/www.juntadeandalucia.es\/educacion\/portals\/web\/escolarizacion\/infantil-a-bachillerato\/consultas\"><img decoding=\"async\" class=\"aligncenter\" title=\"Consultas_areas_puntos_centros (mapa_andalucia2.gif)\" src=\"https:\/\/www.juntadeandalucia.es\/educacion\/portals\/ishare-servlet\/content\/ff398848-4c12-429c-afbd-f71941df6f20\" alt=\"Consultas_areas_puntos_centros (mapa_andalucia2.gif)\"><\/a><\/p>\n<\/div>\n<\/section>\n<\/div>\n<\/div>\n<\/div>\n<\/div>\n<\/div>\n<\/div>\n<\/div>\n<\/div>\n<\/div>\n<\/div>\n<\/div>\n<p>&nbsp;<\/p>\n<p>&nbsp;<\/p>\n<hr>\n<p style=\"text-align: center\"><span style=\"color: #000080\"><strong>IMPRESOS DE ADMISI\u00d3N<\/strong><\/span><\/p>\n<p><a href=\"https:\/\/blogsaverroes.juntadeandalucia.es\/ceippalaciosrubio\/files\/2021\/05\/ANEXO-III-Solicitud-admision.pdf\" target=\"_blank\" rel=\"noopener noreferrer\">(ANEXO III)-Solicitud de admisi\u00f3n en el segundo ciclo de educaci\u00f3n infantil y educaci\u00f3n primaria.<\/a><\/p>\n<p>(Utilizar este impreso s\u00f3lo para proceso ordinario de escolarizaci\u00f3n del 1 al 31 de marzo)<\/p>\n<p><a href=\"https:\/\/blogsaverroes.juntadeandalucia.es\/ceippalaciosrubio\/files\/2021\/05\/ANEXO-IX.pdf\" target=\"_blank\" rel=\"noopener noreferrer\">(ANEXO IX)-Solicitud procedimiento extraordinario de admisi\u00f3n.<\/a><\/p>\n<p>(Utilizar el resto del curso, cuando quiere solicitar un traslado de centro)<\/p>\n<hr>\n<p style=\"text-align: center\"><span style=\"color: #000080\"><strong>IMPRESOS DE MATRICULACI\u00d3N<\/strong><\/span><\/p>\n<p style=\"text-align: center\"><span style=\"color: #000080\">CURSO: 2021-2022<\/span><\/p>\n<p><a href=\"https:\/\/blogsaverroes.juntadeandalucia.es\/ceippalaciosrubio\/files\/2021\/05\/MATRICULA-INFANTIL.pdf\" target=\"_blank\" rel=\"noopener noreferrer\">(ANEXO IV)-Matricula Infantil<\/a><\/p>\n<p><a href=\"https:\/\/blogsaverroes.juntadeandalucia.es\/ceippalaciosrubio\/files\/2021\/05\/MATRICULA-PRIMARIA.pdf\" target=\"_blank\" rel=\"noopener noreferrer\">(ANEXO V)-Matricula de Primaria<\/a><\/p>\n<p><a href=\"https:\/\/blogsaverroes.juntadeandalucia.es\/ceippalaciosrubio\/files\/2021\/05\/MATRICULA-E.-ESPECIAL.pdf\" target=\"_blank\" rel=\"noopener noreferrer\">(ANEXO VI)-Matricula de E. Especial<\/a><\/p>\n<p>&nbsp;<\/p>\n<p><a href=\"https:\/\/blogsaverroes.juntadeandalucia.es\/ceippalaciosrubio\/files\/2021\/05\/Anexo-Religi\u00f3n20212022.pdf\" target=\"_blank\" rel=\"noopener noreferrer\">IMPRESO DE RELIGI\u00d3N<\/a><\/p>\n<p><a href=\"https:\/\/blogsaverroes.juntadeandalucia.es\/ceippalaciosrubio\/files\/2021\/05\/USO-IMAGEN.pdf\" target=\"_blank\" rel=\"noopener noreferrer\">IMPRESO AUTORIZACI\u00d3N DEL USO DE LA IMAGEN<\/a><\/p>\n<p>FICHA DE ACTUALIZACI\u00d3N DE DATOS<\/p>\n<hr>\n<p style=\"text-align: center\"><span style=\"color: #000080\">IMPRESOS SERVICIOS COMPLEMENTARIOS: <\/span><\/p>\n<p style=\"text-align: center\"><span style=\"color: #000080\">AULA MATINAL, COMEDOR Y ACTIVIDADES EXTRAESCOLARES<\/span><\/p>\n<p><a href=\"https:\/\/blogsaverroes.juntadeandalucia.es\/ceippalaciosrubio\/files\/2021\/05\/SERVICIOS-COMPLEMENTARIOS-20-21.pdf\"><span style=\"color: #000000\"><span style=\"color: #000080\">ANEXO II-IMPRESO DE SERVICIOS COMPLEMETARIO<\/span><\/span><\/a><\/p>\n<p><span style=\"color: #000080\"><a style=\"color: #000080\" href=\"https:\/\/blogsaverroes.juntadeandalucia.es\/ceippalaciosrubio\/files\/2021\/05\/BONIFICACI%C3%93N-SERVICIOS-COMPLEMENTARIOS.pdf\" target=\"_blank\" rel=\"noopener noreferrer\">ANEXO V-IMPRESO DE BONIFICACI\u00d3N DE SERVICIOS COMPLEMENTARIOS<\/a><\/span><\/p>\n<hr>\n<p>&nbsp;<\/p>\n<p>&nbsp;<\/p>\n<p>&nbsp;<\/p>\n","protected":false},"excerpt":{"rendered":"<p>La Secretar\u00eda desarrolla muchas funciones importantes en la vida de un centro, especialmente en la relaci\u00f3n que mantiene con las familias en los diferentes tr\u00e1mites administrativos a lo largo de la escolarizaci\u00f3n: admisi\u00f3n, matr\u00edcula,&#46;&#46;&#46;<\/p>\n","protected":false},"author":1,"featured_media":0,"parent":0,"menu_order":0,"comment_status":"closed","ping_status":"open","template":"page-cs.php","meta":{"ngg_post_thumbnail":0,"footnotes":"","_mc_calendar":[]},"aioseo_notices":[],"_links":{"self":[{"href":"https:\/\/blogsaverroes.juntadeandalucia.es\/ceippalaciosrubio\/wp-json\/wp\/v2\/pages\/77"}],"collection":[{"href":"https:\/\/blogsaverroes.juntadeandalucia.es\/ceippalaciosrubio\/wp-json\/wp\/v2\/pages"}],"about":[{"href":"https:\/\/blogsaverroes.juntadeandalucia.es\/ceippalaciosrubio\/wp-json\/wp\/v2\/types\/page"}],"author":[{"embeddable":true,"href":"https:\/\/blogsaverroes.juntadeandalucia.es\/ceippalaciosrubio\/wp-json\/wp\/v2\/users\/1"}],"replies":[{"embeddable":true,"href":"https:\/\/blogsaverroes.juntadeandalucia.es\/ceippalaciosrubio\/wp-json\/wp\/v2\/comments?post=77"}],"version-history":[{"count":19,"href":"https:\/\/blogsaverroes.juntadeandalucia.es\/ceippalaciosrubio\/wp-json\/wp\/v2\/pages\/77\/revisions"}],"predecessor-version":[{"id":5592,"href":"https:\/\/blogsaverroes.juntadeandalucia.es\/ceippalaciosrubio\/wp-json\/wp\/v2\/pages\/77\/revisions\/5592"}],"wp:attachment":[{"href":"https:\/\/blogsaverroes.juntadeandalucia.es\/ceippalaciosrubio\/wp-json\/wp\/v2\/media?parent=77"}],"curies":[{"name":"wp","href":"https:\/\/api.w.org\/{rel}","templated":true}]}}