{"id":2378,"date":"2017-02-03T10:10:52","date_gmt":"2017-02-03T10:10:52","guid":{"rendered":"http:\/\/blogsaverroes.juntadeandalucia.es\/ceipparquenuevagranada\/?page_id=2378"},"modified":"2017-02-03T10:58:57","modified_gmt":"2017-02-03T10:58:57","slug":"halloween-2016","status":"publish","type":"page","link":"https:\/\/blogsaverroes.juntadeandalucia.es\/ceipparquenuevagranada\/halloween-2016\/","title":{"rendered":"Halloween 2016"},"content":{"rendered":"<p>Para la celebraci\u00f3n de la fiesta de Halloween de este curso se prepar\u00f3 una actividad especial. Nos visit\u00f3 el Jeff Juan Manuel, quien hizo un taller de cocina con el alumnado de tercer ciclo. En el aprendieron entre otras cosas a preparar una calabaza para decorar en Halloween y a hacer galletas con el relleno que hab\u00eda sacado. Aqu\u00ed teneis alguna fotos:<\/p>\n<p><a href=\"http:\/\/blogsaverroes.juntadeandalucia.es\/ceipparquenuevagranada\/files\/2017\/02\/IMG-20161028-WA0019.jpg\"><img loading=\"lazy\" decoding=\"async\" class=\"alignnone size-medium wp-image-2359\" src=\"http:\/\/blogsaverroes.juntadeandalucia.es\/ceipparquenuevagranada\/files\/2017\/02\/IMG-20161028-WA0019-300x169.jpg\" alt=\"IMG-20161028-WA0019\" width=\"300\" height=\"169\" srcset=\"https:\/\/blogsaverroes.juntadeandalucia.es\/ceipparquenuevagranada\/files\/2017\/02\/IMG-20161028-WA0019-300x169.jpg 300w, https:\/\/blogsaverroes.juntadeandalucia.es\/ceipparquenuevagranada\/files\/2017\/02\/IMG-20161028-WA0019-1024x576.jpg 1024w, https:\/\/blogsaverroes.juntadeandalucia.es\/ceipparquenuevagranada\/files\/2017\/02\/IMG-20161028-WA0019-700x393.jpg 700w, https:\/\/blogsaverroes.juntadeandalucia.es\/ceipparquenuevagranada\/files\/2017\/02\/IMG-20161028-WA0019-24x14.jpg 24w, https:\/\/blogsaverroes.juntadeandalucia.es\/ceipparquenuevagranada\/files\/2017\/02\/IMG-20161028-WA0019-36x20.jpg 36w, https:\/\/blogsaverroes.juntadeandalucia.es\/ceipparquenuevagranada\/files\/2017\/02\/IMG-20161028-WA0019-48x27.jpg 48w, https:\/\/blogsaverroes.juntadeandalucia.es\/ceipparquenuevagranada\/files\/2017\/02\/IMG-20161028-WA0019.jpg 1600w\" sizes=\"(max-width: 300px) 100vw, 300px\" \/><\/a> <a href=\"http:\/\/blogsaverroes.juntadeandalucia.es\/ceipparquenuevagranada\/files\/2017\/02\/IMG-20161028-WA0020.jpg\"><img loading=\"lazy\" decoding=\"async\" class=\"alignnone size-medium wp-image-2360\" src=\"http:\/\/blogsaverroes.juntadeandalucia.es\/ceipparquenuevagranada\/files\/2017\/02\/IMG-20161028-WA0020-169x300.jpg\" alt=\"IMG-20161028-WA0020\" width=\"169\" height=\"300\" srcset=\"https:\/\/blogsaverroes.juntadeandalucia.es\/ceipparquenuevagranada\/files\/2017\/02\/IMG-20161028-WA0020-169x300.jpg 169w, https:\/\/blogsaverroes.juntadeandalucia.es\/ceipparquenuevagranada\/files\/2017\/02\/IMG-20161028-WA0020-576x1024.jpg 576w, https:\/\/blogsaverroes.juntadeandalucia.es\/ceipparquenuevagranada\/files\/2017\/02\/IMG-20161028-WA0020-700x1244.jpg 700w, https:\/\/blogsaverroes.juntadeandalucia.es\/ceipparquenuevagranada\/files\/2017\/02\/IMG-20161028-WA0020-14x24.jpg 14w, https:\/\/blogsaverroes.juntadeandalucia.es\/ceipparquenuevagranada\/files\/2017\/02\/IMG-20161028-WA0020-20x36.jpg 20w, https:\/\/blogsaverroes.juntadeandalucia.es\/ceipparquenuevagranada\/files\/2017\/02\/IMG-20161028-WA0020-27x48.jpg 27w, https:\/\/blogsaverroes.juntadeandalucia.es\/ceipparquenuevagranada\/files\/2017\/02\/IMG-20161028-WA0020.jpg 900w\" sizes=\"(max-width: 169px) 100vw, 169px\" \/><\/a> <a href=\"http:\/\/blogsaverroes.juntadeandalucia.es\/ceipparquenuevagranada\/files\/2017\/02\/IMG-20161028-WA0021.jpg\"><img loading=\"lazy\" decoding=\"async\" class=\"alignnone size-medium wp-image-2361\" src=\"http:\/\/blogsaverroes.juntadeandalucia.es\/ceipparquenuevagranada\/files\/2017\/02\/IMG-20161028-WA0021-300x169.jpg\" alt=\"IMG-20161028-WA0021\" width=\"300\" height=\"169\" srcset=\"https:\/\/blogsaverroes.juntadeandalucia.es\/ceipparquenuevagranada\/files\/2017\/02\/IMG-20161028-WA0021-300x169.jpg 300w, https:\/\/blogsaverroes.juntadeandalucia.es\/ceipparquenuevagranada\/files\/2017\/02\/IMG-20161028-WA0021-1024x576.jpg 1024w, https:\/\/blogsaverroes.juntadeandalucia.es\/ceipparquenuevagranada\/files\/2017\/02\/IMG-20161028-WA0021-700x393.jpg 700w, https:\/\/blogsaverroes.juntadeandalucia.es\/ceipparquenuevagranada\/files\/2017\/02\/IMG-20161028-WA0021-24x14.jpg 24w, https:\/\/blogsaverroes.juntadeandalucia.es\/ceipparquenuevagranada\/files\/2017\/02\/IMG-20161028-WA0021-36x20.jpg 36w, https:\/\/blogsaverroes.juntadeandalucia.es\/ceipparquenuevagranada\/files\/2017\/02\/IMG-20161028-WA0021-48x27.jpg 48w, https:\/\/blogsaverroes.juntadeandalucia.es\/ceipparquenuevagranada\/files\/2017\/02\/IMG-20161028-WA0021.jpg 1600w\" sizes=\"(max-width: 300px) 100vw, 300px\" \/><\/a> <a href=\"http:\/\/blogsaverroes.juntadeandalucia.es\/ceipparquenuevagranada\/files\/2017\/02\/IMG-20161028-WA0023.jpg\"><img loading=\"lazy\" decoding=\"async\" class=\"alignnone size-medium wp-image-2362\" src=\"http:\/\/blogsaverroes.juntadeandalucia.es\/ceipparquenuevagranada\/files\/2017\/02\/IMG-20161028-WA0023-300x169.jpg\" alt=\"IMG-20161028-WA0023\" width=\"300\" height=\"169\" srcset=\"https:\/\/blogsaverroes.juntadeandalucia.es\/ceipparquenuevagranada\/files\/2017\/02\/IMG-20161028-WA0023-300x169.jpg 300w, https:\/\/blogsaverroes.juntadeandalucia.es\/ceipparquenuevagranada\/files\/2017\/02\/IMG-20161028-WA0023-1024x576.jpg 1024w, https:\/\/blogsaverroes.juntadeandalucia.es\/ceipparquenuevagranada\/files\/2017\/02\/IMG-20161028-WA0023-700x393.jpg 700w, https:\/\/blogsaverroes.juntadeandalucia.es\/ceipparquenuevagranada\/files\/2017\/02\/IMG-20161028-WA0023-24x14.jpg 24w, https:\/\/blogsaverroes.juntadeandalucia.es\/ceipparquenuevagranada\/files\/2017\/02\/IMG-20161028-WA0023-36x20.jpg 36w, https:\/\/blogsaverroes.juntadeandalucia.es\/ceipparquenuevagranada\/files\/2017\/02\/IMG-20161028-WA0023-48x27.jpg 48w, https:\/\/blogsaverroes.juntadeandalucia.es\/ceipparquenuevagranada\/files\/2017\/02\/IMG-20161028-WA0023.jpg 1600w\" sizes=\"(max-width: 300px) 100vw, 300px\" \/><\/a> <a href=\"http:\/\/blogsaverroes.juntadeandalucia.es\/ceipparquenuevagranada\/files\/2017\/02\/IMG-20161028-WA0024.jpg\"><img loading=\"lazy\" decoding=\"async\" class=\"alignnone size-medium wp-image-2363\" src=\"http:\/\/blogsaverroes.juntadeandalucia.es\/ceipparquenuevagranada\/files\/2017\/02\/IMG-20161028-WA0024-169x300.jpg\" alt=\"IMG-20161028-WA0024\" width=\"169\" height=\"300\" srcset=\"https:\/\/blogsaverroes.juntadeandalucia.es\/ceipparquenuevagranada\/files\/2017\/02\/IMG-20161028-WA0024-169x300.jpg 169w, https:\/\/blogsaverroes.juntadeandalucia.es\/ceipparquenuevagranada\/files\/2017\/02\/IMG-20161028-WA0024-576x1024.jpg 576w, https:\/\/blogsaverroes.juntadeandalucia.es\/ceipparquenuevagranada\/files\/2017\/02\/IMG-20161028-WA0024-700x1244.jpg 700w, https:\/\/blogsaverroes.juntadeandalucia.es\/ceipparquenuevagranada\/files\/2017\/02\/IMG-20161028-WA0024-14x24.jpg 14w, https:\/\/blogsaverroes.juntadeandalucia.es\/ceipparquenuevagranada\/files\/2017\/02\/IMG-20161028-WA0024-20x36.jpg 20w, https:\/\/blogsaverroes.juntadeandalucia.es\/ceipparquenuevagranada\/files\/2017\/02\/IMG-20161028-WA0024-27x48.jpg 27w, https:\/\/blogsaverroes.juntadeandalucia.es\/ceipparquenuevagranada\/files\/2017\/02\/IMG-20161028-WA0024.jpg 747w\" sizes=\"(max-width: 169px) 100vw, 169px\" \/><\/a> <a href=\"http:\/\/blogsaverroes.juntadeandalucia.es\/ceipparquenuevagranada\/files\/2017\/02\/IMG-20161028-WA0025.jpg\"><img loading=\"lazy\" decoding=\"async\" class=\"alignnone size-medium wp-image-2364\" src=\"http:\/\/blogsaverroes.juntadeandalucia.es\/ceipparquenuevagranada\/files\/2017\/02\/IMG-20161028-WA0025-169x300.jpg\" alt=\"IMG-20161028-WA0025\" width=\"169\" height=\"300\" srcset=\"https:\/\/blogsaverroes.juntadeandalucia.es\/ceipparquenuevagranada\/files\/2017\/02\/IMG-20161028-WA0025-169x300.jpg 169w, https:\/\/blogsaverroes.juntadeandalucia.es\/ceipparquenuevagranada\/files\/2017\/02\/IMG-20161028-WA0025-576x1024.jpg 576w, https:\/\/blogsaverroes.juntadeandalucia.es\/ceipparquenuevagranada\/files\/2017\/02\/IMG-20161028-WA0025-700x1244.jpg 700w, https:\/\/blogsaverroes.juntadeandalucia.es\/ceipparquenuevagranada\/files\/2017\/02\/IMG-20161028-WA0025-14x24.jpg 14w, https:\/\/blogsaverroes.juntadeandalucia.es\/ceipparquenuevagranada\/files\/2017\/02\/IMG-20161028-WA0025-20x36.jpg 20w, https:\/\/blogsaverroes.juntadeandalucia.es\/ceipparquenuevagranada\/files\/2017\/02\/IMG-20161028-WA0025-27x48.jpg 27w, https:\/\/blogsaverroes.juntadeandalucia.es\/ceipparquenuevagranada\/files\/2017\/02\/IMG-20161028-WA0025.jpg 900w\" sizes=\"(max-width: 169px) 100vw, 169px\" \/><\/a> <a href=\"http:\/\/blogsaverroes.juntadeandalucia.es\/ceipparquenuevagranada\/files\/2017\/02\/IMG-20161028-WA0026.jpg\"><img loading=\"lazy\" decoding=\"async\" class=\"alignnone size-medium wp-image-2365\" src=\"http:\/\/blogsaverroes.juntadeandalucia.es\/ceipparquenuevagranada\/files\/2017\/02\/IMG-20161028-WA0026-169x300.jpg\" alt=\"IMG-20161028-WA0026\" width=\"169\" height=\"300\" srcset=\"https:\/\/blogsaverroes.juntadeandalucia.es\/ceipparquenuevagranada\/files\/2017\/02\/IMG-20161028-WA0026-169x300.jpg 169w, https:\/\/blogsaverroes.juntadeandalucia.es\/ceipparquenuevagranada\/files\/2017\/02\/IMG-20161028-WA0026-576x1024.jpg 576w, https:\/\/blogsaverroes.juntadeandalucia.es\/ceipparquenuevagranada\/files\/2017\/02\/IMG-20161028-WA0026-700x1244.jpg 700w, https:\/\/blogsaverroes.juntadeandalucia.es\/ceipparquenuevagranada\/files\/2017\/02\/IMG-20161028-WA0026-14x24.jpg 14w, https:\/\/blogsaverroes.juntadeandalucia.es\/ceipparquenuevagranada\/files\/2017\/02\/IMG-20161028-WA0026-20x36.jpg 20w, https:\/\/blogsaverroes.juntadeandalucia.es\/ceipparquenuevagranada\/files\/2017\/02\/IMG-20161028-WA0026-27x48.jpg 27w, https:\/\/blogsaverroes.juntadeandalucia.es\/ceipparquenuevagranada\/files\/2017\/02\/IMG-20161028-WA0026.jpg 900w\" sizes=\"(max-width: 169px) 100vw, 169px\" \/><\/a><\/p>\n<p>Las familias del alumnado de infantil tambi\u00e9n elaboraron algunas delicias que se pudieron degustar en el recreo.<\/p>\n<p><a href=\"http:\/\/blogsaverroes.juntadeandalucia.es\/ceipparquenuevagranada\/files\/2017\/02\/IMG-20161028-WA0027.jpg\"><img loading=\"lazy\" decoding=\"async\" class=\"alignnone size-medium wp-image-2366\" src=\"http:\/\/blogsaverroes.juntadeandalucia.es\/ceipparquenuevagranada\/files\/2017\/02\/IMG-20161028-WA0027-225x300.jpg\" alt=\"IMG-20161028-WA0027\" width=\"225\" height=\"300\" srcset=\"https:\/\/blogsaverroes.juntadeandalucia.es\/ceipparquenuevagranada\/files\/2017\/02\/IMG-20161028-WA0027-225x300.jpg 225w, https:\/\/blogsaverroes.juntadeandalucia.es\/ceipparquenuevagranada\/files\/2017\/02\/IMG-20161028-WA0027-768x1024.jpg 768w, https:\/\/blogsaverroes.juntadeandalucia.es\/ceipparquenuevagranada\/files\/2017\/02\/IMG-20161028-WA0027-700x933.jpg 700w, https:\/\/blogsaverroes.juntadeandalucia.es\/ceipparquenuevagranada\/files\/2017\/02\/IMG-20161028-WA0027-18x24.jpg 18w, https:\/\/blogsaverroes.juntadeandalucia.es\/ceipparquenuevagranada\/files\/2017\/02\/IMG-20161028-WA0027-27x36.jpg 27w, https:\/\/blogsaverroes.juntadeandalucia.es\/ceipparquenuevagranada\/files\/2017\/02\/IMG-20161028-WA0027-36x48.jpg 36w, https:\/\/blogsaverroes.juntadeandalucia.es\/ceipparquenuevagranada\/files\/2017\/02\/IMG-20161028-WA0027.jpg 1200w\" sizes=\"(max-width: 225px) 100vw, 225px\" \/><\/a> <a href=\"http:\/\/blogsaverroes.juntadeandalucia.es\/ceipparquenuevagranada\/files\/2017\/02\/IMG-20161028-WA0028.jpg\"><img loading=\"lazy\" decoding=\"async\" class=\"alignnone size-medium wp-image-2367\" src=\"http:\/\/blogsaverroes.juntadeandalucia.es\/ceipparquenuevagranada\/files\/2017\/02\/IMG-20161028-WA0028-300x225.jpg\" alt=\"IMG-20161028-WA0028\" width=\"300\" height=\"225\" srcset=\"https:\/\/blogsaverroes.juntadeandalucia.es\/ceipparquenuevagranada\/files\/2017\/02\/IMG-20161028-WA0028-300x225.jpg 300w, https:\/\/blogsaverroes.juntadeandalucia.es\/ceipparquenuevagranada\/files\/2017\/02\/IMG-20161028-WA0028-1024x768.jpg 1024w, https:\/\/blogsaverroes.juntadeandalucia.es\/ceipparquenuevagranada\/files\/2017\/02\/IMG-20161028-WA0028-700x525.jpg 700w, https:\/\/blogsaverroes.juntadeandalucia.es\/ceipparquenuevagranada\/files\/2017\/02\/IMG-20161028-WA0028-24x18.jpg 24w, https:\/\/blogsaverroes.juntadeandalucia.es\/ceipparquenuevagranada\/files\/2017\/02\/IMG-20161028-WA0028-36x27.jpg 36w, https:\/\/blogsaverroes.juntadeandalucia.es\/ceipparquenuevagranada\/files\/2017\/02\/IMG-20161028-WA0028-48x36.jpg 48w, https:\/\/blogsaverroes.juntadeandalucia.es\/ceipparquenuevagranada\/files\/2017\/02\/IMG-20161028-WA0028.jpg 1600w\" sizes=\"(max-width: 300px) 100vw, 300px\" \/><\/a> <a href=\"http:\/\/blogsaverroes.juntadeandalucia.es\/ceipparquenuevagranada\/files\/2017\/02\/IMG-20161028-WA0029.jpg\"><img loading=\"lazy\" decoding=\"async\" class=\"alignnone size-medium wp-image-2368\" src=\"http:\/\/blogsaverroes.juntadeandalucia.es\/ceipparquenuevagranada\/files\/2017\/02\/IMG-20161028-WA0029-300x225.jpg\" alt=\"IMG-20161028-WA0029\" width=\"300\" height=\"225\" srcset=\"https:\/\/blogsaverroes.juntadeandalucia.es\/ceipparquenuevagranada\/files\/2017\/02\/IMG-20161028-WA0029-300x225.jpg 300w, https:\/\/blogsaverroes.juntadeandalucia.es\/ceipparquenuevagranada\/files\/2017\/02\/IMG-20161028-WA0029-1024x768.jpg 1024w, https:\/\/blogsaverroes.juntadeandalucia.es\/ceipparquenuevagranada\/files\/2017\/02\/IMG-20161028-WA0029-700x525.jpg 700w, https:\/\/blogsaverroes.juntadeandalucia.es\/ceipparquenuevagranada\/files\/2017\/02\/IMG-20161028-WA0029-24x18.jpg 24w, https:\/\/blogsaverroes.juntadeandalucia.es\/ceipparquenuevagranada\/files\/2017\/02\/IMG-20161028-WA0029-36x27.jpg 36w, https:\/\/blogsaverroes.juntadeandalucia.es\/ceipparquenuevagranada\/files\/2017\/02\/IMG-20161028-WA0029-48x36.jpg 48w, https:\/\/blogsaverroes.juntadeandalucia.es\/ceipparquenuevagranada\/files\/2017\/02\/IMG-20161028-WA0029.jpg 1600w\" sizes=\"(max-width: 300px) 100vw, 300px\" \/><\/a> <a href=\"http:\/\/blogsaverroes.juntadeandalucia.es\/ceipparquenuevagranada\/files\/2017\/02\/IMG-20161028-WA0030.jpg\"><img loading=\"lazy\" decoding=\"async\" class=\"alignnone size-medium wp-image-2369\" src=\"http:\/\/blogsaverroes.juntadeandalucia.es\/ceipparquenuevagranada\/files\/2017\/02\/IMG-20161028-WA0030-300x225.jpg\" alt=\"IMG-20161028-WA0030\" width=\"300\" height=\"225\" srcset=\"https:\/\/blogsaverroes.juntadeandalucia.es\/ceipparquenuevagranada\/files\/2017\/02\/IMG-20161028-WA0030-300x225.jpg 300w, https:\/\/blogsaverroes.juntadeandalucia.es\/ceipparquenuevagranada\/files\/2017\/02\/IMG-20161028-WA0030-1024x768.jpg 1024w, https:\/\/blogsaverroes.juntadeandalucia.es\/ceipparquenuevagranada\/files\/2017\/02\/IMG-20161028-WA0030-700x525.jpg 700w, https:\/\/blogsaverroes.juntadeandalucia.es\/ceipparquenuevagranada\/files\/2017\/02\/IMG-20161028-WA0030-24x18.jpg 24w, https:\/\/blogsaverroes.juntadeandalucia.es\/ceipparquenuevagranada\/files\/2017\/02\/IMG-20161028-WA0030-36x27.jpg 36w, https:\/\/blogsaverroes.juntadeandalucia.es\/ceipparquenuevagranada\/files\/2017\/02\/IMG-20161028-WA0030-48x36.jpg 48w, https:\/\/blogsaverroes.juntadeandalucia.es\/ceipparquenuevagranada\/files\/2017\/02\/IMG-20161028-WA0030.jpg 1600w\" sizes=\"(max-width: 300px) 100vw, 300px\" \/><\/a> <a href=\"http:\/\/blogsaverroes.juntadeandalucia.es\/ceipparquenuevagranada\/files\/2017\/02\/IMG-20161028-WA0031.jpg\"><img loading=\"lazy\" decoding=\"async\" class=\"alignnone size-medium wp-image-2370\" src=\"http:\/\/blogsaverroes.juntadeandalucia.es\/ceipparquenuevagranada\/files\/2017\/02\/IMG-20161028-WA0031-225x300.jpg\" alt=\"IMG-20161028-WA0031\" width=\"225\" height=\"300\" srcset=\"https:\/\/blogsaverroes.juntadeandalucia.es\/ceipparquenuevagranada\/files\/2017\/02\/IMG-20161028-WA0031-225x300.jpg 225w, https:\/\/blogsaverroes.juntadeandalucia.es\/ceipparquenuevagranada\/files\/2017\/02\/IMG-20161028-WA0031-768x1024.jpg 768w, https:\/\/blogsaverroes.juntadeandalucia.es\/ceipparquenuevagranada\/files\/2017\/02\/IMG-20161028-WA0031-700x933.jpg 700w, https:\/\/blogsaverroes.juntadeandalucia.es\/ceipparquenuevagranada\/files\/2017\/02\/IMG-20161028-WA0031-18x24.jpg 18w, https:\/\/blogsaverroes.juntadeandalucia.es\/ceipparquenuevagranada\/files\/2017\/02\/IMG-20161028-WA0031-27x36.jpg 27w, https:\/\/blogsaverroes.juntadeandalucia.es\/ceipparquenuevagranada\/files\/2017\/02\/IMG-20161028-WA0031-36x48.jpg 36w, https:\/\/blogsaverroes.juntadeandalucia.es\/ceipparquenuevagranada\/files\/2017\/02\/IMG-20161028-WA0031.jpg 1200w\" sizes=\"(max-width: 225px) 100vw, 225px\" \/><\/a> <a href=\"http:\/\/blogsaverroes.juntadeandalucia.es\/ceipparquenuevagranada\/files\/2017\/02\/IMG-20161028-WA0039.jpg\"><img loading=\"lazy\" decoding=\"async\" class=\"alignnone size-medium wp-image-2371\" src=\"http:\/\/blogsaverroes.juntadeandalucia.es\/ceipparquenuevagranada\/files\/2017\/02\/IMG-20161028-WA0039-300x225.jpg\" alt=\"IMG-20161028-WA0039\" width=\"300\" height=\"225\" srcset=\"https:\/\/blogsaverroes.juntadeandalucia.es\/ceipparquenuevagranada\/files\/2017\/02\/IMG-20161028-WA0039-300x225.jpg 300w, https:\/\/blogsaverroes.juntadeandalucia.es\/ceipparquenuevagranada\/files\/2017\/02\/IMG-20161028-WA0039-1024x768.jpg 1024w, https:\/\/blogsaverroes.juntadeandalucia.es\/ceipparquenuevagranada\/files\/2017\/02\/IMG-20161028-WA0039-700x525.jpg 700w, https:\/\/blogsaverroes.juntadeandalucia.es\/ceipparquenuevagranada\/files\/2017\/02\/IMG-20161028-WA0039-24x18.jpg 24w, https:\/\/blogsaverroes.juntadeandalucia.es\/ceipparquenuevagranada\/files\/2017\/02\/IMG-20161028-WA0039-36x27.jpg 36w, https:\/\/blogsaverroes.juntadeandalucia.es\/ceipparquenuevagranada\/files\/2017\/02\/IMG-20161028-WA0039-48x36.jpg 48w, https:\/\/blogsaverroes.juntadeandalucia.es\/ceipparquenuevagranada\/files\/2017\/02\/IMG-20161028-WA0039.jpg 1600w\" sizes=\"(max-width: 300px) 100vw, 300px\" \/><\/a> <a href=\"http:\/\/blogsaverroes.juntadeandalucia.es\/ceipparquenuevagranada\/files\/2017\/02\/IMG-20161028-WA0040.jpg\"><img loading=\"lazy\" decoding=\"async\" class=\"alignnone size-medium wp-image-2372\" src=\"http:\/\/blogsaverroes.juntadeandalucia.es\/ceipparquenuevagranada\/files\/2017\/02\/IMG-20161028-WA0040-300x225.jpg\" alt=\"IMG-20161028-WA0040\" width=\"300\" height=\"225\" srcset=\"https:\/\/blogsaverroes.juntadeandalucia.es\/ceipparquenuevagranada\/files\/2017\/02\/IMG-20161028-WA0040-300x225.jpg 300w, https:\/\/blogsaverroes.juntadeandalucia.es\/ceipparquenuevagranada\/files\/2017\/02\/IMG-20161028-WA0040-1024x768.jpg 1024w, https:\/\/blogsaverroes.juntadeandalucia.es\/ceipparquenuevagranada\/files\/2017\/02\/IMG-20161028-WA0040-700x525.jpg 700w, https:\/\/blogsaverroes.juntadeandalucia.es\/ceipparquenuevagranada\/files\/2017\/02\/IMG-20161028-WA0040-24x18.jpg 24w, https:\/\/blogsaverroes.juntadeandalucia.es\/ceipparquenuevagranada\/files\/2017\/02\/IMG-20161028-WA0040-36x27.jpg 36w, https:\/\/blogsaverroes.juntadeandalucia.es\/ceipparquenuevagranada\/files\/2017\/02\/IMG-20161028-WA0040-48x36.jpg 48w, https:\/\/blogsaverroes.juntadeandalucia.es\/ceipparquenuevagranada\/files\/2017\/02\/IMG-20161028-WA0040.jpg 1600w\" sizes=\"(max-width: 300px) 100vw, 300px\" \/><\/a><\/p>\n","protected":false},"excerpt":{"rendered":"<p>Para la celebraci\u00f3n de la fiesta de Halloween de este curso se prepar\u00f3 una actividad especial. Nos visit\u00f3 el Jeff Juan Manuel, quien hizo un&hellip;<\/p>\n","protected":false},"author":2986,"featured_media":0,"parent":0,"menu_order":0,"comment_status":"open","ping_status":"open","template":"","meta":{"ngg_post_thumbnail":0,"footnotes":"","_mc_calendar":[]},"aioseo_notices":[],"_links":{"self":[{"href":"https:\/\/blogsaverroes.juntadeandalucia.es\/ceipparquenuevagranada\/wp-json\/wp\/v2\/pages\/2378"}],"collection":[{"href":"https:\/\/blogsaverroes.juntadeandalucia.es\/ceipparquenuevagranada\/wp-json\/wp\/v2\/pages"}],"about":[{"href":"https:\/\/blogsaverroes.juntadeandalucia.es\/ceipparquenuevagranada\/wp-json\/wp\/v2\/types\/page"}],"author":[{"embeddable":true,"href":"https:\/\/blogsaverroes.juntadeandalucia.es\/ceipparquenuevagranada\/wp-json\/wp\/v2\/users\/2986"}],"replies":[{"embeddable":true,"href":"https:\/\/blogsaverroes.juntadeandalucia.es\/ceipparquenuevagranada\/wp-json\/wp\/v2\/comments?post=2378"}],"version-history":[{"count":2,"href":"https:\/\/blogsaverroes.juntadeandalucia.es\/ceipparquenuevagranada\/wp-json\/wp\/v2\/pages\/2378\/revisions"}],"predecessor-version":[{"id":2509,"href":"https:\/\/blogsaverroes.juntadeandalucia.es\/ceipparquenuevagranada\/wp-json\/wp\/v2\/pages\/2378\/revisions\/2509"}],"wp:attachment":[{"href":"https:\/\/blogsaverroes.juntadeandalucia.es\/ceipparquenuevagranada\/wp-json\/wp\/v2\/media?parent=2378"}],"curies":[{"name":"wp","href":"https:\/\/api.w.org\/{rel}","templated":true}]}}