{"id":2516,"date":"2017-02-06T08:58:36","date_gmt":"2017-02-06T08:58:36","guid":{"rendered":"http:\/\/blogsaverroes.juntadeandalucia.es\/ceipparquenuevagranada\/?page_id=2516"},"modified":"2026-03-16T10:03:20","modified_gmt":"2026-03-16T10:03:20","slug":"educacion_fisica","status":"publish","type":"page","link":"https:\/\/blogsaverroes.juntadeandalucia.es\/ceipparquenuevagranada\/educacion_fisica\/","title":{"rendered":"EDUCACI\u00d3N F\u00cdSICA"},"content":{"rendered":"<h1><span style=\"text-decoration: underline\">4\u00ba, 5\u00ba y 6\u00ba <\/span><\/h1>\n<h1>SA0: \u00abNORMAS, ORGANIZACI\u00d3N, RUTINAS Y JUEGOS\u00bb<\/h1>\n<h4>(Del 10 AL 26 de septiembre)<\/h4>\n<p>Estos primeros d\u00edas aprenderemos y repasaremos las normas, como nos organizamos y las rutinas que utilizaremos durante todo el curso. Tambi\u00e9n practicaremos juegos muy divertidos para ver como nos ha sentado el verano.<\/p>\n<h1><span style=\"text-decoration: underline\">4\u00ba, 5\u00ba y 6\u00ba <\/span><\/h1>\n<h1>SA1: \u00abNOS PONEMOS EN FORMA\u00bb<\/h1>\n<h4>(Del 29 de septiembre al 30 de octubre)<\/h4>\n<h3>Ya hemos comenzado con al situaci\u00f3n de aprendizaje \u00abNos ponemos en forma\u00bb. En ella trabajaremos todas las competencias espec\u00edficas de la Educaci\u00f3n F\u00edsica, pero daremos prioridad a las competencias 1 y 2.<\/h3>\n<p>1. Salud f\u00edsica, mental y social: h\u00e1bitos deportivos<\/p>\n<p>2. Habilidad y destreza motriz. Toma de decisiones.<\/p>\n<p>Uno de los aspectos que vamos a trabajar dentro de la salud en la E.F. es el <strong>pulso<\/strong> y la <strong>frecuencia card\u00edaca<\/strong>.<\/p>\n<p>El <strong>pulso<\/strong> es un concepto fundamental en la educaci\u00f3n f\u00edsica, ya que <strong>permite medir la frecuencia card\u00edaca<\/strong> de una persona y conocer su nivel de esfuerzo f\u00edsico durante una actividad f\u00edsica. Es una herramienta que nos ayuda a <strong>controlar la intensidad del ejercicio<\/strong> y a <strong>saber si estamos trabajando en la zona adecuada<\/strong> para conseguir nuestros objetivos.<\/p>\n<p>La <strong>frecuencia card\u00edaca<\/strong> es un indicador vital que juega un papel fundamental en el \u00e1mbito de la educaci\u00f3n f\u00edsica. Durante la actividad f\u00edsica, el coraz\u00f3n late m\u00e1s r\u00e1pido para suministrar ox\u00edgeno a los m\u00fasculos en movimiento, y <strong>la medici\u00f3n de la frecuencia card\u00edaca proporciona informaci\u00f3n valiosa sobre la intensidad del ejercicio realizado<\/strong>.<\/p>\n<p>La frecuencia card\u00edaca es la<strong> cantidad de latidos que realiza el coraz\u00f3n durante un minuto<\/strong>. Se suele expresar en \u201c<strong>latidos por minuto<\/strong>\u201d o \u201c<strong>pulsaciones por minuto<\/strong>\u201d.<\/p>\n<p>Podemos medir la frecuencia card\u00edaca con nuestros dedos coloc\u00e1ndolos en la <strong>mu\u00f1eca, el cuello o en la parte interna del codo<\/strong>. Una vez que hayas encontrado tu pulso, cuenta las pulsaciones durante 10 segundos y luego multiplica ese n\u00famero por 6 para obtener tu ritmo card\u00edaco por minuto.<\/p>\n<p>Es muy importante no hablar, estar quieto y en silencio, para poder tomar las pulsaciones correctamente.<\/p>\n<p><span style=\"text-decoration: underline\"><strong>T\u00e1bata<\/strong><\/span><\/p>\n<ul>\n<li><span class=\"oXzekf\" data-huuid=\"805054322608202794\">\u00bfQu\u00e9 es un Tabata? Un Tabata <mark class=\"QVRyCf\">es un tipo de entrenamiento interv\u00e1lico de alta intensidad (HIIT) que consiste en realizar 8 rondas de ejercicio a m\u00e1xima intensidad, intercaladas con 10 segundos de descanso entre cada ronda, sumando un total de 4 minutos de trabajo<\/mark>. <\/span><span class=\"oXzekf\" data-huuid=\"805054322608203185\">Este m\u00e9todo, desarrollado por el cient\u00edfico japon\u00e9s Izumi Tabata, es muy efectivo para quemar calor\u00edas y mejorar la capacidad cardiovascular y la fuerza-resistencia<\/span><\/li>\n<\/ul>\n<p><span data-huuid=\"805054322608204377\"><strong>Beneficios<\/strong><\/span><\/p>\n<ul>\n<li><span data-huuid=\"805054322608204377\"><strong>Quema de calor\u00edas:<\/strong> <\/span><span data-huuid=\"805054322608204768\">Ayuda a quemar una gran cantidad de calor\u00edas en poco tiempo.<span class=\"pjBG2e\" data-cid=\"808f3776-de69-4876-aef6-624083d52fc0\"><span class=\"UV3uM\">&nbsp;<\/span><\/span><\/span><\/li>\n<li><span data-huuid=\"805054322608205550\"><strong>Mejora de la capacidad aer\u00f3bica y anaer\u00f3bica:<\/strong> <\/span><span data-huuid=\"805054322608201845\">Aumenta la resistencia cardiovascular y la fuerza.<\/span><\/li>\n<\/ul>\n<ul>\n<li><span data-huuid=\"805054322608202627\"><strong>Eficiencia:<\/strong> <\/span><span data-huuid=\"805054322608203018\">Es una forma r\u00e1pida de hacer ejercicio con resultados significativos, ideal para personas con poco tiempo<\/span><\/li>\n<\/ul>\n<p><iframe loading=\"lazy\" title=\"7 Minute Workout Song (w\/timer) | Tabata Songs\" width=\"843\" height=\"474\" src=\"https:\/\/www.youtube.com\/embed\/mmq5zZfmIws?feature=oembed\" frameborder=\"0\" allow=\"accelerometer; autoplay; clipboard-write; encrypted-media; gyroscope; picture-in-picture; web-share\" referrerpolicy=\"strict-origin-when-cross-origin\" allowfullscreen><\/iframe><\/p>\n<h1><span style=\"text-decoration: underline\">4\u00ba, 5\u00ba y 6\u00ba<\/span><\/h1>\n<h4>(Del 4 de noviembre al 20 de diciembre)<\/h4>\n<h1>SA2: \u00abMEJORO MIS HABILIDADES Y MI COORDINACI\u00d3N\u00bb<\/h1>\n<p>En esta situaci\u00f3n de aprendizaje nos centraremos en el desarrollo de la<\/p>\n<p><span style=\"text-decoration: underline\"><strong>Competencia Espec\u00edfica 2<\/strong><\/span>. Desarrollo de <strong>habilidad y destreza motriz.<\/strong>&nbsp;<strong>Toma de decisiones.<\/strong><\/p>\n<p>&nbsp; &nbsp; Los <strong>criterios de evaluaci\u00f3n<\/strong> que se van a tener en cuenta son:<\/p>\n<p>2.1.b. Generar producciones motrices de calidad, de forma individual y grupal.<\/p>\n<p>2.2.b. Toma de decisiones.<\/p>\n<p>2.3.b. Dominio y control corporal.<\/p>\n<p>&nbsp; &nbsp; Los <strong>saberes b\u00e1sicos<\/strong> a trabajar en esta unidad son:<\/p>\n<p>B1. Juegos y actividad f\u00edsica en todas sus vertienes: l\u00fadica, competitiva, cooperativa\u2026<\/p>\n<p>B4. Autoregulaci\u00f3n interna y externa<\/p>\n<p>D2.Resoluci\u00f3n conflictos: habilidades sociales<\/p>\n<p>C1.Toma decisiones<\/p>\n<p>C2. Capacidades perceptivo motrices Estructuraci\u00f3n E.T.<\/p>\n<p>C3. Capacidades condicionantes: coordinaci\u00f3n, equilibrio y agilidad<\/p>\n<p>C4.Habilidades motrices espec\u00edficas<\/p>\n<p>La semana del 11 al 15 de noviembre trabajaremos los malabares. Aqu\u00ed ten\u00e9is un video explicativo para que pod\u00e1is practicar en casa con pelotas o calcetines.<\/p>\n<p><iframe loading=\"lazy\" title=\"Malabares\" width=\"843\" height=\"474\" src=\"https:\/\/www.youtube.com\/embed\/x_FGx55XNto?feature=oembed\" frameborder=\"0\" allow=\"accelerometer; autoplay; clipboard-write; encrypted-media; gyroscope; picture-in-picture; web-share\" referrerpolicy=\"strict-origin-when-cross-origin\" allowfullscreen><\/iframe><\/p>\n<h1><span style=\"text-decoration: underline\">4\u00ba, 5\u00ba y 6\u00ba<\/span><\/h1>\n<h4>(Del 7 al 31 de enero)<\/h4>\n<h2>SA3: SALTIMBANCO (CDG, SALTOS, Juegos cooperativos, ACROSPORT)<\/h2>\n<h5>La situaci\u00f3n de aprendizaje propuesta tiene como objetivo mejorar la coordinaci\u00f3n din\u00e1mica general y el equilibro (est\u00e1tico y din\u00e1mico), a trav\u00e9s de actividades centradas en saltos, giros y acrosport, favoreciendo la creatividad y el trabajo en equipo. Estas habilidades son fundamentales para desarrollar la motricidad gruesa, la lateralidad y el control corporal en los alumnos de 4\u00ba de Primaria, promoviendo una mejora integral en su capacidad f\u00edsica y social. Adem\u00e1s, fomenta la expresi\u00f3n y la confianza en el propio cuerpo dentro de un contexto l\u00fadico y cooperativo, en el que las relaciones interpersonales cobran un gran protagonismo.<\/h5>\n<h5>Durante las dos primeras semanas vamos a trabajar Acrosport. Pinchando en el siguiente enlace podr\u00e1s ver el documento donde se explican las normas b\u00e1sicas y de seguridad, y algunas de las figuras que vamos a realizar durante estos d\u00edas.<\/h5>\n<p><a href=\"https:\/\/blogsaverroes.juntadeandalucia.es\/ceipparquenuevagranada\/files\/2023\/12\/PROGRESI\u00d3N-ACROSPORT.pdf\">PROGRESI\u00d3N ACROSPORT<\/a><\/p>\n<p><a href=\"https:\/\/youtu.be\/wZWjd4LsNwo?si=--Ci7GIKXkpOOgEP\">Salto de comba parejas<\/a><\/p>\n<p><a href=\"https:\/\/www.youtube.com\/watch?v=RZ3uyEEIiGw\">Salto comba en grupo<\/a><\/p>\n<p><a href=\"https:\/\/youtu.be\/sAgSG9WFdos?si=HZQcfL5HIud9oiSn\">Salto comba 2 cuerdas 1<\/a><\/p>\n<p><a href=\"https:\/\/youtu.be\/RpaO41YpgLA?si=jQuSpTmQxEVi7MPi\">Salto comba 2 cuerdas 2<\/a><\/p>\n<p><a href=\"https:\/\/www.youtube.com\/shorts\/ZzEiC2AWZZU\">Salto comba 2 cuerdas 3<\/a><\/p>\n<p>&nbsp;<\/p>\n<p>&nbsp;<\/p>\n<h1><span style=\"text-decoration: underline\">4\u00ba, 5\u00ba y 6\u00ba<\/span><\/h1>\n<h4>(Del 3 al 26 de febrero)<\/h4>\n<h1>SA4: JUEGOS POPULARES Y TRADICIONALES<\/h1>\n<h5>Los juegos populares y tradicionales son un recurso fascinante para el desarrollo de todas las competencias espec\u00edficas en Educaci\u00f3n F\u00edsica. Y adem\u00e1s contribuyen al desarrollo de competencias espec\u00edficas de otras \u00e1reas. De la manera que se ha dise\u00f1ado esta situaci\u00f3n de aprendizaje, adem\u00e1s del est\u00edmulo para la pr\u00e1ctica de actividad f\u00edsica, se contribuye al desarrollo de competencias digitales, la promoci\u00f3n de los valores positivos (cooperaci\u00f3n, socializaci\u00f3n, inclusi\u00f3n, respeto a la diversidad) que son intr\u00ednsecos en la mayor\u00eda de los juego populares y tradicionales. Se pone al alumno como protagonista activo y cr\u00edtico, ya que el decide, en el proceso de investigaci\u00f3n, que contenidos incluye y como se los presenta al resto de compa\u00f1eros, dirigiendo en determinados momento la clase. Por lo que tambi\u00e9n contribuimos al desarrollo de su autonom\u00eda y habilidades sociales para su crecimiento personal.<\/h5>\n<p>&nbsp;<\/p>\n<p>&nbsp;<\/p>\n<p>&nbsp;<\/p>\n<p>&nbsp;<\/p>\n<h1><span style=\"text-decoration: underline\">4\u00ba, 5\u00ba y 6\u00ba<\/span><\/h1>\n<h4>(Del 4 de marzo al 1 de abril)<\/h4>\n<h1>SA5: DEPORTES ALTERNATIVOS 1<\/h1>\n<p>Los deportes y juegos alternativos y cooperativos ofrecen una oportunidad valiosa para fomentar el desarrollo integral del alumnado. Proporcionan un enfoque inclusivo que promueve la participaci\u00f3n de todos los alumnos, independientemente de su habilidad atl\u00e9tica individual. Adem\u00e1s, los deportes y juegos alternativos y cooperativos fomentan habilidades sociales clave, como el trabajo en equipo, la comunicaci\u00f3n efectiva y el respeto mutuo, que son esenciales para la convivencia y la colaboraci\u00f3n en la vida cotidiana.<\/p>\n<h5>En esta situaci\u00f3n de aprendizaje veremos los siguientes deportes alternativos:<\/h5>\n<p>PICHI<\/p>\n<p><a href=\"https:\/\/www.youtube.com\/watch?v=4_wa4b8vjbI\">COLPBOL<\/a>&nbsp; &nbsp;<\/p>\n<p>COLPBOL: <a href=\"https:\/\/www.youtube.com\/watch?v=4_wa4b8vjbI\">https:\/\/www.youtube.com\/watch?v=4_wa4b8vjbI<\/a>&nbsp; <a href=\"https:\/\/www.youtube.com\/watch?v=OGhyBpOpuwE\">https:\/\/www.youtube.com\/watch?v=OGhyBpOpuwE<\/a><\/p>\n<p>TRINCHERA<\/p>\n<p><a href=\"https:\/\/www.youtube.com\/watch?v=4ontYx6Xp5k\">DOGEBALL<\/a><\/p>\n<p><a href=\"https:\/\/www.youtube.com\/watch?v=dpNn6vUcuP8&amp;list=PLHNHtNVht4y99n74p4IcW8GhEJBwjNfnV\">KINGBALL<\/a><\/p>\n<p><a href=\"https:\/\/www.youtube.com\/watch?v=_17qvlUpZgQ\">ULTIMATE<\/a><\/p>\n<p>&nbsp;<\/p>\n<p>&nbsp;<\/p>\n","protected":false},"excerpt":{"rendered":"<p>4\u00ba, 5\u00ba y 6\u00ba SA0: \u00abNORMAS, ORGANIZACI\u00d3N, RUTINAS Y JUEGOS\u00bb (Del 10 AL 26 de septiembre) Estos primeros d\u00edas aprenderemos y repasaremos las normas, como&hellip;<\/p>\n","protected":false},"author":2986,"featured_media":3328,"parent":0,"menu_order":0,"comment_status":"open","ping_status":"open","template":"","meta":{"ngg_post_thumbnail":0,"footnotes":"","_mc_calendar":[]},"aioseo_notices":[],"_links":{"self":[{"href":"https:\/\/blogsaverroes.juntadeandalucia.es\/ceipparquenuevagranada\/wp-json\/wp\/v2\/pages\/2516"}],"collection":[{"href":"https:\/\/blogsaverroes.juntadeandalucia.es\/ceipparquenuevagranada\/wp-json\/wp\/v2\/pages"}],"about":[{"href":"https:\/\/blogsaverroes.juntadeandalucia.es\/ceipparquenuevagranada\/wp-json\/wp\/v2\/types\/page"}],"author":[{"embeddable":true,"href":"https:\/\/blogsaverroes.juntadeandalucia.es\/ceipparquenuevagranada\/wp-json\/wp\/v2\/users\/2986"}],"replies":[{"embeddable":true,"href":"https:\/\/blogsaverroes.juntadeandalucia.es\/ceipparquenuevagranada\/wp-json\/wp\/v2\/comments?post=2516"}],"version-history":[{"count":134,"href":"https:\/\/blogsaverroes.juntadeandalucia.es\/ceipparquenuevagranada\/wp-json\/wp\/v2\/pages\/2516\/revisions"}],"predecessor-version":[{"id":7888,"href":"https:\/\/blogsaverroes.juntadeandalucia.es\/ceipparquenuevagranada\/wp-json\/wp\/v2\/pages\/2516\/revisions\/7888"}],"wp:featuredmedia":[{"embeddable":true,"href":"https:\/\/blogsaverroes.juntadeandalucia.es\/ceipparquenuevagranada\/wp-json\/wp\/v2\/media\/3328"}],"wp:attachment":[{"href":"https:\/\/blogsaverroes.juntadeandalucia.es\/ceipparquenuevagranada\/wp-json\/wp\/v2\/media?parent=2516"}],"curies":[{"name":"wp","href":"https:\/\/api.w.org\/{rel}","templated":true}]}}