{"id":2920,"date":"2018-02-16T11:42:20","date_gmt":"2018-02-16T11:42:20","guid":{"rendered":"http:\/\/blogsaverroes.juntadeandalucia.es\/ceipparquenuevagranada\/?page_id=2920"},"modified":"2018-02-20T11:09:54","modified_gmt":"2018-02-20T11:09:54","slug":"videos-educativos","status":"publish","type":"page","link":"https:\/\/blogsaverroes.juntadeandalucia.es\/ceipparquenuevagranada\/orientacion\/videos-educativos\/","title":{"rendered":"V\u00eddeos Educativos."},"content":{"rendered":"<p>Con esta colecci\u00f3n de v\u00eddeos podemos <strong>aprender muchas cosas<\/strong>, pero sobre todo son para hacernos preguntas, <strong>GRANDES PREGUNTAS !!!<\/strong><\/p>\n<table style=\"width: 766px\">\n<tbody>\n<tr style=\"height: 523px\">\n<td style=\"height: 523px;width: 764px\">\n<p style=\"text-align: center\"><strong>LA CAPACIDAD DE NUESTRA MENTE:<\/strong><\/p>\n<p style=\"text-align: left\">La capacidad de la mente humana es asombrosa, y no para de sorprendernos. Se sab\u00eda desde hac\u00eda tiempo la existencia de las ONDAS CEREBRALES, pero ahora somos capaces con ellas de dar \u00f3rdenes a m\u00e1quinas para manejarlas a nuestra voluntad. \u00bfHasta donde llegaremos?<\/p>\n<div style=\"width: 843px;\" class=\"wp-video\"><!--[if lt IE 9]><script>document.createElement('video');<\/script><![endif]-->\n<video class=\"wp-video-shortcode\" id=\"video-2920-1\" width=\"843\" height=\"474\" preload=\"metadata\" controls=\"controls\"><source type=\"video\/mp4\" src=\"https:\/\/blogsaverroes.juntadeandalucia.es\/ceipparquenuevagranada\/files\/2018\/02\/As\u00ed-mov\u00ed-una-silla-con-la-mente.mp4?_=1\" \/><a href=\"https:\/\/blogsaverroes.juntadeandalucia.es\/ceipparquenuevagranada\/files\/2018\/02\/As\u00ed-mov\u00ed-una-silla-con-la-mente.mp4\">https:\/\/blogsaverroes.juntadeandalucia.es\/ceipparquenuevagranada\/files\/2018\/02\/As\u00ed-mov\u00ed-una-silla-con-la-mente.mp4<\/a><\/video><\/div><\/td>\n<\/tr>\n<tr style=\"height: 24px\">\n<td style=\"height: 24px;width: 764px\"><strong>DISCURSO DE MALALA YOUSAFZAI EN LAS NACIONES UNIDAS:<br \/>\n<\/strong><\/p>\n<p style=\"text-align: left\">Malala es un ejemplo para todos y todas, de las culturas y religiones. Su af\u00e1n por estudiar, por aprender y querer ir a la escuela enfad\u00f3 a un peque\u00f1o grupo de radicales que pensaban que \u00ablas mujeres cuanto m\u00e1s ignorantes mejor\u00bb, y le dispararon un tiro en la cara cuando iba hacia la escuela una ma\u00f1ana. Milagrosamente no muri\u00f3 y pudo recuperarse de sus heridas. Ahora es un ejemplo para muchas personas.<\/p>\n<p style=\"text-align: left\">Su esp\u00edritu de superaci\u00f3n y reconciliaci\u00f3n fu\u00e9 reconocido al concederle el <strong>Premio Nobel de la Paz en el a\u00f1o 2014<\/strong><\/p>\n<p style=\"text-align: left\">Su frase m\u00e1s famosa es :<\/p>\n<p style=\"text-align: center\"><strong>\u00abUn ni\u00f1o, un profesor, un libro y un l\u00e1piz pueden cambiar el mundo. <\/strong><\/p>\n<p style=\"text-align: center\"><strong>La educaci\u00f3n es la soluci\u00f3n\u00bb.<\/strong><\/p>\n<p><iframe loading=\"lazy\" title=\"Discurso de Malala Yousafzai en las Naciones Unidas (Subtitulado)\" width=\"843\" height=\"474\" src=\"https:\/\/www.youtube.com\/embed\/UJZHFlao88Y?feature=oembed\" frameborder=\"0\" allow=\"accelerometer; autoplay; clipboard-write; encrypted-media; gyroscope; picture-in-picture; web-share\" referrerpolicy=\"strict-origin-when-cross-origin\" allowfullscreen><\/iframe><\/p>\n<p>&nbsp;<\/p>\n<p>&nbsp;<\/td>\n<\/tr>\n<tr style=\"height: 24px\">\n<td style=\"height: 24px;width: 764px\"><strong>&nbsp;\u00bfQUI\u00c9N ES MALALA YOUSAFZAI?<\/strong><\/p>\n<p>&nbsp;<\/p>\n<p><iframe loading=\"lazy\" title=\"La Historia de Malala\" width=\"843\" height=\"474\" src=\"https:\/\/www.youtube.com\/embed\/ZL0nvDJZOt8?feature=oembed\" frameborder=\"0\" allow=\"accelerometer; autoplay; clipboard-write; encrypted-media; gyroscope; picture-in-picture; web-share\" referrerpolicy=\"strict-origin-when-cross-origin\" allowfullscreen><\/iframe><\/p>\n<p>&nbsp;<\/td>\n<\/tr>\n<tr style=\"height: 24px\">\n<td style=\"height: 24px;width: 764px\"><strong>&nbsp;RIGOBERTA MENCH\u00da (Premio Nobel de la Paz 1992)<\/strong><\/p>\n<p style=\"text-align: left\">La calle de nuestra escuela se llama<strong> \u00abRigoberta Mench\u00fa\u00bb<\/strong>, en este v\u00eddeo presentamos brevemente su historia.<\/p>\n<p style=\"text-align: left\">L\u00edder ind\u00edgena guatemalteca, miembro del grupo maya quich\u00e9, defensora de los derechos humanos; embajadora de buena voluntad de la UNESCO, ganadora del <strong>Premio Nobel de la Paz (1992)<\/strong> y el <strong>Premio Pr\u00edncipe de Asturias de Cooperaci\u00f3n Internacional (1998<\/strong>).<\/p>\n<p><iframe loading=\"lazy\" title=\"RIGOBERTA MENCH\u00da M\u00c1S ALL\u00c1 DE LA HISTORIA\" width=\"843\" height=\"474\" src=\"https:\/\/www.youtube.com\/embed\/dZIb9Go_skc?feature=oembed\" frameborder=\"0\" allow=\"accelerometer; autoplay; clipboard-write; encrypted-media; gyroscope; picture-in-picture; web-share\" referrerpolicy=\"strict-origin-when-cross-origin\" allowfullscreen><\/iframe><\/p>\n<p>&nbsp;<\/td>\n<\/tr>\n<tr style=\"height: 24px\">\n<td style=\"height: 24px;width: 764px\">&nbsp;<\/td>\n<\/tr>\n<tr style=\"height: 24px\">\n<td style=\"height: 24px;width: 764px\">&nbsp;<\/td>\n<\/tr>\n<tr style=\"height: 24px\">\n<td style=\"height: 24px;width: 764px\">&nbsp;<\/td>\n<\/tr>\n<\/tbody>\n<\/table>\n<p>&nbsp;<\/p>\n","protected":false},"excerpt":{"rendered":"<p>Con esta colecci\u00f3n de v\u00eddeos podemos aprender muchas cosas, pero sobre todo son para hacernos preguntas, GRANDES PREGUNTAS !!! LA CAPACIDAD DE NUESTRA MENTE: La&hellip;<\/p>\n","protected":false},"author":5634,"featured_media":0,"parent":2916,"menu_order":0,"comment_status":"closed","ping_status":"closed","template":"","meta":{"ngg_post_thumbnail":0,"footnotes":"","_mc_calendar":[]},"aioseo_notices":[],"_links":{"self":[{"href":"https:\/\/blogsaverroes.juntadeandalucia.es\/ceipparquenuevagranada\/wp-json\/wp\/v2\/pages\/2920"}],"collection":[{"href":"https:\/\/blogsaverroes.juntadeandalucia.es\/ceipparquenuevagranada\/wp-json\/wp\/v2\/pages"}],"about":[{"href":"https:\/\/blogsaverroes.juntadeandalucia.es\/ceipparquenuevagranada\/wp-json\/wp\/v2\/types\/page"}],"author":[{"embeddable":true,"href":"https:\/\/blogsaverroes.juntadeandalucia.es\/ceipparquenuevagranada\/wp-json\/wp\/v2\/users\/5634"}],"replies":[{"embeddable":true,"href":"https:\/\/blogsaverroes.juntadeandalucia.es\/ceipparquenuevagranada\/wp-json\/wp\/v2\/comments?post=2920"}],"version-history":[{"count":15,"href":"https:\/\/blogsaverroes.juntadeandalucia.es\/ceipparquenuevagranada\/wp-json\/wp\/v2\/pages\/2920\/revisions"}],"predecessor-version":[{"id":3007,"href":"https:\/\/blogsaverroes.juntadeandalucia.es\/ceipparquenuevagranada\/wp-json\/wp\/v2\/pages\/2920\/revisions\/3007"}],"up":[{"embeddable":true,"href":"https:\/\/blogsaverroes.juntadeandalucia.es\/ceipparquenuevagranada\/wp-json\/wp\/v2\/pages\/2916"}],"wp:attachment":[{"href":"https:\/\/blogsaverroes.juntadeandalucia.es\/ceipparquenuevagranada\/wp-json\/wp\/v2\/media?parent=2920"}],"curies":[{"name":"wp","href":"https:\/\/api.w.org\/{rel}","templated":true}]}}