{"id":2940,"date":"2018-02-16T12:35:44","date_gmt":"2018-02-16T12:35:44","guid":{"rendered":"http:\/\/blogsaverroes.juntadeandalucia.es\/ceipparquenuevagranada\/?page_id=2940"},"modified":"2018-02-16T12:59:08","modified_gmt":"2018-02-16T12:59:08","slug":"libros-educacion","status":"publish","type":"page","link":"https:\/\/blogsaverroes.juntadeandalucia.es\/ceipparquenuevagranada\/orientacion\/libros-educacion\/","title":{"rendered":"Libros Educaci\u00f3n."},"content":{"rendered":"<p><strong>Libros para regalar a mam\u00e1s, pap\u00e1s, maestros y maestras:<\/strong><\/p>\n<table style=\"border-color: #169e61\">\n<tbody>\n<tr style=\"height: 944.2px\">\n<td style=\"height: 944.2px\"><img loading=\"lazy\" decoding=\"async\" class=\"wp-image-1754 size-medium alignleft\" src=\"http:\/\/socratesescueladecoaching.es\/wp-content\/uploads\/2014\/08\/libro-la-tropa-del-arco-iris_galeria_portrait-203x300.jpg\" alt=\"libro-la-tropa-del-arco-iris_galeria_portrait\" height=\"300\" width=\"203\"><\/p>\n<p style=\"text-align: left\"><strong>\u00abLa Tropa del Arco Iris\u00bb (Andrea Hirata)<\/strong><\/p>\n<p style=\"text-align: left\">\u201cDeseaba dar clase para que los ni\u00f1os de la aldea pudieran disponer de una educaci\u00f3n.<\/p>\n<p style=\"text-align: left\">Esa fue la primera vez que acept\u00e9 a Bu Mus en mi coraz\u00f3n en calidad de hero\u00edna\u2026.<\/p>\n<p style=\"text-align: left\">-Deseo ser maestra\u2026 Bu Mus hab\u00eda extraido cada letra de cada palabra de lo m\u00e1s profundo de su coraz\u00f3n, y que la palabra maestro herv\u00eda en su mente porque ella admiraba la noble profesi\u00f3n de la ense\u00f1anza. Hab\u00eda un gigante domido en su interior, un gigante que despertar\u00eda cuando ella conociese a sus alumnos.<\/p>\n<p style=\"text-align: left\">\u2026 Ser maestro en una escuela privada y pobre, en especial en nuestra aldea, era una profesi\u00f3n -seg\u00fan los chistes del pueblo- en la que solo se embarcaban quienes no andaban muy bien de la cabeza.<\/p>\n<p style=\"text-align: left\">\u2026 todas estas pruebas fueron haciendo de Bu Mus -de manera gradual e inesperada- una maestra joven y fuerte; es m\u00e1s, carism\u00e1tica.<\/p>\n<p style=\"text-align: left\">\u2026De alguna forma, cuando las pronunciaba Bu Mus, aquellas palabras eran diferentes, m\u00e1s poderosas, y resonaban en nuestros corazones.<\/p>\n<p style=\"text-align: left\">\u2026Bu Mus y Pak Harfan eran nuestros maestros, amigos, nuestros gu\u00edas espirituales. Nos ense\u00f1araon a hacer casas de juguete con bamb\u00fa, nos mostraron c\u00f3mo asearnos antes de la oraci\u00f3n, nos inflaban las ruedas de las bicicletas cuando se quedaban bajas, nos ense\u00f1aron a rezar antes de ir a dormir, nos succionaban el veneno de la pierna cuando nos mord\u00eda una serpiente, y de vez en cuando nos preparaban zumo de naranja con sus simples manos. eran nuestros h\u00e9roes an\u00f3nimos., principe y princesa de la amabilidad, pozos de sabidur\u00eda en una tierra seca y abandonada.<\/p>\n<p style=\"text-align: left\">..En una ocasi\u00f3n, mi madre me dijo que el maestro que por vez primera nos abre los ojos a las letras y los n\u00fameros para que aprendemos a leer y a contar recibir\u00e1 incontables recompesas hasta el d\u00eda de su muerte. Estuve de acuerdo con ella, aunque eso no es lo \u00fanico que hace un maestro. Tambi\u00e9n abre los corazones.\u201d<\/p>\n<p style=\"text-align: left\">LA TROPA DEL ARCO IRIS (Andrea Hirata).<\/p>\n<\/td>\n<\/tr>\n<tr style=\"height: 24px\">\n<td style=\"height: 24px\">\n<div class=\"entry-inner\">\n<p style=\"text-align: left\"><img loading=\"lazy\" decoding=\"async\" class=\" wp-image-2513 alignleft\" src=\"http:\/\/socratesescueladecoaching.es\/wp-content\/uploads\/2016\/02\/focus.-S%C3%B3crates-Escuela-de-Coaching-181x300.jpg\" alt=\"focus fondo TRADE pantone 137 Y 506 OK.indd\" height=\"237\" width=\"143\"><strong>\u00abFOCUS\u00bb (Daniel Goleman)<\/strong><\/p>\n<p>Goleman, con este libro&nbsp;nos realiza una propuesta sobre donde centrar nuestro \u201cfoco\u201d.<\/p>\n<p style=\"text-align: left\">Se trata de un libro muy \u00fatil para la cualquier persona, pero especialmente para los docentes. Combina la investigaci\u00f3n de vanguardia con conocimientos pr\u00e1cticos, Focus profundiza en la ciencia de la atenci\u00f3n en todas sus variedades: el foco interno, el foco en los dem\u00e1s y el foco exterior. En la \u00e9poca de la distracci\u00f3n permanente, Goleman sostiene convincentemente que ahora m\u00e1s que nunca tenemos que aprender a cultivar la atenci\u00f3n, tanto como forma de autocontrol, de mejorar la empat\u00eda o para comprender la complejidad que nos rodea.<\/p>\n<p style=\"text-align: left\">\u201c\u2026con qu\u00e9 fin y al servicio de qu\u00e9, estamos poniendo nuestros mejores talentos. Si nuestro foco de atenci\u00f3n solo sirve para conseguir nuestras metas personales, es decir, para nuestro inter\u00e9s personal\u2026 estaremos condenando a toda nuestra especie.<\/p>\n<p style=\"text-align: left\">\u2026En el estremo mayor de su apertura, nuestro foco de atenci\u00f3n abarca tambi\u00e9n los sistemas globales, tiene en cuenta las necesidades de los m\u00e1s pobres y desfavorecidos y atisba un futuro muy lejano.<\/p>\n<p style=\"text-align: left\">..\u00bfes solo para m\u00ed o tambi\u00e9n para los dem\u00e1s?<\/p>\n<p style=\"text-align: left\">\u00bfEn beneficio de unos pocos o de la mayor\u00eda?<\/p>\n<p style=\"text-align: left\">\u00bfPara ahora o para el futuro?.\u201d &nbsp; (Daniel Goleman)<\/p>\n<\/div>\n<\/td>\n<\/tr>\n<tr style=\"height: 24px\">\n<td style=\"height: 24px;text-align: left\"><strong>\u00abLos secretos de la motivaci\u00f3n\u00bb (Jos\u00e9 Antonio Marina).<\/strong> <img loading=\"lazy\" decoding=\"async\" class=\"alignleft wp-image-666 size-medium\" src=\"http:\/\/socratesescueladecoaching.es\/wp-content\/uploads\/2013\/08\/los-secretos-de-la-motivacion-marina-212x300.jpg\" alt=\"los-secretos-de-la-motivacion-marina\" height=\"300\" width=\"212\"><\/p>\n<p>La motivaci\u00f3n es esa fuerza interior que nos \u201cmueve\u201d hacia la \u201cacci\u00f3n\u201d.<\/p>\n<p>Cuando estamos motivad@s por algo, surge dentro de nosotr@s, una FUERZA que facilita la tar\u00e9a, por compleja, arriesgada, o novedosa que s\u00e9a.<\/p>\n<p>Jos\u00e9 Antonio Marina nos propone una serie de tareas, para comprender los mecanismos de la motivaci\u00f3n (propia y ajena).<\/p>\n<p>Despertar la motivaci\u00f3n es una tarea fundamental en los grupos humanos para conseguir metas y logros comunes. L@s padres-madres queremos motivar a nuestr@s hij@s; L@s maestr@s a l@s alumn@s; Las empresas a l@s trabajadores; \u2026 As\u00ed este libro pretende \u201cconvertirnos en expertos en la pr\u00e1ctica de la motivaci\u00f3n, en personas capaces de detectar las manipulaciones, y tambi\u00e9n expertas en animar y estimular a los dem\u00e1s y, por supuesto, a s\u00ed mismas. No nos cabe duda de que es nuestra competencia m\u00e1s deseable\u201d.<\/p>\n<p>Te animamos a leer y poner en practica este libro. \u00a1\u00a1\u00a1 Te hemos motivado a ello !!<\/td>\n<\/tr>\n<tr style=\"height: 24px\">\n<td style=\"height: 24px\">&nbsp;<\/td>\n<\/tr>\n<tr style=\"height: 24px\">\n<td style=\"height: 24px\">&nbsp;<\/td>\n<\/tr>\n<tr style=\"height: 24px\">\n<td style=\"height: 24px\">&nbsp;<\/td>\n<\/tr>\n<tr style=\"height: 24px\">\n<td style=\"height: 24px\">&nbsp;<\/td>\n<\/tr>\n<tr style=\"height: 24px\">\n<td style=\"height: 24px\">&nbsp;<\/td>\n<\/tr>\n<tr style=\"height: 24px\">\n<td style=\"height: 24px\">&nbsp;<\/td>\n<\/tr>\n<tr style=\"height: 24px\">\n<td style=\"height: 24px\">&nbsp;<\/td>\n<\/tr>\n<\/tbody>\n<\/table>\n","protected":false},"excerpt":{"rendered":"<p>Libros para regalar a mam\u00e1s, pap\u00e1s, maestros y maestras: \u00abLa Tropa del Arco Iris\u00bb (Andrea Hirata) \u201cDeseaba dar clase para que los ni\u00f1os de la&hellip;<\/p>\n","protected":false},"author":5634,"featured_media":0,"parent":2916,"menu_order":0,"comment_status":"closed","ping_status":"closed","template":"","meta":{"ngg_post_thumbnail":0,"footnotes":"","_mc_calendar":[]},"aioseo_notices":[],"_links":{"self":[{"href":"https:\/\/blogsaverroes.juntadeandalucia.es\/ceipparquenuevagranada\/wp-json\/wp\/v2\/pages\/2940"}],"collection":[{"href":"https:\/\/blogsaverroes.juntadeandalucia.es\/ceipparquenuevagranada\/wp-json\/wp\/v2\/pages"}],"about":[{"href":"https:\/\/blogsaverroes.juntadeandalucia.es\/ceipparquenuevagranada\/wp-json\/wp\/v2\/types\/page"}],"author":[{"embeddable":true,"href":"https:\/\/blogsaverroes.juntadeandalucia.es\/ceipparquenuevagranada\/wp-json\/wp\/v2\/users\/5634"}],"replies":[{"embeddable":true,"href":"https:\/\/blogsaverroes.juntadeandalucia.es\/ceipparquenuevagranada\/wp-json\/wp\/v2\/comments?post=2940"}],"version-history":[{"count":10,"href":"https:\/\/blogsaverroes.juntadeandalucia.es\/ceipparquenuevagranada\/wp-json\/wp\/v2\/pages\/2940\/revisions"}],"predecessor-version":[{"id":2952,"href":"https:\/\/blogsaverroes.juntadeandalucia.es\/ceipparquenuevagranada\/wp-json\/wp\/v2\/pages\/2940\/revisions\/2952"}],"up":[{"embeddable":true,"href":"https:\/\/blogsaverroes.juntadeandalucia.es\/ceipparquenuevagranada\/wp-json\/wp\/v2\/pages\/2916"}],"wp:attachment":[{"href":"https:\/\/blogsaverroes.juntadeandalucia.es\/ceipparquenuevagranada\/wp-json\/wp\/v2\/media?parent=2940"}],"curies":[{"name":"wp","href":"https:\/\/api.w.org\/{rel}","templated":true}]}}