{"id":3318,"date":"2024-01-27T13:01:46","date_gmt":"2024-01-27T13:01:46","guid":{"rendered":"https:\/\/blogsaverroes.juntadeandalucia.es\/ceipparquenuevagranada\/?page_id=3318"},"modified":"2024-01-27T15:51:36","modified_gmt":"2024-01-27T15:51:36","slug":"recursos-para-el-alumnado","status":"publish","type":"page","link":"https:\/\/blogsaverroes.juntadeandalucia.es\/ceipparquenuevagranada\/recursos-para-el-alumnado\/","title":{"rendered":"RECURSOS PARA EL ALUMNADO"},"content":{"rendered":"<h3>RECURSOS PARA ALUMNADO<\/h3>\n<p>Aqu\u00ed encontrar\u00e1s enlaces a las principales herramientas TIC que utilizamos en el colegio. Si tienes dudas de c\u00f3mo utilizarlas, o alg\u00fan problema relativo a las mismas, no dudes en comunicarlo, y trataremos de dar soluci\u00f3n en el menor tiempo posible. As\u00ed mismo, si conoces o descubres alguna aplicaci\u00f3n interesante que consideres que deber\u00edamos a\u00f1adir a esta p\u00e1gina, ponte en contacto con nosotros para pasarnos la informaci\u00f3n. Entre todos mejoraremos nuestros recursos.<\/p>\n<table style=\"font-weight: 400\">\n<tbody>\n<tr>\n<td width=\"189\"><a href=\"https:\/\/classroom.google.com\"><img loading=\"lazy\" decoding=\"async\" class=\"alignnone wp-image-7003\" src=\"https:\/\/blogsaverroes.juntadeandalucia.es\/ceipparquenuevagranada\/files\/2024\/01\/maxresdefault-300x169.jpg\" alt=\"Google Classroom es una herramienta destinada exclusivamente al mundo educativo. Su misi\u00f3n es la de permitir gestionar un aula de forma colaborativa a trav\u00e9s de Internet.\" width=\"182\" height=\"103\" srcset=\"https:\/\/blogsaverroes.juntadeandalucia.es\/ceipparquenuevagranada\/files\/2024\/01\/maxresdefault-300x169.jpg 300w, https:\/\/blogsaverroes.juntadeandalucia.es\/ceipparquenuevagranada\/files\/2024\/01\/maxresdefault-1024x576.jpg 1024w, https:\/\/blogsaverroes.juntadeandalucia.es\/ceipparquenuevagranada\/files\/2024\/01\/maxresdefault-768x432.jpg 768w, https:\/\/blogsaverroes.juntadeandalucia.es\/ceipparquenuevagranada\/files\/2024\/01\/maxresdefault-700x393.jpg 700w, https:\/\/blogsaverroes.juntadeandalucia.es\/ceipparquenuevagranada\/files\/2024\/01\/maxresdefault.jpg 1280w\" sizes=\"(max-width: 182px) 100vw, 182px\" \/><\/a><\/td>\n<td width=\"189\"><a href=\"https:\/\/www.google.com\/intl\/es_es\/drive\/\"><img loading=\"lazy\" decoding=\"async\" class=\"alignnone wp-image-7010\" src=\"https:\/\/blogsaverroes.juntadeandalucia.es\/ceipparquenuevagranada\/files\/2024\/01\/840_560-300x200.jpg\" alt=\"\" width=\"159\" height=\"107\" srcset=\"https:\/\/blogsaverroes.juntadeandalucia.es\/ceipparquenuevagranada\/files\/2024\/01\/840_560-300x200.jpg 300w, https:\/\/blogsaverroes.juntadeandalucia.es\/ceipparquenuevagranada\/files\/2024\/01\/840_560-768x512.jpg 768w, https:\/\/blogsaverroes.juntadeandalucia.es\/ceipparquenuevagranada\/files\/2024\/01\/840_560-700x467.jpg 700w, https:\/\/blogsaverroes.juntadeandalucia.es\/ceipparquenuevagranada\/files\/2024\/01\/840_560.jpg 840w\" sizes=\"(max-width: 159px) 100vw, 159px\" \/><\/a><\/td>\n<td width=\"189\"><a href=\"https:\/\/www.google.com\/intl\/es\/gmail\/about\/\"><img loading=\"lazy\" decoding=\"async\" class=\"wp-image-7005 alignnone\" src=\"https:\/\/blogsaverroes.juntadeandalucia.es\/ceipparquenuevagranada\/files\/2024\/01\/logo_gmail-300x300.png\" alt=\"\" width=\"107\" height=\"107\" srcset=\"https:\/\/blogsaverroes.juntadeandalucia.es\/ceipparquenuevagranada\/files\/2024\/01\/logo_gmail-300x300.png 300w, https:\/\/blogsaverroes.juntadeandalucia.es\/ceipparquenuevagranada\/files\/2024\/01\/logo_gmail-150x150.png 150w, https:\/\/blogsaverroes.juntadeandalucia.es\/ceipparquenuevagranada\/files\/2024\/01\/logo_gmail-432x432.png 432w, https:\/\/blogsaverroes.juntadeandalucia.es\/ceipparquenuevagranada\/files\/2024\/01\/logo_gmail-268x268.png 268w, https:\/\/blogsaverroes.juntadeandalucia.es\/ceipparquenuevagranada\/files\/2024\/01\/logo_gmail.png 512w\" sizes=\"(max-width: 107px) 100vw, 107px\" \/><\/a><\/td>\n<\/tr>\n<tr>\n<td width=\"189\"><a href=\"https:\/\/www.youtube.com\"><img loading=\"lazy\" decoding=\"async\" class=\"alignnone wp-image-7006\" src=\"https:\/\/blogsaverroes.juntadeandalucia.es\/ceipparquenuevagranada\/files\/2024\/01\/H2x1_NSwitchDS_YouTube_image1280w-300x150.jpg\" alt=\"\" width=\"164\" height=\"83\" srcset=\"https:\/\/blogsaverroes.juntadeandalucia.es\/ceipparquenuevagranada\/files\/2024\/01\/H2x1_NSwitchDS_YouTube_image1280w-300x150.jpg 300w, https:\/\/blogsaverroes.juntadeandalucia.es\/ceipparquenuevagranada\/files\/2024\/01\/H2x1_NSwitchDS_YouTube_image1280w-1024x512.jpg 1024w, https:\/\/blogsaverroes.juntadeandalucia.es\/ceipparquenuevagranada\/files\/2024\/01\/H2x1_NSwitchDS_YouTube_image1280w-768x384.jpg 768w, https:\/\/blogsaverroes.juntadeandalucia.es\/ceipparquenuevagranada\/files\/2024\/01\/H2x1_NSwitchDS_YouTube_image1280w-700x350.jpg 700w, https:\/\/blogsaverroes.juntadeandalucia.es\/ceipparquenuevagranada\/files\/2024\/01\/H2x1_NSwitchDS_YouTube_image1280w.jpg 1280w\" sizes=\"(max-width: 164px) 100vw, 164px\" \/><\/a><\/td>\n<td width=\"189\"><a href=\"https:\/\/es.wikipedia.org\/wiki\/Wikipedia:Portada\"><img loading=\"lazy\" decoding=\"async\" class=\"alignnone wp-image-7002\" src=\"https:\/\/blogsaverroes.juntadeandalucia.es\/ceipparquenuevagranada\/files\/2024\/01\/wikipedia-300x200.jpg\" alt=\"\" width=\"126\" height=\"85\" srcset=\"https:\/\/blogsaverroes.juntadeandalucia.es\/ceipparquenuevagranada\/files\/2024\/01\/wikipedia-300x200.jpg 300w, https:\/\/blogsaverroes.juntadeandalucia.es\/ceipparquenuevagranada\/files\/2024\/01\/wikipedia.jpg 450w\" sizes=\"(max-width: 126px) 100vw, 126px\" \/><\/a><\/td>\n<td width=\"189\"><a href=\"https:\/\/www.google.es\/intl\/es\/forms\/about\/\"><img loading=\"lazy\" decoding=\"async\" class=\"alignnone wp-image-7023\" src=\"https:\/\/blogsaverroes.juntadeandalucia.es\/ceipparquenuevagranada\/files\/2024\/01\/648693d8696491815923fc55_6117a822548e677b065f2a84_6072c33217590b827dbb6e3b_google-forms-300x111.png\" alt=\"\" width=\"198\" height=\"75\"><\/a><\/td>\n<\/tr>\n<tr>\n<td width=\"189\"><a href=\"https:\/\/kahoot.com\"><img loading=\"lazy\" decoding=\"async\" class=\"alignnone wp-image-7009\" src=\"https:\/\/blogsaverroes.juntadeandalucia.es\/ceipparquenuevagranada\/files\/2024\/01\/Dise\u00f1o-sin-t\u00edtulo-13-300x169.jpg\" alt=\"\" width=\"162\" height=\"92\" srcset=\"https:\/\/blogsaverroes.juntadeandalucia.es\/ceipparquenuevagranada\/files\/2024\/01\/Dise\u00f1o-sin-t\u00edtulo-13-300x169.jpg 300w, https:\/\/blogsaverroes.juntadeandalucia.es\/ceipparquenuevagranada\/files\/2024\/01\/Dise\u00f1o-sin-t\u00edtulo-13.jpg 560w\" sizes=\"(max-width: 162px) 100vw, 162px\" \/><\/a><\/td>\n<td width=\"189\"><a href=\"https:\/\/genial.ly\/es\/\"><img loading=\"lazy\" decoding=\"async\" class=\"alignnone wp-image-7004\" src=\"https:\/\/blogsaverroes.juntadeandalucia.es\/ceipparquenuevagranada\/files\/2024\/01\/maxresdefault-2-300x169.jpg\" alt=\"\" width=\"193\" height=\"110\" srcset=\"https:\/\/blogsaverroes.juntadeandalucia.es\/ceipparquenuevagranada\/files\/2024\/01\/maxresdefault-2-300x169.jpg 300w, https:\/\/blogsaverroes.juntadeandalucia.es\/ceipparquenuevagranada\/files\/2024\/01\/maxresdefault-2-1024x576.jpg 1024w, https:\/\/blogsaverroes.juntadeandalucia.es\/ceipparquenuevagranada\/files\/2024\/01\/maxresdefault-2-768x432.jpg 768w, https:\/\/blogsaverroes.juntadeandalucia.es\/ceipparquenuevagranada\/files\/2024\/01\/maxresdefault-2-700x394.jpg 700w, https:\/\/blogsaverroes.juntadeandalucia.es\/ceipparquenuevagranada\/files\/2024\/01\/maxresdefault-2.jpg 1280w\" sizes=\"(max-width: 193px) 100vw, 193px\" \/><\/a><\/td>\n<td width=\"189\"><a href=\"https:\/\/get.plickers.com\"><img loading=\"lazy\" decoding=\"async\" class=\"alignnone wp-image-7008\" src=\"https:\/\/blogsaverroes.juntadeandalucia.es\/ceipparquenuevagranada\/files\/2024\/01\/EWnj4K6UwAAohWj-300x169.jpg\" alt=\"\" width=\"191\" height=\"108\" srcset=\"https:\/\/blogsaverroes.juntadeandalucia.es\/ceipparquenuevagranada\/files\/2024\/01\/EWnj4K6UwAAohWj-300x169.jpg 300w, https:\/\/blogsaverroes.juntadeandalucia.es\/ceipparquenuevagranada\/files\/2024\/01\/EWnj4K6UwAAohWj-1024x576.jpg 1024w, https:\/\/blogsaverroes.juntadeandalucia.es\/ceipparquenuevagranada\/files\/2024\/01\/EWnj4K6UwAAohWj-768x432.jpg 768w, https:\/\/blogsaverroes.juntadeandalucia.es\/ceipparquenuevagranada\/files\/2024\/01\/EWnj4K6UwAAohWj-700x393.jpg 700w, https:\/\/blogsaverroes.juntadeandalucia.es\/ceipparquenuevagranada\/files\/2024\/01\/EWnj4K6UwAAohWj.jpg 1200w\" sizes=\"(max-width: 191px) 100vw, 191px\" \/><\/a><\/td>\n<\/tr>\n<tr>\n<td width=\"189\"><a href=\"https:\/\/www.powtoon.com\"><img loading=\"lazy\" decoding=\"async\" class=\"alignnone wp-image-7000\" src=\"https:\/\/blogsaverroes.juntadeandalucia.es\/ceipparquenuevagranada\/files\/2024\/01\/Powtoon-300x300.jpg\" alt=\"\" width=\"97\" height=\"97\" srcset=\"https:\/\/blogsaverroes.juntadeandalucia.es\/ceipparquenuevagranada\/files\/2024\/01\/Powtoon-300x300.jpg 300w, https:\/\/blogsaverroes.juntadeandalucia.es\/ceipparquenuevagranada\/files\/2024\/01\/Powtoon-150x150.jpg 150w, https:\/\/blogsaverroes.juntadeandalucia.es\/ceipparquenuevagranada\/files\/2024\/01\/Powtoon-768x768.jpg 768w, https:\/\/blogsaverroes.juntadeandalucia.es\/ceipparquenuevagranada\/files\/2024\/01\/Powtoon-432x432.jpg 432w, https:\/\/blogsaverroes.juntadeandalucia.es\/ceipparquenuevagranada\/files\/2024\/01\/Powtoon-268x268.jpg 268w, https:\/\/blogsaverroes.juntadeandalucia.es\/ceipparquenuevagranada\/files\/2024\/01\/Powtoon-700x700.jpg 700w, https:\/\/blogsaverroes.juntadeandalucia.es\/ceipparquenuevagranada\/files\/2024\/01\/Powtoon.jpg 1000w\" sizes=\"(max-width: 97px) 100vw, 97px\" \/><\/a><\/td>\n<td width=\"189\"><a href=\"http:\/\/canva.com\"><img loading=\"lazy\" decoding=\"async\" class=\"alignnone wp-image-7001\" src=\"https:\/\/blogsaverroes.juntadeandalucia.es\/ceipparquenuevagranada\/files\/2024\/01\/canva-scaled-1-300x169.jpg\" alt=\"\" width=\"161\" height=\"92\" srcset=\"https:\/\/blogsaverroes.juntadeandalucia.es\/ceipparquenuevagranada\/files\/2024\/01\/canva-scaled-1-300x169.jpg 300w, https:\/\/blogsaverroes.juntadeandalucia.es\/ceipparquenuevagranada\/files\/2024\/01\/canva-scaled-1-1024x576.jpg 1024w, https:\/\/blogsaverroes.juntadeandalucia.es\/ceipparquenuevagranada\/files\/2024\/01\/canva-scaled-1-768x432.jpg 768w, https:\/\/blogsaverroes.juntadeandalucia.es\/ceipparquenuevagranada\/files\/2024\/01\/canva-scaled-1-1536x864.jpg 1536w, https:\/\/blogsaverroes.juntadeandalucia.es\/ceipparquenuevagranada\/files\/2024\/01\/canva-scaled-1-2048x1152.jpg 2048w, https:\/\/blogsaverroes.juntadeandalucia.es\/ceipparquenuevagranada\/files\/2024\/01\/canva-scaled-1-700x394.jpg 700w, https:\/\/blogsaverroes.juntadeandalucia.es\/ceipparquenuevagranada\/files\/2024\/01\/canva-scaled-1.jpg 1600w\" sizes=\"(max-width: 161px) 100vw, 161px\" \/><\/a><\/td>\n<td width=\"189\"><a href=\"http:\/\/padlet.com\"><img loading=\"lazy\" decoding=\"async\" class=\"alignnone wp-image-6999\" src=\"https:\/\/blogsaverroes.juntadeandalucia.es\/ceipparquenuevagranada\/files\/2024\/01\/6737d7fdb89490b85bfc70d9fedd1182-300x152.jpg\" alt=\"\" width=\"170\" height=\"87\" srcset=\"https:\/\/blogsaverroes.juntadeandalucia.es\/ceipparquenuevagranada\/files\/2024\/01\/6737d7fdb89490b85bfc70d9fedd1182-300x152.jpg 300w, https:\/\/blogsaverroes.juntadeandalucia.es\/ceipparquenuevagranada\/files\/2024\/01\/6737d7fdb89490b85bfc70d9fedd1182.jpg 630w\" sizes=\"(max-width: 170px) 100vw, 170px\" \/><\/a><\/td>\n<\/tr>\n<tr>\n<td width=\"189\">&nbsp;<\/td>\n<td width=\"189\"><a href=\"https:\/\/www.audacityteam.org\"><img loading=\"lazy\" decoding=\"async\" class=\"alignnone wp-image-6998\" src=\"https:\/\/blogsaverroes.juntadeandalucia.es\/ceipparquenuevagranada\/files\/2024\/01\/Audacity_Logo_With_Name-300x119.png\" alt=\"\" width=\"202\" height=\"81\" srcset=\"https:\/\/blogsaverroes.juntadeandalucia.es\/ceipparquenuevagranada\/files\/2024\/01\/Audacity_Logo_With_Name-300x119.png 300w, https:\/\/blogsaverroes.juntadeandalucia.es\/ceipparquenuevagranada\/files\/2024\/01\/Audacity_Logo_With_Name.png 506w\" sizes=\"(max-width: 202px) 100vw, 202px\" \/><\/a><\/td>\n<td width=\"189\">&nbsp;<\/td>\n<\/tr>\n<\/tbody>\n<\/table>\n","protected":false},"excerpt":{"rendered":"<p>RECURSOS PARA ALUMNADO Aqu\u00ed encontrar\u00e1s enlaces a las principales herramientas TIC que utilizamos en el colegio. Si tienes dudas de c\u00f3mo utilizarlas, o alg\u00fan problema&hellip;<\/p>\n","protected":false},"author":5270,"featured_media":0,"parent":0,"menu_order":0,"comment_status":"closed","ping_status":"closed","template":"","meta":{"ngg_post_thumbnail":0,"footnotes":"","_mc_calendar":[]},"aioseo_notices":[],"_links":{"self":[{"href":"https:\/\/blogsaverroes.juntadeandalucia.es\/ceipparquenuevagranada\/wp-json\/wp\/v2\/pages\/3318"}],"collection":[{"href":"https:\/\/blogsaverroes.juntadeandalucia.es\/ceipparquenuevagranada\/wp-json\/wp\/v2\/pages"}],"about":[{"href":"https:\/\/blogsaverroes.juntadeandalucia.es\/ceipparquenuevagranada\/wp-json\/wp\/v2\/types\/page"}],"author":[{"embeddable":true,"href":"https:\/\/blogsaverroes.juntadeandalucia.es\/ceipparquenuevagranada\/wp-json\/wp\/v2\/users\/5270"}],"replies":[{"embeddable":true,"href":"https:\/\/blogsaverroes.juntadeandalucia.es\/ceipparquenuevagranada\/wp-json\/wp\/v2\/comments?post=3318"}],"version-history":[{"count":35,"href":"https:\/\/blogsaverroes.juntadeandalucia.es\/ceipparquenuevagranada\/wp-json\/wp\/v2\/pages\/3318\/revisions"}],"predecessor-version":[{"id":7033,"href":"https:\/\/blogsaverroes.juntadeandalucia.es\/ceipparquenuevagranada\/wp-json\/wp\/v2\/pages\/3318\/revisions\/7033"}],"wp:attachment":[{"href":"https:\/\/blogsaverroes.juntadeandalucia.es\/ceipparquenuevagranada\/wp-json\/wp\/v2\/media?parent=3318"}],"curies":[{"name":"wp","href":"https:\/\/api.w.org\/{rel}","templated":true}]}}