{"id":35,"date":"2015-03-13T08:21:43","date_gmt":"2015-03-13T08:21:43","guid":{"rendered":"http:\/\/blogsaverroes.juntadeandalucia.es\/pre\/ceip\/?page_id=35"},"modified":"2022-12-14T14:13:32","modified_gmt":"2022-12-14T14:13:32","slug":"el-centro-2","status":"publish","type":"page","link":"https:\/\/blogsaverroes.juntadeandalucia.es\/ceipparquenuevagranada\/el-centro-2\/","title":{"rendered":"Datos del centro"},"content":{"rendered":"<p><a href=\"https:\/\/blogsaverroes.juntadeandalucia.es\/ceipparquenuevagranada\/files\/2015\/05\/FotoGer.jpg\"><img loading=\"lazy\" decoding=\"async\" class=\"size-medium wp-image-2219 aligncenter\" src=\"https:\/\/blogsaverroes.juntadeandalucia.es\/ceipparquenuevagranada\/files\/2015\/05\/FotoGer-300x222.jpg\" alt=\"\" width=\"300\" height=\"222\" srcset=\"https:\/\/blogsaverroes.juntadeandalucia.es\/ceipparquenuevagranada\/files\/2015\/05\/FotoGer-300x222.jpg 300w, https:\/\/blogsaverroes.juntadeandalucia.es\/ceipparquenuevagranada\/files\/2015\/05\/FotoGer-1024x759.jpg 1024w, https:\/\/blogsaverroes.juntadeandalucia.es\/ceipparquenuevagranada\/files\/2015\/05\/FotoGer-700x519.jpg 700w, https:\/\/blogsaverroes.juntadeandalucia.es\/ceipparquenuevagranada\/files\/2015\/05\/FotoGer.jpg 1280w\" sizes=\"(max-width: 300px) 100vw, 300px\" \/><\/a><a href=\"http:\/\/blogsaverroes.juntadeandalucia.es\/ceipparquenuevagranada\/files\/2015\/03\/GOOGLE-MAP.jpg\"><img loading=\"lazy\" decoding=\"async\" class=\" wp-image-2245 aligncenter\" src=\"http:\/\/blogsaverroes.juntadeandalucia.es\/ceipparquenuevagranada\/files\/2015\/03\/GOOGLE-MAP-300x180.jpg\" alt=\"GOOGLE MAP\" width=\"346\" height=\"211\"><\/a><\/p>\n<h4><strong>Datos de contacto<\/strong><\/h4>\n<p>CEIP PARQUE NUEVA GRANADA<\/p>\n<p><strong>Direcci\u00f3n:<\/strong> &nbsp;Calle Rigoberta Mench\u00fa, n\u00ba 3 &#8211; 18011 &#8211; Granada<\/p>\n<p><strong>Tel\u00e9fono \/ FAX: 958 89 37 72 \/ 958 89 37 73<\/strong><br \/>\n<strong>Email:<\/strong> 18601680.edu@juntadeandalucia.es<\/p>\n<h4><strong>Horarios<\/strong><\/h4>\n<p>AULA MATINAL: 7:30 a 9:00<\/p>\n<p>HORARIO LECTIVO: 9:00 A 14:00<\/p>\n<p>COMEDOR: 14:0 A 16:00<\/p>\n<p>ACTIVIDADES EXTRAESCOLARES: 16:00 a 18:00<\/p>\n<p>TUTOR\u00cdAS: LUNES 17:00 a 18:00<\/p>\n<h4><strong>Oferta educativa<\/strong><\/h4>\n<p>+ Educaci\u00f3n Infantil y Primaria<\/p>\n<p>+ Centro Biling\u00fce<\/p>\n<p>+ Aula Matinal, Comedor y Actividades Extraescolares<\/p>\n<p>+ Radio y Peri\u00f3dico Escolar<\/p>\n<p>+ Plat\u00f3 de video<\/p>\n<p>+ Aula de Teatro<\/p>\n<p>+ Gimnasio calefactado<\/p>\n<p>+ Patio de infantil independiente<\/p>\n<p>+ Pista&nbsp; polideportiva<\/p>\n<p>+ Huerto Escolar<\/p>\n<p>+ Zonas verdes<\/p>\n<h4><strong>Contexto<\/strong><\/h4>\n<p>Nuestro centro se encuentra ubicado en Parque Nueva Granada, un barrio en distrito norte, en la ciudad de Granada. Est\u00e1 situado en la zona este del distrito; limita al este con el barrio de El Fargue; al sur, con los barrios de Cercado Bajo de Cartuja y Caser\u00eda de Montijo; al oeste, con el barrio de Cartuja; y al norte, con los t\u00e9rminos municipales de Jun y V\u00edznar.&nbsp; El <strong>Parque Nueva Granada <\/strong>es un barrio relativamente joven. La primera fase se realiz\u00f3 en <strong>1977, <\/strong>con un bloque de edificios situado sobre la residencia de estudiantes Fernando de los R\u00edos. All\u00ed se instalaron 60 familias entonces y hoy d\u00eda la zona ya supera los <strong>6.000 habitantes<\/strong>.<\/p>\n<p>Teniendo en cuenta el contexto social, el barrio cuenta con un riesgo moderado de exclusi\u00f3n social y alto riesgo de dependencia vulnerable, se encuentran altas tasas de poblaci\u00f3n de etnia gitana y poblaci\u00f3n inmigrante extranjera. Contamos con una oferta de ense\u00f1anza p\u00fablica en las etapas de infantil y primaria.&nbsp; Nuestro cole recibe cada a\u00f1o un porcentaje significativo de alumnos nuevos y, por tanto, integra a nuevas familias que van y vienen , por lo que la ratio no es muy regular .Predomina la diversidad de las familias de diversas nacionalidades. Estas familias inmigrantes representan un alto porcentaje en nuestro centro, y en estos casos es mayor el porcentaje de alumnado que diferente idioma. Por todas estas circunstancias, una de las caracter\u00edsticas que mejor definen al alumnado de nuestro centro es la heterogeneidad, tanto a nivel socioecon\u00f3mico, como cultural y educativo. El alumnado est\u00e1 muy integrado en el centro, siendo este un referente importante en su vida.<\/p>\n<p>A lo largo de los \u00faltimos a\u00f1os, el centro se han ido desarrollando diversas iniciativas educativas en orden a mejorar la calidad de nuestra ense\u00f1anza y a elevar los rendimientos acad\u00e9micos de la zona: Planes y programas de innovaci\u00f3n relacionados con la mejora de la salud y el medio ambiente, uso e integraci\u00f3n de las nuevas tecnolog\u00edas, Plan de Acompa\u00f1amiento, Escuela espacio de Paz, Impulsa, PROA+\u2026..as\u00ed como distintos planes y proyectos de mejora que se adaptan mejor al tipo de ense\u00f1anza que este alumnado necesita.<\/p>\n<p>Nos caracterizamos por ser un centro abierto, multicultural, multiracial e inclusivo, donde prima el aprendizaje activo y vivencial en base a unidades globalizadas, teniendo en cuenta aspectos de car\u00e1cter social, regados por valores y principios como el respeto, el trabajo en equipo y compa\u00f1erismo.<\/p>\n<p>La plantilla docente del CEIP Parque Nueva Granada est\u00e1 compuesta por 16 maestros y maestras que atienden a una sola l\u00ednea educativa de Educaci\u00f3n Infantil y Primaria.&nbsp;<\/p>\n<p>A nivel de infraestructuras, nuestro centro cuenta con dos edificios, uno principal donde se sit\u00faan las aulas de educaci\u00f3n infantil, as\u00ed como las de tercero, cuarto, quinto y sexto; la sala de profesores\/as, laboratorio de ingl\u00e9s, sala de m\u00fasica, aula matinal y comedor. Tambi\u00e9n se pueden encontrar el aula de PT y AL, una sala para el equipo de orientaci\u00f3n educativa as\u00ed como una sala de medios audiovisuales. En el edificio II, se encuentran las aulas de primero y segundo, aulas para apoyo y refuerzo, religi\u00f3n y valores, as\u00ed como la biblioteca del cole; la sala de la caldera y un trastero. De manera contigua se encuentra el gimnasio que hace tambi\u00e9n funci\u00f3n de sal\u00f3n de actos. &nbsp;<\/p>\n<p>&nbsp;<\/p>\n<p><a href=\"http:\/\/blogsaverroes.juntadeandalucia.es\/ceipparquenuevagranada\/files\/2015\/05\/cropped-FotoGer.jpg\"><img loading=\"lazy\" decoding=\"async\" class=\" wp-image-2223 aligncenter\" src=\"http:\/\/blogsaverroes.juntadeandalucia.es\/ceipparquenuevagranada\/files\/2015\/05\/cropped-FotoGer-300x73.jpg\" alt=\"cropped-FotoGer.jpg\" width=\"445\" height=\"116\"><\/a><\/p>\n<p>\n<div class=\"ngg-galleryoverview ngg-slideshow\"\n\tid=\"ngg-slideshow-bf7d259c861f50f00ddc83d6b2ff1410-14515878410\"\n\tdata-gallery-id=\"bf7d259c861f50f00ddc83d6b2ff1410\"\n\tstyle=\"max-width: 600px;\n\t\t\tmax-height: 400px;\n\t\t\tdisplay: none;\">\n\n\t\n\t\t<a href=\"https:\/\/blogsaverroes.juntadeandalucia.es\/ceipparquenuevagranada\/wp-content\/uploads\/sites\/792\/nggallery\/instalaciones\/instalacion01.jpg\"\n\t\t\ttitle=\"Aula\"\n\t\t\tdata-src=\"https:\/\/blogsaverroes.juntadeandalucia.es\/ceipparquenuevagranada\/wp-content\/uploads\/sites\/792\/nggallery\/instalaciones\/instalacion01.jpg\"\n\t\t\tdata-thumbnail=\"https:\/\/blogsaverroes.juntadeandalucia.es\/ceipparquenuevagranada\/wp-content\/uploads\/sites\/792\/nggallery\/instalaciones\/thumbs\/thumbs_instalacion01.jpg\"\n\t\t\tdata-image-id=\"12\"\n\t\t\tdata-title=\"instalacion01\"\n\t\t\tdata-description=\"Aula\"\n\t\t\tclass=\"ngg-fancybox\" rel=\"bf7d259c861f50f00ddc83d6b2ff1410\">\n\n\t\t\t<img data-image-id='12'\n\t\t\t\ttitle=\"Aula\"\n\t\t\t\talt=\"instalacion01\"\n\t\t\t\tsrc=\"https:\/\/blogsaverroes.juntadeandalucia.es\/ceipparquenuevagranada\/wp-content\/uploads\/sites\/792\/nggallery\/instalaciones\/instalacion01.jpg\"\n\t\t\t\tstyle=\"max-height: 380px;\"\/>\n\t\t<\/a>\n\n\t\t\n\t\t<a href=\"https:\/\/blogsaverroes.juntadeandalucia.es\/ceipparquenuevagranada\/wp-content\/uploads\/sites\/792\/nggallery\/instalaciones\/instalacion02.jpg\"\n\t\t\ttitle=\"Gimnasio\"\n\t\t\tdata-src=\"https:\/\/blogsaverroes.juntadeandalucia.es\/ceipparquenuevagranada\/wp-content\/uploads\/sites\/792\/nggallery\/instalaciones\/instalacion02.jpg\"\n\t\t\tdata-thumbnail=\"https:\/\/blogsaverroes.juntadeandalucia.es\/ceipparquenuevagranada\/wp-content\/uploads\/sites\/792\/nggallery\/instalaciones\/thumbs\/thumbs_instalacion02.jpg\"\n\t\t\tdata-image-id=\"13\"\n\t\t\tdata-title=\"instalacion02\"\n\t\t\tdata-description=\"Gimnasio\"\n\t\t\tclass=\"ngg-fancybox\" rel=\"bf7d259c861f50f00ddc83d6b2ff1410\">\n\n\t\t\t<img data-image-id='13'\n\t\t\t\ttitle=\"Gimnasio\"\n\t\t\t\talt=\"instalacion02\"\n\t\t\t\tsrc=\"https:\/\/blogsaverroes.juntadeandalucia.es\/ceipparquenuevagranada\/wp-content\/uploads\/sites\/792\/nggallery\/instalaciones\/instalacion02.jpg\"\n\t\t\t\tstyle=\"max-height: 380px;\"\/>\n\t\t<\/a>\n\n\t\t\n\t\t<a href=\"https:\/\/blogsaverroes.juntadeandalucia.es\/ceipparquenuevagranada\/wp-content\/uploads\/sites\/792\/nggallery\/instalaciones\/instalacion03.jpg\"\n\t\t\ttitle=\"Sala de presentaciones\"\n\t\t\tdata-src=\"https:\/\/blogsaverroes.juntadeandalucia.es\/ceipparquenuevagranada\/wp-content\/uploads\/sites\/792\/nggallery\/instalaciones\/instalacion03.jpg\"\n\t\t\tdata-thumbnail=\"https:\/\/blogsaverroes.juntadeandalucia.es\/ceipparquenuevagranada\/wp-content\/uploads\/sites\/792\/nggallery\/instalaciones\/thumbs\/thumbs_instalacion03.jpg\"\n\t\t\tdata-image-id=\"14\"\n\t\t\tdata-title=\"instalacion03\"\n\t\t\tdata-description=\"Sala de presentaciones\"\n\t\t\tclass=\"ngg-fancybox\" rel=\"bf7d259c861f50f00ddc83d6b2ff1410\">\n\n\t\t\t<img data-image-id='14'\n\t\t\t\ttitle=\"Sala de presentaciones\"\n\t\t\t\talt=\"instalacion03\"\n\t\t\t\tsrc=\"https:\/\/blogsaverroes.juntadeandalucia.es\/ceipparquenuevagranada\/wp-content\/uploads\/sites\/792\/nggallery\/instalaciones\/instalacion03.jpg\"\n\t\t\t\tstyle=\"max-height: 380px;\"\/>\n\t\t<\/a>\n\n\t\t\n\t\t<a href=\"https:\/\/blogsaverroes.juntadeandalucia.es\/ceipparquenuevagranada\/wp-content\/uploads\/sites\/792\/nggallery\/instalaciones\/instalacion04.jpg\"\n\t\t\ttitle=\"Taquillas\"\n\t\t\tdata-src=\"https:\/\/blogsaverroes.juntadeandalucia.es\/ceipparquenuevagranada\/wp-content\/uploads\/sites\/792\/nggallery\/instalaciones\/instalacion04.jpg\"\n\t\t\tdata-thumbnail=\"https:\/\/blogsaverroes.juntadeandalucia.es\/ceipparquenuevagranada\/wp-content\/uploads\/sites\/792\/nggallery\/instalaciones\/thumbs\/thumbs_instalacion04.jpg\"\n\t\t\tdata-image-id=\"15\"\n\t\t\tdata-title=\"instalacion04\"\n\t\t\tdata-description=\"Taquillas\"\n\t\t\tclass=\"ngg-fancybox\" rel=\"bf7d259c861f50f00ddc83d6b2ff1410\">\n\n\t\t\t<img data-image-id='15'\n\t\t\t\ttitle=\"Taquillas\"\n\t\t\t\talt=\"instalacion04\"\n\t\t\t\tsrc=\"https:\/\/blogsaverroes.juntadeandalucia.es\/ceipparquenuevagranada\/wp-content\/uploads\/sites\/792\/nggallery\/instalaciones\/instalacion04.jpg\"\n\t\t\t\tstyle=\"max-height: 380px;\"\/>\n\t\t<\/a>\n\n\t\t<\/div>\n\n\t\t<!-- Thumbnails Link -->\n\t<div class=\"slideshowlink\" style=\"max-width: 600px;\">\n\t\t<a href='https:\/\/blogsaverroes.juntadeandalucia.es\/ceipparquenuevagranada\/el-centro-2\/nggallery\/thumbnails'>[Mostrar miniaturas]<\/a>\n\t<\/div>\n\n<\/p>\n<p>&nbsp;<\/p>\n","protected":false},"excerpt":{"rendered":"<p>Datos de contacto CEIP PARQUE NUEVA GRANADA Direcci\u00f3n: &nbsp;Calle Rigoberta Mench\u00fa, n\u00ba 3 &#8211; 18011 &#8211; Granada Tel\u00e9fono \/ FAX: 958 89 37 72 \/&hellip;<\/p>\n","protected":false},"author":1,"featured_media":0,"parent":0,"menu_order":0,"comment_status":"closed","ping_status":"open","template":"","meta":{"ngg_post_thumbnail":0,"footnotes":"","_mc_calendar":[]},"aioseo_notices":[],"_links":{"self":[{"href":"https:\/\/blogsaverroes.juntadeandalucia.es\/ceipparquenuevagranada\/wp-json\/wp\/v2\/pages\/35"}],"collection":[{"href":"https:\/\/blogsaverroes.juntadeandalucia.es\/ceipparquenuevagranada\/wp-json\/wp\/v2\/pages"}],"about":[{"href":"https:\/\/blogsaverroes.juntadeandalucia.es\/ceipparquenuevagranada\/wp-json\/wp\/v2\/types\/page"}],"author":[{"embeddable":true,"href":"https:\/\/blogsaverroes.juntadeandalucia.es\/ceipparquenuevagranada\/wp-json\/wp\/v2\/users\/1"}],"replies":[{"embeddable":true,"href":"https:\/\/blogsaverroes.juntadeandalucia.es\/ceipparquenuevagranada\/wp-json\/wp\/v2\/comments?post=35"}],"version-history":[{"count":19,"href":"https:\/\/blogsaverroes.juntadeandalucia.es\/ceipparquenuevagranada\/wp-json\/wp\/v2\/pages\/35\/revisions"}],"predecessor-version":[{"id":6313,"href":"https:\/\/blogsaverroes.juntadeandalucia.es\/ceipparquenuevagranada\/wp-json\/wp\/v2\/pages\/35\/revisions\/6313"}],"wp:attachment":[{"href":"https:\/\/blogsaverroes.juntadeandalucia.es\/ceipparquenuevagranada\/wp-json\/wp\/v2\/media?parent=35"}],"curies":[{"name":"wp","href":"https:\/\/api.w.org\/{rel}","templated":true}]}}