{"id":434,"date":"2015-03-20T07:07:50","date_gmt":"2015-03-20T07:07:50","guid":{"rendered":"http:\/\/blogsaverroes.juntadeandalucia.es\/pre\/ceip\/?page_id=434"},"modified":"2018-06-20T08:10:26","modified_gmt":"2018-06-20T08:10:26","slug":"materiales-recursos","status":"publish","type":"page","link":"https:\/\/blogsaverroes.juntadeandalucia.es\/ceipparquenuevagranada\/ed-primaria-2o-ciclo\/materiales-recursos\/","title":{"rendered":"E.P. 2\u00ba ciclo. Materiales, recursos&#8230;"},"content":{"rendered":"<ul>\n<li>Sin\u00f3nimos y ant\u00f3nimos\n<ul>\n<li>Videos:&nbsp;<a href=\"https:\/\/www.youtube.com\/watch?v=McY3LMe2BvM\">https:\/\/www.youtube.com\/watch?v=McY3LMe2BvM<\/a><\/li>\n<\/ul>\n<\/li>\n<\/ul>\n<p><a href=\"https:\/\/www.youtube.com\/watch?v=FpJ43szn8DQ\">&nbsp; &nbsp; &nbsp; &nbsp; &nbsp; &nbsp; &nbsp; &nbsp; &nbsp; &nbsp; &nbsp; &nbsp; &nbsp; &nbsp; https:\/\/www.youtube.com\/watch?v=FpJ43szn8DQ<\/a><\/p>\n<p><a href=\"https:\/\/www.youtube.com\/watch?v=WDrr3CkeHAk\">&nbsp; &nbsp; &nbsp; &nbsp; &nbsp; &nbsp; &nbsp; &nbsp; &nbsp; &nbsp; &nbsp; &nbsp; &nbsp; &nbsp; https:\/\/www.youtube.com\/watch?v=WDrr3CkeHAk<\/a><\/p>\n<ul>\n<li>Juegos: &nbsp; &nbsp;<a href=\"https:\/\/juegosinfantiles.bosquedefantasias.com\/sinonimos-antonimos\">https:\/\/juegosinfantiles.bosquedefantasias.com\/sinonimos-antonimos<\/a><\/li>\n<\/ul>\n<p>&nbsp; &nbsp; &nbsp; &nbsp; &nbsp; &nbsp; &nbsp; <a href=\"https:\/\/cplosangeles.educarex.es\/web\/edilim\/tercer_ciclo\/lengua\/vocabulario\/sinonimos_antonimos\/sinonimos_antonimos.html\">https:\/\/cplosangeles.educarex.es\/web\/edilim\/tercer_ciclo\/lengua\/vocabulario\/sinonimos_antonimos\/sinonimos_antonimos.html<\/a><\/p>\n<ul>\n<li>Sustantivos:\n<ul>\n<li>Videos:<\/li>\n<\/ul>\n<\/li>\n<\/ul>\n<p><a href=\"https:\/\/www.youtube.com\/watch?v=ICuY6jO9PTE\">https:\/\/www.youtube.com\/watch?v=ICuY6jO9PTE<\/a><\/p>\n<p><a href=\"https:\/\/www.youtube.com\/watch?v=4fyDdhUcJgU\">https:\/\/www.youtube.com\/watch?v=4fyDdhUcJgU<\/a><\/p>\n<p><iframe loading=\"lazy\" title=\"Los Tipos de Sustantivos en Espa\u00f1ol: Definici\u00f3n y Ejemplos\" width=\"843\" height=\"474\" src=\"https:\/\/www.youtube.com\/embed\/hmuGiU_6QGc?feature=oembed\" frameborder=\"0\" allow=\"accelerometer; autoplay; clipboard-write; encrypted-media; gyroscope; picture-in-picture; web-share\" referrerpolicy=\"strict-origin-when-cross-origin\" allowfullscreen><\/iframe><\/p>\n<ul>\n<li>Juegos:<\/li>\n<\/ul>\n<p><a href=\"https:\/\/www.cerebriti.com\/juegos-de-lengua\/sustantivos--adjetivos-y-verbos-#.Wfd1hUxDnvx\">https:\/\/www.cerebriti.com\/juegos-de-lengua\/sustantivos&#8211;adjetivos-y-verbos-#.Wfd1hUxDnvx<\/a><\/p>\n<h4><a href=\"http:\/\/www.elabueloeduca.com\/aprender\/lengua\/palabras\/sustantivos.html\">http:\/\/www.elabueloeduca.com\/aprender\/lengua\/palabras\/sustantivos.html<\/a><\/h4>\n<h4>&nbsp;<\/h4>\n<h4>&nbsp;<\/h4>\n<h4>Las fracciones<\/h4>\n<p><a href=\"https:\/\/blogsaverroes.juntadeandalucia.es\/ceipparquenuevagranada\/files\/2015\/03\/Equivalentes.jpg\"><img loading=\"lazy\" decoding=\"async\" class=\"alignnone size-medium wp-image-2856\" src=\"https:\/\/blogsaverroes.juntadeandalucia.es\/ceipparquenuevagranada\/files\/2015\/03\/Equivalentes-300x142.jpg\" alt=\"\" width=\"300\" height=\"142\" srcset=\"https:\/\/blogsaverroes.juntadeandalucia.es\/ceipparquenuevagranada\/files\/2015\/03\/Equivalentes-300x142.jpg 300w, https:\/\/blogsaverroes.juntadeandalucia.es\/ceipparquenuevagranada\/files\/2015\/03\/Equivalentes-24x11.jpg 24w, https:\/\/blogsaverroes.juntadeandalucia.es\/ceipparquenuevagranada\/files\/2015\/03\/Equivalentes-36x17.jpg 36w, https:\/\/blogsaverroes.juntadeandalucia.es\/ceipparquenuevagranada\/files\/2015\/03\/Equivalentes-48x23.jpg 48w, https:\/\/blogsaverroes.juntadeandalucia.es\/ceipparquenuevagranada\/files\/2015\/03\/Equivalentes.jpg 486w\" sizes=\"(max-width: 300px) 100vw, 300px\" \/><\/a><\/p>\n<p>Presentamos varios videos y juegos interactivos para que el alumnado aprenda las fracciones de forma divertida y amena.<\/p>\n<p><a href=\"https:\/\/www.youtube.com\/watch?v=vB4uMRgSz-s\">Video 1: Las fracciones: \u00bfQu\u00e9 son y para que sirven?<\/a><\/p>\n<p><a href=\"https:\/\/www.youtube.com\/watch?v=t-DpeWQIVZo\">Video 2: Las fracciones de fruta<\/a><\/p>\n<p><a href=\"https:\/\/www.youtube.com\/watch?v=mBCBu4fpH20\">Video 3: Fracciones equivalentes<\/a><\/p>\n<p><a href=\"https:\/\/www.youtube.com\/watch?v=Vt0i9Hsye8w\">Video 4: Fracci\u00f3n de un n\u00famero<\/a><\/p>\n<p><a href=\"https:\/\/juegosinfantiles.bosquedefantasias.com\/matematicas\/fracciones\">Juego 1: Aprende las fracciones<\/a><\/p>\n<p><a href=\"http:\/\/aprendiendomates.com\/matematicas\/fracciones.php\">Juego 2: Suma de fracciones<\/a><\/p>\n<p><a href=\"http:\/\/aprendiendomates.com\/matematicas\/fracciones_resta.php\">Juego 3: Resta de fracciones<\/a><\/p>\n<p><a href=\"http:\/\/www.vedoque.com\/juegos\/juego.php?j=matematicas-04-fracciones\">Juego 4: Varios juegos con fracciones<\/a><\/p>\n<p><a href=\"http:\/\/www.cokitos.com\/tag\/juegos-de-fracciones\/\">Juego 5: Bater\u00eda de juego con fracciones<\/a><\/p>\n<p>&nbsp;<\/p>\n<h4>&nbsp;<\/h4>\n<h4>Superficie<\/h4>\n<p><a title=\"Superficie\" href=\"http:\/\/agrega.juntadeandalucia.es\/visualizador-1\/es\/pode\/presentacion\/visualizadorSinSecuencia\/visualizar-datos.jsp\" target=\"_blank\" rel=\"noopener\"><img loading=\"lazy\" decoding=\"async\" class=\"alignnone size-medium wp-image-1589\" src=\"http:\/\/blogsaverroes.juntadeandalucia.es\/ceipparquenuevagranada\/files\/2015\/03\/superficie-256x300.jpg\" alt=\"superficie\" width=\"256\" height=\"300\" srcset=\"https:\/\/blogsaverroes.juntadeandalucia.es\/ceipparquenuevagranada\/files\/2015\/03\/superficie-256x300.jpg 256w, https:\/\/blogsaverroes.juntadeandalucia.es\/ceipparquenuevagranada\/files\/2015\/03\/superficie-332x388.jpg 332w, https:\/\/blogsaverroes.juntadeandalucia.es\/ceipparquenuevagranada\/files\/2015\/03\/superficie.jpg 512w\" sizes=\"(max-width: 256px) 100vw, 256px\" \/><\/a><\/p>\n<p>Realizaremos una primera aproximaci\u00f3n al concepto de superficie utilizando unidades de medida del SMD y unidades no convencionales.<\/p>\n<p>&nbsp;<\/p>\n<h4>Las plantas<\/h4>\n<p><a title=\"Plantas\" href=\"http:\/\/agrega.juntadeandalucia.es\/visualizador-1\/es\/pode\/presentacion\/visualizadorSinSecuencia\/visualizar-datos.jsp\" target=\"_blank\" rel=\"noopener\"><img loading=\"lazy\" decoding=\"async\" class=\"alignnone size-medium wp-image-1595\" src=\"http:\/\/blogsaverroes.juntadeandalucia.es\/ceipparquenuevagranada\/files\/2015\/03\/plantas-300x225.jpg\" alt=\"plantas\" width=\"300\" height=\"225\" srcset=\"https:\/\/blogsaverroes.juntadeandalucia.es\/ceipparquenuevagranada\/files\/2015\/03\/plantas-300x225.jpg 300w, https:\/\/blogsaverroes.juntadeandalucia.es\/ceipparquenuevagranada\/files\/2015\/03\/plantas-700x525.jpg 700w, https:\/\/blogsaverroes.juntadeandalucia.es\/ceipparquenuevagranada\/files\/2015\/03\/plantas-332x249.jpg 332w, https:\/\/blogsaverroes.juntadeandalucia.es\/ceipparquenuevagranada\/files\/2015\/03\/plantas.jpg 800w\" sizes=\"(max-width: 300px) 100vw, 300px\" \/><\/a><\/p>\n<p>Secuencia did\u00e1ctica con actividades para trabajar las plantas.<\/p>\n<p>&nbsp;<\/p>\n<h4>El espacio. El Sistema Solar<\/h4>\n<p><a title=\"Sistema Solar\" href=\"http:\/\/agrega.juntadeandalucia.es\/visualizador-1\/Visualizar\/Visualizar.do?identificador=es-an_2015020913_9142518&amp;secuencia=true&amp;idioma=es\" target=\"_blank\" rel=\"noopener\"><img loading=\"lazy\" decoding=\"async\" class=\"alignnone size-medium wp-image-1597\" src=\"http:\/\/blogsaverroes.juntadeandalucia.es\/ceipparquenuevagranada\/files\/2015\/03\/sistema_solar-300x188.jpg\" alt=\"sistema_solar\" width=\"300\" height=\"188\" srcset=\"https:\/\/blogsaverroes.juntadeandalucia.es\/ceipparquenuevagranada\/files\/2015\/03\/sistema_solar-300x188.jpg 300w, https:\/\/blogsaverroes.juntadeandalucia.es\/ceipparquenuevagranada\/files\/2015\/03\/sistema_solar-332x209.jpg 332w, https:\/\/blogsaverroes.juntadeandalucia.es\/ceipparquenuevagranada\/files\/2015\/03\/sistema_solar.jpg 640w\" sizes=\"(max-width: 300px) 100vw, 300px\" \/><\/a><\/p>\n<p>El Sistema Solar. El universo es un tema muy atractivo para los ni\u00f1os, del que poseen algunos conocimientos previos, adem\u00e1s de sus propias observaciones. El objetivo de esta unidad es permitirles tener una visi\u00f3n global de c\u00f3mo es su planeta y del lugar que ocupa en el espacio, y en \u00faltimo t\u00e9rmino invitarlos a observar el cielo para comprender algunos de los conceptos sobre Astronom\u00eda.<\/p>\n","protected":false},"excerpt":{"rendered":"<p>Sin\u00f3nimos y ant\u00f3nimos Videos:&nbsp;https:\/\/www.youtube.com\/watch?v=McY3LMe2BvM &nbsp; &nbsp; &nbsp; &nbsp; &nbsp; &nbsp; &nbsp; &nbsp; &nbsp; &nbsp; &nbsp; &nbsp; &nbsp; &nbsp; https:\/\/www.youtube.com\/watch?v=FpJ43szn8DQ &nbsp; &nbsp; &nbsp; &nbsp; &nbsp; &nbsp;&hellip;<\/p>\n","protected":false},"author":1,"featured_media":0,"parent":432,"menu_order":0,"comment_status":"closed","ping_status":"open","template":"","meta":{"ngg_post_thumbnail":0,"footnotes":"","_mc_calendar":[]},"aioseo_notices":[],"_links":{"self":[{"href":"https:\/\/blogsaverroes.juntadeandalucia.es\/ceipparquenuevagranada\/wp-json\/wp\/v2\/pages\/434"}],"collection":[{"href":"https:\/\/blogsaverroes.juntadeandalucia.es\/ceipparquenuevagranada\/wp-json\/wp\/v2\/pages"}],"about":[{"href":"https:\/\/blogsaverroes.juntadeandalucia.es\/ceipparquenuevagranada\/wp-json\/wp\/v2\/types\/page"}],"author":[{"embeddable":true,"href":"https:\/\/blogsaverroes.juntadeandalucia.es\/ceipparquenuevagranada\/wp-json\/wp\/v2\/users\/1"}],"replies":[{"embeddable":true,"href":"https:\/\/blogsaverroes.juntadeandalucia.es\/ceipparquenuevagranada\/wp-json\/wp\/v2\/comments?post=434"}],"version-history":[{"count":5,"href":"https:\/\/blogsaverroes.juntadeandalucia.es\/ceipparquenuevagranada\/wp-json\/wp\/v2\/pages\/434\/revisions"}],"predecessor-version":[{"id":3244,"href":"https:\/\/blogsaverroes.juntadeandalucia.es\/ceipparquenuevagranada\/wp-json\/wp\/v2\/pages\/434\/revisions\/3244"}],"up":[{"embeddable":true,"href":"https:\/\/blogsaverroes.juntadeandalucia.es\/ceipparquenuevagranada\/wp-json\/wp\/v2\/pages\/432"}],"wp:attachment":[{"href":"https:\/\/blogsaverroes.juntadeandalucia.es\/ceipparquenuevagranada\/wp-json\/wp\/v2\/media?parent=434"}],"curies":[{"name":"wp","href":"https:\/\/api.w.org\/{rel}","templated":true}]}}