{"id":4582,"date":"2020-10-19T09:47:16","date_gmt":"2020-10-19T09:47:16","guid":{"rendered":"https:\/\/blogsaverroes.juntadeandalucia.es\/ceipparquenuevagranada\/?page_id=4582"},"modified":"2020-10-19T09:50:38","modified_gmt":"2020-10-19T09:50:38","slug":"ingles","status":"publish","type":"page","link":"https:\/\/blogsaverroes.juntadeandalucia.es\/ceipparquenuevagranada\/ingles\/","title":{"rendered":"INGL\u00c9S"},"content":{"rendered":"<p><a href=\"https:\/\/blogsaverroes.juntadeandalucia.es\/ceipparquenuevagranada\/files\/2019\/10\/kc8f0dkuxj.jpg\"><img loading=\"lazy\" decoding=\"async\" class=\"wp-image-4563 alignright\" src=\"https:\/\/blogsaverroes.juntadeandalucia.es\/ceipparquenuevagranada\/files\/2019\/10\/kc8f0dkuxj-300x169.jpg\" alt=\"\" width=\"252\" height=\"145\" srcset=\"https:\/\/blogsaverroes.juntadeandalucia.es\/ceipparquenuevagranada\/files\/2019\/10\/kc8f0dkuxj-24x14.jpg 24w, https:\/\/blogsaverroes.juntadeandalucia.es\/ceipparquenuevagranada\/files\/2019\/10\/kc8f0dkuxj-36x20.jpg 36w, https:\/\/blogsaverroes.juntadeandalucia.es\/ceipparquenuevagranada\/files\/2019\/10\/kc8f0dkuxj-48x27.jpg 48w\" sizes=\"(max-width: 252px) 100vw, 252px\" \/><\/a>\u00b4\u00d1LK\u00b4\u00d1K\u00d1<\/p>\n<p>\u00d1L\u00d1\u00d1<\/p>\n","protected":false},"excerpt":{"rendered":"<p>\u00b4\u00d1LK\u00b4\u00d1K\u00d1 \u00d1L\u00d1\u00d1<\/p>\n","protected":false},"author":5998,"featured_media":0,"parent":0,"menu_order":0,"comment_status":"closed","ping_status":"closed","template":"","meta":{"ngg_post_thumbnail":0,"footnotes":"","_mc_calendar":[]},"aioseo_notices":[],"_links":{"self":[{"href":"https:\/\/blogsaverroes.juntadeandalucia.es\/ceipparquenuevagranada\/wp-json\/wp\/v2\/pages\/4582"}],"collection":[{"href":"https:\/\/blogsaverroes.juntadeandalucia.es\/ceipparquenuevagranada\/wp-json\/wp\/v2\/pages"}],"about":[{"href":"https:\/\/blogsaverroes.juntadeandalucia.es\/ceipparquenuevagranada\/wp-json\/wp\/v2\/types\/page"}],"author":[{"embeddable":true,"href":"https:\/\/blogsaverroes.juntadeandalucia.es\/ceipparquenuevagranada\/wp-json\/wp\/v2\/users\/5998"}],"replies":[{"embeddable":true,"href":"https:\/\/blogsaverroes.juntadeandalucia.es\/ceipparquenuevagranada\/wp-json\/wp\/v2\/comments?post=4582"}],"version-history":[{"count":4,"href":"https:\/\/blogsaverroes.juntadeandalucia.es\/ceipparquenuevagranada\/wp-json\/wp\/v2\/pages\/4582\/revisions"}],"predecessor-version":[{"id":4586,"href":"https:\/\/blogsaverroes.juntadeandalucia.es\/ceipparquenuevagranada\/wp-json\/wp\/v2\/pages\/4582\/revisions\/4586"}],"wp:attachment":[{"href":"https:\/\/blogsaverroes.juntadeandalucia.es\/ceipparquenuevagranada\/wp-json\/wp\/v2\/media?parent=4582"}],"curies":[{"name":"wp","href":"https:\/\/api.w.org\/{rel}","templated":true}]}}