{"id":4837,"date":"2021-01-13T10:23:49","date_gmt":"2021-01-13T10:23:49","guid":{"rendered":"https:\/\/blogsaverroes.juntadeandalucia.es\/ceipparquenuevagranada\/?page_id=4837"},"modified":"2021-01-26T08:18:55","modified_gmt":"2021-01-26T08:18:55","slug":"tde","status":"publish","type":"page","link":"https:\/\/blogsaverroes.juntadeandalucia.es\/ceipparquenuevagranada\/tde\/","title":{"rendered":"TDE"},"content":{"rendered":"<p><strong>GU\u00cdA DE USO RESPONSABLE DE EQUIPOS Y DISPOSITIVOS DEL CENTRO<\/strong><\/p>\n<p>Esta gu\u00eda muestra los distintos protocolos de actuaci\u00f3n que el centro tiene para la correcta utilizaci\u00f3n de sus equipos y dispositivos inform\u00e1ticos. Presenta las normas de uso y mantenimiento as\u00ed como las v\u00edas para comunicar incidencias.<\/p>\n<p>Se considerar\u00e1n equipos inform\u00e1ticos los port\u00e1tiles, ordenadores de sobremesa, teclados, ratones, monitores, proyectores, unidades cdrom, pendrives, impresoras, c\u00e1maras, micros, dispositivos de audio, routers, puntos de acceso, pizarras digitales, etc.<\/p>\n<p><strong>1. Uso de los equipos instalados en las aulas.<\/strong><\/p>\n<p>&nbsp;<\/p>\n<p>&nbsp;<\/p>\n<p>Los equipos instalados en las aulas ser\u00e1n<a href=\"https:\/\/blogsaverroes.juntadeandalucia.es\/ceipparquenuevagranada\/files\/2021\/01\/pro.jpg\"><img loading=\"lazy\" decoding=\"async\" class=\" wp-image-4863 alignright\" src=\"https:\/\/blogsaverroes.juntadeandalucia.es\/ceipparquenuevagranada\/files\/2021\/01\/pro.jpg\" alt=\"\" width=\"182\" height=\"198\" srcset=\"https:\/\/blogsaverroes.juntadeandalucia.es\/ceipparquenuevagranada\/files\/2021\/01\/pro.jpg 215w, https:\/\/blogsaverroes.juntadeandalucia.es\/ceipparquenuevagranada\/files\/2021\/01\/pro-22x24.jpg 22w, https:\/\/blogsaverroes.juntadeandalucia.es\/ceipparquenuevagranada\/files\/2021\/01\/pro-33x36.jpg 33w, https:\/\/blogsaverroes.juntadeandalucia.es\/ceipparquenuevagranada\/files\/2021\/01\/pro-44x48.jpg 44w\" sizes=\"(max-width: 182px) 100vw, 182px\" \/><\/a> manejados por los docentes o bajo su supervisi\u00f3n. Se comprobar\u00e1 su desconexi\u00f3n al final de la jornada y se tratar\u00e1n con el cuidado que cualquier aparato electr\u00f3nico requiere, prestando especial inter\u00e9s a su correcto encendido y apagado.<\/p>\n<p>Se evitar\u00e1 la instalaci\u00f3n o modificaci\u00f3n de software sin consultar al responsable TDE. En caso de aver\u00eda o mal funcionamiento se comunicar\u00e1 al responsable TDE a trav\u00e9s del formulario de incidencias alojado en Moodle Centros.<\/p>\n<p>&nbsp;<\/p>\n<p><strong>2. Uso de los equipos comunes (aula inform\u00e1tica).<\/strong><\/p>\n<p>&nbsp;<\/p>\n<p>Para utilizar los equipos de uso com\u00fan se solicitar\u00e1 reserva a trav\u00e9s del formulario de reserva alojado en Moodle Centros, teniendo prioridad la asignatura \u2018Cultura y pr\u00e1ctica<a href=\"https:\/\/blogsaverroes.juntadeandalucia.es\/ceipparquenuevagranada\/files\/2021\/01\/WhatsApp-Image-2021-01-25-at-14.00.23.jpeg\"><img loading=\"lazy\" decoding=\"async\" class=\"alignleft wp-image-4862\" src=\"https:\/\/blogsaverroes.juntadeandalucia.es\/ceipparquenuevagranada\/files\/2021\/01\/WhatsApp-Image-2021-01-25-at-14.00.23-300x274.jpeg\" alt=\"Port\u00e1tiles Samsung Junta de Andaluc\u00eda\" width=\"218\" height=\"199\" srcset=\"https:\/\/blogsaverroes.juntadeandalucia.es\/ceipparquenuevagranada\/files\/2021\/01\/WhatsApp-Image-2021-01-25-at-14.00.23-300x274.jpeg 300w, https:\/\/blogsaverroes.juntadeandalucia.es\/ceipparquenuevagranada\/files\/2021\/01\/WhatsApp-Image-2021-01-25-at-14.00.23-1024x937.jpeg 1024w, https:\/\/blogsaverroes.juntadeandalucia.es\/ceipparquenuevagranada\/files\/2021\/01\/WhatsApp-Image-2021-01-25-at-14.00.23-768x703.jpeg 768w, https:\/\/blogsaverroes.juntadeandalucia.es\/ceipparquenuevagranada\/files\/2021\/01\/WhatsApp-Image-2021-01-25-at-14.00.23-1536x1405.jpeg 1536w, https:\/\/blogsaverroes.juntadeandalucia.es\/ceipparquenuevagranada\/files\/2021\/01\/WhatsApp-Image-2021-01-25-at-14.00.23-700x640.jpeg 700w, https:\/\/blogsaverroes.juntadeandalucia.es\/ceipparquenuevagranada\/files\/2021\/01\/WhatsApp-Image-2021-01-25-at-14.00.23-24x22.jpeg 24w, https:\/\/blogsaverroes.juntadeandalucia.es\/ceipparquenuevagranada\/files\/2021\/01\/WhatsApp-Image-2021-01-25-at-14.00.23-36x33.jpeg 36w, https:\/\/blogsaverroes.juntadeandalucia.es\/ceipparquenuevagranada\/files\/2021\/01\/WhatsApp-Image-2021-01-25-at-14.00.23-48x44.jpeg 48w, https:\/\/blogsaverroes.juntadeandalucia.es\/ceipparquenuevagranada\/files\/2021\/01\/WhatsApp-Image-2021-01-25-at-14.00.23.jpeg 1561w\" sizes=\"(max-width: 218px) 100vw, 218px\" \/><\/a> digital\u2019.<\/p>\n<p>Quedar\u00e1 prohibida la instalaci\u00f3n de software o la manipulaci\u00f3n de la configuraci\u00f3n de los equipos sin supervisi\u00f3n del responsable TDE.&nbsp; Se comentar\u00e1n con el alumnado a principio de curso las normas de uso contenidas en esta gu\u00eda. Se ense\u00f1ar\u00e1 el correcto encendido y apagado de los equipos. Tras cada sesi\u00f3n, el profesorado a su cargo, supervisar\u00e1 su correcta carga el\u00e9ctrica.<\/p>\n<p>En caso de incidencia, el profesorado a cargo la comunicar\u00e1 a trav\u00e9s del formulario de incidencias alojado en Moodle Centros.<\/p>\n<p>El uso negligente de alg\u00fan equipo se considerar\u00e1 falta grave de conducta y se iniciar\u00e1 el protocolo contemplado en el plan de convivencia de centro, pudi\u00e9ndose ver la familia afectada obligada al pago de los costes de reparaci\u00f3n o sustituci\u00f3n del equipo da\u00f1ado.<\/p>\n<p>&nbsp;<\/p>\n<p><strong>3. Uso de los equipos que salgan del centro en caso de confinamiento.<\/strong><\/p>\n<p>&nbsp;<\/p>\n<p>La familia que lo solicite y le sea concedido, podr\u00e1 disponer de equipos inform\u00e1ticos para su uso fuera del centro. Su utilizaci\u00f3n quedar\u00e1 reservada al hogar siendo la familia la responsable de su correcto uso, quedando al tanto de lo presentado en esta gu\u00eda. En caso de uso negligente, se har\u00e1 cargo de los costes de sustituci\u00f3n o reparaci\u00f3n.&nbsp;<\/p>\n<p>&nbsp;<\/p>\n","protected":false},"excerpt":{"rendered":"<p>GU\u00cdA DE USO RESPONSABLE DE EQUIPOS Y DISPOSITIVOS DEL CENTRO Esta gu\u00eda muestra los distintos protocolos de actuaci\u00f3n que el centro tiene para la correcta&hellip;<\/p>\n","protected":false},"author":5265,"featured_media":0,"parent":0,"menu_order":0,"comment_status":"closed","ping_status":"closed","template":"","meta":{"ngg_post_thumbnail":0,"footnotes":"","_mc_calendar":[]},"aioseo_notices":[],"_links":{"self":[{"href":"https:\/\/blogsaverroes.juntadeandalucia.es\/ceipparquenuevagranada\/wp-json\/wp\/v2\/pages\/4837"}],"collection":[{"href":"https:\/\/blogsaverroes.juntadeandalucia.es\/ceipparquenuevagranada\/wp-json\/wp\/v2\/pages"}],"about":[{"href":"https:\/\/blogsaverroes.juntadeandalucia.es\/ceipparquenuevagranada\/wp-json\/wp\/v2\/types\/page"}],"author":[{"embeddable":true,"href":"https:\/\/blogsaverroes.juntadeandalucia.es\/ceipparquenuevagranada\/wp-json\/wp\/v2\/users\/5265"}],"replies":[{"embeddable":true,"href":"https:\/\/blogsaverroes.juntadeandalucia.es\/ceipparquenuevagranada\/wp-json\/wp\/v2\/comments?post=4837"}],"version-history":[{"count":4,"href":"https:\/\/blogsaverroes.juntadeandalucia.es\/ceipparquenuevagranada\/wp-json\/wp\/v2\/pages\/4837\/revisions"}],"predecessor-version":[{"id":4867,"href":"https:\/\/blogsaverroes.juntadeandalucia.es\/ceipparquenuevagranada\/wp-json\/wp\/v2\/pages\/4837\/revisions\/4867"}],"wp:attachment":[{"href":"https:\/\/blogsaverroes.juntadeandalucia.es\/ceipparquenuevagranada\/wp-json\/wp\/v2\/media?parent=4837"}],"curies":[{"name":"wp","href":"https:\/\/api.w.org\/{rel}","templated":true}]}}