{"id":6551,"date":"2023-03-13T08:30:10","date_gmt":"2023-03-13T08:30:10","guid":{"rendered":"https:\/\/blogsaverroes.juntadeandalucia.es\/ceipparquenuevagranada\/?page_id=6551"},"modified":"2024-09-30T08:34:12","modified_gmt":"2024-09-30T08:34:12","slug":"auxiliar-de-conversacion","status":"publish","type":"page","link":"https:\/\/blogsaverroes.juntadeandalucia.es\/ceipparquenuevagranada\/auxiliar-de-conversacion\/","title":{"rendered":"AUXILIAR DE CONVERSACI\u00d3N"},"content":{"rendered":"<h2><span dir=\"ltr\" role=\"presentation\">Espacio dedicado a auxiliares de <\/span><span dir=\"ltr\" role=\"presentation\">conversaci\u00f3n donde podr\u00e1n encontrar informaci\u00f3n de inter\u00e9s relacionada con nuestro cole.<br \/>\n<\/span><\/h2>\n<table width=\"646\" cellspacing=\"0\" cellpadding=\"7\">\n<colgroup>\n<col width=\"227\">\n<col width=\"389\"><\/colgroup>\n<tbody>\n<tr valign=\"top\">\n<td width=\"227\">\n<p align=\"justify\"><strong><span style=\"font-size: large\"><span style=\"color: #000000\"><span style=\"font-family: Source Sans Pro, serif\">DATOS DEL CENTRO<\/span><\/span><\/span><\/strong><\/p>\n<\/td>\n<td width=\"389\">\n<p align=\"justify\"><span style=\"font-size: large\"><span style=\"color: #000000\"><span style=\"font-family: Source Sans Pro, serif\">&#8211; Colegio P\u00fablico de Educaci\u00f3n Infantil y Primaria Parque Nueva Granada<\/span><\/span><\/span><\/p>\n<p align=\"justify\"><span style=\"font-size: large\"><span style=\"color: #000000\"><span style=\"font-family: Source Sans Pro, serif\">&#8211; C. Rigoberta Mench\u00fa, 3, 18011 Granada<\/span><\/span><\/span><\/p>\n<p align=\"justify\"><span style=\"font-size: large\"><span style=\"color: #000000\"><span style=\"font-family: Source Sans Pro, serif\">&#8211; 958893772<\/span><\/span><\/span><\/p>\n<p align=\"justify\"><span style=\"font-size: large\"><span style=\"color: #000000\"><span style=\"font-family: Source Sans Pro, serif\">&#8211; 18601680.edu@juntadeandalucia.es<\/span><\/span><\/span><\/p>\n<p align=\"justify\"><span style=\"font-size: large\"><span style=\"color: #000000\"><span style=\"font-family: Source Sans Pro, serif\">&#8211; https:\/\/goo.gl\/maps\/dEEdrbt1mdgXV58W8<\/span><\/span><\/span><\/p>\n<\/td>\n<\/tr>\n<tr valign=\"top\">\n<td width=\"227\">\n<p align=\"justify\"><strong><span style=\"font-size: large\"><span style=\"color: #000000\"><span style=\"font-family: Source Sans Pro, serif\">Nivel educativo<\/span><\/span><\/span><\/strong><\/p>\n<\/td>\n<td width=\"389\">\n<p align=\"justify\"><span style=\"font-size: large\"><span style=\"color: #000000\"><span style=\"font-family: Source Sans Pro, serif\"><span lang=\"en-US\">&#8211; Educaci\u00f3n Infantil 3 a 5 a\u00f1os. Infant Education 3 to 5 year olds.<\/span><\/span><\/span><\/span><\/p>\n<p align=\"justify\"><span style=\"font-size: large\"><span style=\"color: #000000\"><span style=\"font-family: Source Sans Pro, serif\"><span lang=\"en-US\">&#8211; Ed. Primaria 6 a 12 a\u00f1os. Primary Education 6 to 12 year olds.<\/span><\/span><\/span><\/span><\/p>\n<\/td>\n<\/tr>\n<tr valign=\"top\">\n<td width=\"227\"><strong><span style=\"font-size: large\"><span style=\"font-family: Source Sans Pro, serif\">Contacto de la\/las persona\/s de referencia<\/span><\/span><\/strong><\/td>\n<td width=\"389\">\n<p align=\"justify\"><span style=\"font-family: Source Sans Pro, serif\"><span style=\"font-size: large\">&#8211; <a href=\"mailto:irommon468@g.educaand.es\">irommon468@g.educaand.es<\/a><\/span><\/span><\/p>\n<p align=\"justify\"><span style=\"font-size: large\"><span style=\"font-family: Source Sans Pro, serif\">DIRECTORA<\/span><\/span><\/p>\n<\/td>\n<\/tr>\n<tr valign=\"top\">\n<td width=\"227\"><strong><span style=\"font-size: large\"><span style=\"color: #000000\"><span style=\"font-family: Source Sans Pro, serif\">Materias\/m\u00f3dulos de colaboraci\u00f3n del Auxiliar de Conversaci\u00f3n<\/span><\/span><\/span><\/strong><\/td>\n<td width=\"389\">\n<p align=\"justify\"><span style=\"font-size: large\"><span style=\"font-family: Source Sans Pro, serif\">&#8211; El\/la auxiliar trabajar\u00e1 con los maestros\/as de ciencias y de ingl\u00e9s e intervendr\u00e1 en las materias de ciencias e ingl\u00e9s.<\/span><\/span><\/p>\n<\/td>\n<\/tr>\n<tr valign=\"top\">\n<td width=\"227\"><strong><span style=\"font-size: large\"><span style=\"font-family: Source Sans Pro, serif\">Normativa, recursos y materiales para la colaboraci\u00f3n del auxiliar<\/span><\/span><\/strong><\/td>\n<td width=\"389\">\n<p align=\"justify\"><span style=\"font-size: large\"><span style=\"font-family: Source Sans Pro, serif\">-https:\/\/blogsaverroes.juntadeandalucia.es\/ceipparquenuevagranada\/files\/2020\/10\/ROF-web.pdf<\/span><\/span><\/p>\n<\/td>\n<\/tr>\n<tr valign=\"top\">\n<td width=\"227\" height=\"143\"><strong><span style=\"font-size: large\"><span style=\"color: #000000\"><span style=\"font-family: Source Sans Pro, serif\">Informaci\u00f3n sobre la localidad y\/o barrio (v\u00eddeo)<\/span><\/span><\/span><\/strong><\/td>\n<td width=\"389\">\n<p align=\"justify\"><span style=\"color: #000000\"><span style=\"font-family: Source Sans Pro, serif\"><span style=\"font-size: large\"><span lang=\"en-US\">&#8211; <\/span><\/span><\/span><\/span><span style=\"color: #0000ff\"><u><a href=\"https:\/\/www.turgranada.es\/\"><span style=\"font-family: Source Sans Pro, serif\"><span style=\"font-size: large\"><span lang=\"en-US\">https:\/\/www.turgranada.es\/<\/span><\/span><\/span><\/a><\/u><\/span><\/p>\n<p><span style=\"color: #000000\"><span style=\"font-family: Source Sans Pro, serif\"><span style=\"font-size: large\"><span lang=\"en-US\">&#8211; In the following link you can find a group from facebook with the <\/span><\/span><\/span><\/span><span style=\"color: #000000\"><span style=\"font-family: Source Sans Pro, serif\"><span style=\"font-size: large\"><span lang=\"en-US\">language assistants<\/span><\/span><\/span><\/span><span style=\"color: #000000\"><span style=\"font-family: Source Sans Pro, serif\"><span style=\"font-size: large\"><span lang=\"en-US\"> from Granada: <\/span><\/span><\/span><\/span><span style=\"color: #0000ff\"><u><a href=\"https:\/\/www.facebook.com\/groups\/470073423074331\/\"><span style=\"font-family: Source Sans Pro, serif\"><span style=\"font-size: large\"><span lang=\"en-US\">https:\/\/www.facebook.com\/groups\/470073423074331\/<\/span><\/span><\/span><\/a><\/u><\/span><\/p>\n<p><span style=\"font-size: large\"><span style=\"color: #000000\"><span style=\"font-family: Source Sans Pro, serif\"><span lang=\"en-US\">&#8211; In the next one two groups for language exchanges in Granada:<\/span><\/span><\/span><\/span><\/p>\n<p><span style=\"color: #0000ff\"><u><a href=\"https:\/\/www.facebook.com\/groups\/intercambiosgranada\/\"><span style=\"font-family: Source Sans Pro, serif\"><span style=\"font-size: large\"><span lang=\"en-US\">https:\/\/www.facebook.com\/groups\/intercambiosgranada\/<\/span><\/span><\/span><\/a><\/u><\/span><\/p>\n<p><span style=\"color: #0000ff\"><u><a href=\"https:\/\/www.facebook.com\/groups\/tictalkgranada\/\"><span style=\"font-family: Source Sans Pro, serif\"><span style=\"font-size: large\"><span lang=\"en-US\">https:\/\/www.facebook.com\/groups\/tictalkgranada\/<\/span><\/span><\/span><\/a><\/u><\/span><\/td>\n<\/tr>\n<tr valign=\"top\">\n<td width=\"227\"><strong><span style=\"font-size: large\"><span style=\"color: #000000\"><span style=\"font-family: Source Sans Pro, serif\">Desplazarse al centro educativo\/ localidad (v\u00eddeo)<\/span><\/span><\/span><\/strong><\/td>\n<td width=\"389\">\n<p align=\"justify\"><span style=\"font-size: large\"><span style=\"color: #000000\"><span style=\"font-family: Source Sans Pro, serif\"><span lang=\"en-US\">&#8211; You can easly get to the school using the public bus transportation in the buses number 5, 8 and U3.<\/span><\/span><\/span><\/span><\/p>\n<\/td>\n<\/tr>\n<tr valign=\"top\">\n<td width=\"227\" height=\"106\">\n<p align=\"justify\"><strong><span style=\"font-size: large\"><span style=\"color: #000000\"><span style=\"font-family: Source Sans Pro, serif\">Alojamiento (v\u00eddeo)<\/span><\/span><\/span><\/strong><\/p>\n<p align=\"justify\"><strong><span style=\"font-size: large\"><span style=\"color: #000000\"><span style=\"font-family: Source Sans Pro, serif\">&#8211; \u00bfD\u00f3nde vivir en la localidad?<\/span><\/span><\/span><\/strong><\/p>\n<p align=\"justify\"><strong><span style=\"font-size: large\"><span style=\"color: #000000\"><span style=\"font-family: Source Sans Pro, serif\">&#8211; \u00bfPosibilidad de alojarse con alguna familia?<\/span><\/span><\/span><\/strong><\/p>\n<p align=\"justify\"><strong><span style=\"font-size: large\"><span style=\"color: #000000\"><span style=\"font-family: Source Sans Pro, serif\">&#8211; \u00bfPosibilidad de compartir piso con docentes o con otros AACC?<\/span><\/span><\/span><\/strong><\/p>\n<\/td>\n<td width=\"389\">\n<p align=\"justify\"><span style=\"font-size: large\"><span style=\"color: #000000\"><span style=\"font-family: Source Sans Pro, serif\"><span lang=\"en-US\">&#8211; In the following links which are the same as for the language exchanges people post if they looking for a roommate. You can post what you are looking for and people will get back to you.<\/span><\/span><\/span><\/span><\/p>\n<p><span style=\"color: #0000ff\"><u><a href=\"https:\/\/www.facebook.com\/groups\/intercambiosgranada\/\"><span style=\"font-family: Source Sans Pro, serif\"><span style=\"font-size: large\"><span lang=\"en-US\">https:\/\/www.facebook.com\/groups\/intercambiosgranada\/<\/span><\/span><\/span><\/a><\/u><\/span><\/p>\n<p><span style=\"color: #0000ff\"><u><a href=\"https:\/\/www.facebook.com\/groups\/tictalkgranada\/\"><span style=\"font-family: Source Sans Pro, serif\"><span style=\"font-size: large\"><span lang=\"en-US\">https:\/\/www.facebook.com\/groups\/tictalkgranada\/<\/span><\/span><\/span><\/a><\/u><\/span><\/td>\n<\/tr>\n<tr valign=\"top\">\n<td width=\"227\"><strong><span style=\"font-size: large\"><span style=\"color: #000000\"><span style=\"font-family: Source Sans Pro, serif\">Contacto con otros auxiliares<\/span><\/span><span style=\"font-family: Source Sans Pro, serif\"> y auxiliar tutor\/mentor<\/span><\/span><\/strong><\/td>\n<td width=\"389\">\n<p align=\"justify\"><span style=\"font-size: large\"><span style=\"color: #000000\"><span style=\"font-family: Source Sans Pro, serif\"><span lang=\"en-US\">&#8211; YP. The contact information will be given in person at the school.<\/span><\/span><\/span><\/span><\/p>\n<\/td>\n<\/tr>\n<tr valign=\"top\">\n<td width=\"227\"><strong><span style=\"font-size: large\"><span style=\"color: #000000\"><span style=\"font-family: Source Sans Pro, serif\">Experiencias previas con auxiliares de conversaci\u00f3n y experiencia personal del auxiliar<\/span><\/span><\/span><\/strong><\/td>\n<td width=\"389\"><span style=\"color: #000000\"><span style=\"font-family: Source Sans Pro, serif\"><span style=\"font-size: large\">&#8211; <\/span><\/span><\/span><a href=\"http:\/\/alinguistico.blogspot.com\/2021\/05\/despedida-de-nuestro-auxiliar-alex.html\"><span style=\"color: #1155cc\"><span style=\"font-family: Source Sans Pro, serif\"><span style=\"font-size: large\"><u>Blog de Pilar Torres<\/u><\/span><\/span><\/span><\/a><\/p>\n<p align=\"justify\"><span style=\"font-family: Source Sans Pro, serif\"><span style=\"font-size: large\">&#8211; <\/span><\/span><a href=\"https:\/\/chmntr.com\/life-as-an-auxiliar-de-conversacion-part-1\/%20https:\/\/sites.google.com\/iesvalledelazahar.com\/bilingual\/our-language-assistants?authuser=0\"><span style=\"color: #1155cc\"><span style=\"font-family: Source Sans Pro, serif\"><span style=\"font-size: large\"><u>Blog del IES Valle del Azahar \u201cBilingual Azahar\u201d<\/u><\/span><\/span><\/span><\/a><\/p>\n<p align=\"justify\"><span style=\"font-family: Source Sans Pro, serif\"><span style=\"font-size: large\">&#8211; <\/span><\/span><a href=\"https:\/\/www.youtube.com\/watch?v=IEuAiJcQKzI\"><span style=\"color: #1155cc\"><span style=\"font-family: Source Sans Pro, serif\"><span style=\"font-size: large\"><u>V\u00eddeo del auxiliar Benjam\u00edn Burton \u201cLate for work\u201d<\/u><\/span><\/span><\/span><\/a><\/p>\n<\/td>\n<\/tr>\n<tr valign=\"top\">\n<td width=\"227\"><strong><span style=\"color: #000000\"><span style=\"font-family: Source Sans Pro, serif\"><span style=\"font-size: large\">\u00bfC\u00d3MO ES NUESTRO COLE?<\/span><\/span><\/span><\/strong><\/p>\n<p><strong><span style=\"color: #000000\"><span style=\"font-family: Source Sans Pro, serif\"><span style=\"font-size: large\">Alumnado, l\u00edneas de actuaci\u00f3n, ense\u00f1anza AICLE.<\/span><\/span><\/span><\/strong><\/td>\n<td width=\"389\">\n<p align=\"justify\"><span style=\"font-family: Source Sans Pro, serif\"><span style=\"font-size: large\">Our school is situated in the Northern district of the city, in a <span lang=\"en-US\">neighborhood<\/span> called \u201c Parque Nueva Granada\u201d. One of the characteristics that best define our context is heterogeneity, both at a socio-economic, cultural and educational level. In this sense, this diversity is seen as an opportunity for learning, acceptance of differences, personal, social and emotional enrichment, coexistence, normalization and integration. <\/span><\/span><\/p>\n<p align=\"justify\"><span style=\"font-family: Source Sans Pro, serif\"><span style=\"font-size: large\">Our center is very active, works collaboratively, with an integrated and globalized view. We love to experiment, learn based on experiences. Focusing on bilingualism, we carry out a methodology based on communication, rich tasks in a dynamic and meaningful way. That is why, for us, the language assistant is such an important profile in our school. <\/span><\/span><\/p>\n<p align=\"justify\"><span style=\"font-family: Source Sans Pro, serif\"><span style=\"font-size: large\">If you want to know more about us\u2026 click on the school web page and look at our teaching practices!<\/span><\/span><\/p>\n<p align=\"justify\"><span style=\"font-family: Source Sans Pro, serif\"><span style=\"font-size: small\"><span style=\"font-size: large\"><a href=\"https:\/\/blogsaverroes.juntadeandalucia.es\/ceipparquenuevagranada\/\">https:\/\/blogsaverroes.juntadeandalucia.es\/ceipparquenuevagranada\/<\/a><\/span><\/span><\/span><\/p>\n<\/td>\n<\/tr>\n<\/tbody>\n<\/table>\n<h3><strong>AQU\u00cd TENEMOS LA FICHA EN FORMATO PDF LISTA PARA IMPRESI\u00d3N SI SE DESEA<\/strong><\/h3>\n<h3><a href=\"https:\/\/blogsaverroes.juntadeandalucia.es\/ceipparquenuevagranada\/files\/2023\/03\/Ficha-Informativa-AUXILIAR-CONVERSACI\u00d3N.pdf\">Ficha Informativa AUXILIAR CONVERSACI\u00d3N<\/a><\/h3>\n","protected":false},"excerpt":{"rendered":"<p>Espacio dedicado a auxiliares de conversaci\u00f3n donde podr\u00e1n encontrar informaci\u00f3n de inter\u00e9s relacionada con nuestro cole. DATOS DEL CENTRO &#8211; Colegio P\u00fablico de Educaci\u00f3n Infantil&hellip;<\/p>\n","protected":false},"author":6504,"featured_media":0,"parent":0,"menu_order":0,"comment_status":"closed","ping_status":"closed","template":"","meta":{"ngg_post_thumbnail":0,"footnotes":"","_mc_calendar":[]},"aioseo_notices":[],"_links":{"self":[{"href":"https:\/\/blogsaverroes.juntadeandalucia.es\/ceipparquenuevagranada\/wp-json\/wp\/v2\/pages\/6551"}],"collection":[{"href":"https:\/\/blogsaverroes.juntadeandalucia.es\/ceipparquenuevagranada\/wp-json\/wp\/v2\/pages"}],"about":[{"href":"https:\/\/blogsaverroes.juntadeandalucia.es\/ceipparquenuevagranada\/wp-json\/wp\/v2\/types\/page"}],"author":[{"embeddable":true,"href":"https:\/\/blogsaverroes.juntadeandalucia.es\/ceipparquenuevagranada\/wp-json\/wp\/v2\/users\/6504"}],"replies":[{"embeddable":true,"href":"https:\/\/blogsaverroes.juntadeandalucia.es\/ceipparquenuevagranada\/wp-json\/wp\/v2\/comments?post=6551"}],"version-history":[{"count":5,"href":"https:\/\/blogsaverroes.juntadeandalucia.es\/ceipparquenuevagranada\/wp-json\/wp\/v2\/pages\/6551\/revisions"}],"predecessor-version":[{"id":7322,"href":"https:\/\/blogsaverroes.juntadeandalucia.es\/ceipparquenuevagranada\/wp-json\/wp\/v2\/pages\/6551\/revisions\/7322"}],"wp:attachment":[{"href":"https:\/\/blogsaverroes.juntadeandalucia.es\/ceipparquenuevagranada\/wp-json\/wp\/v2\/media?parent=6551"}],"curies":[{"name":"wp","href":"https:\/\/api.w.org\/{rel}","templated":true}]}}