{"id":77,"date":"2015-03-16T06:54:56","date_gmt":"2015-03-16T06:54:56","guid":{"rendered":"http:\/\/blogsaverroes.juntadeandalucia.es\/pre\/ceip\/?page_id=77"},"modified":"2024-11-07T09:31:52","modified_gmt":"2024-11-07T09:31:52","slug":"secretaria","status":"publish","type":"page","link":"https:\/\/blogsaverroes.juntadeandalucia.es\/ceipparquenuevagranada\/secretaria\/","title":{"rendered":"Secretar\u00eda"},"content":{"rendered":"<p>HORARIO DE SECRETAR\u00cdA<\/p>\n<p>LUNES A VIERNES: 9:00 a 14:00, Preferentemente previa cita telef\u00f3nica&nbsp;<\/p>\n<p>LUNES: 16:00 a 18:00&nbsp;<\/p>\n<p>Tel\u00e9fono para cita: 958893772<\/p>\n<p>DOCUMENTACI\u00d3N: Pinchando en el siguiente enlace tiene acceso a impresos y solicitudes.<\/p>\n<p><a href=\"https:\/\/www.juntadeandalucia.es\/educacion\/portales\/web\/escolarizacion\/infantil-a-bachillerato\/impresos\" target=\"_blank\" rel=\"noopener noreferrer\">Pinche aqu\u00ed para acceder a todos los impresos : admisi\u00f3n y&nbsp; matr\u00edcula<\/a><\/p>\n","protected":false},"excerpt":{"rendered":"<p>HORARIO DE SECRETAR\u00cdA LUNES A VIERNES: 9:00 a 14:00, Preferentemente previa cita telef\u00f3nica&nbsp; LUNES: 16:00 a 18:00&nbsp; Tel\u00e9fono para cita: 958893772 DOCUMENTACI\u00d3N: Pinchando en el&hellip;<\/p>\n","protected":false},"author":1,"featured_media":0,"parent":0,"menu_order":0,"comment_status":"closed","ping_status":"open","template":"","meta":{"ngg_post_thumbnail":0,"footnotes":"","_mc_calendar":[]},"aioseo_notices":[],"_links":{"self":[{"href":"https:\/\/blogsaverroes.juntadeandalucia.es\/ceipparquenuevagranada\/wp-json\/wp\/v2\/pages\/77"}],"collection":[{"href":"https:\/\/blogsaverroes.juntadeandalucia.es\/ceipparquenuevagranada\/wp-json\/wp\/v2\/pages"}],"about":[{"href":"https:\/\/blogsaverroes.juntadeandalucia.es\/ceipparquenuevagranada\/wp-json\/wp\/v2\/types\/page"}],"author":[{"embeddable":true,"href":"https:\/\/blogsaverroes.juntadeandalucia.es\/ceipparquenuevagranada\/wp-json\/wp\/v2\/users\/1"}],"replies":[{"embeddable":true,"href":"https:\/\/blogsaverroes.juntadeandalucia.es\/ceipparquenuevagranada\/wp-json\/wp\/v2\/comments?post=77"}],"version-history":[{"count":12,"href":"https:\/\/blogsaverroes.juntadeandalucia.es\/ceipparquenuevagranada\/wp-json\/wp\/v2\/pages\/77\/revisions"}],"predecessor-version":[{"id":7353,"href":"https:\/\/blogsaverroes.juntadeandalucia.es\/ceipparquenuevagranada\/wp-json\/wp\/v2\/pages\/77\/revisions\/7353"}],"wp:attachment":[{"href":"https:\/\/blogsaverroes.juntadeandalucia.es\/ceipparquenuevagranada\/wp-json\/wp\/v2\/media?parent=77"}],"curies":[{"name":"wp","href":"https:\/\/api.w.org\/{rel}","templated":true}]}}