{"id":99,"date":"2015-03-16T07:22:54","date_gmt":"2015-03-16T07:22:54","guid":{"rendered":"http:\/\/blogsaverroes.juntadeandalucia.es\/pre\/ceip\/?page_id=99"},"modified":"2024-10-15T12:19:19","modified_gmt":"2024-10-15T12:19:19","slug":"comedor-escolar","status":"publish","type":"page","link":"https:\/\/blogsaverroes.juntadeandalucia.es\/ceipparquenuevagranada\/comedor-escolar\/","title":{"rendered":"Comedor escolar"},"content":{"rendered":"<p>Puede descargarse la app de la empresa de comedor <a href=\"https:\/\/colectividadeshgonzalez.com\/acceso-clientes\/\">aqu\u00ed.<\/a><\/p>\n<p>Para consultar el men\u00fa acceda en el siguiente enlace:<\/p>\n<p><strong><a href=\"http:\/\/www.cateringhgonzalez.com\/consultatumenu\">http:\/\/www.cateringhgonzalez.com\/consultatumenu<\/a><\/strong><\/p>\n<p><strong>Deben escribir las siguientes claves de acceso: <\/strong><\/p>\n<p><strong>USUARIO: <\/strong><strong>hgonzalez399<\/strong><\/p>\n<p><strong>CONTRASE\u00d1A<\/strong><strong>: colegio<\/strong><\/p>\n<h2>INFORMACI\u00d3N IMPORTANTE<\/h2>\n<ul>\n<li>\n<h3>El precio del servicio de comedor por d\u00eda es de 5,54\u20ac<\/h3>\n<\/li>\n<li>\n<h3>Para justificar las ausencias del comedor<\/h3>\n<\/li>\n<\/ul>\n<p>&nbsp;&nbsp;&nbsp; 1.DEBEN ASISTIR AL COMEDOR LOS D\u00cdAS QUE EST\u00c1N APUNTADOS TANTO SI ES TODA LA SEMANA COMO SI SON D\u00cdAS SUELTOS<\/p>\n<p>&nbsp;&nbsp;&nbsp; 2. PODEMOS FALTAR SI LA AUSENCIA ESTA JUSTIFICADA Y PARA ELLO DEBEN MANDAR UN MENSAJE CON EL JUSTIFICANTE AL TUTOR\/A DEL NI\u00d1O A TRAV\u00c9S DE iPASEN. TAMBI\u00c9N DEBEN ENVIARLO A LA EMPRESA DE COMEDOR AL SIGUIENTE CORREO comedorescolargranada@cateringhgonzalez.com<\/p>\n<p>&nbsp;&nbsp;&nbsp; ESTO ES NECESARIO PARA QUE LA EMPRESA NO LES COBRE EL IMPORTE DE ESE D\u00cdA<\/p>\n<p>&nbsp;&nbsp;&nbsp;&nbsp; RECORDAMOS QUE CON 5 FALTAS SIN JUSTIFICAR SE DAR\u00c1 DE BAJA DEL SERVICIO<\/p>\n<p>Pueden utilizar la plataforma que ofrece la empresa <a href=\"http:\/\/www.cateringhgonzalez.com\/consultatumenu\/\">pinchando aqu\u00ed<\/a>. Debe solicitar la contrase\u00f1a con el NIF de alguno de los tutores. Solicite toda la informaci\u00f3n al correo: comedorescolargranada@cateringhgonzalez.com o al tel\u00e9fono 955806875<\/p>\n<p>Empresa de comedor <a href=\"http:\/\/www.cateringhgonzalez.com\/colectividades.xhtml\">HnosGONZ\u00c1LEZ<\/a><\/p>\n","protected":false},"excerpt":{"rendered":"<p>Puede descargarse la app de la empresa de comedor aqu\u00ed. Para consultar el men\u00fa acceda en el siguiente enlace: http:\/\/www.cateringhgonzalez.com\/consultatumenu Deben escribir las siguientes claves&hellip;<\/p>\n","protected":false},"author":1,"featured_media":0,"parent":0,"menu_order":0,"comment_status":"closed","ping_status":"open","template":"","meta":{"ngg_post_thumbnail":0,"footnotes":"","_mc_calendar":[]},"aioseo_notices":[],"_links":{"self":[{"href":"https:\/\/blogsaverroes.juntadeandalucia.es\/ceipparquenuevagranada\/wp-json\/wp\/v2\/pages\/99"}],"collection":[{"href":"https:\/\/blogsaverroes.juntadeandalucia.es\/ceipparquenuevagranada\/wp-json\/wp\/v2\/pages"}],"about":[{"href":"https:\/\/blogsaverroes.juntadeandalucia.es\/ceipparquenuevagranada\/wp-json\/wp\/v2\/types\/page"}],"author":[{"embeddable":true,"href":"https:\/\/blogsaverroes.juntadeandalucia.es\/ceipparquenuevagranada\/wp-json\/wp\/v2\/users\/1"}],"replies":[{"embeddable":true,"href":"https:\/\/blogsaverroes.juntadeandalucia.es\/ceipparquenuevagranada\/wp-json\/wp\/v2\/comments?post=99"}],"version-history":[{"count":43,"href":"https:\/\/blogsaverroes.juntadeandalucia.es\/ceipparquenuevagranada\/wp-json\/wp\/v2\/pages\/99\/revisions"}],"predecessor-version":[{"id":7337,"href":"https:\/\/blogsaverroes.juntadeandalucia.es\/ceipparquenuevagranada\/wp-json\/wp\/v2\/pages\/99\/revisions\/7337"}],"wp:attachment":[{"href":"https:\/\/blogsaverroes.juntadeandalucia.es\/ceipparquenuevagranada\/wp-json\/wp\/v2\/media?parent=99"}],"curies":[{"name":"wp","href":"https:\/\/api.w.org\/{rel}","templated":true}]}}