{"id":44,"date":"2015-03-13T08:42:15","date_gmt":"2015-03-13T08:42:15","guid":{"rendered":"http:\/\/blogsaverroes.juntadeandalucia.es\/pre\/ceip\/?page_id=44"},"modified":"2025-05-07T09:32:33","modified_gmt":"2025-05-07T09:32:33","slug":"planes-y-proyectos","status":"publish","type":"page","link":"https:\/\/blogsaverroes.juntadeandalucia.es\/ceippedagogogarcianavarro\/planes-y-proyectos\/","title":{"rendered":"Planes y Programas"},"content":{"rendered":"<p><a href=\"https:\/\/blogsaverroes.juntadeandalucia.es\/ceippedagogogarcianavarro\/files\/2024\/12\/LOGO-PEDAGOGO.png\"><img loading=\"lazy\" decoding=\"async\" class=\"wp-image-3822 size-thumbnail alignright\" src=\"https:\/\/blogsaverroes.juntadeandalucia.es\/ceippedagogogarcianavarro\/files\/2024\/12\/LOGO-PEDAGOGO-150x150.png\" alt=\"\" width=\"150\" height=\"150\"><\/a><a href=\"https:\/\/blogsaverroes.juntadeandalucia.es\/ceippedagogogarcianavarro\/files\/2025\/05\/WhatsApp-Image-2025-05-07-at-11.23.31.jpeg\"><img loading=\"lazy\" decoding=\"async\" class=\"size-medium wp-image-3911 alignleft\" src=\"https:\/\/blogsaverroes.juntadeandalucia.es\/ceippedagogogarcianavarro\/files\/2025\/05\/WhatsApp-Image-2025-05-07-at-11.23.31-300x226.jpeg\" alt=\"\" width=\"300\" height=\"226\" srcset=\"https:\/\/blogsaverroes.juntadeandalucia.es\/ceippedagogogarcianavarro\/files\/2025\/05\/WhatsApp-Image-2025-05-07-at-11.23.31-300x226.jpeg 300w, https:\/\/blogsaverroes.juntadeandalucia.es\/ceippedagogogarcianavarro\/files\/2025\/05\/WhatsApp-Image-2025-05-07-at-11.23.31-1024x771.jpeg 1024w, https:\/\/blogsaverroes.juntadeandalucia.es\/ceippedagogogarcianavarro\/files\/2025\/05\/WhatsApp-Image-2025-05-07-at-11.23.31-768x578.jpeg 768w, https:\/\/blogsaverroes.juntadeandalucia.es\/ceippedagogogarcianavarro\/files\/2025\/05\/WhatsApp-Image-2025-05-07-at-11.23.31-1536x1157.jpeg 1536w, https:\/\/blogsaverroes.juntadeandalucia.es\/ceippedagogogarcianavarro\/files\/2025\/05\/WhatsApp-Image-2025-05-07-at-11.23.31.jpeg 1600w\" sizes=\"(max-width: 300px) 100vw, 300px\" \/><\/a><\/p>\n<p>&nbsp;<\/p>\n<p>Cada centro personaliza y adapta su Proyecto Educativo adheri\u00e9ndose a diferentes <strong>Planes y Programas<\/strong> promovidos desde la Consejer\u00eda de Educaci\u00f3n, Cultura y Deporte. Este apartado se recoge la descripci\u00f3n, finalidades, actividades, coordinador\/a, etc. de estos Planes y Programas desarrollados por el centro. A continuaci\u00f3n se muestran algunos de ellos:<\/p>\n<p style=\"text-align: center\"><strong>Plan de Igualdad<\/strong><\/p>\n<p>&nbsp;&nbsp;&nbsp;&nbsp; Coeducar consiste en desarrollar todas las capacidades de ni\u00f1os y ni\u00f1as a trav\u00e9s de la educaci\u00f3n al ma<a href=\"https:\/\/blogsaverroes.juntadeandalucia.es\/ceippedagogogarcianavarro\/files\/2021\/01\/PLAN-IGUALDAD-FRIDA.jpg\"><img loading=\"lazy\" decoding=\"async\" class=\"wp-image-2451 alignright\" src=\"https:\/\/blogsaverroes.juntadeandalucia.es\/ceippedagogogarcianavarro\/files\/2021\/01\/PLAN-IGUALDAD-FRIDA-229x300.jpg\" alt=\"\" width=\"203\" height=\"266\" srcset=\"https:\/\/blogsaverroes.juntadeandalucia.es\/ceippedagogogarcianavarro\/files\/2021\/01\/PLAN-IGUALDAD-FRIDA-229x300.jpg 229w, https:\/\/blogsaverroes.juntadeandalucia.es\/ceippedagogogarcianavarro\/files\/2021\/01\/PLAN-IGUALDAD-FRIDA-783x1024.jpg 783w, https:\/\/blogsaverroes.juntadeandalucia.es\/ceippedagogogarcianavarro\/files\/2021\/01\/PLAN-IGUALDAD-FRIDA-768x1005.jpg 768w, https:\/\/blogsaverroes.juntadeandalucia.es\/ceippedagogogarcianavarro\/files\/2021\/01\/PLAN-IGUALDAD-FRIDA-1174x1536.jpg 1174w, https:\/\/blogsaverroes.juntadeandalucia.es\/ceippedagogogarcianavarro\/files\/2021\/01\/PLAN-IGUALDAD-FRIDA-18x24.jpg 18w, https:\/\/blogsaverroes.juntadeandalucia.es\/ceippedagogogarcianavarro\/files\/2021\/01\/PLAN-IGUALDAD-FRIDA-28x36.jpg 28w, https:\/\/blogsaverroes.juntadeandalucia.es\/ceippedagogogarcianavarro\/files\/2021\/01\/PLAN-IGUALDAD-FRIDA-37x48.jpg 37w, https:\/\/blogsaverroes.juntadeandalucia.es\/ceippedagogogarcianavarro\/files\/2021\/01\/PLAN-IGUALDAD-FRIDA.jpg 1223w\" sizes=\"(max-width: 203px) 100vw, 203px\" \/><\/a>rgen de las marcas de g\u00e9nero que nos impone la sociedad en la que estamos inmersos de manera que todos tengan las mismas oportunidades y libertades. Supone eliminar ideas preconcebidas sobre las caracter\u00edsticas que deben tener las ni\u00f1as y los ni\u00f1os, las mujeres y los hombres.<\/p>\n<p>&nbsp;El fin de este proyecto es Coeducar, educar en la igualdad para erradicar estereotipos y desigualdades por razones de sexo, raza o religi\u00f3n. Coeducar tiene, adem\u00e1s, como objetivo hacer personas dialogantes e implica respeto y tolerancia, por lo que es una garant\u00eda para la prevenci\u00f3n de la violencia.<\/p>\n<p>&nbsp;Para conocer mejor nuestro Plan de Igualdad pincha <a href=\"https:\/\/blogsaverroes.juntadeandalucia.es\/ceippedagogogarcianavarro\/files\/2021\/01\/PLAN-IGUALDAD-CEIP.-PEDAGOGO-GARCIA-NAVARRO.docx\">aqu\u00ed.<\/a><\/p>\nngg_shortcode_0_placeholder\n<p style=\"text-align: center\"><strong>Pacto de Estado: Prevenci\u00f3n Violencia de G\u00e9nero.<\/strong><\/p>\n<p>&nbsp;Dentro de este programa y a lo largo del presente curso se llevar\u00e1n a cabo las siguien<a href=\"https:\/\/blogsaverroes.juntadeandalucia.es\/ceippedagogogarcianavarro\/files\/2021\/05\/Violencia.jpg\"><img loading=\"lazy\" decoding=\"async\" class=\" wp-image-2609 alignright\" src=\"https:\/\/blogsaverroes.juntadeandalucia.es\/ceippedagogogarcianavarro\/files\/2021\/05\/Violencia.jpg\" alt=\"\" width=\"248\" height=\"330\" srcset=\"https:\/\/blogsaverroes.juntadeandalucia.es\/ceippedagogogarcianavarro\/files\/2021\/05\/Violencia.jpg 960w, https:\/\/blogsaverroes.juntadeandalucia.es\/ceippedagogogarcianavarro\/files\/2021\/05\/Violencia-225x300.jpg 225w, https:\/\/blogsaverroes.juntadeandalucia.es\/ceippedagogogarcianavarro\/files\/2021\/05\/Violencia-768x1024.jpg 768w\" sizes=\"(max-width: 248px) 100vw, 248px\" \/><\/a>tes actuaciones:<\/p>\n<ul>\n<li>Desmontaremos estereotipos para la Prevenci\u00f3n de la Violencia de G\u00e9nero: Cuentos, juegos y juguetes no sexistas para los centros de Educaci\u00f3n Infantil y Primaria.<\/li>\n<li>Trabajaremos la corresponsabilidad para la Prevenci\u00f3n de la Violencia de G\u00e9nero, para los centros de Educaci\u00f3n Infantil y Primaria.<\/li>\n<li>Daremos visibilidad a la mujer, ensalzando su papel en la sociedad, a lo largo de la historia y actualmente, como factor clave para la prevenci\u00f3n de la violencia de g\u00e9nero, para los centros de Educaci\u00f3n Infantil y Primaria.<\/li>\n<li>Incidiremos en los buenos tratos como germen de la Prevenci\u00f3n de la Violencia de G\u00e9nero, para los centros de Educaci\u00f3n Infantil y Primaria.<\/li>\n<li>Haremos un an\u00e1lisis del Lenguaje Sexista y Micromachismos en la vida cotidiana del alumnado, como forma de Prevenci\u00f3n de la Violencia de G\u00e9nero, para el resto de ense\u00f1anzas.<\/li>\n<\/ul>\n<p>&nbsp;Desde el siguiente enlace pod\u00e9is descargaros el <a href=\"https:\/\/blogsaverroes.juntadeandalucia.es\/ceippedagogogarcianavarro\/files\/2021\/05\/Programa-Violencia-De-G\u00e9nero.-1.docx\">documento completo.<\/a><\/p>\nngg_shortcode_1_placeholder\n","protected":false},"excerpt":{"rendered":"<p>&nbsp; Cada centro personaliza y adapta su Proyecto Educativo adheri\u00e9ndose a diferentes Planes y Programas promovidos desde la Consejer\u00eda de Educaci\u00f3n, Cultura y Deporte. Este apartado se recoge la descripci\u00f3n, finalidades, actividades, coordinador\/a, etc.&#46;&#46;&#46;<\/p>\n","protected":false},"author":1,"featured_media":0,"parent":0,"menu_order":0,"comment_status":"open","ping_status":"closed","template":"page-templates\/child-menu.php","meta":{"ngg_post_thumbnail":0,"footnotes":"","_mc_calendar":[]},"aioseo_notices":[],"_links":{"self":[{"href":"https:\/\/blogsaverroes.juntadeandalucia.es\/ceippedagogogarcianavarro\/wp-json\/wp\/v2\/pages\/44"}],"collection":[{"href":"https:\/\/blogsaverroes.juntadeandalucia.es\/ceippedagogogarcianavarro\/wp-json\/wp\/v2\/pages"}],"about":[{"href":"https:\/\/blogsaverroes.juntadeandalucia.es\/ceippedagogogarcianavarro\/wp-json\/wp\/v2\/types\/page"}],"author":[{"embeddable":true,"href":"https:\/\/blogsaverroes.juntadeandalucia.es\/ceippedagogogarcianavarro\/wp-json\/wp\/v2\/users\/1"}],"replies":[{"embeddable":true,"href":"https:\/\/blogsaverroes.juntadeandalucia.es\/ceippedagogogarcianavarro\/wp-json\/wp\/v2\/comments?post=44"}],"version-history":[{"count":11,"href":"https:\/\/blogsaverroes.juntadeandalucia.es\/ceippedagogogarcianavarro\/wp-json\/wp\/v2\/pages\/44\/revisions"}],"predecessor-version":[{"id":2450,"href":"https:\/\/blogsaverroes.juntadeandalucia.es\/ceippedagogogarcianavarro\/wp-json\/wp\/v2\/pages\/44\/revisions\/2450"}],"wp:attachment":[{"href":"https:\/\/blogsaverroes.juntadeandalucia.es\/ceippedagogogarcianavarro\/wp-json\/wp\/v2\/media?parent=44"}],"curies":[{"name":"wp","href":"https:\/\/api.w.org\/{rel}","templated":true}]}}