{"id":77,"date":"2015-03-16T06:54:56","date_gmt":"2015-03-16T06:54:56","guid":{"rendered":"http:\/\/blogsaverroes.juntadeandalucia.es\/pre\/ceip\/?page_id=77"},"modified":"2025-05-06T09:07:27","modified_gmt":"2025-05-06T09:07:27","slug":"secretaria","status":"publish","type":"page","link":"https:\/\/blogsaverroes.juntadeandalucia.es\/ceippedagogogarcianavarro\/secretaria\/","title":{"rendered":"\ud83d\udcce Nuestra secretar\u00eda: el coraz\u00f3n organizativo del cole"},"content":{"rendered":"<p class=\"\" data-start=\"274\" data-end=\"543\"><a href=\"https:\/\/blogsaverroes.juntadeandalucia.es\/ceippedagogogarcianavarro\/files\/2025\/05\/WhatsApp-Image-2025-05-06-at-11.06.40.jpeg\"><img loading=\"lazy\" decoding=\"async\" class=\"size-medium wp-image-3906 alignleft\" src=\"https:\/\/blogsaverroes.juntadeandalucia.es\/ceippedagogogarcianavarro\/files\/2025\/05\/WhatsApp-Image-2025-05-06-at-11.06.40-226x300.jpeg\" alt=\"\" width=\"226\" height=\"300\" srcset=\"https:\/\/blogsaverroes.juntadeandalucia.es\/ceippedagogogarcianavarro\/files\/2025\/05\/WhatsApp-Image-2025-05-06-at-11.06.40-226x300.jpeg 226w, https:\/\/blogsaverroes.juntadeandalucia.es\/ceippedagogogarcianavarro\/files\/2025\/05\/WhatsApp-Image-2025-05-06-at-11.06.40-771x1024.jpeg 771w, https:\/\/blogsaverroes.juntadeandalucia.es\/ceippedagogogarcianavarro\/files\/2025\/05\/WhatsApp-Image-2025-05-06-at-11.06.40-768x1020.jpeg 768w, https:\/\/blogsaverroes.juntadeandalucia.es\/ceippedagogogarcianavarro\/files\/2025\/05\/WhatsApp-Image-2025-05-06-at-11.06.40-1157x1536.jpeg 1157w, https:\/\/blogsaverroes.juntadeandalucia.es\/ceippedagogogarcianavarro\/files\/2025\/05\/WhatsApp-Image-2025-05-06-at-11.06.40.jpeg 1205w\" sizes=\"(max-width: 226px) 100vw, 226px\" \/><\/a>La <strong data-start=\"277\" data-end=\"324\">secretar\u00eda del CEIP Pedagogo Garc\u00eda Navarro<\/strong> es uno de esos lugares donde siempre encontrar\u00e1s una sonrisa, una respuesta y una mano amiga. Desde aqu\u00ed se gestionan muchas de las tareas que permiten que todo funcione con orden y eficacia en el d\u00eda a d\u00eda del centro.<\/p>\n<p class=\"\" data-start=\"545\" data-end=\"940\">Entre sus funciones est\u00e1n la atenci\u00f3n a las familias, la gesti\u00f3n de matr\u00edculas, certificados, ayudas, comedor, aula matinal, cambios de datos, solicitudes, y todo lo relacionado con el proceso administrativo del alumnado. Pero m\u00e1s all\u00e1 de los papeles, la secretar\u00eda es tambi\u00e9n un punto de acogida, escucha y acompa\u00f1amiento para todas las personas que forman parte de nuestra comunidad educativa.<\/p>\n<p class=\"\" data-start=\"942\" data-end=\"1178\">Nuestro equipo de secretar\u00eda trabaja con dedicaci\u00f3n para facilitarte cualquier tr\u00e1mite, resolver dudas y hacer que el cole sea un lugar donde todo est\u00e9 en su sitio\u2026 y donde las familias se sientan bien atendidas desde el primer momento.<\/p>\n<p>Acceso a normativa general:&nbsp;<\/p>\n<p style=\"text-align: center\"><a href=\"http:\/\/www.adideandalucia.es\/?view=normativa\">Normativa<\/a><\/p>\n<p>Acceso a novedades (Educaci\u00f3n Junta de Andaluc\u00eda)<\/p>\n<p style=\"text-align: center\"><a href=\"https:\/\/portals.ced.junta-andalucia.es\/educacion\/portals\/web\/ced\/novedades\">Novedades<\/a><\/p>\n<p>&nbsp;<\/p>\n","protected":false},"excerpt":{"rendered":"<p>La secretar\u00eda del CEIP Pedagogo Garc\u00eda Navarro es uno de esos lugares donde siempre encontrar\u00e1s una sonrisa, una respuesta y una mano amiga. Desde aqu\u00ed se gestionan muchas de las tareas que permiten que&#46;&#46;&#46;<\/p>\n","protected":false},"author":1,"featured_media":0,"parent":0,"menu_order":0,"comment_status":"open","ping_status":"open","template":"page-templates\/child-menu.php","meta":{"ngg_post_thumbnail":0,"footnotes":"","_mc_calendar":[]},"aioseo_notices":[],"_links":{"self":[{"href":"https:\/\/blogsaverroes.juntadeandalucia.es\/ceippedagogogarcianavarro\/wp-json\/wp\/v2\/pages\/77"}],"collection":[{"href":"https:\/\/blogsaverroes.juntadeandalucia.es\/ceippedagogogarcianavarro\/wp-json\/wp\/v2\/pages"}],"about":[{"href":"https:\/\/blogsaverroes.juntadeandalucia.es\/ceippedagogogarcianavarro\/wp-json\/wp\/v2\/types\/page"}],"author":[{"embeddable":true,"href":"https:\/\/blogsaverroes.juntadeandalucia.es\/ceippedagogogarcianavarro\/wp-json\/wp\/v2\/users\/1"}],"replies":[{"embeddable":true,"href":"https:\/\/blogsaverroes.juntadeandalucia.es\/ceippedagogogarcianavarro\/wp-json\/wp\/v2\/comments?post=77"}],"version-history":[{"count":12,"href":"https:\/\/blogsaverroes.juntadeandalucia.es\/ceippedagogogarcianavarro\/wp-json\/wp\/v2\/pages\/77\/revisions"}],"predecessor-version":[{"id":3907,"href":"https:\/\/blogsaverroes.juntadeandalucia.es\/ceippedagogogarcianavarro\/wp-json\/wp\/v2\/pages\/77\/revisions\/3907"}],"wp:attachment":[{"href":"https:\/\/blogsaverroes.juntadeandalucia.es\/ceippedagogogarcianavarro\/wp-json\/wp\/v2\/media?parent=77"}],"curies":[{"name":"wp","href":"https:\/\/api.w.org\/{rel}","templated":true}]}}