{"id":80,"date":"2015-03-16T06:57:36","date_gmt":"2015-03-16T06:57:36","guid":{"rendered":"http:\/\/blogsaverroes.juntadeandalucia.es\/pre\/ceip\/?page_id=80"},"modified":"2026-01-13T10:27:22","modified_gmt":"2026-01-13T10:27:22","slug":"curso-escolar","status":"publish","type":"page","link":"https:\/\/blogsaverroes.juntadeandalucia.es\/ceippedagogogarcianavarro\/curso-escolar\/","title":{"rendered":"\ud83d\udc99 Bienvenidos al curso 2025\/2026"},"content":{"rendered":"<p><a href=\"https:\/\/blogsaverroes.juntadeandalucia.es\/ceippedagogogarcianavarro\/files\/2024\/01\/cropped-IMG_55831.jpg\"><img loading=\"lazy\" decoding=\"async\" class=\"size-medium wp-image-3838 aligncenter\" src=\"https:\/\/blogsaverroes.juntadeandalucia.es\/ceippedagogogarcianavarro\/files\/2024\/01\/cropped-IMG_55831-300x74.jpg\" alt=\"\" width=\"300\" height=\"74\" srcset=\"https:\/\/blogsaverroes.juntadeandalucia.es\/ceippedagogogarcianavarro\/files\/2024\/01\/cropped-IMG_55831-300x74.jpg 300w, https:\/\/blogsaverroes.juntadeandalucia.es\/ceippedagogogarcianavarro\/files\/2024\/01\/cropped-IMG_55831-332x81.jpg 332w, https:\/\/blogsaverroes.juntadeandalucia.es\/ceippedagogogarcianavarro\/files\/2024\/01\/cropped-IMG_55831.jpg 481w\" sizes=\"(max-width: 300px) 100vw, 300px\" \/><\/a><\/p>\n<p style=\"text-align: center\" data-path-to-node=\"4\"><b data-path-to-node=\"4\" data-index-in-node=\"0\">Ya no sumamos, ahora multiplicamos: Creciendo juntos hacia el futuro<\/b><\/p>\n<p data-path-to-node=\"5\">Si el curso pasado os d\u00e1bamos la bienvenida hablando de un \u00abnuevo comienzo\u00bb y de unir dos caminos, este a\u00f1o os recibimos con la inmensa alegr\u00eda de decir que <b data-path-to-node=\"5\" data-index-in-node=\"157\">ya somos uno<\/b>. Esa \u00abgran familia\u00bb que so\u00f1\u00e1bamos el pasado septiembre ya es una realidad que late con fuerza en cada rinc\u00f3n del <b data-path-to-node=\"5\" data-index-in-node=\"283\">CEIP Pedagogo Garc\u00eda Navarro<\/b>.<\/p>\n<p data-path-to-node=\"6\">Este 2025\/2026 ya no es el curso de la llegada, es el curso del <b data-path-to-node=\"6\" data-index-in-node=\"64\">despegue<\/b>. Ya hemos soltado maletas, ya nos conocemos, y ahora toca lo m\u00e1s bonito: <b data-path-to-node=\"6\" data-index-in-node=\"146\">construir nuestra propia identidad<\/b>.<\/p>\n<p data-path-to-node=\"7\">Dejamos de mirar atr\u00e1s para mirar hacia adelante con ambici\u00f3n y orgullo de barrio. Este a\u00f1o, nuestras aulas se abren no solo para convivir, sino para <b data-path-to-node=\"7\" data-index-in-node=\"150\">innovar, crear y so\u00f1ar a lo grande<\/b>. Queremos que este cole sea un faro en Las Palmeras, donde la tecnolog\u00eda, la inclusi\u00f3n y el coraz\u00f3n vayan de la mano. Donde cada ni\u00f1o y ni\u00f1a sienta que tiene las mejores herramientas para comerse el mundo.<\/p>\n<p data-path-to-node=\"8\">Mantenemos el abrazo de bienvenida del a\u00f1o pasado, pero le a\u00f1adimos la energ\u00eda de los nuevos retos. Porque ya no somos \u00ablos que estaban\u00bb y \u00ablos que vinieron\u00bb; somos un equipo s\u00f3lido, diverso y potente.<\/p>\n<p data-path-to-node=\"9\">A las familias, al alumnado y al equipo docente: gracias por hacer f\u00e1cil lo dif\u00edcil. Ahora toca disfrutar del camino que hemos asfaltado juntos.<\/p>\n<p data-start=\"1408\" data-end=\"1657\"><a href=\"https:\/\/blogsaverroes.juntadeandalucia.es\/ceippedagogogarcianavarro\/files\/2022\/05\/1652685659618-scaled.jpg\"><img loading=\"lazy\" decoding=\"async\" class=\"size-medium wp-image-3029 aligncenter\" src=\"https:\/\/blogsaverroes.juntadeandalucia.es\/ceippedagogogarcianavarro\/files\/2022\/05\/1652685659618-300x224.jpg\" alt=\"\" width=\"300\" height=\"224\" srcset=\"https:\/\/blogsaverroes.juntadeandalucia.es\/ceippedagogogarcianavarro\/files\/2022\/05\/1652685659618-300x224.jpg 300w, https:\/\/blogsaverroes.juntadeandalucia.es\/ceippedagogogarcianavarro\/files\/2022\/05\/1652685659618-1024x766.jpg 1024w, https:\/\/blogsaverroes.juntadeandalucia.es\/ceippedagogogarcianavarro\/files\/2022\/05\/1652685659618-768x574.jpg 768w, https:\/\/blogsaverroes.juntadeandalucia.es\/ceippedagogogarcianavarro\/files\/2022\/05\/1652685659618-1536x1149.jpg 1536w, https:\/\/blogsaverroes.juntadeandalucia.es\/ceippedagogogarcianavarro\/files\/2022\/05\/1652685659618-2048x1532.jpg 2048w, https:\/\/blogsaverroes.juntadeandalucia.es\/ceippedagogogarcianavarro\/files\/2022\/05\/1652685659618-scaled.jpg 1600w\" sizes=\"(max-width: 300px) 100vw, 300px\" \/><\/a><\/p>\n<p>&nbsp;<\/p>\n","protected":false},"excerpt":{"rendered":"<p>Ya no sumamos, ahora multiplicamos: Creciendo juntos hacia el futuro Si el curso pasado os d\u00e1bamos la bienvenida hablando de un \u00abnuevo comienzo\u00bb y de unir dos caminos, este a\u00f1o os recibimos con la&#46;&#46;&#46;<\/p>\n","protected":false},"author":1,"featured_media":0,"parent":0,"menu_order":0,"comment_status":"open","ping_status":"open","template":"page-templates\/child-menu.php","meta":{"ngg_post_thumbnail":0,"footnotes":"","_mc_calendar":[]},"aioseo_notices":[],"_links":{"self":[{"href":"https:\/\/blogsaverroes.juntadeandalucia.es\/ceippedagogogarcianavarro\/wp-json\/wp\/v2\/pages\/80"}],"collection":[{"href":"https:\/\/blogsaverroes.juntadeandalucia.es\/ceippedagogogarcianavarro\/wp-json\/wp\/v2\/pages"}],"about":[{"href":"https:\/\/blogsaverroes.juntadeandalucia.es\/ceippedagogogarcianavarro\/wp-json\/wp\/v2\/types\/page"}],"author":[{"embeddable":true,"href":"https:\/\/blogsaverroes.juntadeandalucia.es\/ceippedagogogarcianavarro\/wp-json\/wp\/v2\/users\/1"}],"replies":[{"embeddable":true,"href":"https:\/\/blogsaverroes.juntadeandalucia.es\/ceippedagogogarcianavarro\/wp-json\/wp\/v2\/comments?post=80"}],"version-history":[{"count":4,"href":"https:\/\/blogsaverroes.juntadeandalucia.es\/ceippedagogogarcianavarro\/wp-json\/wp\/v2\/pages\/80\/revisions"}],"predecessor-version":[{"id":3918,"href":"https:\/\/blogsaverroes.juntadeandalucia.es\/ceippedagogogarcianavarro\/wp-json\/wp\/v2\/pages\/80\/revisions\/3918"}],"wp:attachment":[{"href":"https:\/\/blogsaverroes.juntadeandalucia.es\/ceippedagogogarcianavarro\/wp-json\/wp\/v2\/media?parent=80"}],"curies":[{"name":"wp","href":"https:\/\/api.w.org\/{rel}","templated":true}]}}