{"id":2271,"date":"2017-05-15T17:18:00","date_gmt":"2017-05-15T15:18:00","guid":{"rendered":"http:\/\/blogsaverroes.juntadeandalucia.es\/ceippedrogarfias\/?page_id=2271"},"modified":"2017-05-15T17:18:00","modified_gmt":"2017-05-15T15:18:00","slug":"bilinguismo","status":"publish","type":"page","link":"https:\/\/blogsaverroes.juntadeandalucia.es\/ceippedrogarfias\/bilinguismo\/","title":{"rendered":"Biling\u00fcismo"},"content":{"rendered":"<p style=\"text-align: left\">Centro perteneciente &nbsp;a &nbsp;la red de Centros Biling\u00fces de la Consejer\u00eda de Educaci\u00f3n&nbsp;<\/p>\n<p style=\"text-align: right\"><a href=\"https:\/\/blogsaverroes.juntadeandalucia.es\/ceippedrogarfias\/files\/2017\/05\/normas.jpg\"><img loading=\"lazy\" decoding=\"async\" class=\"alignnone size-medium wp-image-2276 aligncenter\" src=\"https:\/\/blogsaverroes.juntadeandalucia.es\/ceippedrogarfias\/files\/2017\/05\/normas-300x210.jpg\" alt=\"\" width=\"300\" height=\"210\" srcset=\"https:\/\/blogsaverroes.juntadeandalucia.es\/ceippedrogarfias\/files\/2017\/05\/normas-300x210.jpg 300w, https:\/\/blogsaverroes.juntadeandalucia.es\/ceippedrogarfias\/files\/2017\/05\/normas-24x17.jpg 24w, https:\/\/blogsaverroes.juntadeandalucia.es\/ceippedrogarfias\/files\/2017\/05\/normas-36x25.jpg 36w, https:\/\/blogsaverroes.juntadeandalucia.es\/ceippedrogarfias\/files\/2017\/05\/normas-48x34.jpg 48w, https:\/\/blogsaverroes.juntadeandalucia.es\/ceippedrogarfias\/files\/2017\/05\/normas.jpg 736w\" sizes=\"(max-width: 300px) 100vw, 300px\" \/><\/a><\/p>\n","protected":false},"excerpt":{"rendered":"<p>Centro perteneciente &nbsp;a &nbsp;la red de Centros Biling\u00fces de la Consejer\u00eda de Educaci\u00f3n&nbsp;<\/p>\n","protected":false},"author":4889,"featured_media":0,"parent":0,"menu_order":0,"comment_status":"closed","ping_status":"closed","template":"","meta":{"ngg_post_thumbnail":0,"footnotes":"","_mc_calendar":[]},"aioseo_notices":[],"_links":{"self":[{"href":"https:\/\/blogsaverroes.juntadeandalucia.es\/ceippedrogarfias\/wp-json\/wp\/v2\/pages\/2271"}],"collection":[{"href":"https:\/\/blogsaverroes.juntadeandalucia.es\/ceippedrogarfias\/wp-json\/wp\/v2\/pages"}],"about":[{"href":"https:\/\/blogsaverroes.juntadeandalucia.es\/ceippedrogarfias\/wp-json\/wp\/v2\/types\/page"}],"author":[{"embeddable":true,"href":"https:\/\/blogsaverroes.juntadeandalucia.es\/ceippedrogarfias\/wp-json\/wp\/v2\/users\/4889"}],"replies":[{"embeddable":true,"href":"https:\/\/blogsaverroes.juntadeandalucia.es\/ceippedrogarfias\/wp-json\/wp\/v2\/comments?post=2271"}],"version-history":[{"count":1,"href":"https:\/\/blogsaverroes.juntadeandalucia.es\/ceippedrogarfias\/wp-json\/wp\/v2\/pages\/2271\/revisions"}],"predecessor-version":[{"id":2285,"href":"https:\/\/blogsaverroes.juntadeandalucia.es\/ceippedrogarfias\/wp-json\/wp\/v2\/pages\/2271\/revisions\/2285"}],"wp:attachment":[{"href":"https:\/\/blogsaverroes.juntadeandalucia.es\/ceippedrogarfias\/wp-json\/wp\/v2\/media?parent=2271"}],"curies":[{"name":"wp","href":"https:\/\/api.w.org\/{rel}","templated":true}]}}