{"id":113,"date":"2015-03-16T08:06:00","date_gmt":"2015-03-16T08:06:00","guid":{"rendered":"http:\/\/blogsaverroes.juntadeandalucia.es\/pre\/ceip\/?page_id=113"},"modified":"2020-09-07T18:46:48","modified_gmt":"2020-09-07T18:46:48","slug":"biblioteca","status":"publish","type":"page","link":"https:\/\/blogsaverroes.juntadeandalucia.es\/ceipperezacevedo\/biblioteca\/","title":{"rendered":"SECRETAR\u00cdA VIRTUAL"},"content":{"rendered":"<p><a href=\"https:\/\/blogsaverroes.juntadeandalucia.es\/ceipperezacevedo\/files\/2015\/03\/Secretaria.jpg\"><img loading=\"lazy\" decoding=\"async\" class=\"aligncenter wp-image-2581 size-full\" src=\"https:\/\/blogsaverroes.juntadeandalucia.es\/ceipperezacevedo\/files\/2015\/03\/Secretaria.jpg\" alt=\"\" width=\"813\" height=\"236\" srcset=\"https:\/\/blogsaverroes.juntadeandalucia.es\/ceipperezacevedo\/files\/2015\/03\/Secretaria.jpg 813w, https:\/\/blogsaverroes.juntadeandalucia.es\/ceipperezacevedo\/files\/2015\/03\/Secretaria-300x87.jpg 300w, https:\/\/blogsaverroes.juntadeandalucia.es\/ceipperezacevedo\/files\/2015\/03\/Secretaria-768x223.jpg 768w, https:\/\/blogsaverroes.juntadeandalucia.es\/ceipperezacevedo\/files\/2015\/03\/Secretaria-700x203.jpg 700w, https:\/\/blogsaverroes.juntadeandalucia.es\/ceipperezacevedo\/files\/2015\/03\/Secretaria-24x7.jpg 24w, https:\/\/blogsaverroes.juntadeandalucia.es\/ceipperezacevedo\/files\/2015\/03\/Secretaria-36x10.jpg 36w, https:\/\/blogsaverroes.juntadeandalucia.es\/ceipperezacevedo\/files\/2015\/03\/Secretaria-48x14.jpg 48w\" sizes=\"(max-width: 813px) 100vw, 813px\" \/><\/a><\/p>\n<p style=\"text-align: justify\">El CEIP <em>Rodrigo P\u00e9rez de Acevedo<\/em> pone a su disposici\u00f3n la <strong>SECRETAR\u00edA VIRTUAL<\/strong>. Aqu\u00ed puede encontrar la documentaci\u00f3n necesaria para realizar los tr\u00e1mites m\u00e1s solicitados por la Comunidad Educativa.<\/p>\n<p>Para agilizar tr\u00e1mites, descargue los documentos que necesite y entr\u00e9guelos debidamente cumplimentados en la Secretar\u00eda del Centro.<\/p>\n<p><img decoding=\"async\" src=\"https:\/\/www.gifmania.com\/Gif-Animados-Web\/Imagenes-Rotulos-Webs\/Rotulos-Descargar\/Camion-Descarga-61311.gif\" alt=\"r\u00f3tulos descargar - GIFMANIA\"> &nbsp;<span style=\"color: #800080\"><strong> DESCARGA DE DOCUMENTOS M\u00c1S SOLICITADOS:<\/strong><\/span><\/p>\n<h3>&nbsp;<img loading=\"lazy\" decoding=\"async\" src=\"https:\/\/www.gifmania.com\/Gif-Animados-Web\/Imagenes-Flechas-Web\/Flechas-Web-Derecha\/Boton-Rojo-Flecha-Derecha-65091.gif\" alt=\"flechas web derecha - GIFMANIA\" width=\"24\" height=\"25\">&nbsp; <a href=\"https:\/\/onedrive.live.com\/?authkey=%21AD1rF0%2D1a4xwmlE&amp;id=F8EA674E64BAE75C%2153199&amp;cid=F8EA674E64BAE75C\"><span style=\"text-decoration: underline\"><span style=\"color: #ff6600;text-decoration: underline\">AUTORIZACIONES<\/span><\/span><\/a><\/h3>\n<h3><img loading=\"lazy\" decoding=\"async\" src=\"https:\/\/www.gifmania.com\/Gif-Animados-Web\/Imagenes-Flechas-Web\/Flechas-Web-Derecha\/Boton-Rojo-Flecha-Derecha-65091.gif\" alt=\"flechas web derecha - GIFMANIA\" width=\"24\" height=\"24\"> &nbsp; <a href=\"https:\/\/1drv.ms\/u\/s!AlznumROZ-r4g6M6ZERM52ZqHz1OEw?e=9fC6sS\"><span style=\"text-decoration: underline\"><span style=\"color: #ff6600;text-decoration: underline\">DOCUMENTACI\u00d3N RELEVANTE.<\/span><\/span><\/a><\/h3>\n<h3><img loading=\"lazy\" decoding=\"async\" src=\"https:\/\/www.gifmania.com\/Gif-Animados-Web\/Imagenes-Flechas-Web\/Flechas-Web-Derecha\/Boton-Rojo-Flecha-Derecha-65091.gif\" alt=\"flechas web derecha - GIFMANIA\" width=\"24\" height=\"24\"> &nbsp;<a href=\"https:\/\/onedrive.live.com\/?authkey=%21ADKIQz%2DX6E5mT3Q&amp;cid=F8EA674E64BAE75C&amp;id=F8EA674E64BAE75C%2152689&amp;parId=F8EA674E64BAE75C%2152687&amp;o=OneUp\"> <span style=\"text-decoration: underline\"><span style=\"color: #ff6600;text-decoration: underline\">SOLICITUD DE <strong>ALTA<\/strong> EN COMEDOR ESCOLAR, AULA MATINAL Y ACTIVIDADES EXTRAESCOLARES<\/span><\/span><\/a><\/h3>\n<h3><img loading=\"lazy\" decoding=\"async\" src=\"https:\/\/www.gifmania.com\/Gif-Animados-Web\/Imagenes-Flechas-Web\/Flechas-Web-Derecha\/Boton-Rojo-Flecha-Derecha-65091.gif\" alt=\"flechas web derecha - GIFMANIA\" width=\"24\" height=\"24\"> &nbsp; <a href=\"https:\/\/onedrive.live.com\/?authkey=%21AG6r2zOw7CimOhI&amp;cid=F8EA674E64BAE75C&amp;id=F8EA674E64BAE75C%2152688&amp;parId=F8EA674E64BAE75C%2152687&amp;o=OneUp\"><span style=\"text-decoration: underline\"><span style=\"color: #ff6600;text-decoration: underline\">SOLICITUD DE <strong>BAJA<\/strong> EN COMEDOR ESCOLAR, AULA MATINAL Y ACTIVIDADES EXTRAESCOLARES<\/span><\/span><\/a><\/h3>\n<h3><img loading=\"lazy\" decoding=\"async\" src=\"https:\/\/www.gifmania.com\/Gif-Animados-Web\/Imagenes-Flechas-Web\/Flechas-Web-Derecha\/Boton-Rojo-Flecha-Derecha-65091.gif\" alt=\"flechas web derecha - GIFMANIA\" width=\"24\" height=\"24\"> &nbsp; <a href=\"https:\/\/onedrive.live.com\/?authkey=%21ANB7JDCETJ%2DOKLE&amp;cid=F8EA674E64BAE75C&amp;id=F8EA674E64BAE75C%2152690&amp;parId=F8EA674E64BAE75C%2152687&amp;o=OneUp\"><span style=\"text-decoration: underline\"><span style=\"color: #ff6600;text-decoration: underline\">SOLICITUD DE <strong>BONIFICACI\u00d3N<\/strong> EN LOS PRECIOS DE COMEDOR ESCOLAR, AULA MATINAL Y ACTIVIDADES EXTRAESCOLARES<\/span><\/span><\/a><\/h3>\n<p>&nbsp;<\/p>\n<p>PARA CUALQUIER DUDA, CONSULTE DIRECTAMENTE CON <strong>SECRETAR\u00cdA<\/strong> EN EL <strong>TEL\u00c9FONO: 959 48 99 55.<\/strong><\/p>\n","protected":false},"excerpt":{"rendered":"<p>El CEIP Rodrigo P\u00e9rez de Acevedo pone a su disposici\u00f3n la SECRETAR\u00edA VIRTUAL. Aqu\u00ed puede encontrar la documentaci\u00f3n necesaria para realizar los tr\u00e1mites m\u00e1s solicitados por la Comunidad Educativa. Para agilizar tr\u00e1mites, descargue los documentos que necesite y entr\u00e9guelos debidamente cumplimentados en la Secretar\u00eda del Centro. &nbsp; DESCARGA DE DOCUMENTOS M\u00c1S SOLICITADOS: &nbsp;&nbsp; AUTORIZACIONES &nbsp; [&hellip;]<\/p>\n","protected":false},"author":1,"featured_media":0,"parent":0,"menu_order":0,"comment_status":"closed","ping_status":"open","template":"","meta":{"ngg_post_thumbnail":0,"footnotes":"","_mc_calendar":[]},"aioseo_notices":[],"_links":{"self":[{"href":"https:\/\/blogsaverroes.juntadeandalucia.es\/ceipperezacevedo\/wp-json\/wp\/v2\/pages\/113"}],"collection":[{"href":"https:\/\/blogsaverroes.juntadeandalucia.es\/ceipperezacevedo\/wp-json\/wp\/v2\/pages"}],"about":[{"href":"https:\/\/blogsaverroes.juntadeandalucia.es\/ceipperezacevedo\/wp-json\/wp\/v2\/types\/page"}],"author":[{"embeddable":true,"href":"https:\/\/blogsaverroes.juntadeandalucia.es\/ceipperezacevedo\/wp-json\/wp\/v2\/users\/1"}],"replies":[{"embeddable":true,"href":"https:\/\/blogsaverroes.juntadeandalucia.es\/ceipperezacevedo\/wp-json\/wp\/v2\/comments?post=113"}],"version-history":[{"count":21,"href":"https:\/\/blogsaverroes.juntadeandalucia.es\/ceipperezacevedo\/wp-json\/wp\/v2\/pages\/113\/revisions"}],"predecessor-version":[{"id":3174,"href":"https:\/\/blogsaverroes.juntadeandalucia.es\/ceipperezacevedo\/wp-json\/wp\/v2\/pages\/113\/revisions\/3174"}],"wp:attachment":[{"href":"https:\/\/blogsaverroes.juntadeandalucia.es\/ceipperezacevedo\/wp-json\/wp\/v2\/media?parent=113"}],"curies":[{"name":"wp","href":"https:\/\/api.w.org\/{rel}","templated":true}]}}