{"id":141,"date":"2015-03-17T07:13:24","date_gmt":"2015-03-17T07:13:24","guid":{"rendered":"http:\/\/blogsaverroes.juntadeandalucia.es\/pre\/ceip\/?page_id=141"},"modified":"2025-02-22T09:54:32","modified_gmt":"2025-02-22T08:54:32","slug":"escolarizacion","status":"publish","type":"page","link":"https:\/\/blogsaverroes.juntadeandalucia.es\/ceipperezacevedo\/escolarizacion\/","title":{"rendered":"Escolarizaci\u00f3n"},"content":{"rendered":"<p><a href=\"https:\/\/blogsaverroes.juntadeandalucia.es\/ceipperezacevedo\/files\/2015\/03\/Diapositiva1.jpg\"><img loading=\"lazy\" decoding=\"async\" class=\"size-medium wp-image-2457 aligncenter\" src=\"https:\/\/blogsaverroes.juntadeandalucia.es\/ceipperezacevedo\/files\/2015\/03\/Diapositiva1-300x55.jpg\" alt=\"\" width=\"300\" height=\"55\" srcset=\"https:\/\/blogsaverroes.juntadeandalucia.es\/ceipperezacevedo\/files\/2015\/03\/Diapositiva1-300x55.jpg 300w, https:\/\/blogsaverroes.juntadeandalucia.es\/ceipperezacevedo\/files\/2015\/03\/Diapositiva1-700x128.jpg 700w, https:\/\/blogsaverroes.juntadeandalucia.es\/ceipperezacevedo\/files\/2015\/03\/Diapositiva1-24x4.jpg 24w, https:\/\/blogsaverroes.juntadeandalucia.es\/ceipperezacevedo\/files\/2015\/03\/Diapositiva1-36x7.jpg 36w, https:\/\/blogsaverroes.juntadeandalucia.es\/ceipperezacevedo\/files\/2015\/03\/Diapositiva1-48x9.jpg 48w, https:\/\/blogsaverroes.juntadeandalucia.es\/ceipperezacevedo\/files\/2015\/03\/Diapositiva1.jpg 759w\" sizes=\"(max-width: 300px) 100vw, 300px\" \/><br \/>\n<\/a>En los siguientes enlaces encontrar\u00e1 toda la informaci\u00f3n y documentaci\u00f3n necesaria para realizar la Escolarizaci\u00f3n y Matr\u00edcula para el pr\u00f3ximo Curso Escolar 2025\/26.&nbsp;&nbsp;<\/p>\n<p>&nbsp;<\/p>\n<p><a href=\"https:\/\/1drv.ms\/b\/s!Al4vQmhAZBQAaq6d74C4ieyh9X0?e=aiajOU\"><img loading=\"lazy\" decoding=\"async\" class=\"wp-image-5293 alignnone\" src=\"https:\/\/blogsaverroes.juntadeandalucia.es\/ceipperezacevedo\/files\/2021\/03\/calendario.png\" alt=\"\" width=\"107\" height=\"107\" srcset=\"https:\/\/blogsaverroes.juntadeandalucia.es\/ceipperezacevedo\/files\/2021\/03\/calendario.png 225w, https:\/\/blogsaverroes.juntadeandalucia.es\/ceipperezacevedo\/files\/2021\/03\/calendario-150x150.png 150w, https:\/\/blogsaverroes.juntadeandalucia.es\/ceipperezacevedo\/files\/2021\/03\/calendario-100x100.png 100w\" sizes=\"(max-width: 107px) 100vw, 107px\" \/><span style=\"color: #000080\"><\/span><\/a><a style=\"color: #000080\" href=\"https:\/\/www.juntadeandalucia.es\/educacion\/portales\/web\/escolarizacion\/infantil-a-bachillerato\/calendario\">CALENDARIO DE ESCOLARIZACI\u00d3N<\/a><\/p>\n<p>&nbsp;<\/p>\n<p><a href=\"https:\/\/1drv.ms\/b\/s!AlznumROZ-r4g6RW1eFN-nbbY0LWug?e=yuNzBr\"><img loading=\"lazy\" decoding=\"async\" class=\"wp-image-5292 alignleft\" src=\"https:\/\/blogsaverroes.juntadeandalucia.es\/ceipperezacevedo\/files\/2021\/03\/baremo.jpg\" alt=\"\" width=\"131\" height=\"94\"><\/a><\/p>\n<p>&nbsp;<\/p>\n<p><span style=\"color: #000080\"><a style=\"color: #000080\" href=\"https:\/\/www.juntadeandalucia.es\/educacion\/portales\/web\/escolarizacion\/infantil-a-bachillerato\/autobaremo\">BAREMO<\/a><\/span><\/p>\n<p>&nbsp;<\/p>\n<p><a href=\"https:\/\/1drv.ms\/b\/s!AlznumROZ-r4g6RUgOwFB-F9DcrFLQ?e=pfZQTu\"><img loading=\"lazy\" decoding=\"async\" class=\"wp-image-5291 alignleft\" src=\"https:\/\/blogsaverroes.juntadeandalucia.es\/ceipperezacevedo\/files\/2021\/03\/SOLICITUD.jpg\" alt=\"\" width=\"122\" height=\"92\"><\/a><\/p>\n<p style=\"text-align: center\">&nbsp;<\/p>\n<p><span style=\"color: #000080\"><a style=\"color: #000080\" href=\"https:\/\/www.juntadeandalucia.es\/educacion\/portales\/web\/escolarizacion\/infantil-a-bachillerato\/impresos\">IMPRESOS<\/a><\/span><\/p>\n<p>&nbsp;<\/p>\n","protected":false},"excerpt":{"rendered":"<p>En los siguientes enlaces encontrar\u00e1 toda la informaci\u00f3n y documentaci\u00f3n necesaria para realizar la Escolarizaci\u00f3n y Matr\u00edcula para el pr\u00f3ximo Curso Escolar 2025\/26.&nbsp;&nbsp; &nbsp; CALENDARIO DE ESCOLARIZACI\u00d3N &nbsp; &nbsp; BAREMO &nbsp; &nbsp; IMPRESOS &nbsp;<\/p>\n","protected":false},"author":1,"featured_media":0,"parent":0,"menu_order":0,"comment_status":"closed","ping_status":"open","template":"","meta":{"ngg_post_thumbnail":0,"footnotes":"","_mc_calendar":[]},"aioseo_notices":[],"_links":{"self":[{"href":"https:\/\/blogsaverroes.juntadeandalucia.es\/ceipperezacevedo\/wp-json\/wp\/v2\/pages\/141"}],"collection":[{"href":"https:\/\/blogsaverroes.juntadeandalucia.es\/ceipperezacevedo\/wp-json\/wp\/v2\/pages"}],"about":[{"href":"https:\/\/blogsaverroes.juntadeandalucia.es\/ceipperezacevedo\/wp-json\/wp\/v2\/types\/page"}],"author":[{"embeddable":true,"href":"https:\/\/blogsaverroes.juntadeandalucia.es\/ceipperezacevedo\/wp-json\/wp\/v2\/users\/1"}],"replies":[{"embeddable":true,"href":"https:\/\/blogsaverroes.juntadeandalucia.es\/ceipperezacevedo\/wp-json\/wp\/v2\/comments?post=141"}],"version-history":[{"count":20,"href":"https:\/\/blogsaverroes.juntadeandalucia.es\/ceipperezacevedo\/wp-json\/wp\/v2\/pages\/141\/revisions"}],"predecessor-version":[{"id":9115,"href":"https:\/\/blogsaverroes.juntadeandalucia.es\/ceipperezacevedo\/wp-json\/wp\/v2\/pages\/141\/revisions\/9115"}],"wp:attachment":[{"href":"https:\/\/blogsaverroes.juntadeandalucia.es\/ceipperezacevedo\/wp-json\/wp\/v2\/media?parent=141"}],"curies":[{"name":"wp","href":"https:\/\/api.w.org\/{rel}","templated":true}]}}