{"id":2381,"date":"2018-04-23T15:52:10","date_gmt":"2018-04-23T15:52:10","guid":{"rendered":"https:\/\/blogsaverroes.juntadeandalucia.es\/ceipperezacevedo\/?page_id=2381"},"modified":"2026-02-25T13:39:13","modified_gmt":"2026-02-25T12:39:13","slug":"noticias","status":"publish","type":"page","link":"https:\/\/blogsaverroes.juntadeandalucia.es\/ceipperezacevedo\/","title":{"rendered":"NOVEDADES"},"content":{"rendered":"<p>&nbsp;<\/p>\n<p><img loading=\"lazy\" decoding=\"async\" class=\"wp-image-8948 aligncenter\" src=\"https:\/\/blogsaverroes.juntadeandalucia.es\/ceipperezacevedo\/files\/2024\/09\/Blue-and-Green-Illustrative-Welcome-Back-To-School-Double-Sided-Poster-Landscape-1-300x212.jpg\" alt=\"\" width=\"431\" height=\"305\" srcset=\"https:\/\/blogsaverroes.juntadeandalucia.es\/ceipperezacevedo\/files\/2024\/09\/Blue-and-Green-Illustrative-Welcome-Back-To-School-Double-Sided-Poster-Landscape-1-300x212.jpg 300w, https:\/\/blogsaverroes.juntadeandalucia.es\/ceipperezacevedo\/files\/2024\/09\/Blue-and-Green-Illustrative-Welcome-Back-To-School-Double-Sided-Poster-Landscape-1-1024x724.jpg 1024w, https:\/\/blogsaverroes.juntadeandalucia.es\/ceipperezacevedo\/files\/2024\/09\/Blue-and-Green-Illustrative-Welcome-Back-To-School-Double-Sided-Poster-Landscape-1-768x543.jpg 768w, https:\/\/blogsaverroes.juntadeandalucia.es\/ceipperezacevedo\/files\/2024\/09\/Blue-and-Green-Illustrative-Welcome-Back-To-School-Double-Sided-Poster-Landscape-1-1536x1086.jpg 1536w, https:\/\/blogsaverroes.juntadeandalucia.es\/ceipperezacevedo\/files\/2024\/09\/Blue-and-Green-Illustrative-Welcome-Back-To-School-Double-Sided-Poster-Landscape-1.jpg 1600w\" sizes=\"(max-width: 431px) 100vw, 431px\" \/><\/p>\n<p>&nbsp;<\/p>\n<p><img loading=\"lazy\" decoding=\"async\" class=\"aligncenter wp-image-9171\" src=\"https:\/\/blogsaverroes.juntadeandalucia.es\/ceipperezacevedo\/files\/2025\/09\/Historia-Vuelta-al-Cole-Divertida-Anuncio-Creativa-Amarilla--e1757429060598-1024x576.jpg\" alt=\"\" width=\"500\" height=\"281\" srcset=\"https:\/\/blogsaverroes.juntadeandalucia.es\/ceipperezacevedo\/files\/2025\/09\/Historia-Vuelta-al-Cole-Divertida-Anuncio-Creativa-Amarilla--e1757429060598-1024x576.jpg 1024w, https:\/\/blogsaverroes.juntadeandalucia.es\/ceipperezacevedo\/files\/2025\/09\/Historia-Vuelta-al-Cole-Divertida-Anuncio-Creativa-Amarilla--e1757429060598-300x169.jpg 300w, https:\/\/blogsaverroes.juntadeandalucia.es\/ceipperezacevedo\/files\/2025\/09\/Historia-Vuelta-al-Cole-Divertida-Anuncio-Creativa-Amarilla--e1757429060598-768x432.jpg 768w, https:\/\/blogsaverroes.juntadeandalucia.es\/ceipperezacevedo\/files\/2025\/09\/Historia-Vuelta-al-Cole-Divertida-Anuncio-Creativa-Amarilla--e1757429060598-1536x864.jpg 1536w, https:\/\/blogsaverroes.juntadeandalucia.es\/ceipperezacevedo\/files\/2025\/09\/Historia-Vuelta-al-Cole-Divertida-Anuncio-Creativa-Amarilla--e1757429060598.jpg 1600w\" sizes=\"(max-width: 500px) 100vw, 500px\" \/><\/p>\n<p>&nbsp;<\/p>\n<hr>\n<p><img loading=\"lazy\" decoding=\"async\" class=\"aligncenter wp-image-9178\" src=\"https:\/\/blogsaverroes.juntadeandalucia.es\/ceipperezacevedo\/files\/2025\/09\/Documento-A4-vertical-tablon-de-anuncios-pizarra-libreta-azul-e1757840717995-1024x304.jpg\" alt=\"\" width=\"600\" height=\"178\" srcset=\"https:\/\/blogsaverroes.juntadeandalucia.es\/ceipperezacevedo\/files\/2025\/09\/Documento-A4-vertical-tablon-de-anuncios-pizarra-libreta-azul-e1757840717995-1024x304.jpg 1024w, https:\/\/blogsaverroes.juntadeandalucia.es\/ceipperezacevedo\/files\/2025\/09\/Documento-A4-vertical-tablon-de-anuncios-pizarra-libreta-azul-e1757840717995-300x89.jpg 300w, https:\/\/blogsaverroes.juntadeandalucia.es\/ceipperezacevedo\/files\/2025\/09\/Documento-A4-vertical-tablon-de-anuncios-pizarra-libreta-azul-e1757840717995-768x228.jpg 768w, https:\/\/blogsaverroes.juntadeandalucia.es\/ceipperezacevedo\/files\/2025\/09\/Documento-A4-vertical-tablon-de-anuncios-pizarra-libreta-azul-e1757840717995.jpg 1413w\" sizes=\"(max-width: 600px) 100vw, 600px\" \/><\/p>\n<p>&nbsp;<\/p>\n<h6 style=\"text-align: left\"><span style=\"color: #000000\">&nbsp; &nbsp; &nbsp; Pronto comienza el <span style=\"color: #ff0000\">per\u00edodo de MATRICULACI\u00d3N<\/span> as\u00ed que m\u00e1s abajo os dejamos informaci\u00f3n importante que os puede servir de ayuda.<\/span><\/h6>\n<p>&nbsp;<\/p>\n<blockquote><p><span style=\"color: #ff0000\">&gt;&gt;<\/span> &nbsp;<a href=\"https:\/\/blogsaverroes.juntadeandalucia.es\/ceipperezacevedo\/files\/2026\/02\/Oferta-educativa.pdf\">Oferta educativa.<\/a><\/p>\n<p><span style=\"color: #ff0000\">&gt;&gt; &nbsp;<a href=\"https:\/\/blogsaverroes.juntadeandalucia.es\/ceipperezacevedo\/files\/2026\/02\/Anexo-I.-Calendario-de-admisiA\u00b3n-2Ao-Ciclo-de-Infantil-y-Primaria.pdf\">Anexo I. Calendario de admisi\u00f3n 2\u00ba Ciclo de Infantil y Primaria<\/a><\/span><\/p>\n<p><span style=\"color: #ff0000\">&gt;&gt; &nbsp;<a href=\"https:\/\/blogsaverroes.juntadeandalucia.es\/ceipperezacevedo\/files\/2026\/02\/Anexo-V-A_reas-de-influencia.-2Ao-ciclo-Infantil-y-Primaria.pdf\">Anexo V \u00c1reas de influencia. 2\u00ba Ciclo Infantil y Primaria<\/a><\/span><\/p>\n<p><span style=\"color: #ff0000\">&gt;&gt; &nbsp;<a href=\"https:\/\/blogsaverroes.juntadeandalucia.es\/ceipperezacevedo\/files\/2026\/02\/Normativa-escolarizaciA\u00b3n.pdf\">Normativa escolarizaci\u00f3n<\/a><\/span><\/p><\/blockquote>\n<h6><span style=\"color: #000000\">&nbsp; &nbsp; &nbsp; Adem\u00e1s, si quieres acceder a la <span style=\"color: #008000\">web de la Junta de Andaluc\u00eda<\/span> para la realizar la matr\u00edcula, A PARTIR DEL 1 DE MARZO, s\u00f3lo tienes que hacer clic aqu\u00ed:&nbsp;<\/span><\/h6>\n<p><span style=\"color: #008000\"> &gt;&gt;&gt;<\/span> <a href=\"https:\/\/www.juntadeandalucia.es\/educacion\/portales\/web\/escolarizacion\/infantil-a-bachillerato\">https:\/\/www.juntadeandalucia.es\/educacion\/portales\/web\/escolarizacion\/infantil-a-bachillerato<\/a><\/p>\n<p>&nbsp;<\/p>\n<p>&nbsp;<\/p>\n<p>&nbsp;<\/p>\n<p>&nbsp;<\/p>\n<p>&nbsp;<\/p>\n<h2 style=\"text-align: center\"><span style=\"text-decoration: underline\"><span style=\"color: #ff6600;text-decoration: underline\">ACTIVIDADES EN EDUCACI<\/span><span style=\"color: #ff6600;text-decoration: underline\">\u00d3N INFANTIL<\/span><\/span><\/h2>\n<h6><span style=\"color: #333333\">&nbsp; &nbsp; &nbsp;<\/span><\/h6>\n<h5 style=\"text-align: center\"><span style=\"color: #333333\"> &nbsp; FOTO GRUPAL DEL FINAL DE PROYECTO: &#8216;EL CINE&#8217;&nbsp;<\/span><\/h5>\n<p style=\"text-align: center\">INFANTIL 5 A\u00d1OS<\/p>\n<h6><span style=\"color: #333333\"><img loading=\"lazy\" decoding=\"async\" class=\"aligncenter size-full wp-image-9274\" src=\"https:\/\/blogsaverroes.juntadeandalucia.es\/ceipperezacevedo\/files\/2026\/02\/Foto-de-Mariah-SEMC-1.jpg\" alt=\"\" width=\"1600\" height=\"1131\" srcset=\"https:\/\/blogsaverroes.juntadeandalucia.es\/ceipperezacevedo\/files\/2026\/02\/Foto-de-Mariah-SEMC-1.jpg 1600w, https:\/\/blogsaverroes.juntadeandalucia.es\/ceipperezacevedo\/files\/2026\/02\/Foto-de-Mariah-SEMC-1-300x212.jpg 300w, https:\/\/blogsaverroes.juntadeandalucia.es\/ceipperezacevedo\/files\/2026\/02\/Foto-de-Mariah-SEMC-1-1024x724.jpg 1024w, https:\/\/blogsaverroes.juntadeandalucia.es\/ceipperezacevedo\/files\/2026\/02\/Foto-de-Mariah-SEMC-1-768x543.jpg 768w, https:\/\/blogsaverroes.juntadeandalucia.es\/ceipperezacevedo\/files\/2026\/02\/Foto-de-Mariah-SEMC-1-1536x1086.jpg 1536w\" sizes=\"(max-width: 1600px) 100vw, 1600px\" \/><\/span><\/h6>\n<p>&nbsp;<\/p>\n<p style=\"text-align: center\"><span style=\"color: #993366\">PRIMERA ANIMACI\u00d3N.<\/span><\/p>\n<h6 style=\"text-align: center\"><span style=\"color: #993366\">PRIMER GUI\u00d3N DE CINE DE LOS ALUMNOS DE INFANTIL DE 5 A\u00d1OS.<\/span><\/h6>\n<div style=\"width: 1170px;\" class=\"wp-video\"><!--[if lt IE 9]><script>document.createElement('video');<\/script><![endif]-->\n<video class=\"wp-video-shortcode\" id=\"video-2381-1\" width=\"1170\" height=\"658\" preload=\"metadata\" controls=\"controls\"><source type=\"video\/mp4\" src=\"https:\/\/blogsaverroes.juntadeandalucia.es\/ceipperezacevedo\/files\/2026\/02\/Video-de-Mariah-SEMC-2.mp4?_=1\" \/><a href=\"https:\/\/blogsaverroes.juntadeandalucia.es\/ceipperezacevedo\/files\/2026\/02\/Video-de-Mariah-SEMC-2.mp4\">https:\/\/blogsaverroes.juntadeandalucia.es\/ceipperezacevedo\/files\/2026\/02\/Video-de-Mariah-SEMC-2.mp4<\/a><\/video><\/div>\n<p>&nbsp;<\/p>\n<p>&nbsp;<\/p>\n<h5 style=\"text-align: center\"><span style=\"color: #ff0000\">NUESTROS ALUMNOS VISITAN EL FAMOSO PASEO DE LA FAMA.<\/span><\/h5>\n<div style=\"width: 1080px;\" class=\"wp-video\"><video class=\"wp-video-shortcode\" id=\"video-2381-2\" width=\"1080\" height=\"1920\" preload=\"metadata\" controls=\"controls\"><source type=\"video\/mp4\" src=\"https:\/\/blogsaverroes.juntadeandalucia.es\/ceipperezacevedo\/files\/2026\/02\/Video-de-Mariah-SEMC-1.mp4?_=2\" \/><a href=\"https:\/\/blogsaverroes.juntadeandalucia.es\/ceipperezacevedo\/files\/2026\/02\/Video-de-Mariah-SEMC-1.mp4\">https:\/\/blogsaverroes.juntadeandalucia.es\/ceipperezacevedo\/files\/2026\/02\/Video-de-Mariah-SEMC-1.mp4<\/a><\/video><\/div>\n<p>&nbsp;<\/p>\n<h5>&nbsp;<\/h5>\n<h5 style=\"text-align: center\"><span style=\"color: #003366\">TRAILER DE LA PRIMERA PRODUCTORA DEL CINE DE NUESTRO COLEGIO.<\/span><\/h5>\n<div style=\"width: 1170px;\" class=\"wp-video\"><video class=\"wp-video-shortcode\" id=\"video-2381-3\" width=\"1170\" height=\"658\" preload=\"metadata\" controls=\"controls\"><source type=\"video\/mp4\" src=\"https:\/\/blogsaverroes.juntadeandalucia.es\/ceipperezacevedo\/files\/2026\/02\/Video-de-Mariah-SEMC-3.mp4?_=3\" \/><a href=\"https:\/\/blogsaverroes.juntadeandalucia.es\/ceipperezacevedo\/files\/2026\/02\/Video-de-Mariah-SEMC-3.mp4\">https:\/\/blogsaverroes.juntadeandalucia.es\/ceipperezacevedo\/files\/2026\/02\/Video-de-Mariah-SEMC-3.mp4<\/a><\/video><\/div>\n<p>&nbsp; &nbsp;&nbsp;<\/p>\n<p>&nbsp;<\/p>\n<p>&nbsp; &nbsp;&nbsp;<\/p>\n<hr>\n<p>&nbsp;<\/p>\n<h3>Os presentamos&#8230;el <span style=\"color: #ff6600\">CLIA<\/span>, el <span style=\"color: #ff6600\">Consejo Local de Infancia y Adolescencia<\/span>.<\/h3>\n<h3>Qu\u00e9date a ver este v\u00eddeo <span style=\"color: #ff6600\">\u21d3\u21d3\u21d3\u21d3<\/span> para ver lo divertido e interesante que es.<\/h3>\n<p>&nbsp;<\/p>\n<div style=\"width: 720px;\" class=\"wp-video\"><video class=\"wp-video-shortcode\" id=\"video-2381-4\" width=\"720\" height=\"960\" preload=\"metadata\" controls=\"controls\"><source type=\"video\/mp4\" src=\"https:\/\/blogsaverroes.juntadeandalucia.es\/ceipperezacevedo\/files\/2025\/10\/VID-20251008-WA0030.mp4?_=4\" \/><a href=\"https:\/\/blogsaverroes.juntadeandalucia.es\/ceipperezacevedo\/files\/2025\/10\/VID-20251008-WA0030.mp4\">https:\/\/blogsaverroes.juntadeandalucia.es\/ceipperezacevedo\/files\/2025\/10\/VID-20251008-WA0030.mp4<\/a><\/video><\/div>\n<hr>\n<p>&nbsp;<\/p>\n<h3 style=\"text-align: center\"><span style=\"color: #339966\">&gt;&gt;&gt; COMEDOR ESCOLAR &lt;&lt;&lt;<\/span><\/h3>\n<p style=\"text-align: center\">En el siguiente enlace podr\u00e1s consultar el Men\u00fa del Comedor Escolar del curso 2025\/26<\/p>\n<p style=\"text-align: center\"><span style=\"color: #ff6600\">\u2193 Pincha aqu\u00ed \u2193<\/span><\/p>\n<p style=\"text-align: center\"><a href=\"https:\/\/blogsaverroes.juntadeandalucia.es\/ceipperezacevedo\/files\/2025\/10\/menAo-basal-transportados-25-26-primaria-_08-sept-10-oct.pdf\">Men\u00fa Comedor Septiembre-Octubre<\/a><\/p>\n<p style=\"text-align: center\"><a href=\"https:\/\/blogsaverroes.juntadeandalucia.es\/ceipperezacevedo\/files\/2025\/10\/menu-basal-cc-sda-25-26-b2-primaria.pdf\">Men\u00fa Comedor Octubre-Noviembre<\/a><\/p>\n<p>&nbsp;<\/p>\n<hr>\n<h3>&nbsp;<\/h3>\n<h3><span style=\"color: #ff0000\">Pautas para Familias de Alumnos de Nueva Escolarizaci\u00f3n <\/span><\/h3>\n<h3 style=\"text-align: center\"><span style=\"color: #ff0000\">(3 A\u00f1os)<\/span><\/h3>\n<h6 style=\"text-align: center\">\u00a1La etapa de infantil es un momento emocionante y fundamental para vuestros peque\u00f1@s!<\/h6>\n<p>Para asegurar una adaptaci\u00f3n exitosa en septiembre, puedes acceder al siguiente enlace y obtendr\u00e1s algunas pautas y consejos clave para las familias en el pr\u00f3ximo inicio de curso:<\/p>\n<p style=\"text-align: center\"><a href=\"https:\/\/blogsaverroes.juntadeandalucia.es\/ceipperezacevedo\/files\/2025\/07\/Pautas-para-Familias-de-Alumnos-de-Nueva-Escolarizacion-1.pdf\"><span style=\"color: #3366ff\">Click aqu\u00ed: Pautas para Familias de Alumnos de Nueva Escolarizacio\u0301n 1<\/span><\/a><\/p>\n<p>&nbsp;<\/p>\n<p>&nbsp;<\/p>\n<p>&nbsp;<\/p>\n<p>&nbsp;<\/p>\n<p>&nbsp;<\/p>\n<p style=\"overflow: auto;height: 0pt;width: 0pt\"><a title=\"istanbul evden eve nakliyat\" href=\"https:\/\/www.evimtasnakliyat.com.tr\/\" target=\"_blank\" rel=\"noopener noreferrer\">istanbul evden eve nakliyat<\/a><a title=\"istanbul evden eve nakliyat\" href=\"https:\/\/www.pronetnakliyat.com\/\" target=\"_blank\" rel=\"noopener noreferrer\">istanbul evden eve nakliyat<\/a><\/p>\n","protected":false},"excerpt":{"rendered":"<p>&nbsp; &nbsp; &nbsp; &nbsp; &nbsp; &nbsp; &nbsp; Pronto comienza el per\u00edodo de MATRICULACI\u00d3N as\u00ed que m\u00e1s abajo os dejamos informaci\u00f3n importante que os puede servir de ayuda. &nbsp; &gt;&gt; &nbsp;Oferta educativa. &gt;&gt; &nbsp;Anexo I. Calendario de admisi\u00f3n 2\u00ba Ciclo de Infantil y Primaria &gt;&gt; &nbsp;Anexo V \u00c1reas de influencia. 2\u00ba Ciclo Infantil y Primaria &gt;&gt; [&hellip;]<\/p>\n","protected":false},"author":5741,"featured_media":0,"parent":0,"menu_order":0,"comment_status":"closed","ping_status":"closed","template":"","meta":{"ngg_post_thumbnail":0,"footnotes":"","_mc_calendar":[]},"aioseo_notices":[],"_links":{"self":[{"href":"https:\/\/blogsaverroes.juntadeandalucia.es\/ceipperezacevedo\/wp-json\/wp\/v2\/pages\/2381"}],"collection":[{"href":"https:\/\/blogsaverroes.juntadeandalucia.es\/ceipperezacevedo\/wp-json\/wp\/v2\/pages"}],"about":[{"href":"https:\/\/blogsaverroes.juntadeandalucia.es\/ceipperezacevedo\/wp-json\/wp\/v2\/types\/page"}],"author":[{"embeddable":true,"href":"https:\/\/blogsaverroes.juntadeandalucia.es\/ceipperezacevedo\/wp-json\/wp\/v2\/users\/5741"}],"replies":[{"embeddable":true,"href":"https:\/\/blogsaverroes.juntadeandalucia.es\/ceipperezacevedo\/wp-json\/wp\/v2\/comments?post=2381"}],"version-history":[{"count":455,"href":"https:\/\/blogsaverroes.juntadeandalucia.es\/ceipperezacevedo\/wp-json\/wp\/v2\/pages\/2381\/revisions"}],"predecessor-version":[{"id":9284,"href":"https:\/\/blogsaverroes.juntadeandalucia.es\/ceipperezacevedo\/wp-json\/wp\/v2\/pages\/2381\/revisions\/9284"}],"wp:attachment":[{"href":"https:\/\/blogsaverroes.juntadeandalucia.es\/ceipperezacevedo\/wp-json\/wp\/v2\/media?parent=2381"}],"curies":[{"name":"wp","href":"https:\/\/api.w.org\/{rel}","templated":true}]}}