{"id":871,"date":"2015-03-16T07:25:46","date_gmt":"2015-03-16T07:25:46","guid":{"rendered":"http:\/\/blogsaverroes.juntadeandalucia.es\/pre\/ceip\/?page_id=106"},"modified":"2022-10-27T11:14:53","modified_gmt":"2022-10-27T09:14:53","slug":"actividades-extraescolares","status":"publish","type":"page","link":"https:\/\/blogsaverroes.juntadeandalucia.es\/ceipperezacevedo\/actividades-extraescolares\/","title":{"rendered":"Comedor Escolar"},"content":{"rendered":"<p style=\"text-align: center\"><span style=\"color: #ff9900\"><strong>Men\u00fa Comedor Escolar.<\/strong><\/span><\/p>\n<p><span style=\"color: #ff9900\"><strong>MEN\u00da COMEDOR ESCOLAR OCTUBRE<\/strong><\/span><\/p>\n<p style=\"margin: 12px auto 6px auto;font-family: Helvetica,Arial,Sans-serif;font-style: normal;font-variant: normal;font-weight: normal;font-size: 14px;line-height: normal\"><iframe loading=\"lazy\" src=\"https:\/\/www.scribd.com\/embeds\/598428997\/content?start_page=1&amp;view_mode=scroll&amp;access_key=key-bzY4syGCaqqMUKxueczY\" width=\"100%\" height=\"600\" frameborder=\"0\" scrolling=\"no\"><\/iframe><\/p>\n<p>&nbsp;<\/p>\n<p><span style=\"color: #ff9900\"><strong>MEN\u00da COMEDOR ESCOLAR NOVIEMBRE<\/strong><\/span><\/p>\n<p><iframe loading=\"lazy\" src=\"https:\/\/www.scribd.com\/embeds\/603264882\/content?start_page=1&amp;view_mode=scroll&amp;access_key=key-233owfaJuq8MQBYDo608\" width=\"100%\" height=\"600\" frameborder=\"0\" scrolling=\"no\"><\/iframe><\/p>\n<p>&nbsp;<\/p>\n<p style=\"text-align: center\">&nbsp;<\/p>\n<p>&nbsp;<\/p>\n<p style=\"font: 14px Helvetica,Arial,Sans-serif;margin: 12px auto 6px;text-align: center\">&nbsp;<\/p>\n<p>&nbsp;<\/p>\n<p>&nbsp;<\/p>\n","protected":false},"excerpt":{"rendered":"<p>Men\u00fa Comedor Escolar. MEN\u00da COMEDOR ESCOLAR OCTUBRE &nbsp; MEN\u00da COMEDOR ESCOLAR NOVIEMBRE &nbsp; &nbsp; &nbsp; &nbsp; &nbsp; &nbsp;<\/p>\n","protected":false},"author":1,"featured_media":0,"parent":0,"menu_order":0,"comment_status":"closed","ping_status":"open","template":"","meta":{"ngg_post_thumbnail":0,"footnotes":"","_mc_calendar":[]},"aioseo_notices":[],"_links":{"self":[{"href":"https:\/\/blogsaverroes.juntadeandalucia.es\/ceipperezacevedo\/wp-json\/wp\/v2\/pages\/871"}],"collection":[{"href":"https:\/\/blogsaverroes.juntadeandalucia.es\/ceipperezacevedo\/wp-json\/wp\/v2\/pages"}],"about":[{"href":"https:\/\/blogsaverroes.juntadeandalucia.es\/ceipperezacevedo\/wp-json\/wp\/v2\/types\/page"}],"author":[{"embeddable":true,"href":"https:\/\/blogsaverroes.juntadeandalucia.es\/ceipperezacevedo\/wp-json\/wp\/v2\/users\/1"}],"replies":[{"embeddable":true,"href":"https:\/\/blogsaverroes.juntadeandalucia.es\/ceipperezacevedo\/wp-json\/wp\/v2\/comments?post=871"}],"version-history":[{"count":39,"href":"https:\/\/blogsaverroes.juntadeandalucia.es\/ceipperezacevedo\/wp-json\/wp\/v2\/pages\/871\/revisions"}],"predecessor-version":[{"id":8397,"href":"https:\/\/blogsaverroes.juntadeandalucia.es\/ceipperezacevedo\/wp-json\/wp\/v2\/pages\/871\/revisions\/8397"}],"wp:attachment":[{"href":"https:\/\/blogsaverroes.juntadeandalucia.es\/ceipperezacevedo\/wp-json\/wp\/v2\/media?parent=871"}],"curies":[{"name":"wp","href":"https:\/\/api.w.org\/{rel}","templated":true}]}}