{"id":2882,"date":"2022-09-10T16:16:45","date_gmt":"2022-09-10T16:16:45","guid":{"rendered":"https:\/\/blogsaverroes.juntadeandalucia.es\/ceippicasso\/?page_id=2882"},"modified":"2024-08-07T22:31:57","modified_gmt":"2024-08-07T22:31:57","slug":"oferta-educativa","status":"publish","type":"page","link":"https:\/\/blogsaverroes.juntadeandalucia.es\/ceippicasso\/oferta-educativa\/","title":{"rendered":"Oferta Educativa"},"content":{"rendered":"<!--themify_builder_content-->\n<div id=\"themify_builder_content-2882\" data-postid=\"2882\" class=\"themify_builder_content themify_builder_content-2882 themify_builder tf_clear\">\n                    <div  data-lazy=\"1\" class=\"module_row themify_builder_row tb_aakh192 tb_first tf_w\">\n                        <div class=\"row_inner col_align_top tb_col_count_2 tf_box tf_rel\">\n                        <div  data-lazy=\"1\" class=\"module_column tb-column col2-1 tb_do88192 first\">\n                    <!-- module text -->\n<div  class=\"module module-text tb_b9cv358   \" data-lazy=\"1\">\n        <div  class=\"tb_text_wrap\">\n        <p style=\"text-align: justify;\"><span style=\"color: #000000;\">El <strong>CEIP. Pablo Picasso<\/strong> es uno de los centros de Educaci\u00f3n <strong>Infantil y Primaria<\/strong> que dan servicio al municipio gaditano de La L\u00ednea de la Concepci\u00f3n.<\/span><\/p>\n<p style=\"text-align: justify;\"><span style=\"color: #000000;\">Cuenta con un total de <strong>dos l\u00edneas<\/strong> en cada uno de los niveles de las citadas etapas educativas, cubriendo la educaci\u00f3n integral de nuestros alumnos y nuestras alumnas desde los 3 hasta los 12 a\u00f1os, sumando un total de 19 unidades.<\/span><\/p>\n<p style=\"text-align: justify;\"><span style=\"color: #000000;\"><strong>Infantil de 5 a\u00f1os<\/strong> recibe clases semanales de <strong>ingl\u00e9s<\/strong> para que cuenten con una base que creemos esencial de cara al desarrollo \u00f3ptimo en esta primera lengua extranjera en Educaci\u00f3n Primaria.<\/span><\/p>\n<p style=\"text-align: justify;\"><span style=\"color: #000000;\">Dentro del horario lectivo en el <strong>tercer ciclo<\/strong>, contamos con un <strong>proyecto interdisciplinar<\/strong> (5.\u00ba y 6.\u00ba) bajo el nombre de \u00ab<strong>Computaci\u00f3n y Rob\u00f3tica<\/strong>\u00ab, que trata de dar respuesta al reto STEAM (l\u00f3gica-matem\u00e1tica) y de acercar\u00a0 la programaci\u00f3n y la rob\u00f3tica al curr\u00edculo de Educaci\u00f3n Primaria.<\/span><\/p>\n<p style=\"text-align: justify;\"><span style=\"color: #000000;\">Adem\u00e1s, el centro cuenta con un <strong>Aula TEA<\/strong>, llamada \u00abUniverso Azul\u00bb para alumnado del espectro autista, con su tutora, una maestra de Pedagog\u00eda Terap\u00e9utica y una PTIS (Profesional T\u00e9cnico de Integraci\u00f3n Social).<\/span><\/p>\n<p style=\"text-align: justify;\"><span style=\"color: #000000;\">Por otro lado, el centro est\u00e1 implicado en iniciativas como el <strong>Programa de Acompa\u00f1amiento<\/strong>, <strong>M\u00e1s Equidad<\/strong> o el programa <strong>PROA + Transf\u00f3rmate<\/strong> que tratan de enriquecer la educaci\u00f3n de nuestro alumnado desde la utilidad, la motivaci\u00f3n y la significatividad.<\/span><\/p>    <\/div>\n<\/div>\n<!-- \/module text -->        <\/div>\n                    <div  data-lazy=\"1\" class=\"module_column tb-column col2-1 tb_v074193 last\">\n                            <\/div>\n                        <\/div>\n        <\/div>\n        <\/div>\n<!--\/themify_builder_content-->","protected":false},"excerpt":{"rendered":"<p>El CEIP. Pablo Picasso es uno de los centros de Educaci\u00f3n Infantil y Primaria que dan servicio al municipio gaditano de La L\u00ednea de la Concepci\u00f3n. Cuenta con un total de dos l\u00edneas en cada uno de los niveles de las citadas etapas educativas, cubriendo la educaci\u00f3n integral de nuestros alumnos y nuestras alumnas desde [&hellip;]<\/p>\n","protected":false},"author":11887,"featured_media":0,"parent":0,"menu_order":0,"comment_status":"closed","ping_status":"closed","template":"","meta":{"ngg_post_thumbnail":0,"footnotes":"","_mc_calendar":[]},"aioseo_notices":[],"post_mailing_queue_ids":[],"_links":{"self":[{"href":"https:\/\/blogsaverroes.juntadeandalucia.es\/ceippicasso\/wp-json\/wp\/v2\/pages\/2882"}],"collection":[{"href":"https:\/\/blogsaverroes.juntadeandalucia.es\/ceippicasso\/wp-json\/wp\/v2\/pages"}],"about":[{"href":"https:\/\/blogsaverroes.juntadeandalucia.es\/ceippicasso\/wp-json\/wp\/v2\/types\/page"}],"author":[{"embeddable":true,"href":"https:\/\/blogsaverroes.juntadeandalucia.es\/ceippicasso\/wp-json\/wp\/v2\/users\/11887"}],"replies":[{"embeddable":true,"href":"https:\/\/blogsaverroes.juntadeandalucia.es\/ceippicasso\/wp-json\/wp\/v2\/comments?post=2882"}],"version-history":[{"count":11,"href":"https:\/\/blogsaverroes.juntadeandalucia.es\/ceippicasso\/wp-json\/wp\/v2\/pages\/2882\/revisions"}],"predecessor-version":[{"id":6324,"href":"https:\/\/blogsaverroes.juntadeandalucia.es\/ceippicasso\/wp-json\/wp\/v2\/pages\/2882\/revisions\/6324"}],"wp:attachment":[{"href":"https:\/\/blogsaverroes.juntadeandalucia.es\/ceippicasso\/wp-json\/wp\/v2\/media?parent=2882"}],"curies":[{"name":"wp","href":"https:\/\/api.w.org\/{rel}","templated":true}]}}