{"id":2883,"date":"2022-09-10T16:16:45","date_gmt":"2022-09-10T16:16:45","guid":{"rendered":"https:\/\/blogsaverroes.juntadeandalucia.es\/ceippicasso\/?page_id=2883"},"modified":"2022-09-17T17:47:24","modified_gmt":"2022-09-17T17:47:24","slug":"instalaciones","status":"publish","type":"page","link":"https:\/\/blogsaverroes.juntadeandalucia.es\/ceippicasso\/instalaciones\/","title":{"rendered":"Instalaciones"},"content":{"rendered":"<!--themify_builder_content-->\n<div id=\"themify_builder_content-2883\" data-postid=\"2883\" class=\"themify_builder_content themify_builder_content-2883 themify_builder tf_clear\">\n                    <div  data-lazy=\"1\" class=\"module_row themify_builder_row tb_whc4656 tb_first tf_w\">\n                        <div class=\"row_inner col_align_top tb_col_count_2 tf_box tf_rel\">\n                        <div  data-lazy=\"1\" data-parallax-bg=\"desktop\" class=\"module_column tb-column col2-1 tb_6cdt656 first\">\n                            <\/div>\n                    <div  data-lazy=\"1\" class=\"module_column tb-column col2-1 tb_o3jz657 last\">\n                    <!-- module text -->\n<div  class=\"module module-text tb_hdrw840  repeat \" data-lazy=\"1\">\n        <div  class=\"tb_text_wrap\">\n        <h3 style=\"text-align: center;\"><span style=\"color: #ffffff;\">Edificio Principal<\/span><\/h3>    <\/div>\n<\/div>\n<!-- \/module text --><!-- module text -->\n<div  class=\"module module-text tb_jgyz414   \" data-lazy=\"1\">\n        <div  class=\"tb_text_wrap\">\n        <ul>\n<li><span style=\"color: #000000;\">6 aulas de infantil.<\/span><\/li>\n<li><span style=\"color: #000000;\">9 aulas de primaria.<\/span><\/li>\n<li><span style=\"color: #000000;\">Sala de profesores.<\/span><\/li>\n<li><span style=\"color: #000000;\">Aula de PT.<\/span><\/li>\n<li><span style=\"color: #000000;\">Aula de PT Transf\u00f3rmate.<\/span><\/li>\n<li><span style=\"color: #000000;\">Aula de AL.<\/span><\/li>\n<li><span style=\"color: #000000;\">Aula TEA.<\/span><\/li>\n<li><span style=\"color: #000000;\">Biblioteca.<\/span><\/li>\n<li><span style=\"color: #000000;\">Comedor.<\/span><\/li>\n<li><span style=\"color: #000000;\">Cocina.<\/span><\/li>\n<li><span style=\"color: #000000;\">Aula multisensorial.<\/span><\/li>\n<li><span style=\"color: #000000;\">Ba\u00f1os para alumnado y profesorado.<\/span><\/li>\n<\/ul>    <\/div>\n<\/div>\n<!-- \/module text -->        <\/div>\n                        <\/div>\n        <\/div>\n                        <div  data-lazy=\"1\" class=\"module_row themify_builder_row tb_coyd782 tf_w\">\n                        <div class=\"row_inner col_align_top tb_col_count_3 tf_box tf_rel\">\n                        <div  data-lazy=\"1\" class=\"module_column tb-column col3-1 tb_3p4r784 first\">\n                    <!-- module text -->\n<div  class=\"module module-text tb_apz7406  repeat \" data-lazy=\"1\">\n        <div  class=\"tb_text_wrap\">\n        <h3 style=\"text-align: center;\"><span style=\"color: #ffffff;\">Edificio de Administraci\u00f3n<\/span><\/h3>    <\/div>\n<\/div>\n<!-- \/module text --><!-- module text -->\n<div  class=\"module module-text tb_bhym668   \" data-lazy=\"1\">\n        <div  class=\"tb_text_wrap\">\n        <ul>\n<li><span style=\"color: #000000;\">Direcci\u00f3n.<\/span><\/li>\n<li><span style=\"color: #000000;\">Jefatura de Estudios.<\/span><\/li>\n<li><span style=\"color: #000000;\">Secretar\u00eda.<\/span><\/li>\n<li><span style=\"color: #000000;\">Consejer\u00eda.<\/span><\/li>\n<li><span style=\"color: #000000;\">Sala de audiovisuales.<\/span><\/li>\n<li><span style=\"color: #000000;\">Ba\u00f1os para maestros y maestras.<\/span><\/li>\n<\/ul>    <\/div>\n<\/div>\n<!-- \/module text -->        <\/div>\n                    <div  data-lazy=\"1\" class=\"module_column tb-column col3-1 tb_7doa785\">\n                    <!-- module text -->\n<div  class=\"module module-text tb_oynd750  repeat \" data-lazy=\"1\">\n        <div  class=\"tb_text_wrap\">\n        <h3 style=\"text-align: center;\"><span style=\"color: #ffffff;\">Edificio Anexo<\/span><\/h3>    <\/div>\n<\/div>\n<!-- \/module text --><!-- module text -->\n<div  class=\"module module-text tb_rwty153   \" data-lazy=\"1\">\n        <div  class=\"tb_text_wrap\">\n        <ul>\n<li><span style=\"color: #000000;\">3 aulas de primaria.<\/span><\/li>\n<li><span style=\"color: #000000;\">Ba\u00f1os.<\/span><\/li>\n<li><span style=\"color: #000000;\">Espacio del AMPA.<\/span><\/li>\n<li><span style=\"color: #000000;\">Espacio de limpieza.<\/span><\/li>\n<\/ul>    <\/div>\n<\/div>\n<!-- \/module text -->        <\/div>\n                    <div  data-lazy=\"1\" class=\"module_column tb-column col3-1 tb_bwyi785 last\">\n                    <!-- module text -->\n<div  class=\"module module-text tb_imko317  repeat \" data-lazy=\"1\">\n        <div  class=\"tb_text_wrap\">\n        <h3 style=\"text-align: center;\"><span style=\"color: #ffffff;\">Otros espacios<\/span><\/h3>    <\/div>\n<\/div>\n<!-- \/module text --><!-- module text -->\n<div  class=\"module module-text tb_5gv7323   \" data-lazy=\"1\">\n        <div  class=\"tb_text_wrap\">\n        <ul>\n<li><span style=\"color: #000000;\">Zona de patio para infantil.<\/span><\/li>\n<li><span style=\"color: #000000;\">Zona de patio para primaria.<\/span><\/li>\n<li><span style=\"color: #000000;\">Cancha deportiva.<\/span><\/li>\n<li><span style=\"color: #000000;\">Huerto escolar.<\/span><\/li>\n<li><span style=\"color: #000000;\">Gimnasio.<\/span><\/li>\n<li><span style=\"color: #000000;\">Almac\u00e9n.<\/span><\/li>\n<li><span style=\"color: #000000;\">Ba\u00f1os para el recreo.<\/span><\/li>\n<\/ul>    <\/div>\n<\/div>\n<!-- \/module text -->        <\/div>\n                        <\/div>\n        <\/div>\n        <\/div>\n<!--\/themify_builder_content-->","protected":false},"excerpt":{"rendered":"<p>Edificio Principal 6 aulas de infantil. 9 aulas de primaria. Sala de profesores. Aula de PT. Aula de PT Transf\u00f3rmate. Aula de AL. Aula TEA. Biblioteca. Comedor. Cocina. Aula multisensorial. Ba\u00f1os para alumnado y profesorado. Edificio de Administraci\u00f3n Direcci\u00f3n. Jefatura de Estudios. Secretar\u00eda. Consejer\u00eda. Sala de audiovisuales. Ba\u00f1os para maestros y maestras. Edificio Anexo 3 [&hellip;]<\/p>\n","protected":false},"author":11887,"featured_media":0,"parent":0,"menu_order":0,"comment_status":"closed","ping_status":"closed","template":"","meta":{"ngg_post_thumbnail":0,"footnotes":"","_mc_calendar":[]},"aioseo_notices":[],"post_mailing_queue_ids":[],"_links":{"self":[{"href":"https:\/\/blogsaverroes.juntadeandalucia.es\/ceippicasso\/wp-json\/wp\/v2\/pages\/2883"}],"collection":[{"href":"https:\/\/blogsaverroes.juntadeandalucia.es\/ceippicasso\/wp-json\/wp\/v2\/pages"}],"about":[{"href":"https:\/\/blogsaverroes.juntadeandalucia.es\/ceippicasso\/wp-json\/wp\/v2\/types\/page"}],"author":[{"embeddable":true,"href":"https:\/\/blogsaverroes.juntadeandalucia.es\/ceippicasso\/wp-json\/wp\/v2\/users\/11887"}],"replies":[{"embeddable":true,"href":"https:\/\/blogsaverroes.juntadeandalucia.es\/ceippicasso\/wp-json\/wp\/v2\/comments?post=2883"}],"version-history":[{"count":9,"href":"https:\/\/blogsaverroes.juntadeandalucia.es\/ceippicasso\/wp-json\/wp\/v2\/pages\/2883\/revisions"}],"predecessor-version":[{"id":3172,"href":"https:\/\/blogsaverroes.juntadeandalucia.es\/ceippicasso\/wp-json\/wp\/v2\/pages\/2883\/revisions\/3172"}],"wp:attachment":[{"href":"https:\/\/blogsaverroes.juntadeandalucia.es\/ceippicasso\/wp-json\/wp\/v2\/media?parent=2883"}],"curies":[{"name":"wp","href":"https:\/\/api.w.org\/{rel}","templated":true}]}}