{"id":6211,"date":"2024-07-07T18:39:25","date_gmt":"2024-07-07T18:39:25","guid":{"rendered":"https:\/\/blogsaverroes.juntadeandalucia.es\/ceippicasso\/?page_id=6211"},"modified":"2025-06-24T18:49:35","modified_gmt":"2025-06-24T16:49:35","slug":"material-escolar","status":"publish","type":"page","link":"https:\/\/blogsaverroes.juntadeandalucia.es\/ceippicasso\/material-escolar\/","title":{"rendered":"Material escolar"},"content":{"rendered":"<!--themify_builder_content-->\n<div id=\"themify_builder_content-6211\" data-postid=\"6211\" class=\"themify_builder_content themify_builder_content-6211 themify_builder tf_clear\">\n                    <div  data-lazy=\"1\" class=\"module_row themify_builder_row tb_8u08771 tb_first tf_w\">\n                        <div class=\"row_inner col_align_top tb_col_count_2 tf_box tf_rel\">\n                        <div  data-lazy=\"1\" class=\"module_column tb-column col4-2 tb_f36c772 first\">\n                    <!-- module text -->\n<div  class=\"module module-text tb_az1q591   \" data-lazy=\"1\">\n        <div  class=\"tb_text_wrap\">\n        <p style=\"text-align: justify\"><span style=\"color: #000000\">Los <strong>listados de material<\/strong> abajo adjuntos recogen todo el material que ser\u00e1 necesario a lo largo del <strong>curso 25-26<\/strong>. En la reuni\u00f3n inicial de septiembre, el tutor o la tutora del grupo indicar\u00e1 si hubiera alg\u00fan a\u00f1adido.<\/span><\/p>\n<p style=\"text-align: justify\"><span style=\"color: #000000\">Por otro lado, para los <strong>libros de texto<\/strong> se procede de la siguiente manera:<br><\/span><strong><span style=\"color: #000000\">\u00b7 <span style=\"color: #800080\">INFANTIL<\/span><\/span><\/strong><span style=\"color: #000000\">: adquisici\u00f3n de los libros por parte de las familias.<br><\/span><strong><span style=\"color: #000000\">\u00b7 <span style=\"color: #800000\">1.\u00ba y 2.\u00ba EP.<\/span>:<\/span><\/strong><span style=\"color: #000000\"> familias descargan el <strong>cheque-libro<\/strong> en iPasen y lo lleva a la papeler\u00eda.<br><\/span><strong><span style=\"color: #000000\">\u00b7 <span style=\"color: #800000\">3.\u00ba a 6.\u00ba EP.<\/span><\/span><\/strong><span style=\"color: #000000\">: el colegio entregar\u00e1 los libros al alumnado en <strong>pr\u00e9stamo<\/strong>. Se devolver\u00e1n al final del curso en buenas condiciones o deber\u00e1n ser repuestos.\u00a0<\/span><\/p>\n<p><span style=\"color: #000000\">Se entregar\u00e1 todo en la fecha indicada por el centro a trav\u00e9s de los tutores.<\/span><\/p>    <\/div>\n<\/div>\n<!-- \/module text -->        <\/div>\n                    <div  data-lazy=\"1\" class=\"module_column tb-column col4-2 tb_5gma940 last\">\n                    <!-- module image -->\n<div  class=\"module module-image tb_yfgb901 image-top   tf_mw\" data-lazy=\"1\">\n        <div class=\"image-wrap tf_rel tf_mw\">\n            <img loading=\"lazy\" decoding=\"async\" width=\"600\" height=\"400\" src=\"https:\/\/blogsaverroes.juntadeandalucia.es\/ceippicasso\/files\/2024\/08\/material_escolar.webp\" class=\"wp-post-image wp-image-6280\" title=\"material_escolar\" alt=\"material_escolar\" srcset=\"https:\/\/blogsaverroes.juntadeandalucia.es\/ceippicasso\/files\/2024\/08\/material_escolar.webp 600w, https:\/\/blogsaverroes.juntadeandalucia.es\/ceippicasso\/files\/2024\/08\/material_escolar-300x200.webp 300w\" sizes=\"(max-width: 600px) 100vw, 600px\" \/>    \n        <\/div>\n    <!-- \/image-wrap -->\n    \n        <\/div>\n<!-- \/module image -->        <\/div>\n                        <\/div>\n        <\/div>\n                        <div  data-lazy=\"1\" class=\"module_row themify_builder_row tb_n6x1486 tf_w\">\n                        <div class=\"row_inner col_align_top tb_col_count_2 tf_box tf_rel\">\n                        <div  data-lazy=\"1\" class=\"module_column tb-column tb_57p7525 first\">\n                    <!-- module buttons -->\n<div  class=\"module module-buttons tb_6khx525 buttons-horizontal transparent   buttons-fullwidth\" data-lazy=\"1\">\n        <div class=\"module-buttons-item tf_in_flx\">\n                        <a href=\"https:\/\/blogsaverroes.juntadeandalucia.es\/ceippicasso\/files\/2024\/08\/03p_gratuidadLibros_11603351_primaria_2425.pdf\" class=\"ui builder_button tf_in_flx transparent\" target=\"_blank\" rel=\"noopener\">\n                                                \ud83d\udd17 Consulta aqu\u00ed los Libros de Texto de Ed. Primaria                                        <\/a>\n                <\/div>\n            <\/div>\n<!-- \/module buttons -->\n        <\/div>\n                    <div  data-lazy=\"1\" class=\"module_column tb-column tb_f32d487 last\">\n                    <!-- module text -->\n<div  class=\"module module-text tb_0j50901   \" data-lazy=\"1\">\n        <div  class=\"tb_text_wrap\">\n        <p style=\"text-align: right\"><span style=\"color: #ff0000\"><strong><span style=\"color: #008000\">\u00daLTIMA ACTUALIZACI\u00d3N<\/span><\/strong><span style=\"color: #000000\">: lunes 23\/06\/2025.<\/span><strong><br>IMPORTANTE<\/strong><\/span><span style=\"color: #000000\">: cheque-libro 1.\u00ba y 2.\u00ba incluye 3 libros en el globalizado.<\/span><\/p>    <\/div>\n<\/div>\n<!-- \/module text -->        <\/div>\n                        <\/div>\n        <\/div>\n                        <div  data-lazy=\"1\" class=\"module_row themify_builder_row tb_zimi976 tf_w\">\n                        <div class=\"row_inner col_align_top tb_col_count_1 tf_box tf_rel\">\n                        <div  data-lazy=\"1\" data-zooming-bg=\"desktop\" class=\"module_column tb-column col-full tb_rq2c976 first\">\n                    <!-- module text -->\n<div  class=\"module module-text tb_w6wj715   \" data-lazy=\"1\">\n        <div  class=\"tb_text_wrap\">\n        <h2 style=\"text-align: right\"><span style=\"color: #ffffff\">\u00b7<\/span><\/h2>    <\/div>\n<\/div>\n<!-- \/module text -->        <\/div>\n                        <\/div>\n        <\/div>\n                        <div  data-lazy=\"1\" class=\"module_row themify_builder_row tb_6hlx714 tf_w\">\n                        <div class=\"row_inner col_align_top tb_col_count_1 tf_box tf_rel\">\n                        <div  data-lazy=\"1\" class=\"module_column tb-column col-full tb_evx1714 first\">\n                    <!-- module text -->\n<div  class=\"module module-text tb_wp2n114   \" data-lazy=\"1\">\n        <div  class=\"tb_text_wrap\">\n        <p style=\"text-align: justify\"><span style=\"color: #000000\"><strong>Libros de texto<\/strong>:<\/span><\/p>\n<p style=\"text-align: justify\"><span style=\"color: #000000\">&#8211; <span style=\"text-decoration: underline\">General<\/span>: \u201c<strong>Mmm\u2026 Palomitas<\/strong>\u201d &#8211; Editorial Algaida. De 3, 4 y 5 a\u00f1os, seg\u00fan corresponda.<\/span><\/p>\n<p style=\"text-align: justify\"><span style=\"color: #000000\">&#8211; \u2060<span style=\"text-decoration: underline\">Religi\u00f3n<\/span>: \u201c<strong>S\u00edgueme<\/strong>\u201d 3\/4\/5. Editorial Anaya. De 3, 4 y 5 a\u00f1os, seg\u00fan corresponda.<\/span><\/p>\n<p style=\"text-align: justify\"><span style=\"color: #000000\">&#8211; \u2060<span style=\"text-decoration: underline\">Atenci\u00f3n Educativa<\/span>: \u201c<strong>Cuento y Siento\u201d El poder de los cuentos<\/strong>. <strong>La magia de las emociones.<\/strong> Educaci\u00f3n Infantil. Editorial Anaya. De 3, 4 y 5 a\u00f1os, seg\u00fan corresponda.<\/span><\/p>    <\/div>\n<\/div>\n<!-- \/module text -->        <\/div>\n                        <\/div>\n        <\/div>\n                        <div  data-lazy=\"1\" class=\"module_row themify_builder_row tb_iigd872 tf_w\">\n                        <div class=\"row_inner col_align_top tb_col_count_1 tf_box tf_rel\">\n                        <div  data-lazy=\"1\" data-zooming-bg=\"desktop\" class=\"module_column tb-column col-full tb_yczz873 first\">\n                    <!-- module text -->\n<div  class=\"module module-text tb_h5w4637   \" data-lazy=\"1\">\n        <div  class=\"tb_text_wrap\">\n        <h2 style=\"text-align: right\"><span style=\"color: #ffffff\">\u00b7<\/span><\/h2>    <\/div>\n<\/div>\n<!-- \/module text -->        <\/div>\n                        <\/div>\n        <\/div>\n                        <div  data-lazy=\"1\" class=\"module_row themify_builder_row tb_iqqd554 tf_w\">\n                        <div class=\"row_inner col_align_top tb_col_count_3 tf_box tf_rel\">\n                        <div  data-lazy=\"1\" class=\"module_column tb-column col3-1 tb_g3n6555 first\">\n                    <!-- module buttons -->\n<div  class=\"module module-buttons tb_suna642 buttons-horizontal transparent  xlarge squared buttons-fullwidth\" data-lazy=\"1\">\n        <div class=\"module-buttons-item tf_in_flx\">\n                        <a href=\"https:\/\/blogsaverroes.juntadeandalucia.es\/ceippicasso\/files\/2025\/06\/01e_Materiales_1o_25-26.pdf\" class=\"ui builder_button tf_in_flx transparent\" target=\"_blank\" rel=\"noopener\">\n                                                1.\u00ba EP                                        <\/a>\n                <\/div>\n            <\/div>\n<!-- \/module buttons -->\n        <\/div>\n                    <div  data-lazy=\"1\" class=\"module_column tb-column col3-1 tb_703j556\">\n                    <!-- module buttons -->\n<div  class=\"module module-buttons tb_y648656 buttons-horizontal transparent  xlarge squared buttons-fullwidth\" data-lazy=\"1\">\n        <div class=\"module-buttons-item tf_in_flx\">\n                        <a href=\"https:\/\/blogsaverroes.juntadeandalucia.es\/ceippicasso\/files\/2025\/06\/02e_Materiales_2o_25-26.pdf\" class=\"ui builder_button tf_in_flx transparent\" target=\"_blank\" rel=\"noopener\">\n                                                2.\u00ba EP                                        <\/a>\n                <\/div>\n            <\/div>\n<!-- \/module buttons -->\n        <\/div>\n                    <div  data-lazy=\"1\" class=\"module_column tb-column col3-1 tb_tt0w556 last\">\n                    <!-- module buttons -->\n<div  class=\"module module-buttons tb_4kus29 buttons-horizontal transparent  xlarge squared buttons-fullwidth\" data-lazy=\"1\">\n        <div class=\"module-buttons-item tf_in_flx\">\n                        <a href=\"https:\/\/blogsaverroes.juntadeandalucia.es\/ceippicasso\/files\/2025\/06\/03e_Materiales_3o_25-26.pdf\" class=\"ui builder_button tf_in_flx transparent\" target=\"_blank\" rel=\"noopener\">\n                                                3.\u00ba EP                                        <\/a>\n                <\/div>\n            <\/div>\n<!-- \/module buttons -->\n        <\/div>\n                        <\/div>\n        <\/div>\n                        <div  data-lazy=\"1\" class=\"module_row themify_builder_row tb_bff7194 tf_w\">\n                        <div class=\"row_inner col_align_top tb_col_count_3 tf_box tf_rel\">\n                        <div  data-lazy=\"1\" class=\"module_column tb-column col3-1 tb_w0bn196 first\">\n                    <!-- module buttons -->\n<div  class=\"module module-buttons tb_f3cf671 buttons-horizontal transparent  xlarge squared buttons-fullwidth\" data-lazy=\"1\">\n        <div class=\"module-buttons-item tf_in_flx\">\n                        <a href=\"https:\/\/blogsaverroes.juntadeandalucia.es\/ceippicasso\/files\/2025\/06\/04e_Materiales_4o_25-26.pdf\" class=\"ui builder_button tf_in_flx transparent\" target=\"_blank\" rel=\"noopener\">\n                                                4.\u00ba EP                                        <\/a>\n                <\/div>\n            <\/div>\n<!-- \/module buttons -->\n        <\/div>\n                    <div  data-lazy=\"1\" class=\"module_column tb-column col3-1 tb_o5bh197\">\n                    <!-- module buttons -->\n<div  class=\"module module-buttons tb_00zz198 buttons-horizontal transparent  xlarge squared buttons-fullwidth\" data-lazy=\"1\">\n        <div class=\"module-buttons-item tf_in_flx\">\n                        <a href=\"https:\/\/blogsaverroes.juntadeandalucia.es\/ceippicasso\/files\/2025\/06\/05e_Materiales_5o_25-26.pdf\" class=\"ui builder_button tf_in_flx transparent\" target=\"_blank\" rel=\"noopener\">\n                                                5.\u00ba EP                                        <\/a>\n                <\/div>\n            <\/div>\n<!-- \/module buttons -->\n        <\/div>\n                    <div  data-lazy=\"1\" class=\"module_column tb-column col3-1 tb_mb8g197 last\">\n                    <!-- module buttons -->\n<div  class=\"module module-buttons tb_vfgj861 buttons-horizontal transparent  xlarge squared buttons-fullwidth\" data-lazy=\"1\">\n        <div class=\"module-buttons-item tf_in_flx\">\n                        <a href=\"https:\/\/blogsaverroes.juntadeandalucia.es\/ceippicasso\/files\/2025\/06\/06e_Materiales_6o_25-26.pdf\" class=\"ui builder_button tf_in_flx transparent\" target=\"_blank\" rel=\"noopener\">\n                                                6.\u00ba EP                                        <\/a>\n                <\/div>\n            <\/div>\n<!-- \/module buttons -->\n        <\/div>\n                        <\/div>\n        <\/div>\n                        <div  data-lazy=\"1\" class=\"module_row themify_builder_row tb_5knj758 tf_w\">\n                        <div class=\"row_inner col_align_top tb_col_count_1 tf_box tf_rel\">\n                        <div  data-lazy=\"1\" class=\"module_column tb-column col-full tb_zg9e758 first\">\n                    <!-- module buttons -->\n<div  class=\"module module-buttons tb_iaf7758 buttons-horizontal transparent  xlarge squared buttons-fullwidth\" data-lazy=\"1\">\n        <div class=\"module-buttons-item tf_in_flx\">\n                        <a href=\"https:\/\/blogsaverroes.juntadeandalucia.es\/ceippicasso\/files\/2025\/06\/00e_Materiales_TEA_25-26.pdf\" class=\"ui builder_button tf_in_flx transparent\" target=\"_blank\" rel=\"noopener\">\n                                                Aula TEA                                        <\/a>\n                <\/div>\n            <\/div>\n<!-- \/module buttons -->\n        <\/div>\n                        <\/div>\n        <\/div>\n        <\/div>\n<!--\/themify_builder_content-->","protected":false},"excerpt":{"rendered":"<p>Los listados de material abajo adjuntos recogen todo el material que ser\u00e1 necesario a lo largo del curso 25-26. En la reuni\u00f3n inicial de septiembre, el tutor o la tutora del grupo indicar\u00e1 si hubiera alg\u00fan a\u00f1adido. Por otro lado, para los libros de texto se procede de la siguiente manera:\u00b7 INFANTIL: adquisici\u00f3n de los [&hellip;]<\/p>\n","protected":false},"author":11887,"featured_media":0,"parent":0,"menu_order":0,"comment_status":"closed","ping_status":"closed","template":"","meta":{"ngg_post_thumbnail":0,"footnotes":"","_mc_calendar":[]},"aioseo_notices":[],"post_mailing_queue_ids":[],"_links":{"self":[{"href":"https:\/\/blogsaverroes.juntadeandalucia.es\/ceippicasso\/wp-json\/wp\/v2\/pages\/6211"}],"collection":[{"href":"https:\/\/blogsaverroes.juntadeandalucia.es\/ceippicasso\/wp-json\/wp\/v2\/pages"}],"about":[{"href":"https:\/\/blogsaverroes.juntadeandalucia.es\/ceippicasso\/wp-json\/wp\/v2\/types\/page"}],"author":[{"embeddable":true,"href":"https:\/\/blogsaverroes.juntadeandalucia.es\/ceippicasso\/wp-json\/wp\/v2\/users\/11887"}],"replies":[{"embeddable":true,"href":"https:\/\/blogsaverroes.juntadeandalucia.es\/ceippicasso\/wp-json\/wp\/v2\/comments?post=6211"}],"version-history":[{"count":99,"href":"https:\/\/blogsaverroes.juntadeandalucia.es\/ceippicasso\/wp-json\/wp\/v2\/pages\/6211\/revisions"}],"predecessor-version":[{"id":7449,"href":"https:\/\/blogsaverroes.juntadeandalucia.es\/ceippicasso\/wp-json\/wp\/v2\/pages\/6211\/revisions\/7449"}],"wp:attachment":[{"href":"https:\/\/blogsaverroes.juntadeandalucia.es\/ceippicasso\/wp-json\/wp\/v2\/media?parent=6211"}],"curies":[{"name":"wp","href":"https:\/\/api.w.org\/{rel}","templated":true}]}}