{"id":6487,"date":"2024-10-30T18:08:52","date_gmt":"2024-10-30T17:08:52","guid":{"rendered":"https:\/\/blogsaverroes.juntadeandalucia.es\/ceippicasso\/horarios-copy\/"},"modified":"2024-10-30T18:23:27","modified_gmt":"2024-10-30T17:23:27","slug":"horarios-2425","status":"publish","type":"page","link":"https:\/\/blogsaverroes.juntadeandalucia.es\/ceippicasso\/horarios-2425\/","title":{"rendered":"Horarios (24-25)"},"content":{"rendered":"<!--themify_builder_content-->\n<div id=\"themify_builder_content-6487\" data-postid=\"6487\" class=\"themify_builder_content themify_builder_content-6487 themify_builder tf_clear\">\n                    <div  data-lazy=\"1\" class=\"module_row themify_builder_row tb_kx3a130 tb_first tf_w\">\n                        <div class=\"row_inner col_align_top tb_col_count_1 tf_box tf_rel\">\n                        <div  data-lazy=\"1\" class=\"module_column tb-column col-full tb_u57l724 first\">\n                    <!-- module accordion -->\n<div  class=\"module module-accordion tb_8b96407 \" data-behavior=\"toggle\" data-lazy=\"1\">\n    <h3 class=\"module-title\">Tutor\u00edas de INFANTIL<\/h3>\n    <ul class=\"ui module-accordion   tb_default_color\">\n            <li>\n            <div class=\"accordion-title tf_rel\">\n                <a href=\"#acc-8b96407-0\" class=\"tb_title_accordion\" aria-controls=\"acc-8b96407-0-content\" aria-expanded=\"false\">\n                                                            Horarios de especialidades                <\/a>\n            <\/div><!-- .accordion-title -->\n            <div id=\"acc-8b96407-0-content\" data-id=\"acc-8b96407-0\" aria-hidden=\"true\" class=\"accordion-content tf_hide tf_clearfix\">\n                                    <div class=\"tb_text_wrap\">\n                        <p><img loading=\"lazy\" decoding=\"async\" class=\"aligncenter size-large wp-image-6506\" src=\"https:\/\/blogsaverroes.juntadeandalucia.es\/ceippicasso\/files\/2024\/10\/Captura-de-pantalla-2024-10-30-a-las-18.21.26-1024x538.png\" alt=\"\" width=\"1024\" height=\"538\" srcset=\"https:\/\/blogsaverroes.juntadeandalucia.es\/ceippicasso\/files\/2024\/10\/Captura-de-pantalla-2024-10-30-a-las-18.21.26-1024x538.png 1024w, https:\/\/blogsaverroes.juntadeandalucia.es\/ceippicasso\/files\/2024\/10\/Captura-de-pantalla-2024-10-30-a-las-18.21.26-300x158.png 300w, https:\/\/blogsaverroes.juntadeandalucia.es\/ceippicasso\/files\/2024\/10\/Captura-de-pantalla-2024-10-30-a-las-18.21.26-768x404.png 768w, https:\/\/blogsaverroes.juntadeandalucia.es\/ceippicasso\/files\/2024\/10\/Captura-de-pantalla-2024-10-30-a-las-18.21.26.png 1416w\" sizes=\"(max-width: 1024px) 100vw, 1024px\" \/><\/p>                    <\/div>\n                            <\/div><!-- .accordion-content -->\n        <\/li>\n        <\/ul>\n\n<\/div><!-- \/module accordion --><!-- module accordion -->\n<div  class=\"module module-accordion tb_fi34407 \" data-behavior=\"accordion\" data-lazy=\"1\">\n    <h3 class=\"module-title\">Tutor\u00edas de PRIMARIA<\/h3>\n    <ul class=\"ui module-accordion  rounded tb_default_color\">\n            <li>\n            <div class=\"accordion-title tf_rel\">\n                <a href=\"#acc-fi34407-0\" class=\"tb_title_accordion\" aria-controls=\"acc-fi34407-0-content\" aria-expanded=\"false\">\n                                                            1.\u00baA - Tutor: D. Daniel Sorroche Moreno                <\/a>\n            <\/div><!-- .accordion-title -->\n            <div id=\"acc-fi34407-0-content\" data-id=\"acc-fi34407-0\" aria-hidden=\"true\" class=\"accordion-content tf_hide tf_clearfix\">\n                                    <div class=\"tb_text_wrap\">\n                        <p><a href=\"https:\/\/blogsaverroes.juntadeandalucia.es\/ceippicasso\/files\/2022\/09\/1\u00baA.png\"><img loading=\"lazy\" decoding=\"async\" class=\"aligncenter size-large wp-image-6493\" src=\"https:\/\/blogsaverroes.juntadeandalucia.es\/ceippicasso\/files\/2024\/10\/1oA-1024x536.png\" alt=\"\" width=\"1024\" height=\"536\" srcset=\"https:\/\/blogsaverroes.juntadeandalucia.es\/ceippicasso\/files\/2024\/10\/1oA-1024x536.png 1024w, https:\/\/blogsaverroes.juntadeandalucia.es\/ceippicasso\/files\/2024\/10\/1oA-300x157.png 300w, https:\/\/blogsaverroes.juntadeandalucia.es\/ceippicasso\/files\/2024\/10\/1oA-768x402.png 768w, https:\/\/blogsaverroes.juntadeandalucia.es\/ceippicasso\/files\/2024\/10\/1oA.png 1414w\" sizes=\"(max-width: 1024px) 100vw, 1024px\" \/><\/a><\/p>                    <\/div>\n                            <\/div><!-- .accordion-content -->\n        <\/li>\n            <li>\n            <div class=\"accordion-title tf_rel\">\n                <a href=\"#acc-fi34407-1\" class=\"tb_title_accordion\" aria-controls=\"acc-fi34407-1-content\" aria-expanded=\"false\">\n                                                            1.\u00baB - Tutor: D. Isaac Carrillo Flores                <\/a>\n            <\/div><!-- .accordion-title -->\n            <div id=\"acc-fi34407-1-content\" data-id=\"acc-fi34407-1\" aria-hidden=\"true\" class=\"accordion-content tf_hide tf_clearfix\">\n                                    <div class=\"tb_text_wrap\">\n                        <p><a href=\"https:\/\/blogsaverroes.juntadeandalucia.es\/ceippicasso\/files\/2022\/09\/1\u00baB.png\"><img loading=\"lazy\" decoding=\"async\" class=\"aligncenter size-large wp-image-6494\" src=\"https:\/\/blogsaverroes.juntadeandalucia.es\/ceippicasso\/files\/2024\/10\/1oB-1024x538.png\" alt=\"\" width=\"1024\" height=\"538\" srcset=\"https:\/\/blogsaverroes.juntadeandalucia.es\/ceippicasso\/files\/2024\/10\/1oB-1024x538.png 1024w, https:\/\/blogsaverroes.juntadeandalucia.es\/ceippicasso\/files\/2024\/10\/1oB-300x158.png 300w, https:\/\/blogsaverroes.juntadeandalucia.es\/ceippicasso\/files\/2024\/10\/1oB-768x404.png 768w, https:\/\/blogsaverroes.juntadeandalucia.es\/ceippicasso\/files\/2024\/10\/1oB.png 1416w\" sizes=\"(max-width: 1024px) 100vw, 1024px\" \/><\/a><\/p>                    <\/div>\n                            <\/div><!-- .accordion-content -->\n        <\/li>\n            <li>\n            <div class=\"accordion-title tf_rel\">\n                <a href=\"#acc-fi34407-2\" class=\"tb_title_accordion\" aria-controls=\"acc-fi34407-2-content\" aria-expanded=\"false\">\n                                                            2.\u00baA - Tutor: D. Javier Ram\u00edrez Jim\u00e9nez                <\/a>\n            <\/div><!-- .accordion-title -->\n            <div id=\"acc-fi34407-2-content\" data-id=\"acc-fi34407-2\" aria-hidden=\"true\" class=\"accordion-content tf_hide tf_clearfix\">\n                                    <div class=\"tb_text_wrap\">\n                        <p><a href=\"https:\/\/blogsaverroes.juntadeandalucia.es\/ceippicasso\/files\/2022\/09\/2\u00baA.png\"><img loading=\"lazy\" decoding=\"async\" class=\"aligncenter size-large wp-image-6495\" src=\"https:\/\/blogsaverroes.juntadeandalucia.es\/ceippicasso\/files\/2024\/10\/2oA-1024x539.png\" alt=\"\" width=\"1024\" height=\"539\" srcset=\"https:\/\/blogsaverroes.juntadeandalucia.es\/ceippicasso\/files\/2024\/10\/2oA-1024x539.png 1024w, https:\/\/blogsaverroes.juntadeandalucia.es\/ceippicasso\/files\/2024\/10\/2oA-300x158.png 300w, https:\/\/blogsaverroes.juntadeandalucia.es\/ceippicasso\/files\/2024\/10\/2oA-768x405.png 768w, https:\/\/blogsaverroes.juntadeandalucia.es\/ceippicasso\/files\/2024\/10\/2oA.png 1416w\" sizes=\"(max-width: 1024px) 100vw, 1024px\" \/><\/a><\/p>                    <\/div>\n                            <\/div><!-- .accordion-content -->\n        <\/li>\n            <li>\n            <div class=\"accordion-title tf_rel\">\n                <a href=\"#acc-fi34407-3\" class=\"tb_title_accordion\" aria-controls=\"acc-fi34407-3-content\" aria-expanded=\"false\">\n                                                            2.\u00baB - Tutor: D. Benigno Serrano Guerrero                <\/a>\n            <\/div><!-- .accordion-title -->\n            <div id=\"acc-fi34407-3-content\" data-id=\"acc-fi34407-3\" aria-hidden=\"true\" class=\"accordion-content tf_hide tf_clearfix\">\n                                    <div class=\"tb_text_wrap\">\n                        <p><a href=\"https:\/\/blogsaverroes.juntadeandalucia.es\/ceippicasso\/files\/2022\/09\/2\u00baB.png\"><img loading=\"lazy\" decoding=\"async\" class=\"aligncenter size-large wp-image-6496\" src=\"https:\/\/blogsaverroes.juntadeandalucia.es\/ceippicasso\/files\/2024\/10\/2oB-1024x539.png\" alt=\"\" width=\"1024\" height=\"539\" srcset=\"https:\/\/blogsaverroes.juntadeandalucia.es\/ceippicasso\/files\/2024\/10\/2oB-1024x539.png 1024w, https:\/\/blogsaverroes.juntadeandalucia.es\/ceippicasso\/files\/2024\/10\/2oB-300x158.png 300w, https:\/\/blogsaverroes.juntadeandalucia.es\/ceippicasso\/files\/2024\/10\/2oB-768x405.png 768w, https:\/\/blogsaverroes.juntadeandalucia.es\/ceippicasso\/files\/2024\/10\/2oB.png 1416w\" sizes=\"(max-width: 1024px) 100vw, 1024px\" \/><\/a><\/p>                    <\/div>\n                            <\/div><!-- .accordion-content -->\n        <\/li>\n            <li>\n            <div class=\"accordion-title tf_rel\">\n                <a href=\"#acc-fi34407-4\" class=\"tb_title_accordion\" aria-controls=\"acc-fi34407-4-content\" aria-expanded=\"false\">\n                                                            3.\u00baA - Tutor: D. Alejandro Vargas Alba                <\/a>\n            <\/div><!-- .accordion-title -->\n            <div id=\"acc-fi34407-4-content\" data-id=\"acc-fi34407-4\" aria-hidden=\"true\" class=\"accordion-content tf_hide tf_clearfix\">\n                                    <div class=\"tb_text_wrap\">\n                        <p><a href=\"https:\/\/blogsaverroes.juntadeandalucia.es\/ceippicasso\/files\/2022\/09\/3\u00baA.png\"><img loading=\"lazy\" decoding=\"async\" class=\"aligncenter size-large wp-image-6497\" src=\"https:\/\/blogsaverroes.juntadeandalucia.es\/ceippicasso\/files\/2024\/10\/3oA-1024x537.png\" alt=\"\" width=\"1024\" height=\"537\" srcset=\"https:\/\/blogsaverroes.juntadeandalucia.es\/ceippicasso\/files\/2024\/10\/3oA-1024x537.png 1024w, https:\/\/blogsaverroes.juntadeandalucia.es\/ceippicasso\/files\/2024\/10\/3oA-300x157.png 300w, https:\/\/blogsaverroes.juntadeandalucia.es\/ceippicasso\/files\/2024\/10\/3oA-768x402.png 768w, https:\/\/blogsaverroes.juntadeandalucia.es\/ceippicasso\/files\/2024\/10\/3oA.png 1412w\" sizes=\"(max-width: 1024px) 100vw, 1024px\" \/><\/a><\/p>                    <\/div>\n                            <\/div><!-- .accordion-content -->\n        <\/li>\n            <li>\n            <div class=\"accordion-title tf_rel\">\n                <a href=\"#acc-fi34407-5\" class=\"tb_title_accordion\" aria-controls=\"acc-fi34407-5-content\" aria-expanded=\"false\">\n                                                            3.\u00baB - Tutora: D\u00f1a. Isabel de Hoces G\u00f3mez                <\/a>\n            <\/div><!-- .accordion-title -->\n            <div id=\"acc-fi34407-5-content\" data-id=\"acc-fi34407-5\" aria-hidden=\"true\" class=\"accordion-content tf_hide tf_clearfix\">\n                                    <div class=\"tb_text_wrap\">\n                        <p><a href=\"https:\/\/blogsaverroes.juntadeandalucia.es\/ceippicasso\/files\/2022\/09\/3\u00baB.png\"><img loading=\"lazy\" decoding=\"async\" class=\"aligncenter size-large wp-image-6498\" src=\"https:\/\/blogsaverroes.juntadeandalucia.es\/ceippicasso\/files\/2024\/10\/3oB-1024x537.png\" alt=\"\" width=\"1024\" height=\"537\" srcset=\"https:\/\/blogsaverroes.juntadeandalucia.es\/ceippicasso\/files\/2024\/10\/3oB-1024x537.png 1024w, https:\/\/blogsaverroes.juntadeandalucia.es\/ceippicasso\/files\/2024\/10\/3oB-300x157.png 300w, https:\/\/blogsaverroes.juntadeandalucia.es\/ceippicasso\/files\/2024\/10\/3oB-768x403.png 768w, https:\/\/blogsaverroes.juntadeandalucia.es\/ceippicasso\/files\/2024\/10\/3oB.png 1414w\" sizes=\"(max-width: 1024px) 100vw, 1024px\" \/><\/a><\/p>                    <\/div>\n                            <\/div><!-- .accordion-content -->\n        <\/li>\n            <li>\n            <div class=\"accordion-title tf_rel\">\n                <a href=\"#acc-fi34407-6\" class=\"tb_title_accordion\" aria-controls=\"acc-fi34407-6-content\" aria-expanded=\"false\">\n                                                            4.\u00baA - Tutor: D. Daniel Paz Aguilar                <\/a>\n            <\/div><!-- .accordion-title -->\n            <div id=\"acc-fi34407-6-content\" data-id=\"acc-fi34407-6\" aria-hidden=\"true\" class=\"accordion-content tf_hide tf_clearfix\">\n                                    <div class=\"tb_text_wrap\">\n                        <p><a href=\"https:\/\/blogsaverroes.juntadeandalucia.es\/ceippicasso\/files\/2022\/09\/4\u00baA.png\"><img loading=\"lazy\" decoding=\"async\" class=\"aligncenter size-large wp-image-6499\" src=\"https:\/\/blogsaverroes.juntadeandalucia.es\/ceippicasso\/files\/2024\/10\/4oA-1024x538.png\" alt=\"\" width=\"1024\" height=\"538\" srcset=\"https:\/\/blogsaverroes.juntadeandalucia.es\/ceippicasso\/files\/2024\/10\/4oA-1024x538.png 1024w, https:\/\/blogsaverroes.juntadeandalucia.es\/ceippicasso\/files\/2024\/10\/4oA-300x158.png 300w, https:\/\/blogsaverroes.juntadeandalucia.es\/ceippicasso\/files\/2024\/10\/4oA-768x404.png 768w, https:\/\/blogsaverroes.juntadeandalucia.es\/ceippicasso\/files\/2024\/10\/4oA.png 1412w\" sizes=\"(max-width: 1024px) 100vw, 1024px\" \/><\/a><\/p>                    <\/div>\n                            <\/div><!-- .accordion-content -->\n        <\/li>\n            <li>\n            <div class=\"accordion-title tf_rel\">\n                <a href=\"#acc-fi34407-7\" class=\"tb_title_accordion\" aria-controls=\"acc-fi34407-7-content\" aria-expanded=\"false\">\n                                                            4.\u00baB - Tutora: D\u00f1a. Marga Castell\u00f3n Narv\u00e1ez                <\/a>\n            <\/div><!-- .accordion-title -->\n            <div id=\"acc-fi34407-7-content\" data-id=\"acc-fi34407-7\" aria-hidden=\"true\" class=\"accordion-content tf_hide tf_clearfix\">\n                                    <div class=\"tb_text_wrap\">\n                        <p><a href=\"https:\/\/blogsaverroes.juntadeandalucia.es\/ceippicasso\/files\/2022\/09\/4\u00baB.png\"><img loading=\"lazy\" decoding=\"async\" class=\"aligncenter size-large wp-image-6500\" src=\"https:\/\/blogsaverroes.juntadeandalucia.es\/ceippicasso\/files\/2024\/10\/4oB-1024x537.png\" alt=\"\" width=\"1024\" height=\"537\" srcset=\"https:\/\/blogsaverroes.juntadeandalucia.es\/ceippicasso\/files\/2024\/10\/4oB-1024x537.png 1024w, https:\/\/blogsaverroes.juntadeandalucia.es\/ceippicasso\/files\/2024\/10\/4oB-300x157.png 300w, https:\/\/blogsaverroes.juntadeandalucia.es\/ceippicasso\/files\/2024\/10\/4oB-768x402.png 768w, https:\/\/blogsaverroes.juntadeandalucia.es\/ceippicasso\/files\/2024\/10\/4oB.png 1412w\" sizes=\"(max-width: 1024px) 100vw, 1024px\" \/><\/a><\/p>                    <\/div>\n                            <\/div><!-- .accordion-content -->\n        <\/li>\n            <li>\n            <div class=\"accordion-title tf_rel\">\n                <a href=\"#acc-fi34407-8\" class=\"tb_title_accordion\" aria-controls=\"acc-fi34407-8-content\" aria-expanded=\"false\">\n                                                            5.\u00baA - Tutora: D\u00f1a. Mila Santiago Mena                <\/a>\n            <\/div><!-- .accordion-title -->\n            <div id=\"acc-fi34407-8-content\" data-id=\"acc-fi34407-8\" aria-hidden=\"true\" class=\"accordion-content tf_hide tf_clearfix\">\n                                    <div class=\"tb_text_wrap\">\n                        <p><a href=\"https:\/\/blogsaverroes.juntadeandalucia.es\/ceippicasso\/files\/2022\/09\/5\u00baA.png\"><img loading=\"lazy\" decoding=\"async\" class=\"aligncenter size-large wp-image-6501\" src=\"https:\/\/blogsaverroes.juntadeandalucia.es\/ceippicasso\/files\/2024\/10\/5oA-1024x537.png\" alt=\"\" width=\"1024\" height=\"537\" srcset=\"https:\/\/blogsaverroes.juntadeandalucia.es\/ceippicasso\/files\/2024\/10\/5oA-1024x537.png 1024w, https:\/\/blogsaverroes.juntadeandalucia.es\/ceippicasso\/files\/2024\/10\/5oA-300x157.png 300w, https:\/\/blogsaverroes.juntadeandalucia.es\/ceippicasso\/files\/2024\/10\/5oA-768x403.png 768w, https:\/\/blogsaverroes.juntadeandalucia.es\/ceippicasso\/files\/2024\/10\/5oA.png 1414w\" sizes=\"(max-width: 1024px) 100vw, 1024px\" \/><\/a><\/p>                    <\/div>\n                            <\/div><!-- .accordion-content -->\n        <\/li>\n            <li>\n            <div class=\"accordion-title tf_rel\">\n                <a href=\"#acc-fi34407-9\" class=\"tb_title_accordion\" aria-controls=\"acc-fi34407-9-content\" aria-expanded=\"false\">\n                                                            5.\u00baB - Tutor: D. Daniel Rivero Ripoll                <\/a>\n            <\/div><!-- .accordion-title -->\n            <div id=\"acc-fi34407-9-content\" data-id=\"acc-fi34407-9\" aria-hidden=\"true\" class=\"accordion-content tf_hide tf_clearfix\">\n                                    <div class=\"tb_text_wrap\">\n                        <p><a href=\"https:\/\/blogsaverroes.juntadeandalucia.es\/ceippicasso\/files\/2022\/09\/5\u00baB.png\"><img loading=\"lazy\" decoding=\"async\" class=\"aligncenter size-large wp-image-6502\" src=\"https:\/\/blogsaverroes.juntadeandalucia.es\/ceippicasso\/files\/2024\/10\/5oB-1024x538.png\" alt=\"\" width=\"1024\" height=\"538\" srcset=\"https:\/\/blogsaverroes.juntadeandalucia.es\/ceippicasso\/files\/2024\/10\/5oB-1024x538.png 1024w, https:\/\/blogsaverroes.juntadeandalucia.es\/ceippicasso\/files\/2024\/10\/5oB-300x158.png 300w, https:\/\/blogsaverroes.juntadeandalucia.es\/ceippicasso\/files\/2024\/10\/5oB-768x404.png 768w, https:\/\/blogsaverroes.juntadeandalucia.es\/ceippicasso\/files\/2024\/10\/5oB.png 1416w\" sizes=\"(max-width: 1024px) 100vw, 1024px\" \/><\/a><\/p>                    <\/div>\n                            <\/div><!-- .accordion-content -->\n        <\/li>\n            <li>\n            <div class=\"accordion-title tf_rel\">\n                <a href=\"#acc-fi34407-10\" class=\"tb_title_accordion\" aria-controls=\"acc-fi34407-10-content\" aria-expanded=\"false\">\n                                                            6.\u00baA - Tutora: D\u00f1a. Bego\u00f1a L\u00f3pez Santos                <\/a>\n            <\/div><!-- .accordion-title -->\n            <div id=\"acc-fi34407-10-content\" data-id=\"acc-fi34407-10\" aria-hidden=\"true\" class=\"accordion-content tf_hide tf_clearfix\">\n                                    <div class=\"tb_text_wrap\">\n                        <p><a href=\"https:\/\/blogsaverroes.juntadeandalucia.es\/ceippicasso\/files\/2022\/09\/6\u00baA.png\"><img loading=\"lazy\" decoding=\"async\" class=\"aligncenter size-large wp-image-6503\" src=\"https:\/\/blogsaverroes.juntadeandalucia.es\/ceippicasso\/files\/2024\/10\/6oA-1024x537.png\" alt=\"\" width=\"1024\" height=\"537\" srcset=\"https:\/\/blogsaverroes.juntadeandalucia.es\/ceippicasso\/files\/2024\/10\/6oA-1024x537.png 1024w, https:\/\/blogsaverroes.juntadeandalucia.es\/ceippicasso\/files\/2024\/10\/6oA-300x157.png 300w, https:\/\/blogsaverroes.juntadeandalucia.es\/ceippicasso\/files\/2024\/10\/6oA-768x403.png 768w, https:\/\/blogsaverroes.juntadeandalucia.es\/ceippicasso\/files\/2024\/10\/6oA.png 1414w\" sizes=\"(max-width: 1024px) 100vw, 1024px\" \/><\/a><\/p>                    <\/div>\n                            <\/div><!-- .accordion-content -->\n        <\/li>\n            <li>\n            <div class=\"accordion-title tf_rel\">\n                <a href=\"#acc-fi34407-11\" class=\"tb_title_accordion\" aria-controls=\"acc-fi34407-11-content\" aria-expanded=\"false\">\n                                                            6.\u00baB - Tutor: D\u00f1a. Fina Quir\u00f3s S\u00e1nchez                <\/a>\n            <\/div><!-- .accordion-title -->\n            <div id=\"acc-fi34407-11-content\" data-id=\"acc-fi34407-11\" aria-hidden=\"true\" class=\"accordion-content tf_hide tf_clearfix\">\n                                    <div class=\"tb_text_wrap\">\n                        <p><a href=\"https:\/\/blogsaverroes.juntadeandalucia.es\/ceippicasso\/files\/2022\/09\/6\u00baB.png\"><img loading=\"lazy\" decoding=\"async\" class=\"aligncenter size-large wp-image-6504\" src=\"https:\/\/blogsaverroes.juntadeandalucia.es\/ceippicasso\/files\/2024\/10\/6oB-1024x537.png\" alt=\"\" width=\"1024\" height=\"537\" srcset=\"https:\/\/blogsaverroes.juntadeandalucia.es\/ceippicasso\/files\/2024\/10\/6oB-1024x537.png 1024w, https:\/\/blogsaverroes.juntadeandalucia.es\/ceippicasso\/files\/2024\/10\/6oB-300x157.png 300w, https:\/\/blogsaverroes.juntadeandalucia.es\/ceippicasso\/files\/2024\/10\/6oB-768x403.png 768w, https:\/\/blogsaverroes.juntadeandalucia.es\/ceippicasso\/files\/2024\/10\/6oB.png 1414w\" sizes=\"(max-width: 1024px) 100vw, 1024px\" \/><\/a><\/p>                    <\/div>\n                            <\/div><!-- .accordion-content -->\n        <\/li>\n        <\/ul>\n\n<\/div><!-- \/module accordion -->        <\/div>\n                        <\/div>\n        <\/div>\n        <\/div>\n<!--\/themify_builder_content-->","protected":false},"excerpt":{"rendered":"<p>Tutor\u00edas de INFANTIL Horarios de especialidades Tutor\u00edas de PRIMARIA 1.\u00baA &#8211; Tutor: D. Daniel Sorroche Moreno 1.\u00baB &#8211; Tutor: D. Isaac Carrillo Flores 2.\u00baA &#8211; Tutor: D. Javier Ram\u00edrez Jim\u00e9nez 2.\u00baB &#8211; Tutor: D. Benigno Serrano Guerrero 3.\u00baA &#8211; Tutor: D. Alejandro Vargas Alba 3.\u00baB &#8211; Tutora: D\u00f1a. Isabel de Hoces G\u00f3mez 4.\u00baA &#8211; Tutor: [&hellip;]<\/p>\n","protected":false},"author":11887,"featured_media":0,"parent":0,"menu_order":0,"comment_status":"closed","ping_status":"open","template":"","meta":{"ngg_post_thumbnail":0,"footnotes":"","_mc_calendar":[]},"aioseo_notices":[],"post_mailing_queue_ids":[],"_links":{"self":[{"href":"https:\/\/blogsaverroes.juntadeandalucia.es\/ceippicasso\/wp-json\/wp\/v2\/pages\/6487"}],"collection":[{"href":"https:\/\/blogsaverroes.juntadeandalucia.es\/ceippicasso\/wp-json\/wp\/v2\/pages"}],"about":[{"href":"https:\/\/blogsaverroes.juntadeandalucia.es\/ceippicasso\/wp-json\/wp\/v2\/types\/page"}],"author":[{"embeddable":true,"href":"https:\/\/blogsaverroes.juntadeandalucia.es\/ceippicasso\/wp-json\/wp\/v2\/users\/11887"}],"replies":[{"embeddable":true,"href":"https:\/\/blogsaverroes.juntadeandalucia.es\/ceippicasso\/wp-json\/wp\/v2\/comments?post=6487"}],"version-history":[{"count":9,"href":"https:\/\/blogsaverroes.juntadeandalucia.es\/ceippicasso\/wp-json\/wp\/v2\/pages\/6487\/revisions"}],"predecessor-version":[{"id":6509,"href":"https:\/\/blogsaverroes.juntadeandalucia.es\/ceippicasso\/wp-json\/wp\/v2\/pages\/6487\/revisions\/6509"}],"wp:attachment":[{"href":"https:\/\/blogsaverroes.juntadeandalucia.es\/ceippicasso\/wp-json\/wp\/v2\/media?parent=6487"}],"curies":[{"name":"wp","href":"https:\/\/api.w.org\/{rel}","templated":true}]}}