{"id":6881,"date":"2025-02-28T14:12:55","date_gmt":"2025-02-28T13:12:55","guid":{"rendered":"https:\/\/blogsaverroes.juntadeandalucia.es\/ceippicasso\/equipo-docente-24-25-copy\/"},"modified":"2025-09-19T17:17:30","modified_gmt":"2025-09-19T15:17:30","slug":"consejo-escolar","status":"publish","type":"page","link":"https:\/\/blogsaverroes.juntadeandalucia.es\/ceippicasso\/consejo-escolar\/","title":{"rendered":"Consejo Escolar (25-26)"},"content":{"rendered":"<!--themify_builder_content-->\n<div id=\"themify_builder_content-6881\" data-postid=\"6881\" class=\"themify_builder_content themify_builder_content-6881 themify_builder tf_clear\">\n                    <div  data-lazy=\"1\" class=\"module_row themify_builder_row tb_uqcr370 tb_first tf_w\">\n                        <div class=\"row_inner col_align_top tb_col_count_1 tf_box tf_rel\">\n                        <div  data-lazy=\"1\" class=\"module_column tb-column col-full tb_qpha632 first\">\n                            <div  data-lazy=\"1\" class=\"module_subrow themify_builder_sub_row tf_w col_align_top tb_col_count_1 tb_z2a5838\">\n                <div  data-lazy=\"1\" class=\"module_column sub_column col-full tb_i1qa303 first\">\n                    <!-- module text -->\n<div  class=\"module module-text tb_3wx5003   \" data-lazy=\"1\">\n        <div  class=\"tb_text_wrap\">\n        <table style=\"border-collapse: collapse;width: 100%\">\n<tbody>\n<tr>\n<td style=\"width: 100%\">\n<h3 style=\"text-align: center;vertical-align: center\">EQUIPO DIRECTIVO<\/h3>\n<\/td>\n<\/tr>\n<\/tbody>\n<\/table>    <\/div>\n<\/div>\n<!-- \/module text -->        <\/div>\n                    <\/div>\n                <\/div>\n                        <\/div>\n        <\/div>\n                        <div  data-lazy=\"1\" class=\"module_row themify_builder_row tb_klrh023 tf_w\">\n                        <div class=\"row_inner col_align_top tb_col_count_3 tf_box tf_rel\">\n                        <div  data-lazy=\"1\" class=\"module_column tb-column col3-1 tb_9jja888 first\">\n                    <!-- module text -->\n<div  class=\"module module-text tb_e9db333   \" data-lazy=\"1\">\n        <div  class=\"tb_text_wrap\">\n        <h3 style=\"text-align: center\">PRESIDENTA<\/h3>\n<p style=\"text-align: center\"><span style=\"color: #000000\">D\u00f1a. Estefan\u00eda Pozo D\u00edaz<\/span><\/p>    <\/div>\n<\/div>\n<!-- \/module text -->        <\/div>\n                    <div  data-lazy=\"1\" class=\"module_column tb-column col3-1 tb_cxck013\">\n                    <!-- module text -->\n<div  class=\"module module-text tb_g2lc080   \" data-lazy=\"1\">\n        <div  class=\"tb_text_wrap\">\n        <h3 style=\"text-align: center\">JEFE DE ESTUDIOS<\/h3>\n<p style=\"text-align: center\"><span style=\"color: #000000\">D. Daniel Paz Aguilar<\/span><\/p>    <\/div>\n<\/div>\n<!-- \/module text -->        <\/div>\n                    <div  data-lazy=\"1\" class=\"module_column tb-column col3-1 tb_2xul044 last\">\n                    <!-- module text -->\n<div  class=\"module module-text tb_7yee400   \" data-lazy=\"1\">\n        <div  class=\"tb_text_wrap\">\n        <h3 style=\"text-align: center\">SECRETARIO<\/h3>\n<p style=\"text-align: center\"><span style=\"color: #000000\">D. Juan Jos\u00e9 T\u00e9llez Bernal<\/span><\/p>    <\/div>\n<\/div>\n<!-- \/module text -->        <\/div>\n                        <\/div>\n        <\/div>\n                        <div  data-lazy=\"1\" class=\"module_row themify_builder_row tb_pfqh048 tf_w\">\n                        <div class=\"row_inner col_align_top tb_col_count_1 tf_box tf_rel\">\n                        <div  data-lazy=\"1\" class=\"module_column tb-column col-full tb_8cyi998 first\">\n                    <!-- module text -->\n<div  class=\"module module-text tb_sinr242   \" data-lazy=\"1\">\n        <div  class=\"tb_text_wrap\">\n        <table style=\"border-collapse: collapse;width: 100%\">\n<tbody>\n<tr>\n<td style=\"width: 100%\">\n<h3 style=\"text-align: center;vertical-align: center\">MIEMBROS<\/h3>\n<\/td>\n<\/tr>\n<\/tbody>\n<\/table>    <\/div>\n<\/div>\n<!-- \/module text --><!-- module divider -->\n<div  class=\"module tf_mw module-divider tb_aril123 solid   \" style=\"border-width: 1px;border-color: #000000;\" data-lazy=\"1\">\n    <\/div>\n<!-- \/module divider -->\n        <\/div>\n                        <\/div>\n        <\/div>\n                        <div  data-lazy=\"1\" class=\"module_row themify_builder_row tb_r83r032 tf_w\">\n                        <div class=\"row_inner col_align_top tb_col_count_2 tf_box tf_rel\">\n                        <div  data-lazy=\"1\" class=\"module_column tb-column tb_5dou012 first\">\n                    <!-- module text -->\n<div  class=\"module module-text tb_0ads002   \" data-lazy=\"1\">\n        <div  class=\"tb_text_wrap\">\n        <h3 style=\"text-align: center\">PROFESORADO<\/h3>\n<ul>\n<li style=\"text-align: left\"><span style=\"color: #000000\">D\u00f1a. Margarita Castell\u00f3n Narv\u00e1ez<\/span><\/li>\n<li><span style=\"color: #000000\">D\u00f1a. M.\u00aa Isabel Dur\u00e1n Vidal<\/span><\/li>\n<li><span style=\"color: #000000\">D. Francisco Javier Fontana Barrionuevo<\/span><\/li>\n<li><span style=\"color: #000000\">D\u00f1a. Bego\u00f1a L\u00f3pez Santos<\/span><\/li>\n<li><span style=\"color: #000000\">D\u00f1a. Mar\u00eda Desir\u00e9e Pozo D\u00edaz<\/span><\/li>\n<li><span style=\"color: #000000\">D\u00f1a. Josefa Quir\u00f3s S\u00e1nchez<\/span><\/li>\n<li><span style=\"color: #000000\">D\u00f1a. Nuria Rodr\u00edguez Benede<\/span><\/li>\n<li><span style=\"color: #000000\">D. Alejandro Vargas Alba<\/span><\/li>\n<\/ul>    <\/div>\n<\/div>\n<!-- \/module text --><!-- module divider -->\n<div  class=\"module tf_mw module-divider tb_e5g4323 solid   \" style=\"border-width: 1px;border-color: #000000;\" data-lazy=\"1\">\n    <\/div>\n<!-- \/module divider -->\n<!-- module text -->\n<div  class=\"module module-text tb_9trw404   \" data-lazy=\"1\">\n        <div  class=\"tb_text_wrap\">\n        <h3 style=\"text-align: center\">PAS<\/h3>\n<ul>\n<li style=\"text-align: left\"><span style=\"color: #000000\">D\u00f1a. Roc\u00edo Arag\u00f3n Delgado<\/span><\/li>\n<\/ul>    <\/div>\n<\/div>\n<!-- \/module text --><!-- module divider -->\n<div  class=\"module tf_mw module-divider tb_nwyk567 solid   \" style=\"border-width: 1px;border-color: #000000;\" data-lazy=\"1\">\n    <\/div>\n<!-- \/module divider -->\n<!-- module text -->\n<div  class=\"module module-text tb_5ato58   \" data-lazy=\"1\">\n        <div  class=\"tb_text_wrap\">\n        <h3 style=\"text-align: center\">AYUNTAMIENTO<\/h3>\n<ul>\n<li style=\"text-align: left\"><span style=\"color: #000000\">D. Alejandro Manuel Rodr\u00edguez Garc\u00eda<\/span><\/li>\n<\/ul>    <\/div>\n<\/div>\n<!-- \/module text -->        <\/div>\n                    <div  data-lazy=\"1\" class=\"module_column tb-column tb_spbj909 last\">\n                    <!-- module text -->\n<div  class=\"module module-text tb_cssv840   \" data-lazy=\"1\">\n        <div  class=\"tb_text_wrap\">\n        <h3 style=\"text-align: center\">MADRES\/PADRES<\/h3>\n<ul>\n<li><span style=\"color: #000000\">D\u00f1a. Br\u00edgida Gonz\u00e1lez Moya<\/span><\/li>\n<li><span style=\"color: #000000\">D\u00f1a. Arantzazu Guardia Mu\u00f1oz<\/span><\/li>\n<li><span style=\"color: #000000\">D\u00f1a. Maleni Guill\u00e9n Abad<\/span><\/li>\n<li><span style=\"color: #000000\">D\u00f1a. Catalina P\u00e9rez Caravaca<\/span><\/li>\n<li><span style=\"color: #000000\">D\u00f1a. Noelia Riscart Bargas<\/span><\/li>\n<li><span style=\"color: #000000\">D. Jos\u00e9 Antonio Rodr\u00edguez L\u00f3pez<\/span><\/li>\n<li><span style=\"color: #000000\">D\u00f1a. Vanessa Sarrias Redondo<\/span><\/li>\n<li><span style=\"color: #000000\">D. Antonio Jes\u00fas Torres S\u00e1nchez<\/span><\/li>\n<li><span style=\"color: #000000\">D\u00f1a. Mar\u00eda Jos\u00e9 Tosso Salas<\/span><\/li>\n<\/ul>    <\/div>\n<\/div>\n<!-- \/module text --><!-- module divider -->\n<div  class=\"module tf_mw module-divider tb_7xgy665 solid   \" style=\"border-width: 1px;border-color: #000000;\" data-lazy=\"1\">\n    <\/div>\n<!-- \/module divider -->\n<!-- module text -->\n<div  class=\"module module-text tb_d549644   \" data-lazy=\"1\">\n        <div  class=\"tb_text_wrap\">\n        <h3 style=\"text-align: center\">REPRESENTANTE IGUALDAD<\/h3>\n<ul>\n<li style=\"text-align: left\"><span style=\"color: #000000\">D\u00f1a. Yolanda Chac\u00f3n Fern\u00e1ndez<\/span><\/li>\n<\/ul>    <\/div>\n<\/div>\n<!-- \/module text -->        <\/div>\n                        <\/div>\n        <\/div>\n        <\/div>\n<!--\/themify_builder_content-->&nbsp;<\/p>","protected":false},"excerpt":{"rendered":"<p>EQUIPO DIRECTIVO PRESIDENTA D\u00f1a. Estefan\u00eda Pozo D\u00edaz JEFE DE ESTUDIOS D. Daniel Paz Aguilar SECRETARIO D. Juan Jos\u00e9 T\u00e9llez Bernal MIEMBROS PROFESORADO D\u00f1a. Margarita Castell\u00f3n Narv\u00e1ez D\u00f1a. M.\u00aa Isabel Dur\u00e1n Vidal D. Francisco Javier Fontana Barrionuevo D\u00f1a. Bego\u00f1a L\u00f3pez Santos D\u00f1a. Mar\u00eda Desir\u00e9e Pozo D\u00edaz D\u00f1a. Josefa Quir\u00f3s S\u00e1nchez D\u00f1a. Nuria Rodr\u00edguez Benede D. Alejandro [&hellip;]<\/p>\n","protected":false},"author":11887,"featured_media":0,"parent":0,"menu_order":0,"comment_status":"closed","ping_status":"closed","template":"","meta":{"ngg_post_thumbnail":0,"footnotes":"","_mc_calendar":[]},"aioseo_notices":[],"post_mailing_queue_ids":[],"_links":{"self":[{"href":"https:\/\/blogsaverroes.juntadeandalucia.es\/ceippicasso\/wp-json\/wp\/v2\/pages\/6881"}],"collection":[{"href":"https:\/\/blogsaverroes.juntadeandalucia.es\/ceippicasso\/wp-json\/wp\/v2\/pages"}],"about":[{"href":"https:\/\/blogsaverroes.juntadeandalucia.es\/ceippicasso\/wp-json\/wp\/v2\/types\/page"}],"author":[{"embeddable":true,"href":"https:\/\/blogsaverroes.juntadeandalucia.es\/ceippicasso\/wp-json\/wp\/v2\/users\/11887"}],"replies":[{"embeddable":true,"href":"https:\/\/blogsaverroes.juntadeandalucia.es\/ceippicasso\/wp-json\/wp\/v2\/comments?post=6881"}],"version-history":[{"count":11,"href":"https:\/\/blogsaverroes.juntadeandalucia.es\/ceippicasso\/wp-json\/wp\/v2\/pages\/6881\/revisions"}],"predecessor-version":[{"id":7486,"href":"https:\/\/blogsaverroes.juntadeandalucia.es\/ceippicasso\/wp-json\/wp\/v2\/pages\/6881\/revisions\/7486"}],"wp:attachment":[{"href":"https:\/\/blogsaverroes.juntadeandalucia.es\/ceippicasso\/wp-json\/wp\/v2\/media?parent=6881"}],"curies":[{"name":"wp","href":"https:\/\/api.w.org\/{rel}","templated":true}]}}